{"id":429,"date":"2023-06-30T07:45:45","date_gmt":"2023-06-30T05:45:45","guid":{"rendered":"http:\/\/orisha-ossain.com\/?post_type=product&#038;p=429"},"modified":"2026-04-01T09:40:25","modified_gmt":"2026-04-01T07:40:25","slug":"rape-baimuka","status":"publish","type":"product","link":"https:\/\/orisha-ossain.com\/es\/product\/rape-baimuka\/","title":{"rendered":"Rap\u00e9 Baimuka"},"content":{"rendered":"<h2>Rap\u00e9 Baimuka<\/h2>\n<p>Rap\u00e9 Baimuka es el nombre del indio Kaxinawa que elabor\u00f3 este rap\u00e9. Este Kaxinawa rap\u00e9 Baimuka se prepara con ceniza de Sabi\u00e1 y Caneleiro. Caneleiro es un tipo de ceniza muy conocido entre la gente de esa regi\u00f3n. Lo que hace \u00fanico a este rap\u00e9 es la adici\u00f3n de algunas hierbas raras.<\/p>\n<h2>Xip\u00e3o<\/h2>\n<p>Xip\u00e3o es una hierba rara que crece como un par\u00e1sito en las palmeras. Esta planta funciona para reducir el dolor y la inflamaci\u00f3n en la regi\u00f3n de las articulaciones, dolor de espalda, osteoartritis, artritis reumatoide, bursitis, reumatismo, purificaci\u00f3n de la sangre, y mucho m\u00e1s.<br \/>\nEsta medicina la elabora Baimuka, un Txai (hermano) Kaxinawa de la tierra ind\u00edgena de Karapan\u00e3, en el r\u00edo Tarauac\u00e1. Adem\u00e1s de la hierba Xip\u00e3o, Baimuka utiliz\u00f3 una segunda hierba de la que no tengo informaci\u00f3n. Pero est\u00e1 claro que esta segunda hierba aporta un peque\u00f1o toque de dulzor a la mezcla.<\/p>\n<p><a href=\"http:\/\/orisha-ossain.com\/wp-content\/uploads\/2023\/06\/01111.jpg\"><img decoding=\"async\" class=\"aligncenter wp-image-237 size-medium\" src=\"http:\/\/orisha-ossain.com\/wp-content\/uploads\/2023\/06\/01111-300x287.jpg\" alt=\"Indio Kaxinawa rap\u00e9 Baimuka\" width=\"300\" height=\"287\" srcset=\"https:\/\/orisha-ossain.com\/wp-content\/uploads\/2023\/06\/01111-300x287.jpg 300w, https:\/\/orisha-ossain.com\/wp-content\/uploads\/2023\/06\/01111.jpg 600w\" sizes=\"(max-width: 300px) 100vw, 300px\" \/><\/a><\/p>\n<h2>Uso tribal<\/h2>\n<p>La tribu Kaxinawa utiliza su Rap\u00e9 para distintos fines, como aliviar el dolor f\u00edsico y de cabeza y limpiar los senos nasales. Adem\u00e1s, los Kaxinawa aplican el Rap\u00e9 para la curaci\u00f3n mental, sobre todo en combinaci\u00f3n con c\u00e1nticos.<br \/>\nEl rap\u00e9 conecta a la tribu con los esp\u00edritus de la selva y, dependiendo de los ingredientes espec\u00edficos, puede curar, aumentar la concentraci\u00f3n, mejorar la caza o ser un conector con el esp\u00edritu de la naturaleza. A los Kaxinawa les gusta experimentar y utilizar una amplia gama de ingredientes para su rap\u00e9.<\/p>","protected":false},"excerpt":{"rendered":"<p>Rap\u00e9 Baimuka es el nombre del indio Kaxinawa que elabor\u00f3 este rap\u00e9. Este Kaxinawa rap\u00e9 Baimuka se prepara con ceniza de Sabi\u00e1 y Caneleiro. Caneleiro es un tipo de ceniza muy conocido entre la gente de esa regi\u00f3n. Lo que hace \u00fanico a este rap\u00e9 es la adici\u00f3n de algunas hierbas raras.<\/p>","protected":false},"featured_media":35615,"template":"","meta":{"_seopress_robots_primary_cat":"none","_seopress_titles_title":"Rap\u00e9 Baimuka - Kaxinawa - Orisha Ossain","_seopress_titles_desc":"Rap\u00e9 Baimuka is the name of the Kaxinawa Indian who made this snuff. This Kaxinawa rap\u00e9 Baimuka is prepared with Sabi\u00e1 and Caneleiro ash","_seopress_robots_index":"","_kad_blocks_custom_css":"","_kad_blocks_head_custom_js":"","_kad_blocks_body_custom_js":"","_kad_blocks_footer_custom_js":"","_kad_post_transparent":"default","_kad_post_title":"","_kad_post_layout":"default","_kad_post_sidebar_id":"","_kad_post_content_style":"default","_kad_post_vertical_padding":"default","_kad_post_feature":"","_kad_post_feature_position":"","_kad_post_header":false,"_kad_post_footer":false,"_kad_post_classname":""},"product_brand":[],"product_cat":[50],"product_tag":[56],"class_list":{"0":"post-429","1":"product","2":"type-product","3":"status-publish","4":"has-post-thumbnail","6":"product_cat-rape","7":"product_tag-kaxinawa","9":"first","10":"instock","11":"taxable","12":"shipping-taxable","13":"purchasable","14":"product-type-variable","15":"entry","16":"content-bg","17":"loop-entry"},"taxonomy_info":{"product_cat":[{"value":50,"label":"Rap\u00e9"}],"product_tag":[{"value":56,"label":"Kaxinawa"}]},"featured_image_src_large":["https:\/\/orisha-ossain.com\/wp-content\/uploads\/2024\/11\/Baimuka_Orisha_Ossain.png",736,736,false],"author_info":[],"comment_info":"","_links":{"self":[{"href":"https:\/\/orisha-ossain.com\/es\/wp-json\/wp\/v2\/product\/429","targetHints":{"allow":["GET"]}}],"collection":[{"href":"https:\/\/orisha-ossain.com\/es\/wp-json\/wp\/v2\/product"}],"about":[{"href":"https:\/\/orisha-ossain.com\/es\/wp-json\/wp\/v2\/types\/product"}],"wp:featuredmedia":[{"embeddable":true,"href":"https:\/\/orisha-ossain.com\/es\/wp-json\/wp\/v2\/media\/35615"}],"wp:attachment":[{"href":"https:\/\/orisha-ossain.com\/es\/wp-json\/wp\/v2\/media?parent=429"}],"wp:term":[{"taxonomy":"product_brand","embeddable":true,"href":"https:\/\/orisha-ossain.com\/es\/wp-json\/wp\/v2\/product_brand?post=429"},{"taxonomy":"product_cat","embeddable":true,"href":"https:\/\/orisha-ossain.com\/es\/wp-json\/wp\/v2\/product_cat?post=429"},{"taxonomy":"product_tag","embeddable":true,"href":"https:\/\/orisha-ossain.com\/es\/wp-json\/wp\/v2\/product_tag?post=429"}],"curies":[{"name":"wp","href":"https:\/\/api.w.org\/{rel}","templated":true}]}}