{"id":416,"date":"2023-06-29T21:39:42","date_gmt":"2023-06-29T19:39:42","guid":{"rendered":"http:\/\/orisha-ossain.com\/?post_type=product&#038;p=416"},"modified":"2026-04-14T14:49:27","modified_gmt":"2026-04-14T12:49:27","slug":"rape-cumaru","status":"publish","type":"product","link":"https:\/\/orisha-ossain.com\/es\/product\/rape-cumaru\/","title":{"rendered":"Rap\u00e9 Cumar\u00fa"},"content":{"rendered":"<h2>Rap\u00e9 Cumar\u00fa<\/h2>\n<p>Rap\u00e9 Cumaru de la tribu Kaxinawa. Un regalo \u00fanico de la tribu Kaxinawa (Huni Kuin) nos brinda la posibilidad de profundizar en tres tipos de su poderoso Rap\u00e9 Cumaru.<\/p>\n<h2>Los tres tipos\/formas<\/h2>\n<h2><em>Cumar\u00fa Puro<\/em><\/h2>\n<p>El primer tipo de Rap\u00e9 Cumaru se compone de cenizas de Arapiraca y Cumaru. Esta forma no tiene otros a\u00f1adidos. De ah\u00ed el nombre de puro. Los Kaxinawa dicen que Cumaru es un \u00e1rbol que no se pudre porque es muy verdadero. Tambi\u00e9n se cree que posee el sentido de muchos encantamientos.<br \/>\nTambi\u00e9n tiene la capacidad de relacionarse con la energ\u00eda espiritual y combatir el malestar. La ceniza de cumar\u00fa aporta fuerza y velocidad cuando se usa a diario.<\/p>\n<h2><em>Cumaru Nissural<\/em><\/h2>\n<p>El segundo tipo sigue la misma composici\u00f3n que la forma pura de rap\u00e9 cumaru. A esta forma se le a\u00f1ade un poco de nissural. S\u00f3lo lo suficiente para que est\u00e9 presente, pero no demasiado dominante. Los Kaxinawa eran una de las pocas tribus que utilizaban el nissural como planta medicinal. Hoy en d\u00eda se utiliza como ingrediente en el rap\u00e9 elaborado por varias tribus.<br \/>\nSeg\u00fan los Kaxinawa, el nissural tiene el poder de curar, tanto si se utiliza en un rap\u00e9 como, por ejemplo, en un ba\u00f1o. En su lengua nativa, nissu significa enfermedad y ral, curaci\u00f3n. Por lo tanto, es el sanador de las enfermedades.<\/p>\n<h2><em>Cumar\u00fa de Cheiro<\/em><\/h2>\n<p>La tercera forma de cumaru rap\u00e9 contiene un poco de haba tonka pulverizada. El haba tonka crece en el \u00e1rbol cumaru y es un fuerte arom\u00e1tico. Me han dicho que el porcentaje de haba tonka en este rap\u00e9 cumaru es inferior al uno por ciento en peso de la composici\u00f3n total.<br \/>\nSe trata de una composici\u00f3n especial a base de ceniza de albahaca de cumar\u00fa y polvo pulverizado de alubia de cumar\u00fa. De cheiro significa en portugu\u00e9s \"que huele, que tiene olor\" y, en este caso, ese olor es muy agradable.<\/p>\n<h2><em>Acerca de Rap\u00e9 Cumaru<\/em><\/h2>\n<p>Rap\u00e9 Cumaru es bastante fuerte y a veces puede ser \u00e1spero. Centra su trabajo energ\u00e9tico en los chakras inferiores. Cumaru es muy enraizante. Tambi\u00e9n puede provocar estados de trance profundo. Llega f\u00e1cilmente a la parte posterior de la garganta. En algunas ocasiones, puede provocar n\u00e1useas profundas y desintoxicaci\u00f3n.<br \/>\nAl igual que con la Canela de Velho, es muy posible que se produzcan purgas. El regusto, aunque bastante agradable, es extremadamente fuerte y puede provocar un flujo continuo de flema en la garganta. La intenci\u00f3n y el ambiente tienen un papel importante en la administraci\u00f3n de este rap\u00e9. Debe tomarse tiempo y espacio para prepararse para sus efectos.<\/p>\n<h2>Acerca de Dipteryx odorata<\/h2>\n<p>Dipteryx odorata se conoce com\u00fanmente como Cumaru o Cumaru Ferro. Esto se traduce como \"Cumar\u00fa de Hierro\" debido a la dureza de la madera. Dipteryx odorata es una madera dura muy noble utilizada en la construcci\u00f3n y para suelos y muebles. Es una especie de \"planta con flores\" de la familia de los \"guisantes\". El \u00e1rbol es originario de Am\u00e9rica Central y del norte de Am\u00e9rica del Sur.<\/p>\n<figure id=\"attachment_172\" aria-describedby=\"caption-attachment-172\" style=\"width: 230px\" class=\"wp-caption aligncenter\"><a href=\"http:\/\/orisha-ossain.com\/wp-content\/uploads\/2023\/06\/cumaru.jpg\"><img decoding=\"async\" class=\"wp-image-172 size-medium\" src=\"http:\/\/orisha-ossain.com\/wp-content\/uploads\/2023\/06\/cumaru-230x300.jpg\" alt=\"Cumar\u00fa adulto (Dipteryx odorata). la corteza se utiliza para rap\u00e9 Cumar\u00fa un potente rap\u00e9 de brasil\" width=\"230\" height=\"300\" srcset=\"https:\/\/orisha-ossain.com\/wp-content\/uploads\/2023\/06\/cumaru-230x300.jpg 230w, https:\/\/orisha-ossain.com\/wp-content\/uploads\/2023\/06\/cumaru.jpg 597w\" sizes=\"(max-width: 230px) 100vw, 230px\" \/><\/a><figcaption id=\"caption-attachment-172\" class=\"wp-caption-text\">Un cumaru adulto (Dipteryx odorata)<\/figcaption><\/figure>\n<p>Las semillas del Dipteryx odorata tambi\u00e9n se llaman habas tonka (a veces habas tonkin o habas tonquin). Son negras y arrugadas y tienen un interior liso y marr\u00f3n. Las semillas tienen una fuerte fragancia. La fragancia tiene similitudes con la vainilla, la canela almendra y el clavo.<\/p>\n<figure id=\"attachment_207\" aria-describedby=\"caption-attachment-207\" style=\"width: 300px\" class=\"wp-caption aligncenter\"><a href=\"http:\/\/orisha-ossain.com\/wp-content\/uploads\/2023\/06\/Tonka-Beans.jpg\"><img decoding=\"async\" class=\"wp-image-207 size-medium\" src=\"http:\/\/orisha-ossain.com\/wp-content\/uploads\/2023\/06\/Tonka-Beans-300x300.jpg\" alt=\"5 habas tonka de cerca, rap\u00e9 cumaru de cheiro\" width=\"300\" height=\"300\" srcset=\"https:\/\/orisha-ossain.com\/wp-content\/uploads\/2023\/06\/Tonka-Beans-300x300.jpg 300w, https:\/\/orisha-ossain.com\/wp-content\/uploads\/2023\/06\/Tonka-Beans-100x100.jpg 100w, https:\/\/orisha-ossain.com\/wp-content\/uploads\/2023\/06\/Tonka-Beans-465x465.jpg 465w, https:\/\/orisha-ossain.com\/wp-content\/uploads\/2023\/06\/Tonka-Beans-1024x1024.jpg 1024w, https:\/\/orisha-ossain.com\/wp-content\/uploads\/2023\/06\/Tonka-Beans-150x150.jpg 150w, https:\/\/orisha-ossain.com\/wp-content\/uploads\/2023\/06\/Tonka-Beans-768x768.jpg 768w, https:\/\/orisha-ossain.com\/wp-content\/uploads\/2023\/06\/Tonka-Beans.jpg 1200w\" sizes=\"(max-width: 300px) 100vw, 300px\" \/><\/a><figcaption id=\"caption-attachment-207\" class=\"wp-caption-text\">El haba tonka<\/figcaption><\/figure>","protected":false},"excerpt":{"rendered":"<p>Tres formas del poderoso Rap\u00e9 Cumaru de la tribu Kaxinawa.<br \/>\nPara m\u00e1s informaci\u00f3n, lea la descripci\u00f3n que figura a continuaci\u00f3n.<\/p>\n<p>Cumar\u00fa Puro<br \/>\nCumaru Nissural<br \/>\nCumar\u00fa de Cheiro<\/p>","protected":false},"featured_media":35627,"template":"","meta":{"_seopress_robots_primary_cat":"none","_seopress_titles_title":"Rap\u00e9 Cumaru - Kaxinawa - Puro - Nissural - de Cheiro","_seopress_titles_desc":"Three forms of powerful Rap\u00e9 Cumaru from the Kaxinawa tribe. \r\nCumaru Puro\r\nCumaru Nissural\r\nCumaru de Cheiro","_seopress_robots_index":"","_kad_blocks_custom_css":"","_kad_blocks_head_custom_js":"","_kad_blocks_body_custom_js":"","_kad_blocks_footer_custom_js":"","_kad_post_transparent":"default","_kad_post_title":"","_kad_post_layout":"default","_kad_post_sidebar_id":"","_kad_post_content_style":"default","_kad_post_vertical_padding":"default","_kad_post_feature":"","_kad_post_feature_position":"","_kad_post_header":false,"_kad_post_footer":false,"_kad_post_classname":""},"product_brand":[],"product_cat":[50],"product_tag":[56],"class_list":{"0":"post-416","1":"product","2":"type-product","3":"status-publish","4":"has-post-thumbnail","6":"product_cat-rape","7":"product_tag-kaxinawa","9":"first","10":"instock","11":"taxable","12":"shipping-taxable","13":"purchasable","14":"product-type-variable","15":"entry","16":"content-bg","17":"loop-entry"},"taxonomy_info":{"product_cat":[{"value":50,"label":"Rap\u00e9"}],"product_tag":[{"value":56,"label":"Kaxinawa"}]},"featured_image_src_large":["https:\/\/orisha-ossain.com\/wp-content\/uploads\/2024\/11\/Cumaru_Orisha_Ossain.png",736,736,false],"author_info":[],"comment_info":"","_links":{"self":[{"href":"https:\/\/orisha-ossain.com\/es\/wp-json\/wp\/v2\/product\/416","targetHints":{"allow":["GET"]}}],"collection":[{"href":"https:\/\/orisha-ossain.com\/es\/wp-json\/wp\/v2\/product"}],"about":[{"href":"https:\/\/orisha-ossain.com\/es\/wp-json\/wp\/v2\/types\/product"}],"wp:featuredmedia":[{"embeddable":true,"href":"https:\/\/orisha-ossain.com\/es\/wp-json\/wp\/v2\/media\/35627"}],"wp:attachment":[{"href":"https:\/\/orisha-ossain.com\/es\/wp-json\/wp\/v2\/media?parent=416"}],"wp:term":[{"taxonomy":"product_brand","embeddable":true,"href":"https:\/\/orisha-ossain.com\/es\/wp-json\/wp\/v2\/product_brand?post=416"},{"taxonomy":"product_cat","embeddable":true,"href":"https:\/\/orisha-ossain.com\/es\/wp-json\/wp\/v2\/product_cat?post=416"},{"taxonomy":"product_tag","embeddable":true,"href":"https:\/\/orisha-ossain.com\/es\/wp-json\/wp\/v2\/product_tag?post=416"}],"curies":[{"name":"wp","href":"https:\/\/api.w.org\/{rel}","templated":true}]}}