{"id":411,"date":"2023-06-29T21:26:57","date_gmt":"2023-06-29T19:26:57","guid":{"rendered":"http:\/\/orisha-ossain.com\/?post_type=product&#038;p=411"},"modified":"2026-04-07T20:11:46","modified_gmt":"2026-04-07T18:11:46","slug":"rape-murici-caneleiro","status":"publish","type":"product","link":"https:\/\/orisha-ossain.com\/es\/product\/rape-murici-caneleiro\/","title":{"rendered":"Rap\u00e9 Murici Caneleiro"},"content":{"rendered":"<h2>Rap\u00e9 Murici Caneleiro<\/h2>\n<p>Rap\u00e9 Murici Caneleiro es otro ejemplo de los nuevos avances en la elaboraci\u00f3n del Rap\u00e9. Los Kaxinawa abrazan los nuevos experimentos y, al igual que con su famoso <a href=\"http:\/\/orisha-ossain.com\/es\/product\/rape-murici-cumaru\/\">Murici-Cumaru Rap\u00e9<\/a> este Murici-Caneleiro tambi\u00e9n combina dos tipos diferentes de cenizas en el mismo rap\u00e9. Los indios dicen que Murici tiene una energ\u00eda fuerte pero femenina que act\u00faa espec\u00edficamente sobre los chakras superiores.<\/p>\n<figure id=\"attachment_415\" aria-describedby=\"caption-attachment-415\" style=\"width: 400px\" class=\"wp-caption aligncenter\"><a href=\"http:\/\/orisha-ossain.com\/wp-content\/uploads\/2023\/06\/Byrsonima-Crassifolia-1.jpg\"><img decoding=\"async\" class=\"wp-image-415 size-full\" src=\"https:\/\/orisha-ossain.com\/wp-content\/uploads\/2023\/06\/Byrsonima-Crassifolia-1.jpg\" alt=\"Byrsonima Crassifolia utilizado para rap\u00e9 murici caneleiro\" width=\"400\" height=\"255\" srcset=\"https:\/\/orisha-ossain.com\/wp-content\/uploads\/2023\/06\/Byrsonima-Crassifolia-1.jpg 400w, https:\/\/orisha-ossain.com\/wp-content\/uploads\/2023\/06\/Byrsonima-Crassifolia-1-300x191.jpg 300w\" sizes=\"(max-width: 400px) 100vw, 400px\" \/><\/a><figcaption id=\"caption-attachment-415\" class=\"wp-caption-text\">\u00c1rbol Byrsonima Crassifolia<\/figcaption><\/figure>\n<h2>Acerca del caneleiro (Cenostigma macrophyllum)<\/h2>\n<p>La ceniza de Caneleiro es muy completa en sus propiedades. Ayuda mucho en la salud trabajando principalmente en la regeneraci\u00f3n de las c\u00e9lulas y el equilibrio de las hormonas. Para los indios de Acre, el Caneleiro y la Canela de Velho son muy parecidos en sus propiedades y los tratan de la misma manera. A\u00fan as\u00ed, son dos \u00e1rboles diferentes pero muy relacionados.<\/p>\n<p>El caneleiro (Cenostigma macrophyllum) es un \u00e1rbol de flor perteneciente a la familia Fabaceae\/Leguminosae. Es un \u00e1rbol de gran belleza, especialmente cuando comienza el periodo de floraci\u00f3n de las plantas perennes. De septiembre a diciembre y de febrero a julio, el \u00e1rbol se cubre de racimos de flores amarillas.<br \/>\nLas flores son muy parecidas a las orqu\u00eddeas y atraen a muchos insectos y p\u00e1jaros con el olor que desprenden. El \u00e1rbol de Caneleiro crece de 10 a 20 metros de altura. Este \u00e1rbol se utiliza para diversos tratamientos. Los extractos crudos han demostrado resultados beneficiosos en, diversas actividades. Entre ellas, antiulcerosa, hipoglucemiante y antimicrobiana.<\/p>\n<figure id=\"attachment_169\" aria-describedby=\"caption-attachment-169\" style=\"width: 700px\" class=\"wp-caption aligncenter\"><a href=\"http:\/\/orisha-ossain.com\/wp-content\/uploads\/2023\/06\/Cenostigma-Macrophyllum-used-for-Caneleiro-Rape.jpg\"><img decoding=\"async\" class=\"wp-image-169 size-full\" src=\"https:\/\/orisha-ossain.com\/wp-content\/uploads\/2023\/06\/Cenostigma-Macrophyllum-used-for-Caneleiro-Rape.jpg\" alt=\"Varios grandes \u00e1rboles de Cenostigma Macrophyllum, las cenizas de la corteza se utilizan para Rap\u00e9 murici Caneleiro \" width=\"700\" height=\"434\" srcset=\"https:\/\/orisha-ossain.com\/wp-content\/uploads\/2023\/06\/Cenostigma-Macrophyllum-used-for-Caneleiro-Rape.jpg 700w, https:\/\/orisha-ossain.com\/wp-content\/uploads\/2023\/06\/Cenostigma-Macrophyllum-used-for-Caneleiro-Rape-300x186.jpg 300w\" sizes=\"(max-width: 700px) 100vw, 700px\" \/><\/a><figcaption id=\"caption-attachment-169\" class=\"wp-caption-text\">El \u00e1rbol Cenostigma Macrophyllum<\/figcaption><\/figure>","protected":false},"excerpt":{"rendered":"<p>Los Kaxinawa abrazan los nuevos experimentos y, como con su famoso <a href=\"http:\/\/orisha-ossain.com\/es\/product\/rape-murici-cumaru\/\">Rap\u00e9 Murici Cumaru<\/a> este Murici-Caneleiro tambi\u00e9n combina dos tipos diferentes de cenizas en el mismo rap\u00e9. Los indios dicen que Murici tiene una energ\u00eda fuerte pero femenina que act\u00faa espec\u00edficamente sobre los chakras superiores.<\/p>","protected":false},"featured_media":35646,"template":"","meta":{"_seopress_robots_primary_cat":"none","_seopress_titles_title":"Rap\u00e9 Murici Caneleiro - Kaxinawa - Orisha Ossain","_seopress_titles_desc":"This Rap\u00e9 Murici Caneleiro combines two different types of ashes. Works specifically on the higher chakras.","_seopress_robots_index":"","_kad_blocks_custom_css":"","_kad_blocks_head_custom_js":"","_kad_blocks_body_custom_js":"","_kad_blocks_footer_custom_js":"","_kad_post_transparent":"default","_kad_post_title":"","_kad_post_layout":"default","_kad_post_sidebar_id":"","_kad_post_content_style":"default","_kad_post_vertical_padding":"default","_kad_post_feature":"","_kad_post_feature_position":"","_kad_post_header":false,"_kad_post_footer":false,"_kad_post_classname":""},"product_brand":[],"product_cat":[50],"product_tag":[56],"class_list":{"0":"post-411","1":"product","2":"type-product","3":"status-publish","4":"has-post-thumbnail","6":"product_cat-rape","7":"product_tag-kaxinawa","9":"first","10":"instock","11":"taxable","12":"shipping-taxable","13":"purchasable","14":"product-type-variable","15":"entry","16":"content-bg","17":"loop-entry"},"taxonomy_info":{"product_cat":[{"value":50,"label":"Rap\u00e9"}],"product_tag":[{"value":56,"label":"Kaxinawa"}]},"featured_image_src_large":["https:\/\/orisha-ossain.com\/wp-content\/uploads\/2024\/11\/Murici-Caneleiro_Orisha_Ossain.png",736,736,false],"author_info":[],"comment_info":"","_links":{"self":[{"href":"https:\/\/orisha-ossain.com\/es\/wp-json\/wp\/v2\/product\/411","targetHints":{"allow":["GET"]}}],"collection":[{"href":"https:\/\/orisha-ossain.com\/es\/wp-json\/wp\/v2\/product"}],"about":[{"href":"https:\/\/orisha-ossain.com\/es\/wp-json\/wp\/v2\/types\/product"}],"wp:featuredmedia":[{"embeddable":true,"href":"https:\/\/orisha-ossain.com\/es\/wp-json\/wp\/v2\/media\/35646"}],"wp:attachment":[{"href":"https:\/\/orisha-ossain.com\/es\/wp-json\/wp\/v2\/media?parent=411"}],"wp:term":[{"taxonomy":"product_brand","embeddable":true,"href":"https:\/\/orisha-ossain.com\/es\/wp-json\/wp\/v2\/product_brand?post=411"},{"taxonomy":"product_cat","embeddable":true,"href":"https:\/\/orisha-ossain.com\/es\/wp-json\/wp\/v2\/product_cat?post=411"},{"taxonomy":"product_tag","embeddable":true,"href":"https:\/\/orisha-ossain.com\/es\/wp-json\/wp\/v2\/product_tag?post=411"}],"curies":[{"name":"wp","href":"https:\/\/api.w.org\/{rel}","templated":true}]}}