{"id":4108,"date":"2024-10-15T11:04:24","date_gmt":"2024-10-15T09:04:24","guid":{"rendered":"http:\/\/orisha-ossain.com\/?post_type=product&#038;p=4108"},"modified":"2026-04-11T23:47:50","modified_gmt":"2026-04-11T21:47:50","slug":"rape-rawaputu-forca","status":"publish","type":"product","link":"https:\/\/orisha-ossain.com\/es\/product\/rape-rawaputu-forca\/","title":{"rendered":"Rap\u00e9 Rawaputu For\u00e7a"},"content":{"rendered":"<h2>Rap\u00e9 Rawaputu For\u00e7a: Una mezcla tradicional de fuerza y curaci\u00f3n<\/h2>\n<p>La tribu Shaw\u00e3dawa prepara Rawaputu For\u00e7a con un profundo significado cultural y cuidado, creando un rap\u00e9 \u00fanico y potente. La tribu elabora esta mezcla bajo la luna llena, con sabia mapacho, ceniza tsunu y una medicina tradicional Shaw\u00e3dawa llamada Rawaputu. Su meticuloso proceso garantiza un producto de gran calidad y poderosa energ\u00eda.<\/p>\n<p>La gente celebra esta mezcla por su potencia, suave textura y rico aroma terroso. Ofrece una experiencia sensorial y espiritual y es vers\u00e1til en la vida diaria, mejorando la resistencia f\u00edsica y mental.<\/p>\n<p><img decoding=\"async\" class=\"aligncenter wp-image-34182 size-medium\" src=\"https:\/\/orisha-ossain.com\/wp-content\/uploads\/2024\/10\/DALL\u00b7E-2024-10-22-23.58.41-A-pixelated-painting-style-scene-of-an-anaconda-swimming-through-the-dark-waters-of-an-Amazonian-river-surrounded-by-dense-forest-under-the-light-of--300x171.webp\" alt=\"Rap\u00e9 Rawaputu For\u00e7a elaborado bajo la luna llena\" width=\"300\" height=\"171\" srcset=\"https:\/\/orisha-ossain.com\/wp-content\/uploads\/2024\/10\/DALL\u00b7E-2024-10-22-23.58.41-A-pixelated-painting-style-scene-of-an-anaconda-swimming-through-the-dark-waters-of-an-Amazonian-river-surrounded-by-dense-forest-under-the-light-of--300x171.webp 300w, https:\/\/orisha-ossain.com\/wp-content\/uploads\/2024\/10\/DALL\u00b7E-2024-10-22-23.58.41-A-pixelated-painting-style-scene-of-an-anaconda-swimming-through-the-dark-waters-of-an-Amazonian-river-surrounded-by-dense-forest-under-the-light-of--1024x585.webp 1024w, https:\/\/orisha-ossain.com\/wp-content\/uploads\/2024\/10\/DALL\u00b7E-2024-10-22-23.58.41-A-pixelated-painting-style-scene-of-an-anaconda-swimming-through-the-dark-waters-of-an-Amazonian-river-surrounded-by-dense-forest-under-the-light-of--768x439.webp 768w, https:\/\/orisha-ossain.com\/wp-content\/uploads\/2024\/10\/DALL\u00b7E-2024-10-22-23.58.41-A-pixelated-painting-style-scene-of-an-anaconda-swimming-through-the-dark-waters-of-an-Amazonian-river-surrounded-by-dense-forest-under-the-light-of--1536x878.webp 1536w, https:\/\/orisha-ossain.com\/wp-content\/uploads\/2024\/10\/DALL\u00b7E-2024-10-22-23.58.41-A-pixelated-painting-style-scene-of-an-anaconda-swimming-through-the-dark-waters-of-an-Amazonian-river-surrounded-by-dense-forest-under-the-light-of-.webp 1792w\" sizes=\"(max-width: 300px) 100vw, 300px\" \/><\/p>\n<h2>Beneficios y usos<\/h2>\n<ul>\n<li><strong>Propiedades curativas:<\/strong> El Rawaputu ayuda a aliviar los dolores de cabeza, la gripe, el insomnio, los trastornos mentales y la fatiga. Sus efectos son estimulantes y equilibrantes y responden a las necesidades f\u00edsicas y emocionales.<\/li>\n<li><strong>Aplicaciones pr\u00e1cticas:<\/strong> Los Shaw\u00e3dawa utilizan este Rap\u00e9 para ganar fuerza y resistencia durante la pesca, la caza y las actividades agr\u00edcolas. Lo consideran un aliado energizante que mejora la resistencia y la concentraci\u00f3n.<\/li>\n<\/ul>\n<h2>Accesible y vers\u00e1til<\/h2>\n<p>Rap\u00e9 Rawaputu For\u00e7a es adecuado para el uso diario y no requiere restricciones diet\u00e9ticas especiales, por lo que es una opci\u00f3n conveniente para mantener la vitalidad y la energ\u00eda. Esta medicina tradicional a\u00fana pr\u00e1cticas espirituales y beneficios pr\u00e1cticos, manteniendo a los usuarios con los pies en la tierra y proporcion\u00e1ndoles fuerza para las tareas diarias.<\/p>\n<p>Arraigada en la tradici\u00f3n Shaw\u00e3dawa, Rap\u00e9 Rawaputu For\u00e7a conecta a los usuarios con la sabidur\u00eda ancestral, los poderes curativos de la naturaleza y las energ\u00edas del bosque. Ya se utilice en ceremonias espirituales o como apoyo cotidiano, esta mezcla mantiene su reputaci\u00f3n como parte vital del modo de vida Shaw\u00e3dawa.<\/p>","protected":false},"excerpt":{"rendered":"<p>Rap\u00e9 Rawaputu For\u00e7a es un rap\u00e9 cham\u00e1nico extra fuerte de la tribu Shaw\u00e3dawa. Esta incre\u00edble mezcla es de alt\u00edsima calidad y frecuencia con suaves y sutiles tonos selv\u00e1ticos.<\/p>","protected":false},"featured_media":35658,"template":"","meta":{"_seopress_robots_primary_cat":"none","_seopress_titles_title":"Rap\u00e9 Rawaputu For\u00e7a - Strong Shamanic Snuff, Shaw\u00e3dawa Tribe","_seopress_titles_desc":"Rap\u00e9 Rawaputu For\u00e7a is an extra Strong Shamanic snuff from the Shaw\u00e3dawa tribe.\u00a0Made with sabia, Tsunu ash, and the herb called Rawaputu.","_seopress_robots_index":"","_kad_blocks_custom_css":"","_kad_blocks_head_custom_js":"","_kad_blocks_body_custom_js":"","_kad_blocks_footer_custom_js":"","_kad_post_transparent":"default","_kad_post_title":"","_kad_post_layout":"default","_kad_post_sidebar_id":"","_kad_post_content_style":"default","_kad_post_vertical_padding":"default","_kad_post_feature":"","_kad_post_feature_position":"","_kad_post_header":false,"_kad_post_footer":false,"_kad_post_classname":""},"product_brand":[],"product_cat":[50],"product_tag":[61],"class_list":{"0":"post-4108","1":"product","2":"type-product","3":"status-publish","4":"has-post-thumbnail","6":"product_cat-rape","7":"product_tag-shawadawa","9":"first","10":"instock","11":"taxable","12":"shipping-taxable","13":"purchasable","14":"product-type-variable","15":"entry","16":"content-bg","17":"loop-entry"},"taxonomy_info":{"product_cat":[{"value":50,"label":"Rap\u00e9"}],"product_tag":[{"value":61,"label":"Shawadawa"}]},"featured_image_src_large":["https:\/\/orisha-ossain.com\/wp-content\/uploads\/2024\/11\/Rawaputu-Forca_Orisha_Ossain.png",736,736,false],"author_info":[],"comment_info":"","_links":{"self":[{"href":"https:\/\/orisha-ossain.com\/es\/wp-json\/wp\/v2\/product\/4108","targetHints":{"allow":["GET"]}}],"collection":[{"href":"https:\/\/orisha-ossain.com\/es\/wp-json\/wp\/v2\/product"}],"about":[{"href":"https:\/\/orisha-ossain.com\/es\/wp-json\/wp\/v2\/types\/product"}],"wp:featuredmedia":[{"embeddable":true,"href":"https:\/\/orisha-ossain.com\/es\/wp-json\/wp\/v2\/media\/35658"}],"wp:attachment":[{"href":"https:\/\/orisha-ossain.com\/es\/wp-json\/wp\/v2\/media?parent=4108"}],"wp:term":[{"taxonomy":"product_brand","embeddable":true,"href":"https:\/\/orisha-ossain.com\/es\/wp-json\/wp\/v2\/product_brand?post=4108"},{"taxonomy":"product_cat","embeddable":true,"href":"https:\/\/orisha-ossain.com\/es\/wp-json\/wp\/v2\/product_cat?post=4108"},{"taxonomy":"product_tag","embeddable":true,"href":"https:\/\/orisha-ossain.com\/es\/wp-json\/wp\/v2\/product_tag?post=4108"}],"curies":[{"name":"wp","href":"https:\/\/api.w.org\/{rel}","templated":true}]}}