{"id":4103,"date":"2024-10-15T10:02:57","date_gmt":"2024-10-15T08:02:57","guid":{"rendered":"http:\/\/orisha-ossain.com\/?post_type=product&#038;p=4103"},"modified":"2026-04-16T13:48:01","modified_gmt":"2026-04-16T11:48:01","slug":"rape-propoleo","status":"publish","type":"product","link":"https:\/\/orisha-ossain.com\/es\/product\/rape-propolis\/","title":{"rendered":"Rap\u00e9 Pr\u00f3polis"},"content":{"rendered":"<h2>La esencia sagrada de Kuntanawa Rap\u00e9 <span style=\"font-family: inherit; font-size: 20px; font-weight: bold;\">Pr\u00f3polis (Poder de las abejas)<\/span><\/h2>\n<p>Kuntanawa Rap\u00e9 es una medicina sagrada, creada con profunda reverencia por la sabidur\u00eda ancestral del pueblo Kuntanawa. Este rap\u00e9 encarna el esp\u00edritu de la selva amaz\u00f3nica, donde el prop\u00f3leo es recolectado \u00e9ticamente por el propio fabricante del rap\u00e9, con un profundo respeto por la tierra y sus habitantes. El Pr\u00f3polis se recolecta en armon\u00eda con la naturaleza, garantizando que esta poderosa resina mantenga todo su potencial curativo. No es s\u00f3lo un ingrediente, sino un regalo sagrado de la selva, impregnado de la fuerza vital del Amazonas.<\/p>\n<h2>El esp\u00edritu curativo de Pr\u00f3polis en Kuntanawa Rap\u00e9<\/h2>\n<p>Durante generaciones, el Pr\u00f3polis ha sido apreciado como sanador natural en muchas comunidades ind\u00edgenas. En el Rap\u00e9 de Poder de la Abeja Kuntanawa, sirve de puente entre lo f\u00edsico y lo espiritual, ayudando a despejar los caminos dentro del cuerpo y la mente. Este rap\u00e9 es especialmente apreciado por su capacidad para facilitar la respiraci\u00f3n y apoyar las defensas naturales del cuerpo, ofreciendo consuelo a quienes se enfrentan a problemas respiratorios.<\/p>\n<h2>Alineaci\u00f3n del aliento y el esp\u00edritu<\/h2>\n<p>El Rap\u00e9 de Poder de la Abeja Kuntanawa trabaja suave pero poderosamente para abrir la respiraci\u00f3n, calmar las v\u00edas respiratorias y fortalecer el esp\u00edritu. Su uso regular puede aliviar no s\u00f3lo las molestias f\u00edsicas, sino tambi\u00e9n establecer una conexi\u00f3n m\u00e1s profunda con el aliento de la vida, aportando armon\u00eda al cuerpo y al alma.<\/p>\n<h2>Un camino hacia la armon\u00eda interior<\/h2>\n<p>M\u00e1s all\u00e1 de sus beneficios f\u00edsicos, este rap\u00e9 es un compa\u00f1ero para quienes buscan la paz interior. Sus propiedades de enraizamiento y centrado lo convierten en un apoyo ideal para la meditaci\u00f3n y la pr\u00e1ctica espiritual, ayud\u00e1ndote a conectar con tu yo interior y a encontrar la quietud que yace en tu interior.<\/p>\n<h2>Un mensaje del Creador: El poder de Pr\u00f3polis<\/h2>\n<p>\"Durante muchos a\u00f1os, he recorrido el camino del rap\u00e9, y la creaci\u00f3n de esta mezcla con Pr\u00f3polis ha sido un viaje sagrado. Pr\u00f3polis es m\u00e1s que medicina; es un esp\u00edritu que apoya tanto la curaci\u00f3n como la relajaci\u00f3n, gui\u00e1ndonos hacia un estado m\u00e1s profundo de presencia y paz.\"<\/p>\n<h2>Camina con la Tradici\u00f3n Kuntanawa a trav\u00e9s del Rap\u00e9 del Poder de las Abejas<\/h2>\n<p>Compartir el Rap\u00e9 es participar de la sabidur\u00eda del pueblo Kuntanawa. Es m\u00e1s que una herramienta de curaci\u00f3n; es una conexi\u00f3n con la Tierra, con los ancestros y con el esp\u00edritu que fluye a trav\u00e9s de todas las cosas. Tanto si buscas alivio, conexi\u00f3n o comprensi\u00f3n, este rap\u00e9 te ofrece una puerta al coraz\u00f3n del bosque y al esp\u00edritu de la tradici\u00f3n Kuntanawa.<\/p>","protected":false},"excerpt":{"rendered":"<p>Presentamos un nuevo y extraordinario tipo de rap\u00e9 fabricado por la tribu Kuntanawa.<\/p>\n<p>El Rap\u00e9 Pr\u00f3polis ofrece una experiencia relajante y arom\u00e1tica que lo distingue. El Pr\u00f3polis, venerado por su versatilidad desde hace milenios, se utiliza ahora por primera vez como ingrediente del rap\u00e9, a\u00f1adiendo un toque \u00fanico e innovador a esta preparaci\u00f3n tradicional.<\/p>\n<p>&nbsp;<\/p>","protected":false},"featured_media":35657,"template":"","meta":{"_seopress_robots_primary_cat":"none","_seopress_titles_title":"%%post_title%% - Bee Powered Rap\u00e9, Shaminic Snuff","_seopress_titles_desc":"Rap\u00e9 Pr\u00f3polis offers a soothing, aromatic experience that sets it apart. Pr\u00f3polis, revered for its versatile uses over millennia, is now being used for","_seopress_robots_index":"","_kad_blocks_custom_css":"","_kad_blocks_head_custom_js":"","_kad_blocks_body_custom_js":"","_kad_blocks_footer_custom_js":"","_kad_post_transparent":"default","_kad_post_title":"","_kad_post_layout":"default","_kad_post_sidebar_id":"","_kad_post_content_style":"default","_kad_post_vertical_padding":"default","_kad_post_feature":"","_kad_post_feature_position":"","_kad_post_header":false,"_kad_post_footer":false,"_kad_post_classname":""},"product_brand":[],"product_cat":[50],"product_tag":[57],"class_list":{"0":"post-4103","1":"product","2":"type-product","3":"status-publish","4":"has-post-thumbnail","6":"product_cat-rape","7":"product_tag-kuntanawa","9":"first","10":"instock","11":"taxable","12":"shipping-taxable","13":"purchasable","14":"product-type-variable","15":"entry","16":"content-bg","17":"loop-entry"},"taxonomy_info":{"product_cat":[{"value":50,"label":"Rap\u00e9"}],"product_tag":[{"value":57,"label":"Kuntanawa"}]},"featured_image_src_large":["https:\/\/orisha-ossain.com\/wp-content\/uploads\/2024\/11\/Propolis_Orisha_Ossain.png",736,736,false],"author_info":[],"comment_info":"","_links":{"self":[{"href":"https:\/\/orisha-ossain.com\/es\/wp-json\/wp\/v2\/product\/4103","targetHints":{"allow":["GET"]}}],"collection":[{"href":"https:\/\/orisha-ossain.com\/es\/wp-json\/wp\/v2\/product"}],"about":[{"href":"https:\/\/orisha-ossain.com\/es\/wp-json\/wp\/v2\/types\/product"}],"wp:featuredmedia":[{"embeddable":true,"href":"https:\/\/orisha-ossain.com\/es\/wp-json\/wp\/v2\/media\/35657"}],"wp:attachment":[{"href":"https:\/\/orisha-ossain.com\/es\/wp-json\/wp\/v2\/media?parent=4103"}],"wp:term":[{"taxonomy":"product_brand","embeddable":true,"href":"https:\/\/orisha-ossain.com\/es\/wp-json\/wp\/v2\/product_brand?post=4103"},{"taxonomy":"product_cat","embeddable":true,"href":"https:\/\/orisha-ossain.com\/es\/wp-json\/wp\/v2\/product_cat?post=4103"},{"taxonomy":"product_tag","embeddable":true,"href":"https:\/\/orisha-ossain.com\/es\/wp-json\/wp\/v2\/product_tag?post=4103"}],"curies":[{"name":"wp","href":"https:\/\/api.w.org\/{rel}","templated":true}]}}