{"id":407,"date":"2023-06-29T21:18:31","date_gmt":"2023-06-29T19:18:31","guid":{"rendered":"http:\/\/orisha-ossain.com\/?post_type=product&#038;p=407"},"modified":"2026-03-11T14:16:23","modified_gmt":"2026-03-11T13:16:23","slug":"rape-murici","status":"publish","type":"product","link":"https:\/\/orisha-ossain.com\/es\/product\/rape-murici\/","title":{"rendered":"Rap\u00e9 Murici"},"content":{"rendered":"<h2>Rap\u00e9 Murici<\/h2>\n<p>Este potente Rap\u00e9 se elabora con las cenizas del \u00e1rbol sagrado Murici (<em>Byrsonima Crassifolia<\/em>), expertamente mezclado con M\u00f3i mapacho. Originario de la tribu Kaxinawa, este rap\u00e9 \u00fanico posee una fuerza poderosa y proporciona una vibraci\u00f3n intensamente n\u00edtida y limpiadora.<\/p>\n<p>El pueblo Kaxinawa atribuye a la Murici una energ\u00eda fuerte pero claramente femenina, lo que la convierte en la elecci\u00f3n perfecta para quienes buscan una profunda limpieza y alineaci\u00f3n espiritual. Se cree que su energ\u00eda act\u00faa espec\u00edficamente en los chakras superiores, facilitando una mayor conciencia y la conexi\u00f3n con los reinos superiores de la conciencia.<\/p>\n<p>Una mezcla perfecta para la meditaci\u00f3n profunda, las pr\u00e1cticas espirituales y los momentos de transformaci\u00f3n.<\/p>\n<figure id=\"attachment_165\" aria-describedby=\"caption-attachment-165\" style=\"width: 225px\" class=\"wp-caption aligncenter\"><a href=\"http:\/\/orisha-ossain.com\/wp-content\/uploads\/2023\/06\/Byrsonima-Crassifolia.jpg\"><img decoding=\"async\" class=\"wp-image-165 size-medium\" src=\"http:\/\/orisha-ossain.com\/wp-content\/uploads\/2023\/06\/Byrsonima-Crassifolia-225x300.jpg\" alt=\"Byrsonima Crassifolia \u00e1rbol de hojas verdes, la barra se utiliza para murici rap\u00e9\" width=\"225\" height=\"300\" srcset=\"https:\/\/orisha-ossain.com\/wp-content\/uploads\/2023\/06\/Byrsonima-Crassifolia-225x300.jpg 225w, https:\/\/orisha-ossain.com\/wp-content\/uploads\/2023\/06\/Byrsonima-Crassifolia-768x1024.jpg 768w, https:\/\/orisha-ossain.com\/wp-content\/uploads\/2023\/06\/Byrsonima-Crassifolia.jpg 800w\" sizes=\"(max-width: 225px) 100vw, 225px\" \/><\/a><figcaption id=\"caption-attachment-165\" class=\"wp-caption-text\">Byrsonima Crassifolia, Murici<\/figcaption><\/figure>\n<h2>Uso tribal<\/h2>\n<p>La tribu Kaxinawa utiliza su Rap\u00e9 con distintos fines. Por ejemplo, alivia los dolores f\u00edsicos y de cabeza y limpia los senos nasales. Adem\u00e1s, los Kaxinawa aplican el Rap\u00e9 para la curaci\u00f3n mental, sobre todo en combinaci\u00f3n con c\u00e1nticos.<br \/>\nEl rap\u00e9 conecta a la tribu con los esp\u00edritus de la selva y, dependiendo de los ingredientes espec\u00edficos, puede curar, aumentar la concentraci\u00f3n, mejorar la caza o ser un conector con el esp\u00edritu de la naturaleza. A los Kaxinawa les gusta experimentar y utilizar una amplia gama de ingredientes para su rap\u00e9.<\/p>\n<p><a href=\"http:\/\/orisha-ossain.com\/wp-content\/uploads\/2024\/01\/99e1768fcbdd5819eb0fdb9e77374914.jpg\"><img decoding=\"async\" class=\"aligncenter wp-image-2589 size-full\" src=\"http:\/\/orisha-ossain.com\/wp-content\/uploads\/2024\/01\/99e1768fcbdd5819eb0fdb9e77374914.jpg\" alt=\"\" width=\"960\" height=\"640\" srcset=\"https:\/\/orisha-ossain.com\/wp-content\/uploads\/2024\/01\/99e1768fcbdd5819eb0fdb9e77374914.jpg 960w, https:\/\/orisha-ossain.com\/wp-content\/uploads\/2024\/01\/99e1768fcbdd5819eb0fdb9e77374914-300x200.jpg 300w, https:\/\/orisha-ossain.com\/wp-content\/uploads\/2024\/01\/99e1768fcbdd5819eb0fdb9e77374914-768x512.jpg 768w\" sizes=\"(max-width: 960px) 100vw, 960px\" \/><\/a><\/p>\n<ul>\n<li><\/li>\n<\/ul>","protected":false},"excerpt":{"rendered":"<p>Este rap\u00e9 Murici procede de la tribu Kaxinawa. Para hacer este rap\u00e9 se mezclan las cenizas del \u00e1rbol Murici (Byrsonima Crassifolia) con M\u00f3i mapacho. Esta mezcla de Rap\u00e9 tiene una fuerza poderosa, dando una vibraci\u00f3n muy aguda y extremadamente limpiadora. Los indios Kaxinawa dicen que Murici tiene una energ\u00eda fuerte pero femenina que trabaja espec\u00edficamente en los chakras superiores.<\/p>","protected":false},"featured_media":35645,"template":"","meta":{"_seopress_robots_primary_cat":"none","_seopress_titles_title":"Rap\u00e9 Murici - Byrsonima Crassifolia - Orisha Ossain","_seopress_titles_desc":"This rap\u00e9 Murici on this page comes from the Kaxinawa tribe. To make this snuff the ashes of the Murici tree (Byrsonima Crassifolia) are mixed with","_seopress_robots_index":"","_kad_blocks_custom_css":"","_kad_blocks_head_custom_js":"","_kad_blocks_body_custom_js":"","_kad_blocks_footer_custom_js":"","_kad_post_transparent":"default","_kad_post_title":"","_kad_post_layout":"default","_kad_post_sidebar_id":"","_kad_post_content_style":"default","_kad_post_vertical_padding":"default","_kad_post_feature":"","_kad_post_feature_position":"","_kad_post_header":false,"_kad_post_footer":false,"_kad_post_classname":""},"product_brand":[],"product_cat":[50],"product_tag":[56],"class_list":{"0":"post-407","1":"product","2":"type-product","3":"status-publish","4":"has-post-thumbnail","6":"product_cat-rape","7":"product_tag-kaxinawa","9":"first","10":"instock","11":"taxable","12":"shipping-taxable","13":"purchasable","14":"product-type-variable","15":"entry","16":"content-bg","17":"loop-entry"},"taxonomy_info":{"product_cat":[{"value":50,"label":"Rap\u00e9"}],"product_tag":[{"value":56,"label":"Kaxinawa"}]},"featured_image_src_large":["https:\/\/orisha-ossain.com\/wp-content\/uploads\/2024\/11\/Murici_Orisha_Ossain.png",736,736,false],"author_info":[],"comment_info":"","_links":{"self":[{"href":"https:\/\/orisha-ossain.com\/es\/wp-json\/wp\/v2\/product\/407","targetHints":{"allow":["GET"]}}],"collection":[{"href":"https:\/\/orisha-ossain.com\/es\/wp-json\/wp\/v2\/product"}],"about":[{"href":"https:\/\/orisha-ossain.com\/es\/wp-json\/wp\/v2\/types\/product"}],"wp:featuredmedia":[{"embeddable":true,"href":"https:\/\/orisha-ossain.com\/es\/wp-json\/wp\/v2\/media\/35645"}],"wp:attachment":[{"href":"https:\/\/orisha-ossain.com\/es\/wp-json\/wp\/v2\/media?parent=407"}],"wp:term":[{"taxonomy":"product_brand","embeddable":true,"href":"https:\/\/orisha-ossain.com\/es\/wp-json\/wp\/v2\/product_brand?post=407"},{"taxonomy":"product_cat","embeddable":true,"href":"https:\/\/orisha-ossain.com\/es\/wp-json\/wp\/v2\/product_cat?post=407"},{"taxonomy":"product_tag","embeddable":true,"href":"https:\/\/orisha-ossain.com\/es\/wp-json\/wp\/v2\/product_tag?post=407"}],"curies":[{"name":"wp","href":"https:\/\/api.w.org\/{rel}","templated":true}]}}