{"id":399,"date":"2023-06-29T21:07:24","date_gmt":"2023-06-29T19:07:24","guid":{"rendered":"http:\/\/orisha-ossain.com\/?post_type=product&#038;p=399"},"modified":"2026-04-12T19:21:06","modified_gmt":"2026-04-12T17:21:06","slug":"rape-7-ervas","status":"publish","type":"product","link":"https:\/\/orisha-ossain.com\/es\/product\/rape-7-ervas\/","title":{"rendered":"Rap\u00e9 7 Ervas"},"content":{"rendered":"<h2>Rap\u00e9 7 Ervas<\/h2>\n<p>Este rap\u00e9 7 Ervas es una mezcla de la tradici\u00f3n de la cultura Kaxinawa. Consiste en una mezcla de 7 hierbas. Este rap\u00e9 7 Ervas tiene una firma energ\u00e9tica completamente diferente de las otras Sete Ervas rap\u00e9 que proporciono en mi tienda.<\/p>\n<p>Esta mezcla en particular se hizo con:<\/p>\n<ul>\n<li>\u00a0Cumaru<\/li>\n<li>\u00a0Malvarisco<\/li>\n<li>\u00a0Xip\u00e3o<\/li>\n<li>\u00a0Capemba<\/li>\n<li>\u00a0Eucalipto<\/li>\n<li>\u00a0Corama<\/li>\n<li>\u00a0Jatob\u00e1<\/li>\n<\/ul>\n<p><a href=\"http:\/\/orisha-ossain.com\/wp-content\/uploads\/2023\/06\/OSAIN.jpg\"><img decoding=\"async\" class=\"aligncenter wp-image-356 size-full\" src=\"https:\/\/orisha-ossain.com\/wp-content\/uploads\/2023\/06\/OSAIN.jpg\" alt=\"rap\u00e9 7 ervas, orish ossain\" width=\"278\" height=\"348\" srcset=\"https:\/\/orisha-ossain.com\/wp-content\/uploads\/2023\/06\/OSAIN.jpg 278w, https:\/\/orisha-ossain.com\/wp-content\/uploads\/2023\/06\/OSAIN-240x300.jpg 240w\" sizes=\"(max-width: 278px) 100vw, 278px\" \/><\/a><\/p>","protected":false},"excerpt":{"rendered":"<p>Este rap\u00e9 7 Ervas es una mezcla seg\u00fan la tradici\u00f3n de la cultura Kaxinawa. Consiste en una mezcla de 7 hierbas. Este rap\u00e9 7 Ervas tiene una firma energ\u00e9tica completamente diferente de las otras Sete Ervas rap\u00e9 que proporciono en mi tienda.<\/p>\n<p>Composici\u00f3n.<\/p>\n<p>- Cumar\u00fa<br \/>\n- Malvarisco<br \/>\n- Xip\u00e3o<br \/>\n- Capemba<br \/>\n- Eucalipto<br \/>\n- Corama<br \/>\n- Jatob\u00e1<\/p>","protected":false},"featured_media":35609,"template":"","meta":{"_seopress_robots_primary_cat":"none","_seopress_titles_title":"Rap\u00e9 7 Ervas - 7 Herbs Snuff - Kaxinawa - Orisha Ossain","_seopress_titles_desc":"This rap\u00e9 7 Ervas is a traditional mixture in the tradition of the Kaxinawa culture. It consists of a mix of 7 herbs.","_seopress_robots_index":"","_kad_blocks_custom_css":"","_kad_blocks_head_custom_js":"","_kad_blocks_body_custom_js":"","_kad_blocks_footer_custom_js":"","_kad_post_transparent":"default","_kad_post_title":"","_kad_post_layout":"default","_kad_post_sidebar_id":"","_kad_post_content_style":"default","_kad_post_vertical_padding":"default","_kad_post_feature":"","_kad_post_feature_position":"","_kad_post_header":false,"_kad_post_footer":false,"_kad_post_classname":""},"product_brand":[],"product_cat":[50],"product_tag":[56,76],"class_list":{"0":"post-399","1":"product","2":"type-product","3":"status-publish","4":"has-post-thumbnail","6":"product_cat-rape","7":"product_tag-kaxinawa","8":"product_tag-tepi","10":"first","11":"instock","12":"taxable","13":"shipping-taxable","14":"purchasable","15":"product-type-variable","16":"entry","17":"content-bg","18":"loop-entry"},"taxonomy_info":{"product_cat":[{"value":50,"label":"Rap\u00e9"}],"product_tag":[{"value":56,"label":"Kaxinawa"},{"value":76,"label":"Tepi"}]},"featured_image_src_large":["https:\/\/orisha-ossain.com\/wp-content\/uploads\/2024\/11\/7-Ervas_Orisha_Ossain.png",736,736,false],"author_info":[],"comment_info":"","_links":{"self":[{"href":"https:\/\/orisha-ossain.com\/es\/wp-json\/wp\/v2\/product\/399","targetHints":{"allow":["GET"]}}],"collection":[{"href":"https:\/\/orisha-ossain.com\/es\/wp-json\/wp\/v2\/product"}],"about":[{"href":"https:\/\/orisha-ossain.com\/es\/wp-json\/wp\/v2\/types\/product"}],"wp:featuredmedia":[{"embeddable":true,"href":"https:\/\/orisha-ossain.com\/es\/wp-json\/wp\/v2\/media\/35609"}],"wp:attachment":[{"href":"https:\/\/orisha-ossain.com\/es\/wp-json\/wp\/v2\/media?parent=399"}],"wp:term":[{"taxonomy":"product_brand","embeddable":true,"href":"https:\/\/orisha-ossain.com\/es\/wp-json\/wp\/v2\/product_brand?post=399"},{"taxonomy":"product_cat","embeddable":true,"href":"https:\/\/orisha-ossain.com\/es\/wp-json\/wp\/v2\/product_cat?post=399"},{"taxonomy":"product_tag","embeddable":true,"href":"https:\/\/orisha-ossain.com\/es\/wp-json\/wp\/v2\/product_tag?post=399"}],"curies":[{"name":"wp","href":"https:\/\/api.w.org\/{rel}","templated":true}]}}