{"id":3951,"date":"2024-09-20T14:08:15","date_gmt":"2024-09-20T12:08:15","guid":{"rendered":"http:\/\/orisha-ossain.com\/?post_type=product&#038;p=3951"},"modified":"2026-04-16T13:49:50","modified_gmt":"2026-04-16T11:49:50","slug":"kuripe-natural","status":"publish","type":"product","link":"https:\/\/orisha-ossain.com\/es\/product\/kuripe-natural\/","title":{"rendered":"Kuripe Natural"},"content":{"rendered":"<h1>Kuripe Natural<\/h1>\n<p>Se trata de un Kuripe muy natural. S\u00f3lo un trozo de la rama de un \u00e1rbol. Simple y hermoso.<\/p>\n<p><img decoding=\"async\" class=\"aligncenter wp-image-43441 size-full\" src=\"https:\/\/orisha-ossain.com\/wp-content\/uploads\/2025\/05\/nat0444.jpg\" alt=\"\" width=\"1955\" height=\"2025\" srcset=\"https:\/\/orisha-ossain.com\/wp-content\/uploads\/2025\/05\/nat0444.jpg 1955w, https:\/\/orisha-ossain.com\/wp-content\/uploads\/2025\/05\/nat0444-290x300.jpg 290w, https:\/\/orisha-ossain.com\/wp-content\/uploads\/2025\/05\/nat0444-989x1024.jpg 989w, https:\/\/orisha-ossain.com\/wp-content\/uploads\/2025\/05\/nat0444-768x795.jpg 768w, https:\/\/orisha-ossain.com\/wp-content\/uploads\/2025\/05\/nat0444-1483x1536.jpg 1483w, https:\/\/orisha-ossain.com\/wp-content\/uploads\/2025\/05\/nat0444-12x12.jpg 12w\" sizes=\"(max-width: 1955px) 100vw, 1955px\" \/><\/p>\n<p>&nbsp;<\/p>\n<p>&nbsp;<\/p>\n<p>&nbsp;<\/p>\n<figure id=\"attachment_1352\" aria-describedby=\"caption-attachment-1352\" style=\"width: 169px\" class=\"wp-caption alignright\"><a href=\"http:\/\/orisha-ossain.com\/wp-content\/uploads\/2023\/08\/paco-01.jpg\"><img decoding=\"async\" class=\"wp-image-1352 size-medium\" src=\"http:\/\/orisha-ossain.com\/wp-content\/uploads\/2023\/08\/paco-01-169x300.jpg\" alt=\"\" width=\"169\" height=\"300\" srcset=\"https:\/\/orisha-ossain.com\/wp-content\/uploads\/2023\/08\/paco-01-169x300.jpg 169w, https:\/\/orisha-ossain.com\/wp-content\/uploads\/2023\/08\/paco-01.jpg 517w\" sizes=\"(max-width: 169px) 100vw, 169px\" \/><\/a><figcaption id=\"caption-attachment-1352\" class=\"wp-caption-text\">Tres partes que formar\u00e1n un nuevo Kuripe<\/figcaption><\/figure>\n<h2>Artesan\u00eda<\/h2>\n<p>El Tepi y el Kuripe que hace Paco tienen todos un aire muy org\u00e1nico. Todas las piezas tienen su car\u00e1cter. Utiliza varias t\u00e9cnicas para hacer conexiones muy limpias y s\u00f3lidas entre las secciones de sus instrumentos cham\u00e1nicos. Un problema com\u00fan con un Kuripe en forma de V es que algo de rap\u00e9 queda atrapado en el fondo de la V. La soluci\u00f3n de Paco es crear un fondo dentro del Kuripe que tenga forma curva. De esta manera, siempre soplar\u00e1 todo el rap\u00e9 fuera de su cerbatana. Sus piezas son muy potentes. En general, la fuerza de soplado de sus cerbatanas es bastante alta y asegura una entrada profunda del Rap\u00e9. Se trata de piezas de alta calidad que durar\u00e1n mucho tiempo.<\/p>\n<p>&nbsp;<\/p>\n<p>&nbsp;<\/p>\n<figure id=\"attachment_1353\" aria-describedby=\"caption-attachment-1353\" style=\"width: 169px\" class=\"wp-caption alignleft\"><a href=\"http:\/\/orisha-ossain.com\/wp-content\/uploads\/2023\/08\/paco-02.jpg\"><img decoding=\"async\" class=\"size-medium wp-image-1353\" src=\"http:\/\/orisha-ossain.com\/wp-content\/uploads\/2023\/08\/paco-02-169x300.jpg\" alt=\"\" width=\"169\" height=\"300\" srcset=\"https:\/\/orisha-ossain.com\/wp-content\/uploads\/2023\/08\/paco-02-169x300.jpg 169w, https:\/\/orisha-ossain.com\/wp-content\/uploads\/2023\/08\/paco-02.jpg 520w\" sizes=\"(max-width: 169px) 100vw, 169px\" \/><\/a><figcaption id=\"caption-attachment-1353\" class=\"wp-caption-text\">Una cuerda de piel querida se une<\/figcaption><\/figure>\n<h2>Sobresaliente.<\/h2>\n<p>En la semana que pas\u00e9 con Paco disfrut\u00e9 del tiempo como estaba sentado a su lado y observ\u00e1ndole mientras trabajaba. Juntos hicimos mi nuevo Kuripe personal. Disfrut\u00e9 mucho de nuestro tiempo juntos. Para ayudar un poco a Paco le compr\u00e9 algunas herramientas b\u00e1sicas nuevas como una lima para madera y una escofina. Algunas de sus herramientas eran demasiado viejas y le ralentizaban mucho. Paco utiliza varios tipos de madera. Desde una variedad local de pino, madera de canela hasta una madera amaz\u00f3nica llamada \"Roxinho\". Todas las piezas tienen su aspecto\/frecuencia \u00fanicos y espec\u00edficos. El alto nivel de artesan\u00eda hace que sus piezas sean excepcionales.  Sencillo, org\u00e1nico, bello y poderoso son algunas de las palabras que expresan lo que siento al contemplar y sostener su arte.<\/p>\n<p>&nbsp;<\/p>\n<p>&nbsp;<\/p>\n<figure id=\"attachment_1354\" aria-describedby=\"caption-attachment-1354\" style=\"width: 170px\" class=\"wp-caption alignright\"><a href=\"http:\/\/orisha-ossain.com\/wp-content\/uploads\/2023\/08\/paco-03.jpg\"><img decoding=\"async\" class=\"wp-image-1354 size-medium\" src=\"http:\/\/orisha-ossain.com\/wp-content\/uploads\/2023\/08\/paco-03-170x300.jpg\" alt=\"\" width=\"170\" height=\"300\" srcset=\"https:\/\/orisha-ossain.com\/wp-content\/uploads\/2023\/08\/paco-03-170x300.jpg 170w, https:\/\/orisha-ossain.com\/wp-content\/uploads\/2023\/08\/paco-03.jpg 520w\" sizes=\"(max-width: 170px) 100vw, 170px\" \/><\/a><figcaption id=\"caption-attachment-1354\" class=\"wp-caption-text\">Inspecci\u00f3n final<\/figcaption><\/figure>\n<h2>A medida<\/h2>\n<p>Paco trabajaba como mec\u00e1nico de coches, pero se sinti\u00f3 llamado a cambiar su vida por completo. Viviendo en el campo con su maravillosa mujer y su hija, ha encontrado otra forma de mantener a su familia. Sus \u00fanicos ingresos proceden de sus obras de arte y esto no significa que produzca en cadena de montaje. A Paco le encanta el contacto personal. Tener una relaci\u00f3n cercana con sus clientes para poder traducir esa energ\u00eda\/deseos en la pieza que va a realizar. Si usted tiene alg\u00fan deseo espec\u00edfico para un Tepi o Kuripe que le gustar\u00eda tener hecho por \u00e9l, por favor p\u00f3ngase en contacto conmigo.<\/p>\n<figure id=\"attachment_1359\" aria-describedby=\"caption-attachment-1359\" style=\"width: 300px\" class=\"wp-caption aligncenter\"><a href=\"http:\/\/orisha-ossain.com\/wp-content\/uploads\/2023\/08\/P-A-e1582819785384.jpeg\"><img decoding=\"async\" class=\"wp-image-1359 size-medium\" src=\"http:\/\/orisha-ossain.com\/wp-content\/uploads\/2023\/08\/P-A-e1582819785384-300x225.jpeg\" alt=\"\" width=\"300\" height=\"225\" srcset=\"https:\/\/orisha-ossain.com\/wp-content\/uploads\/2023\/08\/P-A-e1582819785384-300x225.jpeg 300w, https:\/\/orisha-ossain.com\/wp-content\/uploads\/2023\/08\/P-A-e1582819785384-1024x768.jpeg 1024w, https:\/\/orisha-ossain.com\/wp-content\/uploads\/2023\/08\/P-A-e1582819785384-768x576.jpeg 768w, https:\/\/orisha-ossain.com\/wp-content\/uploads\/2023\/08\/P-A-e1582819785384-1536x1152.jpeg 1536w, https:\/\/orisha-ossain.com\/wp-content\/uploads\/2023\/08\/P-A-e1582819785384.jpeg 1600w\" sizes=\"(max-width: 300px) 100vw, 300px\" \/><\/a><figcaption id=\"caption-attachment-1359\" class=\"wp-caption-text\">Paco y yo<\/figcaption><\/figure>\n<h2 style=\"text-align: center;\"><a href=\"http:\/\/orisha-ossain.com\/es\/product-category\/tepi\/\">Tepi<\/a> y Kuripe<span style=\"font-size: 16px;\">\u00a0<\/span><\/h2>\n<p style=\"text-align: center;\">Echa un vistazo a la colecci\u00f3n de Tepi y Kuripe. Hay disponibles varios estilos de diferentes artistas. <a style=\"font-weight: bold; font-family: var(--global-body-font-family);\" href=\"http:\/\/orisha-ossain.com\/wp-content\/uploads\/2023\/06\/Tepi-Blessings.jpg\"><img decoding=\"async\" class=\"wp-image-55 size-medium aligncenter\" src=\"http:\/\/orisha-ossain.com\/wp-content\/uploads\/2023\/06\/Tepi-Blessings-300x199.jpg\" alt=\"Tepis reciben la bendici\u00f3n de sus creadores\" width=\"300\" height=\"199\" srcset=\"https:\/\/orisha-ossain.com\/wp-content\/uploads\/2023\/06\/Tepi-Blessings-300x199.jpg 300w, https:\/\/orisha-ossain.com\/wp-content\/uploads\/2023\/06\/Tepi-Blessings.jpg 640w\" sizes=\"(max-width: 300px) 100vw, 300px\" \/><\/a><span style=\"font-size: 14px; font-family: var(--global-body-font-family);\">Tepis reciben la bendici\u00f3n de sus creadores<\/span><\/p>","protected":false},"excerpt":{"rendered":"<p>Mi amigo paco recorri\u00f3 la selva atl\u00e1ntica brasile\u00f1a en busca de ramas en forma de V con el \u00e1ngulo adecuado para un kuripe. Con un poco de limpieza y perforaci\u00f3n de precisi\u00f3n, el resultado es muy natural y limpio.<\/p>\n<p>Madera de naranjo<\/p>","protected":false},"featured_media":43440,"template":"","meta":{"_seopress_robots_primary_cat":"none","_seopress_titles_title":"Kuripe Natural - Made From Orange Tree Wood","_seopress_titles_desc":"","_seopress_robots_index":"","_kad_blocks_custom_css":"","_kad_blocks_head_custom_js":"","_kad_blocks_body_custom_js":"","_kad_blocks_footer_custom_js":"","_kad_post_transparent":"default","_kad_post_title":"","_kad_post_layout":"default","_kad_post_sidebar_id":"","_kad_post_content_style":"default","_kad_post_vertical_padding":"default","_kad_post_feature":"","_kad_post_feature_position":"","_kad_post_header":false,"_kad_post_footer":false,"_kad_post_classname":""},"product_brand":[],"product_cat":[67],"product_tag":[75],"class_list":{"0":"post-3951","1":"product","2":"type-product","3":"status-publish","4":"has-post-thumbnail","6":"product_cat-kuripe","7":"product_tag-kuripe","9":"first","10":"outofstock","11":"taxable","12":"shipping-taxable","13":"purchasable","14":"product-type-simple","15":"entry","16":"content-bg","17":"loop-entry"},"taxonomy_info":{"product_cat":[{"value":67,"label":"Kuripe"}],"product_tag":[{"value":75,"label":"Kuripe"}]},"featured_image_src_large":["https:\/\/orisha-ossain.com\/wp-content\/uploads\/2025\/05\/nat044-1024x1024.jpg",1024,1024,true],"author_info":[],"comment_info":"","_links":{"self":[{"href":"https:\/\/orisha-ossain.com\/es\/wp-json\/wp\/v2\/product\/3951","targetHints":{"allow":["GET"]}}],"collection":[{"href":"https:\/\/orisha-ossain.com\/es\/wp-json\/wp\/v2\/product"}],"about":[{"href":"https:\/\/orisha-ossain.com\/es\/wp-json\/wp\/v2\/types\/product"}],"wp:featuredmedia":[{"embeddable":true,"href":"https:\/\/orisha-ossain.com\/es\/wp-json\/wp\/v2\/media\/43440"}],"wp:attachment":[{"href":"https:\/\/orisha-ossain.com\/es\/wp-json\/wp\/v2\/media?parent=3951"}],"wp:term":[{"taxonomy":"product_brand","embeddable":true,"href":"https:\/\/orisha-ossain.com\/es\/wp-json\/wp\/v2\/product_brand?post=3951"},{"taxonomy":"product_cat","embeddable":true,"href":"https:\/\/orisha-ossain.com\/es\/wp-json\/wp\/v2\/product_cat?post=3951"},{"taxonomy":"product_tag","embeddable":true,"href":"https:\/\/orisha-ossain.com\/es\/wp-json\/wp\/v2\/product_tag?post=3951"}],"curies":[{"name":"wp","href":"https:\/\/api.w.org\/{rel}","templated":true}]}}