{"id":388,"date":"2023-06-29T20:49:32","date_gmt":"2023-06-29T18:49:32","guid":{"rendered":"http:\/\/orisha-ossain.com\/?post_type=product&#038;p=388"},"modified":"2026-02-12T09:19:19","modified_gmt":"2026-02-12T08:19:19","slug":"palos-de-kambo","status":"publish","type":"product","link":"https:\/\/orisha-ossain.com\/es\/product\/kambo-sticks\/","title":{"rendered":"Palos Kamb\u00f4"},"content":{"rendered":"<h2><span style=\"font-size: 12pt;\">Palos Kamb\u00f4<\/span><\/h2>\n<p>Barritas Kamb\u00f4 de doble cara de la tribu Matses. Estos palos de Kamb\u00f4 contienen aproximadamente 120\/150 puntos de secreci\u00f3n de rana Phyllomedusa Bicolor cada uno. Los palos provienen directamente de la tribu Matses de Per\u00fa en la regi\u00f3n amaz\u00f3nica. Ofrezco un tama\u00f1o de palos Kamb\u00f4.<\/p>\n<p>Los palos de Kamb\u00f4 est\u00e1n hechos a mano por los ind\u00edgenas Matses, por lo que el n\u00famero de puntas, el grosor de la medicina y el tama\u00f1o var\u00edan de un palo a otro y de un lote a otro. El bast\u00f3n mide aproximadamente 12,5 cm por 2,5 cm.<\/p>\n<p><img decoding=\"async\" class=\"aligncenter wp-image-53020 size-thumbnail\" src=\"https:\/\/orisha-ossain.com\/wp-content\/uploads\/2026\/02\/kabost-300x300.jpg\" alt=\"\" width=\"300\" height=\"300\" srcset=\"https:\/\/orisha-ossain.com\/wp-content\/uploads\/2026\/02\/kabost-300x300.jpg 300w, https:\/\/orisha-ossain.com\/wp-content\/uploads\/2026\/02\/kabost-12x12.jpg 12w, https:\/\/orisha-ossain.com\/wp-content\/uploads\/2026\/02\/kabost-75x75.jpg 75w, https:\/\/orisha-ossain.com\/wp-content\/uploads\/2026\/02\/kabost-465x465.jpg 465w, https:\/\/orisha-ossain.com\/wp-content\/uploads\/2026\/02\/kabost-100x100.jpg 100w\" sizes=\"(max-width: 300px) 100vw, 300px\" \/><\/p>\n<p>Cada vara medicinal Kamb\u00f4 viene con una o varias varillas para quemar las puntas. Se trata de los tradicionales palos de quemar que utiliza la tribu peruana de los Matses para quemar los puntos llamados \"Tambshi\".<\/p>\n<figure id=\"attachment_256\" aria-describedby=\"caption-attachment-256\" style=\"width: 300px\" class=\"wp-caption aligncenter\"><a href=\"http:\/\/orisha-ossain.com\/wp-content\/uploads\/2023\/06\/KamboSapoPhyllomedusaBicolor.jpg\"><img decoding=\"async\" class=\"wp-image-256 size-medium\" src=\"https:\/\/orisha-ossain.com\/wp-content\/uploads\/2023\/06\/KamboSapoPhyllomedusaBicolor-300x200.jpg\" alt=\"2 Kambo Sapo Phyllomedusa Bicolor sentado en una rama, palos de kambo\" width=\"300\" height=\"200\" srcset=\"https:\/\/orisha-ossain.com\/wp-content\/uploads\/2023\/06\/KamboSapoPhyllomedusaBicolor-300x200.jpg 300w, https:\/\/orisha-ossain.com\/wp-content\/uploads\/2023\/06\/KamboSapoPhyllomedusaBicolor.jpg 600w\" sizes=\"(max-width: 300px) 100vw, 300px\" \/><\/a><figcaption id=\"caption-attachment-256\" class=\"wp-caption-text\">Sapo Phyllomedusa Bicolor<\/figcaption><\/figure>\n<h2><span style=\"font-size: 12pt;\">Acerca de Kamb\u00f4<\/span><\/h2>\n<p>El kamb\u00f4 es una secreci\u00f3n de la rana mono gigante, tambi\u00e9n conocida como Phyllomedusa bicolor. Estos palos de Kambo proceden directamente de la tribu ind\u00edgena Matses de Per\u00fa, en la selva amaz\u00f3nica. En Per\u00fa, los Matses tienen 2 nombres para la medicina \"Sapo\" y \"Acat\u00e9\". En Brasil se conoce com\u00fanmente como \"Kamb\u00f4\".<\/p>\n<p><a href=\"http:\/\/orisha-ossain.com\/wp-content\/uploads\/2023\/06\/kambo-trippy-1.jpg\"><img decoding=\"async\" class=\"alignright wp-image-257 size-medium\" src=\"https:\/\/orisha-ossain.com\/wp-content\/uploads\/2023\/06\/kambo-trippy-1-300x198.jpg\" alt=\"rana de kambo, palos de kambo\" width=\"300\" height=\"198\" srcset=\"https:\/\/orisha-ossain.com\/wp-content\/uploads\/2023\/06\/kambo-trippy-1-300x198.jpg 300w, https:\/\/orisha-ossain.com\/wp-content\/uploads\/2023\/06\/kambo-trippy-1.jpg 600w\" sizes=\"(max-width: 300px) 100vw, 300px\" \/><\/a><\/p>\n<p>&nbsp;<\/p>\n<h2><span style=\"font-size: 12pt;\">Phyllomedusa bicolor y h\u00e1bitat<\/span><\/h2>\n<p><em>Phyllomedusa bicolor<\/em> es una simp\u00e1tica rana arbor\u00edcola nocturna que vive en lo alto de los \u00e1rboles de la selva amaz\u00f3nica. Los machos pueden llegar a medir 91-103 mm, mientras que las hembras miden 111-119 mm. El dorso de la rana es de color verde oscuro, y el vientre es de color blanco amarillento o crema claro. Detr\u00e1s de los ojos hay dos gl\u00e1ndulas grandes y prominentes.<\/p>\n<p>La rana siempre resulta ilesa durante el proceso de extracci\u00f3n de la secreci\u00f3n y s\u00f3lo sufre un leve estr\u00e9s durante un breve periodo de tiempo. Por lo general, los ind\u00edgenas consideran de muy mala educaci\u00f3n da\u00f1ar a la rana de cualquier forma, ya que podr\u00eda ofender a los esp\u00edritus animales de la selva y acarrear desgracias.<\/p>\n<p>Estas ranas viven en las zonas m\u00e1s profundas de la selva amaz\u00f3nica, en pa\u00edses como.<\/p>\n<ul>\n<li><span style=\"font-size: 12pt;\">Bolivia<\/span><\/li>\n<li><span style=\"font-size: 12pt;\">Brasil<\/span><\/li>\n<li><span style=\"font-size: 12pt;\">Colombia<\/span><\/li>\n<li><span style=\"font-size: 12pt;\">Per\u00fa<\/span><\/li>\n<li><span style=\"font-size: 12pt;\">Guayana Francesa<\/span><\/li>\n<li><span style=\"font-size: 12pt;\">Surinam<br \/>\n<\/span><\/li>\n<li><span style=\"font-size: 12pt;\">Venezuela<\/span><\/li>\n<\/ul>\n<h2><span style=\"font-size: 12pt;\">Beneficios del kamb\u00f4<\/span><\/h2>\n<p>El kamb\u00f4 es utilizado desde hace mucho tiempo por diversas tribus ind\u00edgenas de la selva amaz\u00f3nica. Han utilizado esta medicina sagrada para reforzar su sistema inmunol\u00f3gico y mejorar sus habilidades de caza, agudizando sus facultades perceptivas y su conciencia mientras cazaban en la selva amaz\u00f3nica.<\/p>\n<p>Otra funci\u00f3n tradicional del Kamb\u00f4 es eliminar el \"panema\". Esto puede entenderse como mala suerte, depresi\u00f3n, pereza, tristeza o influencias energ\u00e9ticas negativas, que atraen dificultades y enfermedades.<\/p>\n<h2><span style=\"font-size: 12pt;\">Mitolog\u00eda Kamb\u00f4\u00a0<\/span><\/h2>\n<p>Seg\u00fan una leyenda kaxinaw\u00e1 (Huni Kuin, una tribu ind\u00edgena de Brasil), los ind\u00edgenas del pueblo estaban muy enfermos y el cham\u00e1n Kampu hab\u00eda hecho todo lo posible por curarlos. Prob\u00f3 todas las hierbas medicinales que conoc\u00eda, pero ninguna ayud\u00f3 a la agon\u00eda de su pueblo.<\/p>\n<p>Entonces, el cham\u00e1n Kampu entr\u00f3 en el bosque y, bajo el efecto de la ayahuasca, recibi\u00f3 la visita del gran Dios. Trajo en sus manos una rana, de la que extrajo una secreci\u00f3n blanca, y ense\u00f1\u00f3 c\u00f3mo aplicarla.<\/p>\n<p>Al regresar a la tribu y seguir las pautas que hab\u00eda recibido, el cham\u00e1n Kampu consigui\u00f3 curar a su comunidad. Tras su muerte, el esp\u00edritu de Kampu ha empezado a vivir en la rana, y los ind\u00edgenas comenzaron a utilizar su secreci\u00f3n para mantenerse activos y sanos.<\/p>\n<p><a href=\"http:\/\/orisha-ossain.com\/wp-content\/uploads\/2023\/06\/kambo-stick-dots.jpeg\"><img decoding=\"async\" class=\"aligncenter wp-image-391 size-medium\" src=\"https:\/\/orisha-ossain.com\/wp-content\/uploads\/2023\/06\/kambo-stick-dots-293x300.jpeg\" alt=\"Secreci\u00f3n de rana Kamb\u00f4 lista para su uso, palos de kambo\" width=\"293\" height=\"300\" srcset=\"https:\/\/orisha-ossain.com\/wp-content\/uploads\/2023\/06\/kambo-stick-dots-293x300.jpeg 293w, https:\/\/orisha-ossain.com\/wp-content\/uploads\/2023\/06\/kambo-stick-dots.jpeg 600w\" sizes=\"(max-width: 293px) 100vw, 293px\" \/><\/a><\/p>\n<h2><span style=\"font-size: 12pt;\">Qu\u00edmica de p\u00e9ptidos Kamb\u00f4<\/span><\/h2>\n<p>Kamb\u00f4 contiene numerosos p\u00e9ptidos bioactivos. Estos p\u00e9ptidos ayudan en la curaci\u00f3n y limpieza profunda de muchas dolencias y afecciones. A continuaci\u00f3n encontrar\u00e1 un resumen de los diversos p\u00e9ptidos que contiene Kamb\u00f4.<\/p>\n<ul>\n<li>Filomedusina<\/li>\n<li>Phyllokinin<\/li>\n<li>Filoerule\u00edna<\/li>\n<li>Dermorfina<\/li>\n<li>Deltorphin<\/li>\n<li>Dermaseptina y adenoregulina<\/li>\n<li>Filolitorina \/ Rohdei-Litorina<\/li>\n<li>Triptofilinas<b><br \/>\n<\/b><\/li>\n<\/ul>\n<p>Se puede encontrar un estudio m\u00e1s profundo de los compuestos qu\u00edmicos importantes del Kamb\u00f4 <a href=\"https:\/\/kambohealth.com\/kambo-peptides\/\">aqu\u00ed.<\/a><\/p>\n<h2><span style=\"font-size: 12pt;\">Descargo de responsabilidad<\/span><\/h2>\n<p>Tenga en cuenta que esta medicina sagrada es muy poderosa y potencialmente peligrosa y t\u00f3xica, si no se utiliza en el entorno y contexto correctos, con la preparaci\u00f3n adecuada y guiada por una persona experimentada que aplique la medicina.<\/p>\n<p>Este producto NO se vende para consumo humano. S\u00f3lo se vende con fines de investigaci\u00f3n, bot\u00e1nicos y educativos. Al comprar este art\u00edculo, usted se compromete a no ingerirlo y acepta toda responsabilidad legal si lo hace.<\/p>\n<p><a href=\"http:\/\/orisha-ossain.com\/wp-content\/uploads\/2023\/06\/kambo3.jpg\"><img decoding=\"async\" class=\"aligncenter wp-image-255 size-full\" src=\"https:\/\/orisha-ossain.com\/wp-content\/uploads\/2023\/06\/kambo3.jpg\" alt=\"cham\u00e1n sosteniendo un Kamb\u00f4 Sapo , palos de kambo\" width=\"580\" height=\"366\" srcset=\"https:\/\/orisha-ossain.com\/wp-content\/uploads\/2023\/06\/kambo3.jpg 580w, https:\/\/orisha-ossain.com\/wp-content\/uploads\/2023\/06\/kambo3-300x189.jpg 300w\" sizes=\"(max-width: 580px) 100vw, 580px\" \/><\/a><\/p>\n<h2><span style=\"font-size: 12pt;\"><strong>Para su informaci\u00f3n, aqu\u00ed tiene algunos interesantes art\u00edculos y enlaces de investigaci\u00f3n en l\u00ednea sobre Kamb\u00f4<\/strong><\/span><\/h2>\n<p><a href=\"http:\/\/reset.me\/story\/kambo-natures-vaccine-for-the-mind-and-body\/\" target=\"_blank\" rel=\"noopener noreferrer\">Kamb\u00f4<\/a><a title=\"Kambo - El esp\u00edritu del cham\u00e1n\" href=\"http:\/\/www.ayahuasca.com\/spirit\/kambo-the-spirit-of-the-shaman\" target=\"_blank\" rel=\"noopener noreferrer\"> - El esp\u00edritu del cham\u00e1n<\/a><\/p>\n<p><a title=\"Secreciones de rana y magia de caza en el Alto Amazonas\" href=\"http:\/\/www.erowid.org\/references\/refs_view.php?A=ShowDoc1&amp;ID=6657\">Secreciones de rana y magia de caza en el Alto Amazonas<\/a><\/p>\n<p><a href=\"https:\/\/static1.squarespace.com\/static\/6553769c35c257393cae4c28\/t\/668e75c4aa05d812a0f5f9b4\/1720612293351\/kambo-natures-vaccine-mind-body.pdf\" target=\"_blank\" rel=\"noopener\">Kamb\u00f4 - Vacuna natural para la mente y el cuerpo<\/a><\/p>\n<p><strong>Si es un practicante de kamb\u00f4 nuevo o sin experiencia, le recomiendo encarecidamente que busque un practicante de kamb\u00f4 experimentado en su zona. Consulte el siguiente enlace.<\/strong><\/p>\n<p><a href=\"https:\/\/www.kambointernational.com\/practitioner-directory\"><span style=\"font-size: 12pt;\">Encontrar un practicante de Kambo<\/span><\/a><\/p>\n<p>&nbsp;<\/p>","protected":false},"excerpt":{"rendered":"<p>Barritas Kamb\u00f4 de doble cara de la tribu Matses. Estos palos Kamb\u00f4 contienen aproximadamente 120\/150 puntos de secreci\u00f3n de rana Phyllomedusa Bicolor cada uno. Los palos proceden directamente de la tribu Matses de Per\u00fa, en la regi\u00f3n amaz\u00f3nica.<br \/>\nOfrezco un tama\u00f1o de palos Kamb\u00f4.<\/p>","protected":false},"featured_media":253,"template":"","meta":{"_seopress_robots_primary_cat":"none","_seopress_titles_title":"%%post_title%% - Phyllomedusa bicolor - Matses Kambo","_seopress_titles_desc":"Double-sided Kamb\u00f4 sticks from the Matses tribe These Kambo sticks hold about\u00a0 130\/ 150 dots each. Phyllomedusa Bicolor frog.","_seopress_robots_index":"","_kad_blocks_custom_css":"","_kad_blocks_head_custom_js":"","_kad_blocks_body_custom_js":"","_kad_blocks_footer_custom_js":"","_kad_post_transparent":"default","_kad_post_title":"","_kad_post_layout":"default","_kad_post_sidebar_id":"","_kad_post_content_style":"default","_kad_post_vertical_padding":"default","_kad_post_feature":"","_kad_post_feature_position":"","_kad_post_header":false,"_kad_post_footer":false,"_kad_post_classname":""},"product_brand":[],"product_cat":[68],"product_tag":[],"class_list":{"0":"post-388","1":"product","2":"type-product","3":"status-publish","4":"has-post-thumbnail","6":"product_cat-kambo","8":"first","9":"instock","10":"taxable","11":"shipping-taxable","12":"purchasable","13":"product-type-variable","14":"entry","15":"content-bg","16":"loop-entry"},"taxonomy_info":{"product_cat":[{"value":68,"label":"Kamb\u00f4"}]},"featured_image_src_large":["https:\/\/orisha-ossain.com\/wp-content\/uploads\/2023\/06\/kam01.jpg",600,400,false],"author_info":[],"comment_info":"","_links":{"self":[{"href":"https:\/\/orisha-ossain.com\/es\/wp-json\/wp\/v2\/product\/388","targetHints":{"allow":["GET"]}}],"collection":[{"href":"https:\/\/orisha-ossain.com\/es\/wp-json\/wp\/v2\/product"}],"about":[{"href":"https:\/\/orisha-ossain.com\/es\/wp-json\/wp\/v2\/types\/product"}],"wp:featuredmedia":[{"embeddable":true,"href":"https:\/\/orisha-ossain.com\/es\/wp-json\/wp\/v2\/media\/253"}],"wp:attachment":[{"href":"https:\/\/orisha-ossain.com\/es\/wp-json\/wp\/v2\/media?parent=388"}],"wp:term":[{"taxonomy":"product_brand","embeddable":true,"href":"https:\/\/orisha-ossain.com\/es\/wp-json\/wp\/v2\/product_brand?post=388"},{"taxonomy":"product_cat","embeddable":true,"href":"https:\/\/orisha-ossain.com\/es\/wp-json\/wp\/v2\/product_cat?post=388"},{"taxonomy":"product_tag","embeddable":true,"href":"https:\/\/orisha-ossain.com\/es\/wp-json\/wp\/v2\/product_tag?post=388"}],"curies":[{"name":"wp","href":"https:\/\/api.w.org\/{rel}","templated":true}]}}