{"id":38342,"date":"2025-01-01T17:03:35","date_gmt":"2025-01-01T16:03:35","guid":{"rendered":"https:\/\/orisha-ossain.com\/?post_type=product&#038;p=38342"},"modified":"2026-02-16T15:30:44","modified_gmt":"2026-02-16T14:30:44","slug":"apoyo-inmunologico","status":"publish","type":"product","link":"https:\/\/orisha-ossain.com\/es\/product\/immune-support\/","title":{"rendered":"Apoyo inmunitario"},"content":{"rendered":"<h2>Fortalezca su viaje de bienestar hol\u00edstico.<\/h2>\n<p>Fusione los efectos de apertura del coraz\u00f3n del Cacao Ceremonial y la esencia transformadora del \"Rey de los hongos medicinales, Chaga, apoyando su sistema inmunol\u00f3gico y activando su conexi\u00f3n con su chakra superior, - empoder\u00e1ndose para establecer metas altas, poseer su poder, y manifestar todos los deseos de su coraz\u00f3n.<\/p>\n<p><b>Principales ventajas \ud80c\udefc\ud80c\udf4a<\/b><\/p>\n<ul>\n<li aria-level=\"1\">Inmunomodulador<\/li>\n<li aria-level=\"1\">Rica en antioxidantes<\/li>\n<li aria-level=\"1\">Antiinflamatorio<\/li>\n<\/ul>\n<ul>\n<li style=\"list-style-type: none;\"><b style=\"font-family: var(--global-body-font-family);\">Perfil energ\u00e9tico: <\/b><span style=\"font-family: var(--global-body-font-family);\">Activaci\u00f3n del Tercer Ojo, Purificaci\u00f3n, enraizamiento del Poder Interior.<\/span><\/li>\n<\/ul>\n<p><img decoding=\"async\" class=\"aligncenter wp-image-38097 size-full\" style=\"font-family: var(--global-body-font-family);\" src=\"https:\/\/orisha-ossain.com\/wp-content\/uploads\/2024\/12\/OLD-NAME-2.webp\" alt=\"\" width=\"1080\" height=\"1080\" srcset=\"https:\/\/orisha-ossain.com\/wp-content\/uploads\/2024\/12\/OLD-NAME-2.webp 1080w, https:\/\/orisha-ossain.com\/wp-content\/uploads\/2024\/12\/OLD-NAME-2-300x300.webp 300w, https:\/\/orisha-ossain.com\/wp-content\/uploads\/2024\/12\/OLD-NAME-2-1024x1024.webp 1024w, https:\/\/orisha-ossain.com\/wp-content\/uploads\/2024\/12\/OLD-NAME-2-768x768.webp 768w, https:\/\/orisha-ossain.com\/wp-content\/uploads\/2024\/12\/OLD-NAME-2-12x12.webp 12w, https:\/\/orisha-ossain.com\/wp-content\/uploads\/2024\/12\/OLD-NAME-2-75x75.webp 75w, https:\/\/orisha-ossain.com\/wp-content\/uploads\/2024\/12\/OLD-NAME-2-465x465.webp 465w, https:\/\/orisha-ossain.com\/wp-content\/uploads\/2024\/12\/OLD-NAME-2-100x100.webp 100w\" sizes=\"(max-width: 1080px) 100vw, 1080px\" \/><\/p>\n<div class=\"elementor-element elementor-element-fc15602 elementor-widget elementor-widget-text-editor\" data-id=\"fc15602\" data-element_type=\"widget\" data-widget_type=\"text-editor.default\">\n<div class=\"elementor-widget-container\">\n<h2><strong>Apoyo Inmunol\u00f3gico - Mezcla Medicinal de Cacao<\/strong><\/h2>\n<p>Descubra el camino hacia el bienestar hol\u00edstico con nuestro <strong>Cacao ceremonial de Belice<\/strong>Elaborada por expertos con especias tradicionales como la pimienta de cayena, la canela y la vainilla. Enriquecido con el poderoso hongo Chaga, a menudo aclamado como \"El Rey de los Hongos Medicinales\", esta mezcla fortalece las defensas naturales de su cuerpo y profundiza su conexi\u00f3n con los chakras superiores. Repleta de potentes antioxidantes y compuestos que refuerzan el sistema inmunitario, apoya su viaje hacia una salud vibrante y una alineaci\u00f3n espiritual.<\/p>\n<p><strong>Chaga | El rey de las setas medicinales<\/strong><\/p>\n<p>Conocido desde hace siglos por las tribus siberianas y los chamanes, el Chaga es un hongo funcional no psicod\u00e9lico c\u00e9lebre por sus notables propiedades de refuerzo inmunitario y su capacidad para activar el Tercer Ojo. Sus betaglucanos desempe\u00f1an un papel clave en la regulaci\u00f3n del sistema inmunitario, ya sea calmando una respuesta hiperactiva o reconstruyendo una debilitada. Los excepcionales antioxidantes del Chaga, como la SOD (Super \u00d3xido Dismutasa) y la melanina, combaten eficazmente el estr\u00e9s oxidativo y neutralizan los radicales libres. Chaga verdaderamente reina suprema en el reino de los hongos con la mayor tasa de antioxidantes de cualquier fuente de alimento conocido.<\/p>\n<p><strong>Experimente la sinergia de la sabidur\u00eda ancestral y el bienestar moderno en cada sorbo de esta mezcla de cacao que refuerza las defensas inmunitarias.<\/strong><\/p>\n<\/div>\n<\/div>","protected":false},"excerpt":{"rendered":"<h3>Cacao Ceremonial - Belice - 100 Gramos<\/h3>\n<ul>\n<li>Extracto doble de hongo Chaga 15:1<\/li>\n<li>Con especias tradicionales mayas: Pimienta de Cayena, Canela, Vainilla<\/li>\n<\/ul>\n<p>&nbsp;<\/p>","protected":false},"featured_media":38095,"template":"","meta":{"_seopress_robots_primary_cat":"none","_seopress_titles_title":"","_seopress_titles_desc":"","_seopress_robots_index":"","_kad_blocks_custom_css":"","_kad_blocks_head_custom_js":"","_kad_blocks_body_custom_js":"","_kad_blocks_footer_custom_js":"","_kad_post_transparent":"default","_kad_post_title":"","_kad_post_layout":"default","_kad_post_sidebar_id":"","_kad_post_content_style":"default","_kad_post_vertical_padding":"default","_kad_post_feature":"","_kad_post_feature_position":"","_kad_post_header":false,"_kad_post_footer":false,"_kad_post_classname":""},"product_brand":[],"product_cat":[150],"product_tag":[151],"class_list":{"0":"post-38342","1":"product","2":"type-product","3":"status-publish","4":"has-post-thumbnail","6":"product_cat-cacao","7":"product_tag-cacao","9":"first","10":"instock","11":"taxable","12":"shipping-taxable","13":"purchasable","14":"product-type-simple","15":"entry","16":"content-bg","17":"loop-entry"},"taxonomy_info":{"product_cat":[{"value":150,"label":"Cacao"}],"product_tag":[{"value":151,"label":"Cacao"}]},"featured_image_src_large":["https:\/\/orisha-ossain.com\/wp-content\/uploads\/2024\/12\/OLD-NAME-1024x1024.webp",1024,1024,true],"author_info":[],"comment_info":"","_links":{"self":[{"href":"https:\/\/orisha-ossain.com\/es\/wp-json\/wp\/v2\/product\/38342","targetHints":{"allow":["GET"]}}],"collection":[{"href":"https:\/\/orisha-ossain.com\/es\/wp-json\/wp\/v2\/product"}],"about":[{"href":"https:\/\/orisha-ossain.com\/es\/wp-json\/wp\/v2\/types\/product"}],"wp:featuredmedia":[{"embeddable":true,"href":"https:\/\/orisha-ossain.com\/es\/wp-json\/wp\/v2\/media\/38095"}],"wp:attachment":[{"href":"https:\/\/orisha-ossain.com\/es\/wp-json\/wp\/v2\/media?parent=38342"}],"wp:term":[{"taxonomy":"product_brand","embeddable":true,"href":"https:\/\/orisha-ossain.com\/es\/wp-json\/wp\/v2\/product_brand?post=38342"},{"taxonomy":"product_cat","embeddable":true,"href":"https:\/\/orisha-ossain.com\/es\/wp-json\/wp\/v2\/product_cat?post=38342"},{"taxonomy":"product_tag","embeddable":true,"href":"https:\/\/orisha-ossain.com\/es\/wp-json\/wp\/v2\/product_tag?post=38342"}],"curies":[{"name":"wp","href":"https:\/\/api.w.org\/{rel}","templated":true}]}}