{"id":38198,"date":"2025-01-05T14:37:31","date_gmt":"2025-01-05T13:37:31","guid":{"rendered":"https:\/\/orisha-ossain.com\/?post_type=product&#038;p=38198"},"modified":"2026-04-11T23:47:49","modified_gmt":"2026-04-11T21:47:49","slug":"grado-natural-puro","status":"publish","type":"product","link":"https:\/\/orisha-ossain.com\/es\/product\/pure-natural-grade\/","title":{"rendered":"Puro grado natural"},"content":{"rendered":"<h2><strong>Cacao ceremonial: Obtenido con prop\u00f3sito en el coraz\u00f3n de Belice<\/strong><\/h2>\n<p>Este cacao ceremonial de origen \u00fanico procede de las Monta\u00f1as Mayas del sur de Belice, una de las regiones m\u00e1s pr\u00edstinas y rurales del pa\u00eds. Lo cosechan y producen unas 400 familias de agricultores ind\u00edgenas mayas de las naciones Mopan y Q'eqchi. Estos dedicados agricultores cultivan la antigua variedad Criollo \"Heirloom\", a menudo llamada la Reina del Cacao, c\u00e9lebre por su excepcional calidad y herencia.<\/p>\n<h3><strong>\u00bfPor qu\u00e9 elegir este cacao?<\/strong><\/h3>\n<ul>\n<li>Origen \u00fanico del sur de Belice<\/li>\n<li>Cultivado por agricultores ind\u00edgenas mayas mopan y q'eqchi<\/li>\n<li>Antigua variedad de cacao Criollo \"Heirloom<\/li>\n<li>Procedentes de explotaciones familiares sostenibles<\/li>\n<\/ul>\n<h3>Perfil energ\u00e9tico:<\/h3>\n<p>De alta vibraci\u00f3n, suave, energizante y que abre el coraz\u00f3n, perfecto para pr\u00e1cticas ceremoniales y de atenci\u00f3n plena.<\/p>\n<p><img decoding=\"async\" class=\"aligncenter wp-image-38202 size-large\" src=\"https:\/\/orisha-ossain.com\/wp-content\/uploads\/2024\/12\/Natural-1024x1024.webp\" alt=\"\" width=\"1024\" height=\"1024\" srcset=\"https:\/\/orisha-ossain.com\/wp-content\/uploads\/2024\/12\/Natural-1024x1024.webp 1024w, https:\/\/orisha-ossain.com\/wp-content\/uploads\/2024\/12\/Natural-300x300.webp 300w, https:\/\/orisha-ossain.com\/wp-content\/uploads\/2024\/12\/Natural-768x768.webp 768w, https:\/\/orisha-ossain.com\/wp-content\/uploads\/2024\/12\/Natural-12x12.webp 12w, https:\/\/orisha-ossain.com\/wp-content\/uploads\/2024\/12\/Natural-75x75.webp 75w, https:\/\/orisha-ossain.com\/wp-content\/uploads\/2024\/12\/Natural-465x465.webp 465w, https:\/\/orisha-ossain.com\/wp-content\/uploads\/2024\/12\/Natural-100x100.webp 100w, https:\/\/orisha-ossain.com\/wp-content\/uploads\/2024\/12\/Natural.webp 1080w\" sizes=\"(max-width: 1024px) 100vw, 1024px\" \/><\/p>\n<h3>Cacao Criollo \"Heirloom\": La reina del cacao<\/h3>\n<p>El cacao Criollo, a menudo llamado la \"Reina del Cacao\", es una variedad heredada famosa por su excepcional calidad. Representa s\u00f3lo el 5% de la producci\u00f3n mundial de cacao, y es el tipo de cacao m\u00e1s raro y apreciado. Estos granos son los verdaderos diamantes del \u00e1rbol del cacao y producen algunos de los mejores sabores del mundo.<\/p>\n<p>Para obtener la denominaci\u00f3n \"Heirloom\", el cacao debe combinar importancia hist\u00f3rica, cultural, bot\u00e1nica, geogr\u00e1fica y de sabor. En 2015, el cacao Maya Mountain, procedente de granjas del distrito de Toledo (Belice), que incluye pueblos como San Antonio, Santa Elena y Pueblo Viejo, fue reconocido como cacao de reliquia por el prestigioso Heirloom Preservation Project (HCP). Esta designaci\u00f3n celebra su distinci\u00f3n como uno de los 20 mejores cacaos del mundo.<\/p>\n<h3>\u00bfPor qu\u00e9 elegir Cacao Criollo?<\/h3>\n<ul>\n<li>Representa s\u00f3lo el 5% de la producci\u00f3n mundial de cacao<\/li>\n<li>Conocido por su sabor y calidad superiores<\/li>\n<li>Reconocido como uno de los 20 mejores cacaos del mundo por la HCP<\/li>\n<li>Cultivado en el distrito de Toledo, Belice, de gran riqueza cultural.<\/li>\n<\/ul>\n<h3><strong>Experimente el raro lujo del cacao criollo, una aut\u00e9ntica joya en el mundo del chocolate.<\/strong><\/h3>\n<p>&nbsp;<\/p>","protected":false},"excerpt":{"rendered":"<h3>Cacao Ceremonial - Belice - 100 Gramos<\/h3>\n<p>100 % Cacao Crudo Puro.<\/p>\n<ul>\n<li>De los agricultores familiares ind\u00edgenas mayas<\/li>\n<li>Ecol\u00f3gico | Sostenible | \u00c9tico<\/li>\n<li>Clasificados a mano | Secados al sol<\/li>\n<\/ul>","protected":false},"featured_media":38201,"template":"","meta":{"_seopress_robots_primary_cat":"none","_seopress_titles_title":"Cereomial Grade Cacao from Belize - 100% Raw Cacao - Criollo","_seopress_titles_desc":"","_seopress_robots_index":"","_kad_blocks_custom_css":"","_kad_blocks_head_custom_js":"","_kad_blocks_body_custom_js":"","_kad_blocks_footer_custom_js":"","_kad_post_transparent":"default","_kad_post_title":"","_kad_post_layout":"default","_kad_post_sidebar_id":"","_kad_post_content_style":"default","_kad_post_vertical_padding":"default","_kad_post_feature":"","_kad_post_feature_position":"","_kad_post_header":false,"_kad_post_footer":false,"_kad_post_classname":""},"product_brand":[],"product_cat":[150],"product_tag":[151],"class_list":{"0":"post-38198","1":"product","2":"type-product","3":"status-publish","4":"has-post-thumbnail","6":"product_cat-cacao","7":"product_tag-cacao","9":"first","10":"instock","11":"taxable","12":"shipping-taxable","13":"purchasable","14":"product-type-simple","15":"entry","16":"content-bg","17":"loop-entry"},"taxonomy_info":{"product_cat":[{"value":150,"label":"Cacao"}],"product_tag":[{"value":151,"label":"Cacao"}]},"featured_image_src_large":["https:\/\/orisha-ossain.com\/wp-content\/uploads\/2024\/12\/IMG_6348-1536x2048-1.webp",500,500,false],"author_info":[],"comment_info":"","_links":{"self":[{"href":"https:\/\/orisha-ossain.com\/es\/wp-json\/wp\/v2\/product\/38198","targetHints":{"allow":["GET"]}}],"collection":[{"href":"https:\/\/orisha-ossain.com\/es\/wp-json\/wp\/v2\/product"}],"about":[{"href":"https:\/\/orisha-ossain.com\/es\/wp-json\/wp\/v2\/types\/product"}],"wp:featuredmedia":[{"embeddable":true,"href":"https:\/\/orisha-ossain.com\/es\/wp-json\/wp\/v2\/media\/38201"}],"wp:attachment":[{"href":"https:\/\/orisha-ossain.com\/es\/wp-json\/wp\/v2\/media?parent=38198"}],"wp:term":[{"taxonomy":"product_brand","embeddable":true,"href":"https:\/\/orisha-ossain.com\/es\/wp-json\/wp\/v2\/product_brand?post=38198"},{"taxonomy":"product_cat","embeddable":true,"href":"https:\/\/orisha-ossain.com\/es\/wp-json\/wp\/v2\/product_cat?post=38198"},{"taxonomy":"product_tag","embeddable":true,"href":"https:\/\/orisha-ossain.com\/es\/wp-json\/wp\/v2\/product_tag?post=38198"}],"curies":[{"name":"wp","href":"https:\/\/api.w.org\/{rel}","templated":true}]}}