{"id":381,"date":"2023-06-29T20:57:22","date_gmt":"2023-06-29T18:57:22","guid":{"rendered":"http:\/\/orisha-ossain.com\/?post_type=product&#038;p=381"},"modified":"2026-04-17T15:47:20","modified_gmt":"2026-04-17T13:47:20","slug":"sananga","status":"publish","type":"product","link":"https:\/\/orisha-ossain.com\/es\/product\/sananga\/","title":{"rendered":"Sananga"},"content":{"rendered":"<h2><span style=\"font-size: 12pt;\">Sananga<\/span><\/h2>\n<p>Este es un extracto l\u00edquido forestal especial con una fuerte conexi\u00f3n con las medicinas cham\u00e1nicas y sus cualidades curativas \u00fanicas, espero que encuentres esto una adici\u00f3n significativa al surtido de Orisha Ossain.<\/p>\n<h2><span style=\"font-size: 12pt;\">El arbusto<\/span><\/h2>\n<p>Los indios del Amazonas llaman al arbusto sananga \"Apocynaceae\". Dentro de la sananga existen 2 variaciones. Sus nombres en lat\u00edn son Tabernaentana Undalata y Tabernaentana Sahanho. El tipo undalata parece estar m\u00e1s presente en Per\u00fa y el sahanho proviene de Brasil. Me han dicho que hay otras 2 subvariedades pero ah\u00ed se acaba la informaci\u00f3n. No disponemos de todos los conocimientos anal\u00edticos sobre la sananga y as\u00ed son las cosas. Al final, s\u00f3lo podemos conectar realmente con la medicina cuando la utilizamos. La informaci\u00f3n es \u00fatil, pero tambi\u00e9n puede distraer o incluso enga\u00f1ar cuando no se conocen todos los detalles. El verdadero conocimiento siempre est\u00e1 dentro de la medicina.<\/p>\n<p><a href=\"http:\/\/orisha-ossain.com\/wp-content\/uploads\/2023\/06\/Sananga-application.jpg\"><img decoding=\"async\" class=\"aligncenter wp-image-274 size-medium\" src=\"http:\/\/orisha-ossain.com\/wp-content\/uploads\/2023\/06\/Sananga-application-300x201.jpg\" alt=\"primer plano de un indio recibiendo un tratamiento con colirio Sananga, Tabernaentana Sahanho\" width=\"300\" height=\"201\" srcset=\"https:\/\/orisha-ossain.com\/wp-content\/uploads\/2023\/06\/Sananga-application-300x201.jpg 300w, https:\/\/orisha-ossain.com\/wp-content\/uploads\/2023\/06\/Sananga-application.jpg 612w\" sizes=\"(max-width: 300px) 100vw, 300px\" \/><\/a><\/p>\n<h2><span style=\"font-size: 12pt;\">Uso tribal<\/span><\/h2>\n<p>Varias tribus amaz\u00f3nicas utilizan colirios de sananga para mejorar sus habilidades de caza. El esp\u00edritu de la sananga ayuda a limpiar profundamente a nivel energ\u00e9tico, f\u00edsico, emocional y espiritual. Tambi\u00e9n ayuda a desbloquear todos los chakras y a liberar cualquier energ\u00eda atascada.<\/p>\n<p>Tradicionalmente, las tribus utilizan los colirios para eliminar los \"panemas\". Piensa en los panemas como mala suerte en la caza y en la vida. Depresi\u00f3n, pereza, falta de motivaci\u00f3n, poca concentraci\u00f3n, mal humor, rabietas, tristeza y bajo estado de \u00e1nimo. Influye positivamente en todos los factores que atraen dificultades y enfermedades.<\/p>\n<p>Varias tribus del Amazonas utilizan la sananga para mejorar sus habilidades de caza, lo que les proporciona una especie de visi\u00f3n nocturna. Tambi\u00e9n da m\u00e1s profundidad de percepci\u00f3n y una vista m\u00e1s n\u00edtida y refinada y ayuda a mejorar la miop\u00eda y la hipermetrop\u00eda. De este modo, ayuda a los indios a ver los movimientos m\u00e1s peque\u00f1os en el bosque mientras cazan y les da la capacidad de desplazarse por la densa selva.<\/p>\n<p><a href=\"http:\/\/orisha-ossain.com\/wp-content\/uploads\/2023\/06\/Sananga.jpg\"><img decoding=\"async\" class=\"aligncenter wp-image-273 size-medium\" src=\"http:\/\/orisha-ossain.com\/wp-content\/uploads\/2023\/06\/Sananga-300x300.jpg\" alt=\"primer plano de 2 manos una sosteniendo un cuchillo, triturando ra\u00edz de Sananga, Tabernaentana Undalata, Tabernaentana Sahanho\" width=\"300\" height=\"300\" srcset=\"https:\/\/orisha-ossain.com\/wp-content\/uploads\/2023\/06\/Sananga-300x300.jpg 300w, https:\/\/orisha-ossain.com\/wp-content\/uploads\/2023\/06\/Sananga-100x100.jpg 100w, https:\/\/orisha-ossain.com\/wp-content\/uploads\/2023\/06\/Sananga-465x465.jpg 465w, https:\/\/orisha-ossain.com\/wp-content\/uploads\/2023\/06\/Sananga-150x150.jpg 150w, https:\/\/orisha-ossain.com\/wp-content\/uploads\/2023\/06\/Sananga.jpg 500w\" sizes=\"(max-width: 300px) 100vw, 300px\" \/><\/a><\/p>\n<h2><span style=\"font-size: 12pt;\">La preparaci\u00f3n<\/span><\/h2>\n<p>La sananga se elabora remojando en agua la ra\u00edz\/corteza del arbusto. Primero hay que limpiar bien las ra\u00edces, despu\u00e9s de lo cual se les quita la capa exterior. Estas ra\u00edces se dejan varias horas en el agua. Un m\u00e9todo de extracci\u00f3n bastante sencillo, casi como hacer tee.<\/p>\n<h2><span style=\"font-size: 12pt;\">Una cita<\/span><\/h2>\n<p>Tuin Hua Kaxinaw\u00e1, cham\u00e1n de la aldea de Caucho, explica la finalidad de la sananga.<\/p>\n<p><span class=\"\">\"Los ojos son las ventanas de todo lo que vemos y dise\u00f1amos.\u00a0<\/span>Nuestros ojos lo almacenan todo en ellos, incluso nuestra historia. El esp\u00edritu de Sananga facilita la curaci\u00f3n. Expulsa todos los males del alma y de la materia. \"<\/p>\n<h2><span style=\"font-size: 12pt;\">Beneficios de Sananga<\/span><\/h2>\n<div id=\"ds_div\">\n<p>Las tribus amaz\u00f3nicas conocen los beneficios del colirio de sananga desde hace siglos o incluso m\u00e1s. En la \u00faltima d\u00e9cada, esta medicina y sus beneficios han llegado tambi\u00e9n al resto del mundo. La gente suele usar sananga antes de una ceremonia de ayahuasca\/kambo o como tratamiento independiente.<\/p>\n<p>A nivel energ\u00e9tico, sananga ayuda a abrir la visi\u00f3n interior, el tercer ojo, las visiones. Activa la gl\u00e1ndula pineal y despeja toda confusi\u00f3n mental. Tambi\u00e9n alivia los pensamientos negativos y limpia profundamente toda el aura de dentro hacia fuera.<\/p>\n<p>Un resumen del poder potencial de sananga.<\/p>\n<p>- Desintoxica el organismo.<br \/>\n- Aumenta la percepci\u00f3n visual y mejora los colores.<br \/>\n- Eliminado la ira interior de larga duraci\u00f3n.<br \/>\n- Restablece el campo energ\u00e9tico.<br \/>\n- Trata las enfermedades mentales causadas por energ\u00edas negativas en el cuerpo.<\/p>\n<p>Tambi\u00e9n ayuda a realinear y abrir todos los chakras, especialmente el tercer ojo y el chakra coronario. Sananga tiene el potencial de aumentar la visualizaci\u00f3n y las ideas espirituales. Otros usos tradicionales incluyen el uso como febr\u00edfugo, em\u00e9tico, diur\u00e9tico, calmante, y para muchos otros incluyendo afecciones de la piel. Sananga tambi\u00e9n ayuda a aliviar problemas dentales. Tambi\u00e9n contrarresta las heridas y cura diversas lesiones oculares.<\/p>\n<p>Otro aspecto curativo importante de la familia Apocynaceae es su actividad antimicrobiana. La sananga es un potente antioxidante, anticancer\u00edgeno, antifebril, antiinflamatorio, antimicobacteriano y antimicrobiano. Sanamga tambi\u00e9n puede ayudar a liberar traumas pasados. Ayuda a liberar cualquier energ\u00eda negativa atascada y a cerrar agujeros en nuestros campos \u00e1uricos. Tambi\u00e9n ayuda a tener sue\u00f1os l\u00facidos.<\/p>\n<p>Un interesante art\u00edculo sobre sananga: <a href=\"https:\/\/psychedelictimes.com\/traditional-medicines\/scientific-studies-hint-at-how-sananga-eye-drops-treat-ocular-diseases\/\" target=\"_blank\" rel=\"noopener noreferrer\">Estudios cient\u00edficos indican c\u00f3mo tratan las enfermedades oculares los colirios Sananga<\/a><\/p>\n<h2><span style=\"font-size: 12pt;\">C\u00f3mo administrar sananga<\/span><\/h2>\n<p>La mejor manera de aplicar Sananga es que lo haga un amigo mientras est\u00e1s tumbado en un lugar c\u00f3modo. El receptor mantiene los ojos cerrados. Se colocan dos gotas en la parte interior de las cuencas de los ojos. Ahora abre los ojos para que las gotas fluyan sobre los globos oculares. El efecto es instant\u00e1neo y dependiendo de la fuerza del Sananga puede ser suave pero en general, es bastante fuerte. Este tratamiento puede ser bastante doloroso. Mant\u00e9n los ojos cerrados respira profundamente y rel\u00e1jate con esta fuerza. Cuando la fuerza disminuya vuelve a abrir los ojos para continuar el proceso.<\/p>\n<h2><span style=\"font-size: 12pt;\">Almacenamiento<\/span><\/h2>\n<p>Con el tiempo el colirio de sananga pierde su fuerza. Por eso es importante conservarlo en un lugar fresco y oscuro. el frigor\u00edfico es el mejor lugar. Agitar bien antes de usar.<\/p>\n<\/div>\n<p>&nbsp;<\/p>","protected":false},"excerpt":{"rendered":"<p>Colirio de Sananga. He filtrado el l\u00edquido de Sananga para que no contenga residuos de materia vegetal. Este Sananga es completamente limpio, fresco y fuerte. Disponible en frascos de vidrio azul cobalto de 5 ml y 10 ml con gotero.<\/p>","protected":false},"featured_media":1475,"template":"","meta":{"_seopress_robots_primary_cat":"none","_seopress_titles_title":"%%post_title%% - Eye Drops - Tabernaentana Sahanho - Shamanic","_seopress_titles_desc":"Sanganga knows , Tabernaentana Undalata & Tabernaentana Sahanho. Sananga cleans deeply on an energetic, physical, emotional and spiritual level.","_seopress_robots_index":"","_kad_blocks_custom_css":"","_kad_blocks_head_custom_js":"","_kad_blocks_body_custom_js":"","_kad_blocks_footer_custom_js":"","_kad_post_transparent":"default","_kad_post_title":"","_kad_post_layout":"default","_kad_post_sidebar_id":"","_kad_post_content_style":"default","_kad_post_vertical_padding":"default","_kad_post_feature":"","_kad_post_feature_position":"","_kad_post_header":false,"_kad_post_footer":false,"_kad_post_classname":""},"product_brand":[],"product_cat":[51],"product_tag":[],"class_list":{"0":"post-381","1":"product","2":"type-product","3":"status-publish","4":"has-post-thumbnail","6":"product_cat-sananga","8":"first","9":"instock","10":"taxable","11":"shipping-taxable","12":"purchasable","13":"product-type-variable","14":"entry","15":"content-bg","16":"loop-entry"},"taxonomy_info":{"product_cat":[{"value":51,"label":"Sananga"}]},"featured_image_src_large":["https:\/\/orisha-ossain.com\/wp-content\/uploads\/2023\/08\/002.jpg",809,756,false],"author_info":[],"comment_info":"","_links":{"self":[{"href":"https:\/\/orisha-ossain.com\/es\/wp-json\/wp\/v2\/product\/381","targetHints":{"allow":["GET"]}}],"collection":[{"href":"https:\/\/orisha-ossain.com\/es\/wp-json\/wp\/v2\/product"}],"about":[{"href":"https:\/\/orisha-ossain.com\/es\/wp-json\/wp\/v2\/types\/product"}],"wp:featuredmedia":[{"embeddable":true,"href":"https:\/\/orisha-ossain.com\/es\/wp-json\/wp\/v2\/media\/1475"}],"wp:attachment":[{"href":"https:\/\/orisha-ossain.com\/es\/wp-json\/wp\/v2\/media?parent=381"}],"wp:term":[{"taxonomy":"product_brand","embeddable":true,"href":"https:\/\/orisha-ossain.com\/es\/wp-json\/wp\/v2\/product_brand?post=381"},{"taxonomy":"product_cat","embeddable":true,"href":"https:\/\/orisha-ossain.com\/es\/wp-json\/wp\/v2\/product_cat?post=381"},{"taxonomy":"product_tag","embeddable":true,"href":"https:\/\/orisha-ossain.com\/es\/wp-json\/wp\/v2\/product_tag?post=381"}],"curies":[{"name":"wp","href":"https:\/\/api.w.org\/{rel}","templated":true}]}}