{"id":38087,"date":"2025-01-05T14:37:16","date_gmt":"2025-01-05T13:37:16","guid":{"rendered":"https:\/\/orisha-ossain.com\/?post_type=product&#038;p=38087"},"modified":"2026-04-03T15:50:11","modified_gmt":"2026-04-03T13:50:11","slug":"pasion","status":"publish","type":"product","link":"https:\/\/orisha-ossain.com\/es\/product\/pasion\/","title":{"rendered":"Pasi\u00f3n"},"content":{"rendered":"<h2>Encienda su pasi\u00f3n interior<\/h2>\n<p>Abrace los efectos de apertura del coraz\u00f3n del Cacao Ceremonial y la alegr\u00eda y felicidad edificantes que aporta la Mucuna Pruriens.  Permita que su luz interior brille intensamente y comparta el amor que fluye desde lo m\u00e1s profundo de su coraz\u00f3n con el mundo que le rodea.<\/p>\n<p><img decoding=\"async\" class=\"aligncenter wp-image-38093 size-large\" src=\"https:\/\/orisha-ossain.com\/wp-content\/uploads\/2024\/12\/Pasion-9-1024x1024.webp\" alt=\"\" width=\"1024\" height=\"1024\" srcset=\"https:\/\/orisha-ossain.com\/wp-content\/uploads\/2024\/12\/Pasion-9-1024x1024.webp 1024w, https:\/\/orisha-ossain.com\/wp-content\/uploads\/2024\/12\/Pasion-9-300x300.webp 300w, https:\/\/orisha-ossain.com\/wp-content\/uploads\/2024\/12\/Pasion-9-768x768.webp 768w, https:\/\/orisha-ossain.com\/wp-content\/uploads\/2024\/12\/Pasion-9-12x12.webp 12w, https:\/\/orisha-ossain.com\/wp-content\/uploads\/2024\/12\/Pasion-9-75x75.webp 75w, https:\/\/orisha-ossain.com\/wp-content\/uploads\/2024\/12\/Pasion-9-465x465.webp 465w, https:\/\/orisha-ossain.com\/wp-content\/uploads\/2024\/12\/Pasion-9-100x100.webp 100w, https:\/\/orisha-ossain.com\/wp-content\/uploads\/2024\/12\/Pasion-9.webp 1080w\" sizes=\"(max-width: 1024px) 100vw, 1024px\" \/><\/p>\n<h2>Principales ventajas<\/h2>\n<ul>\n<li aria-level=\"1\">Mejora del estado de \u00e1nimo<\/li>\n<li aria-level=\"1\">Equilibrio hormonal<\/li>\n<li aria-level=\"1\">Aumento de la libido<\/li>\n<\/ul>\n<p><b>Perfil energ\u00e9tico:<\/b>\u00a0Calmante, Cari\u00f1oso, Ligero, Elevador, Estimulante, Activador de la Fuerza Vital.<\/p>\n<h2 data-pm-slice=\"1 1 []\"><strong>Hierba adapt\u00f3gena - Mucuna Pruriens: la \"alubia de la dopamina\"<\/strong><\/h2>\n<h3>Libere el poder de la alegr\u00eda, la vitalidad y la claridad cognitiva<\/h3>\n<p>Conocida por nombres como Kapikachhu, Jud\u00eda de Terciopelo y la c\u00e9lebre Jud\u00eda de la Dopamina, la Mucuna Pruriens es un tesoro natural. Como una de las fuentes m\u00e1s ricas de L-Dopa, esta notable legumbre apoya directamente la producci\u00f3n de dopamina, un neurotransmisor esencial para los sentimientos de alegr\u00eda, motivaci\u00f3n y bienestar. Venerado durante siglos en la medicina ayurv\u00e9dica y tradicional, este superalimento adapt\u00f3geno ofrece profundos beneficios tanto para la mente como para el cuerpo.<\/p>\n<h3>Obtenidos con esmero y tradici\u00f3n<\/h3>\n<p>Este extracto de Mucuna Pruriens procede de forma sostenible de peque\u00f1as explotaciones familiares en el coraz\u00f3n de Rajast\u00e1n, India. Estas granjas respetan las pr\u00e1cticas agr\u00edcolas tradicionales, garantizando la m\u00e1s alta calidad y potencia al tiempo que preservan la integridad natural de la tierra. Durante generaciones, la Mucuna Pruriens se ha utilizado como alimento b\u00e1sico y remedio terap\u00e9utico, c\u00e9lebre por su capacidad para nutrir y rejuvenecer.<\/p>\n<h3>Beneficios de la Mucuna Pruriens<\/h3>\n<ol start=\"1\" data-spread=\"true\">\n<li><strong>Refuerza el estado de \u00e1nimo y la energ\u00eda<\/strong>:\n<ul data-spread=\"false\">\n<li>Los niveles elevados de L-Dopa favorecen la producci\u00f3n de dopamina, aumentando las sensaciones de felicidad, motivaci\u00f3n y vitalidad.<\/li>\n<\/ul>\n<\/li>\n<li><strong>Potenciador natural de la libido<\/strong>:\n<ul data-spread=\"false\">\n<li>Favorece la salud reproductiva y aumenta la libido tanto en hombres como en mujeres, mejorando la vitalidad general y la intimidad.<\/li>\n<\/ul>\n<\/li>\n<li><strong>Salud cerebral y apoyo cognitivo<\/strong>:\n<ul data-spread=\"false\">\n<li>Act\u00faa como un potente nootr\u00f3pico, mejorando la claridad mental, la concentraci\u00f3n y la memoria al tiempo que protege contra el estr\u00e9s oxidativo en el cerebro.<\/li>\n<\/ul>\n<\/li>\n<li><strong>Propiedades adapt\u00f3genas<\/strong>:\n<ul data-spread=\"false\">\n<li>Ayuda al organismo a adaptarse al estr\u00e9s y a mantener el equilibrio, fomentando la resiliencia y el bienestar general.<\/li>\n<\/ul>\n<\/li>\n<\/ol>\n<h3>Perfil energ\u00e9tico<\/h3>\n<ul data-spread=\"false\">\n<li><strong>Vigorizante<\/strong>: Aumenta la energ\u00eda y la vitalidad.<\/li>\n<li><strong>Conexi\u00f3n a tierra<\/strong>: Estabiliza el estado de \u00e1nimo y favorece la claridad mental.<\/li>\n<li><strong>Apertura<\/strong>: Fomenta la alegr\u00eda y la conexi\u00f3n emocional.<\/li>\n<\/ul>\n<h3>C\u00f3mo utilizar la Mucuna Pruriens<\/h3>\n<ul data-spread=\"false\">\n<li><strong>Polvo<\/strong>: Mezcle 1-2 cucharaditas en sus batidos, t\u00e9s o leches vegetales favoritos para obtener una bebida cremosa y nutritiva.<\/li>\n<li><strong>C\u00e1psulas<\/strong>: Conveniente para la suplementaci\u00f3n diaria, ideal para el uso sobre la marcha.<\/li>\n<li><strong>Tintura<\/strong>: A\u00f1ada unas gotas de agua o zumo para una r\u00e1pida absorci\u00f3n y efecto.<\/li>\n<\/ul>\n<h3>\u00bfPor qu\u00e9 elegir nuestra Mucuna Pruriens?<\/h3>\n<ul data-spread=\"false\">\n<li><strong>100% Natural y ecol\u00f3gico<\/strong>: Sin aditivos sint\u00e9ticos ni cargas.<\/li>\n<li><strong>Alto contenido en L-Dopa<\/strong>: Para una potencia y eficacia m\u00e1ximas.<\/li>\n<li><strong>Origen sostenible<\/strong>: Apoyo a los peque\u00f1os agricultores y a las pr\u00e1cticas tradicionales.<\/li>\n<li><strong>Probado por terceros<\/strong>: Garantizar la pureza, la seguridad y la calidad.<\/li>\n<\/ul>\n<h3>Entre en la felicidad y el equilibrio<\/h3>\n<p>Cada dosis de Mucuna Pruriens es una invitaci\u00f3n a liberar todo su potencial. Esta hierba adapt\u00f3gena te ayuda a mejorar tu estado de \u00e1nimo, tu claridad mental o tu vitalidad.<\/p>\n<p><strong>Pedir hoy<\/strong> <strong>y experimente los beneficios transformadores de la Mucuna Pruriens, la semilla natural de la dopamina.<\/strong><\/p>","protected":false},"excerpt":{"rendered":"<h3><b>Cacao ceremonial\u00a0<\/b><strong>- Belice - 100 gramos<\/strong><\/h3>\n<ul>\n<li><b><strong>\u00a0<\/strong><\/b>Extracto de Mucuna Pruriense (Kapikachhu)<\/li>\n<li><b>\u00a0<\/b>Con p\u00e9talos de rosa y vainilla<\/li>\n<\/ul>","protected":false},"featured_media":38094,"template":"","meta":{"_seopress_robots_primary_cat":"none","_seopress_titles_title":"","_seopress_titles_desc":"","_seopress_robots_index":"","_kad_blocks_custom_css":"","_kad_blocks_head_custom_js":"","_kad_blocks_body_custom_js":"","_kad_blocks_footer_custom_js":"","_kad_post_transparent":"default","_kad_post_title":"","_kad_post_layout":"default","_kad_post_sidebar_id":"","_kad_post_content_style":"default","_kad_post_vertical_padding":"default","_kad_post_feature":"","_kad_post_feature_position":"","_kad_post_header":false,"_kad_post_footer":false,"_kad_post_classname":""},"product_brand":[],"product_cat":[150],"product_tag":[151],"class_list":{"0":"post-38087","1":"product","2":"type-product","3":"status-publish","4":"has-post-thumbnail","6":"product_cat-cacao","7":"product_tag-cacao","9":"first","10":"instock","11":"taxable","12":"shipping-taxable","13":"purchasable","14":"product-type-simple","15":"entry","16":"content-bg","17":"loop-entry"},"taxonomy_info":{"product_cat":[{"value":150,"label":"Cacao"}],"product_tag":[{"value":151,"label":"Cacao"}]},"featured_image_src_large":["https:\/\/orisha-ossain.com\/wp-content\/uploads\/2024\/12\/Pasion-transparent-1024x1024.webp",1024,1024,true],"author_info":[],"comment_info":"","_links":{"self":[{"href":"https:\/\/orisha-ossain.com\/es\/wp-json\/wp\/v2\/product\/38087","targetHints":{"allow":["GET"]}}],"collection":[{"href":"https:\/\/orisha-ossain.com\/es\/wp-json\/wp\/v2\/product"}],"about":[{"href":"https:\/\/orisha-ossain.com\/es\/wp-json\/wp\/v2\/types\/product"}],"wp:featuredmedia":[{"embeddable":true,"href":"https:\/\/orisha-ossain.com\/es\/wp-json\/wp\/v2\/media\/38094"}],"wp:attachment":[{"href":"https:\/\/orisha-ossain.com\/es\/wp-json\/wp\/v2\/media?parent=38087"}],"wp:term":[{"taxonomy":"product_brand","embeddable":true,"href":"https:\/\/orisha-ossain.com\/es\/wp-json\/wp\/v2\/product_brand?post=38087"},{"taxonomy":"product_cat","embeddable":true,"href":"https:\/\/orisha-ossain.com\/es\/wp-json\/wp\/v2\/product_cat?post=38087"},{"taxonomy":"product_tag","embeddable":true,"href":"https:\/\/orisha-ossain.com\/es\/wp-json\/wp\/v2\/product_tag?post=38087"}],"curies":[{"name":"wp","href":"https:\/\/api.w.org\/{rel}","templated":true}]}}