{"id":38070,"date":"2025-01-05T14:37:46","date_gmt":"2025-01-05T13:37:46","guid":{"rendered":"https:\/\/orisha-ossain.com\/?post_type=product&#038;p=38070"},"modified":"2026-04-03T15:50:11","modified_gmt":"2026-04-03T13:50:11","slug":"mezcla-exclusiva","status":"publish","type":"product","link":"https:\/\/orisha-ossain.com\/es\/product\/signature-blend\/","title":{"rendered":"Mezcla exclusiva"},"content":{"rendered":"<h2>Cacao ceremonial Signature Blend<\/h2>\n<p>Abra infinitas posibilidades con nuestro Cacao Ceremonial, procedente de las tribus ind\u00edgenas mayas del sur de Belice. Cultivado org\u00e1nicamente para armonizar con la rica biodiversidad de la tierra, este cacao encarna la sostenibilidad en su esencia. Con una infusi\u00f3n de especias aut\u00f3ctonas, celebra las tradiciones sagradas del pueblo maya, honrando su pasado al tiempo que abraza el presente e inspira el futuro.<\/p>\n<p>Con cada sorbo, tu coraz\u00f3n se abre a un mundo de potencial. Atr\u00e9vete a so\u00f1ar, da rienda suelta a tu creatividad y empieza a crear la vida que siempre has deseado.<\/p>\n<p><strong>Perfil energ\u00e9tico:<\/strong> Vigorizante, enraizante, que abre el coraz\u00f3n.<\/p>\n<p><img decoding=\"async\" class=\"aligncenter wp-image-38091 size-large\" src=\"https:\/\/orisha-ossain.com\/wp-content\/uploads\/2024\/12\/Signature-Blend-6-1024x1024.webp\" alt=\"\" width=\"1024\" height=\"1024\" srcset=\"https:\/\/orisha-ossain.com\/wp-content\/uploads\/2024\/12\/Signature-Blend-6-1024x1024.webp 1024w, https:\/\/orisha-ossain.com\/wp-content\/uploads\/2024\/12\/Signature-Blend-6-300x300.webp 300w, https:\/\/orisha-ossain.com\/wp-content\/uploads\/2024\/12\/Signature-Blend-6-768x768.webp 768w, https:\/\/orisha-ossain.com\/wp-content\/uploads\/2024\/12\/Signature-Blend-6-12x12.webp 12w, https:\/\/orisha-ossain.com\/wp-content\/uploads\/2024\/12\/Signature-Blend-6-75x75.webp 75w, https:\/\/orisha-ossain.com\/wp-content\/uploads\/2024\/12\/Signature-Blend-6-465x465.webp 465w, https:\/\/orisha-ossain.com\/wp-content\/uploads\/2024\/12\/Signature-Blend-6-100x100.webp 100w, https:\/\/orisha-ossain.com\/wp-content\/uploads\/2024\/12\/Signature-Blend-6.webp 1080w\" sizes=\"(max-width: 1024px) 100vw, 1024px\" \/><\/p>","protected":false},"excerpt":{"rendered":"<h3>Cacao Ceremonial | Maya Mountain - Belice - 100 Gramos<\/h3>\n<p><b>Con especias mayas tradicionales:<\/b><\/p>\n<ul>\n<li><strong>Pimienta de Cayena<\/strong>,- activa el fuego interior, mejorando la circulaci\u00f3n y la vitalidad<\/li>\n<li><strong>Canela<\/strong>,- te asienta y alivia el sistema digestivo<\/li>\n<li><strong>Vanille<\/strong>eleva el esp\u00edritu y potencia las sustancias qu\u00edmicas del amor del cacao<\/li>\n<\/ul>","protected":false},"featured_media":38092,"template":"","meta":{"_seopress_robots_primary_cat":"none","_seopress_titles_title":"Ceremonial Cacao - Signature Blend Cayenne Cinnamon Vanilla","_seopress_titles_desc":"Experience heart-opening moments with ceremonial cacao. Sustainably grown by Maya tribes in Belize, it\u2019s infused with native spices to ground","_seopress_robots_index":"","_kad_blocks_custom_css":"","_kad_blocks_head_custom_js":"","_kad_blocks_body_custom_js":"","_kad_blocks_footer_custom_js":"","_kad_post_transparent":"default","_kad_post_title":"","_kad_post_layout":"default","_kad_post_sidebar_id":"","_kad_post_content_style":"default","_kad_post_vertical_padding":"default","_kad_post_feature":"","_kad_post_feature_position":"","_kad_post_header":false,"_kad_post_footer":false,"_kad_post_classname":""},"product_brand":[],"product_cat":[150],"product_tag":[151],"class_list":{"0":"post-38070","1":"product","2":"type-product","3":"status-publish","4":"has-post-thumbnail","6":"product_cat-cacao","7":"product_tag-cacao","9":"first","10":"instock","11":"taxable","12":"shipping-taxable","13":"purchasable","14":"product-type-simple","15":"entry","16":"content-bg","17":"loop-entry"},"taxonomy_info":{"product_cat":[{"value":150,"label":"Cacao"}],"product_tag":[{"value":151,"label":"Cacao"}]},"featured_image_src_large":["https:\/\/orisha-ossain.com\/wp-content\/uploads\/2024\/12\/Signature-Blend-transparent-1024x1024.webp",1024,1024,true],"author_info":[],"comment_info":"","_links":{"self":[{"href":"https:\/\/orisha-ossain.com\/es\/wp-json\/wp\/v2\/product\/38070","targetHints":{"allow":["GET"]}}],"collection":[{"href":"https:\/\/orisha-ossain.com\/es\/wp-json\/wp\/v2\/product"}],"about":[{"href":"https:\/\/orisha-ossain.com\/es\/wp-json\/wp\/v2\/types\/product"}],"wp:featuredmedia":[{"embeddable":true,"href":"https:\/\/orisha-ossain.com\/es\/wp-json\/wp\/v2\/media\/38092"}],"wp:attachment":[{"href":"https:\/\/orisha-ossain.com\/es\/wp-json\/wp\/v2\/media?parent=38070"}],"wp:term":[{"taxonomy":"product_brand","embeddable":true,"href":"https:\/\/orisha-ossain.com\/es\/wp-json\/wp\/v2\/product_brand?post=38070"},{"taxonomy":"product_cat","embeddable":true,"href":"https:\/\/orisha-ossain.com\/es\/wp-json\/wp\/v2\/product_cat?post=38070"},{"taxonomy":"product_tag","embeddable":true,"href":"https:\/\/orisha-ossain.com\/es\/wp-json\/wp\/v2\/product_tag?post=38070"}],"curies":[{"name":"wp","href":"https:\/\/api.w.org\/{rel}","templated":true}]}}