{"id":35847,"date":"2025-03-24T10:35:26","date_gmt":"2025-03-24T09:35:26","guid":{"rendered":"https:\/\/orisha-ossain.com\/?post_type=product&#038;p=35847"},"modified":"2026-04-17T16:49:42","modified_gmt":"2026-04-17T14:49:42","slug":"sabia-mapacho-roll","status":"publish","type":"product","link":"https:\/\/orisha-ossain.com\/es\/product\/sabia-mapacho-roll\/","title":{"rendered":"Rollo Sabi\u00e1 Mapacho"},"content":{"rendered":"<h2>El poder de los panecillos de Sabi\u00e1 Mapacho<\/h2>\n<p>Nicotiana rustica, a menudo llamada \"tabaco salvaje\", es una variedad robusta y potente de tabaco que se distingue de su prima m\u00e1s conocida, Nicotiana tabacum. Originaria de Am\u00e9rica, esta planta ha sido cultivada y utilizada en diversas pr\u00e1cticas tradicionales por los pueblos ind\u00edgenas mucho antes de la introducci\u00f3n del tabaco comercial.<\/p>\n<h3>Tabaco Sabi\u00e1: Una rica tradici\u00f3n brasile\u00f1a<\/h3>\n<p>El tabaco Sabi\u00e1, derivado de la Nicotiana rustica, es famoso por su fuerza y su calidad de negro intenso, sobre todo en la regi\u00f3n de Arapiraca, en Alagoas (Brasil). Esta variedad es c\u00e9lebre no s\u00f3lo por sus intensas propiedades, sino tambi\u00e9n por su significado cultural en Brasil. Se cultiva en una regi\u00f3n conocida por su suelo rico y f\u00e9rtil, que contribuye a la robustez del tabaco.<\/p>\n<h3>Artesan\u00eda y sostenibilidad<\/h3>\n<p>Elaborados por artesanos expertos, los rollos de tabaco Maya's Sabi\u00e1 se producen con el compromiso de mantener los m\u00e9todos tradicionales que se han transmitido de generaci\u00f3n en generaci\u00f3n. Cada rollo se prepara cuidadosamente para preservar el patrimonio cultural y la autenticidad del tabaco. Este proceso incluye un enfoque sostenible de la agricultura, sin utilizar pesticidas durante el cultivo, lo que garantiza un producto puro y natural que respeta tanto el medio ambiente como la salud del consumidor.<\/p>","protected":false},"excerpt":{"rendered":"<h2 class=\"product_title entry-title\">Sabi\u00e1 Mapacho Rolls - Desde Brasil<\/h2>\n<p>Sabi\u00e1 Mapacho fresco envasado al vac\u00edo.<\/p>\n<h2 class=\"product_title entry-title\"><span style=\"color: #ff0000;\"><strong style=\"font-family: var(--global-body-font-family); font-size: 16px;\">Este producto s\u00f3lo se enviar\u00e1 dentro de la UE<\/strong><\/span><\/h2>\n<p>Envasado al vac\u00edo en 100, 250 y 500 gramos. Siempre recibir\u00e1 un poco m\u00e1s porque es dif\u00edcil cortar con precisi\u00f3n al gramo.<\/p>\n<div class=\"woocommerce-product-attributes-item woocommerce-product-attributes-item--attribute_pa_botanical-name\"><span class=\"woocommerce-product-attributes-item__label\"><strong>Nombre bot\u00e1nico<\/strong><span class=\"ckit-chosen-attribute_semicolon\">\u00a0-\u00a0<\/span><\/span><span class=\"woocommerce-product-attributes-item__value\">Nicotiana r\u00fastica<\/span><\/div>\n<div class=\"woocommerce-product-attributes-item woocommerce-product-attributes-item--attribute_pa_plant-part\"><span class=\"woocommerce-product-attributes-item__label\"><strong>Parte de la planta<\/strong><span class=\"ckit-chosen-attribute_semicolon\">\u00a0-\u00a0<\/span><\/span><span class=\"woocommerce-product-attributes-item__value\">Hoja<\/span><\/div>\n<div class=\"woocommerce-product-attributes-item woocommerce-product-attributes-item--attribute_pa_country\"><span class=\"woocommerce-product-attributes-item__label\"><strong>Pa\u00eds<\/strong><span class=\"ckit-chosen-attribute_semicolon\">\u00a0-\u00a0<\/span><\/span><span class=\"woocommerce-product-attributes-item__value\">Brasil<\/span><\/div>","protected":false},"featured_media":41116,"template":"","meta":{"_seopress_robots_primary_cat":"none","_seopress_titles_title":"%%post_title%% - Strong Mapacho from Brazil","_seopress_titles_desc":"Sabi\u00e1 Mapacho Rolls. is a robust and potent variety of tobacco that stands distinct from its more commonly known cousin, Nicotiana tabacum.","_seopress_robots_index":"","_kad_blocks_custom_css":"","_kad_blocks_head_custom_js":"","_kad_blocks_body_custom_js":"","_kad_blocks_footer_custom_js":"","_kad_post_transparent":"default","_kad_post_title":"","_kad_post_layout":"default","_kad_post_sidebar_id":"","_kad_post_content_style":"default","_kad_post_vertical_padding":"default","_kad_post_feature":"","_kad_post_feature_position":"","_kad_post_header":false,"_kad_post_footer":false,"_kad_post_classname":""},"product_brand":[],"product_cat":[145],"product_tag":[],"class_list":{"0":"post-35847","1":"product","2":"type-product","3":"status-publish","4":"has-post-thumbnail","6":"product_cat-mapacho","8":"first","9":"instock","10":"taxable","11":"shipping-taxable","12":"purchasable","13":"product-type-variable","14":"entry","15":"content-bg","16":"loop-entry"},"taxonomy_info":{"product_cat":[{"value":145,"label":"Mapacho"}]},"featured_image_src_large":["https:\/\/orisha-ossain.com\/wp-content\/uploads\/2025\/03\/sab-roll-1024x878.png",1024,878,true],"author_info":[],"comment_info":"","_links":{"self":[{"href":"https:\/\/orisha-ossain.com\/es\/wp-json\/wp\/v2\/product\/35847","targetHints":{"allow":["GET"]}}],"collection":[{"href":"https:\/\/orisha-ossain.com\/es\/wp-json\/wp\/v2\/product"}],"about":[{"href":"https:\/\/orisha-ossain.com\/es\/wp-json\/wp\/v2\/types\/product"}],"wp:featuredmedia":[{"embeddable":true,"href":"https:\/\/orisha-ossain.com\/es\/wp-json\/wp\/v2\/media\/41116"}],"wp:attachment":[{"href":"https:\/\/orisha-ossain.com\/es\/wp-json\/wp\/v2\/media?parent=35847"}],"wp:term":[{"taxonomy":"product_brand","embeddable":true,"href":"https:\/\/orisha-ossain.com\/es\/wp-json\/wp\/v2\/product_brand?post=35847"},{"taxonomy":"product_cat","embeddable":true,"href":"https:\/\/orisha-ossain.com\/es\/wp-json\/wp\/v2\/product_cat?post=35847"},{"taxonomy":"product_tag","embeddable":true,"href":"https:\/\/orisha-ossain.com\/es\/wp-json\/wp\/v2\/product_tag?post=35847"}],"curies":[{"name":"wp","href":"https:\/\/api.w.org\/{rel}","templated":true}]}}