{"id":35844,"date":"2025-04-10T11:35:15","date_gmt":"2025-04-10T09:35:15","guid":{"rendered":"https:\/\/orisha-ossain.com\/?post_type=product&#038;p=35844"},"modified":"2026-04-10T13:44:59","modified_gmt":"2026-04-10T11:44:59","slug":"sabia-powder","status":"publish","type":"product","link":"https:\/\/orisha-ossain.com\/es\/product\/sabia-powder\/","title":{"rendered":"Polvo de Sabi\u00e1"},"content":{"rendered":"<h2>Acerca de Sabi\u00e1 Mapacho<\/h2>\n<p>Sabi\u00e1, conocido popularmente como tabaco de cuerda, es una variante de la famosa Nicotiana rustica. Se ha convertido en un ingrediente predominante en los productos de medicina natural, especialmente los utilizados por chamanes, curanderos y paj\u00e9s (curanderos), ya que esta variaci\u00f3n del tabaco da lugar a potentes brebajes, principalmente Rap\u00e9.<\/p>\n<p>Sabi\u00e1 es un tipo de ave brasile\u00f1a que dio nombre a esta variedad.<\/p>\n<p>Seg\u00fan la cultura cham\u00e1nica, esta planta puede ofrecer grandes poderes curativos tanto para el esp\u00edritu como para el cuerpo f\u00edsico, por lo que se utiliza a menudo en ceremonias sagradas y rituales ind\u00edgenas de curaci\u00f3n.<\/p>\n<p>Vendo este tabaco sin procesar en trozos y en polvo. el polvo est\u00e1 finamente molido a aproximadamente 100 malla de polvo. Es secado al aire, en polvo y tamizado para obtener los mejores resultados.<\/p>","protected":false},"excerpt":{"rendered":"<p>Un lote de mapacho de Sabi\u00e1 molido muy fino<br \/>\nSabi\u00e1 es un tipo fuerte de N Rustica y una excelente elecci\u00f3n para rap\u00e9.<\/p>","protected":false},"featured_media":37204,"template":"","meta":{"_seopress_robots_primary_cat":"none","_seopress_titles_title":"","_seopress_titles_desc":"","_seopress_robots_index":"","_kad_blocks_custom_css":"","_kad_blocks_head_custom_js":"","_kad_blocks_body_custom_js":"","_kad_blocks_footer_custom_js":"","_kad_post_transparent":"default","_kad_post_title":"","_kad_post_layout":"default","_kad_post_sidebar_id":"","_kad_post_content_style":"default","_kad_post_vertical_padding":"default","_kad_post_feature":"","_kad_post_feature_position":"","_kad_post_header":false,"_kad_post_footer":false,"_kad_post_classname":""},"product_brand":[],"product_cat":[145],"product_tag":[],"class_list":{"0":"post-35844","1":"product","2":"type-product","3":"status-publish","4":"has-post-thumbnail","6":"product_cat-mapacho","8":"first","9":"instock","10":"taxable","11":"shipping-taxable","12":"purchasable","13":"product-type-variable","14":"entry","15":"content-bg","16":"loop-entry"},"taxonomy_info":{"product_cat":[{"value":145,"label":"Mapacho"}]},"featured_image_src_large":["https:\/\/orisha-ossain.com\/wp-content\/uploads\/2024\/12\/Sabia_Orisha_Ossain.png",736,736,false],"author_info":[],"comment_info":"","_links":{"self":[{"href":"https:\/\/orisha-ossain.com\/es\/wp-json\/wp\/v2\/product\/35844","targetHints":{"allow":["GET"]}}],"collection":[{"href":"https:\/\/orisha-ossain.com\/es\/wp-json\/wp\/v2\/product"}],"about":[{"href":"https:\/\/orisha-ossain.com\/es\/wp-json\/wp\/v2\/types\/product"}],"wp:featuredmedia":[{"embeddable":true,"href":"https:\/\/orisha-ossain.com\/es\/wp-json\/wp\/v2\/media\/37204"}],"wp:attachment":[{"href":"https:\/\/orisha-ossain.com\/es\/wp-json\/wp\/v2\/media?parent=35844"}],"wp:term":[{"taxonomy":"product_brand","embeddable":true,"href":"https:\/\/orisha-ossain.com\/es\/wp-json\/wp\/v2\/product_brand?post=35844"},{"taxonomy":"product_cat","embeddable":true,"href":"https:\/\/orisha-ossain.com\/es\/wp-json\/wp\/v2\/product_cat?post=35844"},{"taxonomy":"product_tag","embeddable":true,"href":"https:\/\/orisha-ossain.com\/es\/wp-json\/wp\/v2\/product_tag?post=35844"}],"curies":[{"name":"wp","href":"https:\/\/api.w.org\/{rel}","templated":true}]}}