{"id":35835,"date":"2025-02-01T19:05:12","date_gmt":"2025-02-01T18:05:12","guid":{"rendered":"https:\/\/orisha-ossain.com\/?post_type=product&#038;p=35835"},"modified":"2026-04-17T16:49:42","modified_gmt":"2026-04-17T14:49:42","slug":"moi-mapacho-roll","status":"publish","type":"product","link":"https:\/\/orisha-ossain.com\/es\/product\/moi-mapacho-roll\/","title":{"rendered":"Rollo M\u00f3i Mapacho"},"content":{"rendered":"<h2>Rollo M\u00f3i Mapacho: Un tesoro de la Amazonia brasile\u00f1a<\/h2>\n<p>Escondido en los exuberantes paisajes de la Amazonia brasile\u00f1a, cerca de la frontera con Per\u00fa, el legendario M\u00f3i Mapacho es un tabaco aut\u00f3ctono apreciado por sus cualidades distintivas. Esta variedad \u00fanica de <em>Nicotiana rustica<\/em> es cultivado por las comunidades forestales locales, descendientes de tribus ind\u00edgenas mezcladas con emigrantes del nordeste de Brasil, que llegaron durante el boom del caucho de principios del siglo XX.<\/p>\n<p>Cultivado en el rico suelo de la Reserva Extrativista de la regi\u00f3n alta de Jurua, Moi Mapacho encarna la biodiversidad y el patrimonio cultural de la Amazonia. En esta zona viven comunidades ind\u00edgenas como los ashaninka, kuntanawa, arara shaw\u00e3dawa y kaxinawa, cuyas tradiciones armonizan con los ritmos naturales de la regi\u00f3n. Estas comunidades defienden pr\u00e1cticas sostenibles, garantizando el cultivo \u00e9tico de recursos forestales como semillas, frutas, caucho y el c\u00e9lebre Moi Mapacho.<\/p>\n<h3>M\u00f3i Mapacho<\/h3>\n<p>El delicado proceso de cultivo de M\u00f3i Mapacho en este entorno pr\u00edstino lo distingue. Conocido por su suavidad en comparaci\u00f3n con otros tabacos rustica brasile\u00f1os, M\u00f3i Mapacho presume de un aroma cautivador y un car\u00e1cter \u00fanico, reflejo de sus or\u00edgenes amaz\u00f3nicos. Libre de pesticidas, cada hoja captura la esencia de la selva virgen, encarnando una relaci\u00f3n simbi\u00f3tica entre la humanidad y la naturaleza.<\/p>\n<p>Experimente la calidad inigualable del rollo M\u00f3i Mapacho, un aut\u00e9ntico tesoro del coraz\u00f3n de la Amazonia brasile\u00f1a.<\/p>","protected":false},"excerpt":{"rendered":"<div>\n<h2 class=\"product_title entry-title\">Panecillos M\u00f3i Mapacho - Desde Brasil<\/h2>\n<\/div>\n<div><\/div>\n<div>\n<p>M\u00f3i Mapacho fresco envasado al vac\u00edo.<\/p>\n<p><span style=\"color: #ff0000;\"><strong>Este producto s\u00f3lo se enviar\u00e1 dentro de la UE<\/strong><\/span><\/p>\n<p>Siempre recibir\u00e1 un peso superior al pedido, ya que es dif\u00edcil medir con precisi\u00f3n los gramos.<\/p>\n<\/div>\n<div><\/div>\n<div class=\"woocommerce-product-attributes-item woocommerce-product-attributes-item--attribute_pa_botanical-name\"><span class=\"woocommerce-product-attributes-item__label\"><strong>Nombre bot\u00e1nico<\/strong><span class=\"ckit-chosen-attribute_semicolon\">\u00a0-\u00a0<\/span><\/span><span class=\"woocommerce-product-attributes-item__value\">Nicotiana r\u00fastica<\/span><\/div>\n<div class=\"woocommerce-product-attributes-item woocommerce-product-attributes-item--attribute_pa_plant-part\"><span class=\"woocommerce-product-attributes-item__label\"><strong>Parte de la planta<\/strong><span class=\"ckit-chosen-attribute_semicolon\">\u00a0-\u00a0<\/span><\/span><span class=\"woocommerce-product-attributes-item__value\">Hoja<\/span><\/div>\n<div class=\"woocommerce-product-attributes-item woocommerce-product-attributes-item--attribute_pa_country\"><span class=\"woocommerce-product-attributes-item__label\"><strong>Pa\u00eds<\/strong><span class=\"ckit-chosen-attribute_semicolon\">\u00a0-\u00a0<\/span><\/span><span class=\"woocommerce-product-attributes-item__value\">Brasil<\/span><\/div>","protected":false},"featured_media":38547,"template":"","meta":{"_seopress_robots_primary_cat":"none","_seopress_titles_title":"%%post_title%%","_seopress_titles_desc":"Experience the unmatched quality of M\u00f3i Mapacho roll an authentic treasure from the heart of the Brazilian Amazon.","_seopress_robots_index":"","_kad_blocks_custom_css":"","_kad_blocks_head_custom_js":"","_kad_blocks_body_custom_js":"","_kad_blocks_footer_custom_js":"","_kad_post_transparent":"default","_kad_post_title":"","_kad_post_layout":"default","_kad_post_sidebar_id":"","_kad_post_content_style":"default","_kad_post_vertical_padding":"default","_kad_post_feature":"","_kad_post_feature_position":"","_kad_post_header":false,"_kad_post_footer":false,"_kad_post_classname":""},"product_brand":[],"product_cat":[145],"product_tag":[],"class_list":{"0":"post-35835","1":"product","2":"type-product","3":"status-publish","4":"has-post-thumbnail","6":"product_cat-mapacho","8":"first","9":"instock","10":"taxable","11":"shipping-taxable","12":"purchasable","13":"product-type-variable","14":"entry","15":"content-bg","16":"loop-entry"},"taxonomy_info":{"product_cat":[{"value":145,"label":"Mapacho"}]},"featured_image_src_large":["https:\/\/orisha-ossain.com\/wp-content\/uploads\/2025\/01\/Moi-roll-1024x559.png",1024,559,true],"author_info":[],"comment_info":"","_links":{"self":[{"href":"https:\/\/orisha-ossain.com\/es\/wp-json\/wp\/v2\/product\/35835","targetHints":{"allow":["GET"]}}],"collection":[{"href":"https:\/\/orisha-ossain.com\/es\/wp-json\/wp\/v2\/product"}],"about":[{"href":"https:\/\/orisha-ossain.com\/es\/wp-json\/wp\/v2\/types\/product"}],"wp:featuredmedia":[{"embeddable":true,"href":"https:\/\/orisha-ossain.com\/es\/wp-json\/wp\/v2\/media\/38547"}],"wp:attachment":[{"href":"https:\/\/orisha-ossain.com\/es\/wp-json\/wp\/v2\/media?parent=35835"}],"wp:term":[{"taxonomy":"product_brand","embeddable":true,"href":"https:\/\/orisha-ossain.com\/es\/wp-json\/wp\/v2\/product_brand?post=35835"},{"taxonomy":"product_cat","embeddable":true,"href":"https:\/\/orisha-ossain.com\/es\/wp-json\/wp\/v2\/product_cat?post=35835"},{"taxonomy":"product_tag","embeddable":true,"href":"https:\/\/orisha-ossain.com\/es\/wp-json\/wp\/v2\/product_tag?post=35835"}],"curies":[{"name":"wp","href":"https:\/\/api.w.org\/{rel}","templated":true}]}}