{"id":35832,"date":"2025-04-10T11:35:23","date_gmt":"2025-04-10T09:35:23","guid":{"rendered":"https:\/\/orisha-ossain.com\/?post_type=product&#038;p=35832"},"modified":"2026-04-10T13:44:59","modified_gmt":"2026-04-10T11:44:59","slug":"arapiraca-powder","status":"publish","type":"product","link":"https:\/\/orisha-ossain.com\/es\/product\/arapiraca-powder\/","title":{"rendered":"Arapiraca en polvo"},"content":{"rendered":"<h2>Acerca de Arapiraca Mapacho<\/h2>\n<p>Arapiraca tambi\u00e9n se encuentra dentro de la variedad Nicotiana Rustica. Este tabaco debe su nombre a la regi\u00f3n de la que procede. <a href=\"https:\/\/en.wikipedia.org\/wiki\/Arapiraca\">Arapiraca es una ciudad<\/a> en el noreste de Brasil, en el estado de Alagoas. En los alrededores de la ciudad de Arapiraca siempre se cultivaron cereales y la mandioca fue su producto estrella desde 1848. Sin embargo, esto empez\u00f3 a cambiar lentamente cuando se empez\u00f3 a cultivar tabaco. Tras la primera plantaci\u00f3n de tabaco a finales del siglo XIX, pasaron otros 50 a\u00f1os hasta que se asent\u00f3 en Arapiraca una cultura tabaquera sana y viva. Ahora la ciudad lleva el sobrenombre de \"Capital Brasile\u00f1a del Tabaco\".<\/p>\n<h2>Introducci\u00f3n al tabaco<\/h2>\n<p>En nuestra cultura sigue habiendo muchos malentendidos sobre la planta del tabaco. Mucha gente la asocia con la adicci\u00f3n y la muerte y, teniendo en cuenta que es una de las principales causas de muerte en algunos pa\u00edses, es comprensible. Pero durante miles de a\u00f1os, las sociedades tribales han trabajado con el tabaco como medicina y lo han considerado una de las mejores plantas curativas de la tierra.<\/p>\n<p>Sin duda, hay muchas razones diferentes para estas perspectivas divergentes sobre el tabaco, pero entiendo que los principales factores definitorios son la intenci\u00f3n y el respeto.  El tabaco se considera un amplificador de la intenci\u00f3n, las oraciones y los pensamientos, as\u00ed que cuando le pides a la planta medicina y protecci\u00f3n, eso es lo que se amplifica.  Si usas rap\u00e9 de forma enfadada y habitual para aliviar la frustraci\u00f3n y el deseo, eso amplifica otra cosa. Dicho esto, sugiero a cualquiera que sienta la llamada a trabajar con rap\u00e9 que sea consciente de su uso.<\/p>\n<h2>Uso cham\u00e1nico<\/h2>\n<p>En la cultura cham\u00e1nica, el uso de Nicotiana Rustica y otras formas de tabaco es a menudo una forma de limpiar la energ\u00eda. La comprensi\u00f3n de esto comienza con una mayor comprensi\u00f3n de c\u00f3mo un cham\u00e1n interpretar\u00eda generalmente la naturaleza. Para un cham\u00e1n, existe una delgada l\u00ednea entre este mundo y el mundo espiritual, y todos los organismos vivos tienen una esencia espiritual, adem\u00e1s de f\u00edsica. El trabajo del cham\u00e1n consiste en comunicarse entre los mundos para comprender las propiedades de determinados esp\u00edritus y luego transmitir estas ideas para la curaci\u00f3n personal, la curaci\u00f3n del mundo y\/o la curaci\u00f3n de las personas con las que trabaja. As\u00ed que cuando un cham\u00e1n ve tabaco, no se trata s\u00f3lo de la sustancia f\u00edsica, sino de un esp\u00edritu que la acompa\u00f1a.<\/p>\n<p>No cabe duda de que la nicotina es una sustancia adictiva y la Nicotiana Rustica, en particular, tiene una cantidad muy elevada de nicotina en comparaci\u00f3n con otros tipos de tabaco. Sin embargo, el hecho de que algo sea adictivo no quita que pueda tener propiedades curativas, lo que lo hace a la vez adictivo y beneficioso. La Nicotiana Rustica es una medicina contradictoria en el hecho de que funciona tanto como estimulante como relajante. Los chamanes la utilizan a menudo para ayudar a establecer intenciones y para despertar la mente sin dejar de ser capaces de enraizar ese despertar.<\/p>\n<h2>Producci\u00f3n de tabaco de liar<\/h2>\n<p>Brasil tiene una gran industria tabaquera sorprendentemente preindustrial. El cultivo de tabaco es muy com\u00fan en ciertas regiones de Brasil y est\u00e1 profundamente arraigado en su cultura. Brasil es el segundo productor mundial de tabaco. Dentro de ese mercado, s\u00f3lo unos pocos tipos son adecuados para la producci\u00f3n de rap\u00e9. Para la producci\u00f3n de rap\u00e9, la mayor\u00eda utiliza exclusivamente diversos tipos de tabaco de cuerda de Nicotiana Rustica.<\/p>\n<p>La producci\u00f3n de tabaco de cuerda es una labor artesanal. El enrollado de las hojas de tabaco en cuerdas sigue siendo un trabajo artesanal que requiere experiencia y habilidad. Despu\u00e9s de cosechar las hojas, se clasifican seg\u00fan su calidad y se colocan en bastidores de secado a la sombra. Tras 8 d\u00edas de secado, las hojas est\u00e1n listas para la siguiente fase. El primer paso es la eliminaci\u00f3n del grano central de las hojas parcialmente secas. A continuaci\u00f3n se entrelazan y retuercen las hojas partidas, lo que da al tabaco su forma de cuerda. Una vez alcanzada la sequedad deseada, las cuerdas de tabaco reci\u00e9n formadas se dejan madurar.  All\u00ed, el lento proceso de fermentaci\u00f3n crea m\u00e1s sabor y proporciona el aspecto marr\u00f3n oscuro final del tabaco de cuerda.<\/p>\n<h2>Cepas<\/h2>\n<p>Todo el tabaco en polvo que se encuentra aqu\u00ed es de Nicotine Rustica. Hay varias variedades y grados de tabaco en Brasil, probablemente m\u00e1s de los que conozco. Para rap\u00e9 los productores utilizan algunas de estas variedades. Se trata del tabaco Arapiraca, mo\u00ed (moy) y sabi\u00e1. Adem\u00e1s de estos tres tipos, tambi\u00e9n hay tabaco silvestre. El cultivo de los tabacos silvestres tiene lugar cerca de las orillas de los r\u00edos y en espacios despejados de la selva amaz\u00f3nica. En el pasado, las tribus ind\u00edgenas amaz\u00f3nicas s\u00f3lo dispon\u00edan de tabaco silvestre para elaborar rap\u00e9. Pero hoy en d\u00eda los ind\u00edgenas brasile\u00f1os tambi\u00e9n tienen acceso a todos los dem\u00e1s tipos de tabaco y los utilizan todos.<\/p>","protected":false},"excerpt":{"rendered":"<p>Un lote de Mapacho Arapiraca molido muy fino. Se trata de un Mapacho (Nicotiana Rustica) muy apreciado del estado de Alagoas en Brasil. Maravilloso para hacer sus propias mezclas rap\u00e9.<\/p>","protected":false},"featured_media":37200,"template":"","meta":{"_seopress_robots_primary_cat":"none","_seopress_titles_title":"","_seopress_titles_desc":"A very finely ground batch of Arapiraca Mapacho. This is a highly valued Mapacho (Nicotiana Rustica) from the state of Alagoas in Brazil. Wonderful to make your own rap\u00e9 blends.","_seopress_robots_index":"","_kad_blocks_custom_css":"","_kad_blocks_head_custom_js":"","_kad_blocks_body_custom_js":"","_kad_blocks_footer_custom_js":"","_kad_post_transparent":"default","_kad_post_title":"","_kad_post_layout":"default","_kad_post_sidebar_id":"","_kad_post_content_style":"default","_kad_post_vertical_padding":"default","_kad_post_feature":"","_kad_post_feature_position":"","_kad_post_header":false,"_kad_post_footer":false,"_kad_post_classname":""},"product_brand":[],"product_cat":[125,145],"product_tag":[],"class_list":{"0":"post-35832","1":"product","2":"type-product","3":"status-publish","4":"has-post-thumbnail","6":"product_cat-incense","7":"product_cat-mapacho","9":"first","10":"instock","11":"taxable","12":"shipping-taxable","13":"purchasable","14":"product-type-variable","15":"entry","16":"content-bg","17":"loop-entry"},"taxonomy_info":{"product_cat":[{"value":125,"label":"Incense"},{"value":145,"label":"Mapacho"}]},"featured_image_src_large":["https:\/\/orisha-ossain.com\/wp-content\/uploads\/2024\/12\/Arapiraca_Orisha_Ossain.png",736,736,false],"author_info":[],"comment_info":"","_links":{"self":[{"href":"https:\/\/orisha-ossain.com\/es\/wp-json\/wp\/v2\/product\/35832","targetHints":{"allow":["GET"]}}],"collection":[{"href":"https:\/\/orisha-ossain.com\/es\/wp-json\/wp\/v2\/product"}],"about":[{"href":"https:\/\/orisha-ossain.com\/es\/wp-json\/wp\/v2\/types\/product"}],"wp:featuredmedia":[{"embeddable":true,"href":"https:\/\/orisha-ossain.com\/es\/wp-json\/wp\/v2\/media\/37200"}],"wp:attachment":[{"href":"https:\/\/orisha-ossain.com\/es\/wp-json\/wp\/v2\/media?parent=35832"}],"wp:term":[{"taxonomy":"product_brand","embeddable":true,"href":"https:\/\/orisha-ossain.com\/es\/wp-json\/wp\/v2\/product_brand?post=35832"},{"taxonomy":"product_cat","embeddable":true,"href":"https:\/\/orisha-ossain.com\/es\/wp-json\/wp\/v2\/product_cat?post=35832"},{"taxonomy":"product_tag","embeddable":true,"href":"https:\/\/orisha-ossain.com\/es\/wp-json\/wp\/v2\/product_tag?post=35832"}],"curies":[{"name":"wp","href":"https:\/\/api.w.org\/{rel}","templated":true}]}}