{"id":345,"date":"2023-06-28T18:16:23","date_gmt":"2023-06-28T16:16:23","guid":{"rendered":"http:\/\/orisha-ossain.com\/?post_type=product&#038;p=345"},"modified":"2026-03-28T00:02:26","modified_gmt":"2026-03-27T23:02:26","slug":"rape-xacapandare","status":"publish","type":"product","link":"https:\/\/orisha-ossain.com\/es\/product\/rape-xacapandare\/","title":{"rendered":"Rap\u00e9 Xacapandar\u00e9"},"content":{"rendered":"<h2><span style=\"font-size: 12pt;\">Rap\u00e9 Xacapandar\u00e9<\/span><\/h2>\n<p>Este rap\u00e9 procede de la regi\u00f3n de Jord\u00e3o, en el estado de Acre, al noroeste de Brasil. Un anciano cham\u00e1n Kaxinawa muy respetado es el responsable de su creaci\u00f3n. El Rap\u00e9 Xacapandar\u00e9 es un tipo de rap\u00e9 muy raro.  El Xacapandar\u00e9 es una hierba dif\u00edcil de encontrar en la regi\u00f3n forestal del Jord\u00e3o. Lleva mucho tiempo y a veces es s\u00f3lo por suerte que Kaxinawa encuentra la planta mientras camina por el bosque.<br \/>\nEl fabricante dice que esta medicina cura todas las enfermedades. La hierba beneficia al sistema respiratorio y seg\u00fan sus conocimientos ayuda a la memoria y fortalece la mente. Dicen que este Rap\u00e9 ayuda a abrir la mente, aleja los malos sentimientos, expulsa los malos esp\u00edritus y tambi\u00e9n abre el sistema respiratorio.<\/p>\n<p>Adem\u00e1s, la composici\u00f3n se basa en cenizas de Tsunu y s\u00f3lo una cantidad muy peque\u00f1a de mapacho de Sabi\u00e1 de alta calidad. Rap\u00e9 Xacapandar\u00e9 es una receta especial suave. Una medicina hecha con cuidado para tener el equilibrio correcto entre los diferentes ingredientes.<\/p>\n<h2><span style=\"font-size: 12pt;\">Otros usos<\/span><\/h2>\n<p>Las hojas tambi\u00e9n se utilizan para quemarlas como incienso para la limpieza. Tambi\u00e9n lo utilizan para ba\u00f1os para limpiar el cuerpo y el aura de la persona y lo utilizan internamente, como t\u00e9.<\/p>\n<p><a href=\"http:\/\/orisha-ossain.com\/wp-content\/uploads\/2023\/06\/kaxinawa-1.jpg\"><img decoding=\"async\" class=\"aligncenter wp-image-258 size-full\" src=\"https:\/\/orisha-ossain.com\/wp-content\/uploads\/2023\/06\/kaxinawa-1.jpg\" alt=\"Kaxinawa make rap\u00e9 Xacapandar\u00e9\" width=\"365\" height=\"241\" srcset=\"https:\/\/orisha-ossain.com\/wp-content\/uploads\/2023\/06\/kaxinawa-1.jpg 365w, https:\/\/orisha-ossain.com\/wp-content\/uploads\/2023\/06\/kaxinawa-1-300x198.jpg 300w\" sizes=\"(max-width: 365px) 100vw, 365px\" \/><\/a><\/p>","protected":false},"excerpt":{"rendered":"<p><strong>Ahora tambi\u00e9n disponible en 20 y 40 gramos<\/strong><\/p>\n<p>El xacapandar\u00e9 es una hierba aut\u00f3ctona de la selva de la regi\u00f3n de Jord\u00e3o, en el estado de Acre. El Xacapandar\u00e9 es una planta muy rara y dif\u00edcil de encontrar.  El rap\u00e9 hecho con esta hierba es suave en su energ\u00eda. Este Xachapandar\u00e9 se elabora con ceniza de Tsunu y muy poca cantidad de Sabi\u00e1 mapacho. Los Kaxinawa que trabajan con esta planta dicen que cura todas las enfermedades.<\/p>\n<p>El Xacapandar\u00e9 es una rara hierba aut\u00f3ctona procedente de los frondosos bosques de la regi\u00f3n de Jord\u00e3o, en Acre, Brasil. Su escasez y sus propiedades \u00fanicas la convierten en una ofrenda preciosa. Este Rap\u00e9 se elabora con ceniza de Tsunu y una peque\u00f1a cantidad de mapacho de Sabi\u00e1, produciendo una energ\u00eda suave y calmante adecuada para las pr\u00e1cticas de enraizamiento y curaci\u00f3n.<\/p>\n<p>Los kaxinawa tienen en gran estima al Xacapandar\u00e9, pues creen que tiene el poder de curar todas las enfermedades, lo que refleja su venerado papel en la medicina tradicional.<\/p>\n<p>Debido a la limitada disponibilidad de la planta, este Rap\u00e9 se ofrece exclusivamente en botellas individuales o de 10 gramos, lo que lo convierte en una preciada adici\u00f3n a cualquier colecci\u00f3n.<\/p>","protected":false},"featured_media":35676,"template":"","meta":{"_seopress_robots_primary_cat":"none","_seopress_titles_title":"Rap\u00e9 Xacapandar\u00e9 - Rare & Gentle Snuff - Orisha Ossain","_seopress_titles_desc":"Rap\u00e9 Xacapandar\u00e9 is a herb oriented snuff.  The herb \"Xacapandar\u00e9\" has a gentle & smooth energy. A Excellent beginners option.","_seopress_robots_index":"","_kad_blocks_custom_css":"","_kad_blocks_head_custom_js":"","_kad_blocks_body_custom_js":"","_kad_blocks_footer_custom_js":"","_kad_post_transparent":"default","_kad_post_title":"","_kad_post_layout":"default","_kad_post_sidebar_id":"","_kad_post_content_style":"default","_kad_post_vertical_padding":"default","_kad_post_feature":"","_kad_post_feature_position":"","_kad_post_header":false,"_kad_post_footer":false,"_kad_post_classname":""},"product_brand":[],"product_cat":[50],"product_tag":[56],"class_list":{"0":"post-345","1":"product","2":"type-product","3":"status-publish","4":"has-post-thumbnail","6":"product_cat-rape","7":"product_tag-kaxinawa","9":"first","10":"instock","11":"taxable","12":"shipping-taxable","13":"purchasable","14":"product-type-variable","15":"has-default-attributes","16":"entry","17":"content-bg","18":"loop-entry"},"taxonomy_info":{"product_cat":[{"value":50,"label":"Rap\u00e9"}],"product_tag":[{"value":56,"label":"Kaxinawa"}]},"featured_image_src_large":["https:\/\/orisha-ossain.com\/wp-content\/uploads\/2024\/11\/Xacapandare_Orisha_Ossain.png",736,736,false],"author_info":[],"comment_info":"","_links":{"self":[{"href":"https:\/\/orisha-ossain.com\/es\/wp-json\/wp\/v2\/product\/345","targetHints":{"allow":["GET"]}}],"collection":[{"href":"https:\/\/orisha-ossain.com\/es\/wp-json\/wp\/v2\/product"}],"about":[{"href":"https:\/\/orisha-ossain.com\/es\/wp-json\/wp\/v2\/types\/product"}],"wp:featuredmedia":[{"embeddable":true,"href":"https:\/\/orisha-ossain.com\/es\/wp-json\/wp\/v2\/media\/35676"}],"wp:attachment":[{"href":"https:\/\/orisha-ossain.com\/es\/wp-json\/wp\/v2\/media?parent=345"}],"wp:term":[{"taxonomy":"product_brand","embeddable":true,"href":"https:\/\/orisha-ossain.com\/es\/wp-json\/wp\/v2\/product_brand?post=345"},{"taxonomy":"product_cat","embeddable":true,"href":"https:\/\/orisha-ossain.com\/es\/wp-json\/wp\/v2\/product_cat?post=345"},{"taxonomy":"product_tag","embeddable":true,"href":"https:\/\/orisha-ossain.com\/es\/wp-json\/wp\/v2\/product_tag?post=345"}],"curies":[{"name":"wp","href":"https:\/\/api.w.org\/{rel}","templated":true}]}}