{"id":341,"date":"2023-06-28T18:14:13","date_gmt":"2023-06-28T16:14:13","guid":{"rendered":"http:\/\/orisha-ossain.com\/?post_type=product&#038;p=341"},"modified":"2026-04-10T13:22:29","modified_gmt":"2026-04-10T11:22:29","slug":"rape-cacao","status":"publish","type":"product","link":"https:\/\/orisha-ossain.com\/es\/product\/rape-cacao\/","title":{"rendered":"Rap\u00e9 Cacao"},"content":{"rendered":"<h2>Rap\u00e9 Cacao - Kaxinawa<\/h2>\n<p>Esta mezcla de Cacao rap\u00e9 se elabora a partir de las cenizas del tronco del \u00e1rbol del cacao silvestre (Theobroma cacao), utilizado por el pueblo Huni Kuin. Junto con una Arapiraca especial, esta incre\u00edble mezcla, en comparaci\u00f3n con las dem\u00e1s, tiene una mayor capacidad de aportar resistencia y vivacidad, con el enorme poder de limpieza y purga.<br \/>\nEl bienestar que proporciona este medicamento es \u00fanico y da al usuario un impulso de fuerza interior y resistencia mental para ayudarle en la vida diaria.<\/p>","protected":false},"excerpt":{"rendered":"<p>La mezcla de cacao rap\u00e9 se elabora a partir de las cenizas del tronco del \u00e1rbol del cacao silvestre (Theobroma cacao), utilizado por el pueblo Huni Kuin. Esta incre\u00edble mezcla, comparada con las dem\u00e1s, tiene una mayor capacidad de aportar resistencia y vivacidad, con el enorme poder de limpieza y purga.<\/p>","protected":false},"featured_media":37206,"template":"","meta":{"_seopress_robots_primary_cat":"none","_seopress_titles_title":"Rap\u00e9 Cacao - Theobroma Cacao - Orisha Ossain","_seopress_titles_desc":"The rap\u00e9 cacao blend is made from the trunk ashes of the wild cacao tree (Theobroma cacao), used by the Huni Kuin people","_seopress_robots_index":"","_kad_blocks_custom_css":"","_kad_blocks_head_custom_js":"","_kad_blocks_body_custom_js":"","_kad_blocks_footer_custom_js":"","_kad_post_transparent":"default","_kad_post_title":"","_kad_post_layout":"default","_kad_post_sidebar_id":"","_kad_post_content_style":"default","_kad_post_vertical_padding":"default","_kad_post_feature":"","_kad_post_feature_position":"","_kad_post_header":false,"_kad_post_footer":false,"_kad_post_classname":""},"product_brand":[],"product_cat":[50],"product_tag":[56],"class_list":{"0":"post-341","1":"product","2":"type-product","3":"status-publish","4":"has-post-thumbnail","6":"product_cat-rape","7":"product_tag-kaxinawa","9":"first","10":"instock","11":"taxable","12":"shipping-taxable","13":"purchasable","14":"product-type-variable","15":"entry","16":"content-bg","17":"loop-entry"},"taxonomy_info":{"product_cat":[{"value":50,"label":"Rap\u00e9"}],"product_tag":[{"value":56,"label":"Kaxinawa"}]},"featured_image_src_large":["https:\/\/orisha-ossain.com\/wp-content\/uploads\/2024\/12\/Cacao_Orisha_Ossain.png",736,736,false],"author_info":[],"comment_info":"","_links":{"self":[{"href":"https:\/\/orisha-ossain.com\/es\/wp-json\/wp\/v2\/product\/341","targetHints":{"allow":["GET"]}}],"collection":[{"href":"https:\/\/orisha-ossain.com\/es\/wp-json\/wp\/v2\/product"}],"about":[{"href":"https:\/\/orisha-ossain.com\/es\/wp-json\/wp\/v2\/types\/product"}],"wp:featuredmedia":[{"embeddable":true,"href":"https:\/\/orisha-ossain.com\/es\/wp-json\/wp\/v2\/media\/37206"}],"wp:attachment":[{"href":"https:\/\/orisha-ossain.com\/es\/wp-json\/wp\/v2\/media?parent=341"}],"wp:term":[{"taxonomy":"product_brand","embeddable":true,"href":"https:\/\/orisha-ossain.com\/es\/wp-json\/wp\/v2\/product_brand?post=341"},{"taxonomy":"product_cat","embeddable":true,"href":"https:\/\/orisha-ossain.com\/es\/wp-json\/wp\/v2\/product_cat?post=341"},{"taxonomy":"product_tag","embeddable":true,"href":"https:\/\/orisha-ossain.com\/es\/wp-json\/wp\/v2\/product_tag?post=341"}],"curies":[{"name":"wp","href":"https:\/\/api.w.org\/{rel}","templated":true}]}}