{"id":337,"date":"2023-06-28T18:05:00","date_gmt":"2023-06-28T16:05:00","guid":{"rendered":"http:\/\/orisha-ossain.com\/?post_type=product&#038;p=337"},"modified":"2026-04-16T13:48:01","modified_gmt":"2026-04-16T11:48:01","slug":"rape-xipao","status":"publish","type":"product","link":"https:\/\/orisha-ossain.com\/es\/product\/rape-xipao\/","title":{"rendered":"Rap\u00e9 Xip\u00e3o"},"content":{"rendered":"<h2><span style=\"font-size: 12pt;\">Rap\u00e9 Xip\u00e3o<\/span><\/h2>\n<p>Rap\u00e9 Xip\u00e3o procede del pueblo Kaximawa (tambi\u00e9n llamado Huni Kuin).  Este grupo de Huni Kuin vive en la regi\u00f3n de Jord\u00e3o, en el estado de Acre. Jord\u00e3o est\u00e1 muy adentrado en la selva, o bien se va en avioneta o bien se recorre la mayor parte de una semana de viaje en barco r\u00edo arriba. Es una regi\u00f3n preciosa donde los ind\u00edgenas viven en lo m\u00e1s profundo de la selva, en sus aldeas.<\/p>\n<p>Los Kaxinawa utilizan una gran variedad de hierbas medicinales en su tradici\u00f3n y a\u00f1aden varias de ellas a sus mezclas de rap\u00e9. La ceniza del rap\u00e9 Xip\u00e3o los Kaxinawa se elabora con la corteza del \u00e1rbol del cacao aut\u00f3ctono de la regi\u00f3n. Se sabe que el cacao ayuda a la salud cardiovascular. El rap\u00e9 elaborado con ceniza de cacao, en general, tiene un tono rojizo t\u00edpico de esta medicina.<\/p>\n<p><strong>Xip\u00e3o - Hierba medicinal de los Kaxinawa<\/strong><\/p>\n<p>El xip\u00e3o es una planta notable que crece como par\u00e1sito en las palmeras, conocida por su aroma particularmente bello y cautivador. Estimada por la tribu Kaxinawa por sus propiedades medicinales, esta hierba \u00fanica se utiliza tradicionalmente para tratar la gripe, la fiebre y los problemas respiratorios, ofreciendo alivio y apoyando el proceso de curaci\u00f3n natural del cuerpo.<\/p>\n<p>M\u00e1s all\u00e1 de sus beneficios f\u00edsicos, el Xip\u00e3o es c\u00e9lebre por su efecto calmante, que calma los nervios y favorece la relajaci\u00f3n de la mente. Es un valioso aliado para quienes buscan tranquilidad y equilibrio, tanto f\u00edsico como emocional.<\/p>","protected":false},"excerpt":{"rendered":"<p>El xip\u00e3o es una planta que crece como par\u00e1sito en las palmeras y tiene un olor muy particular y hermoso. Los kaxinawa utilizan esta hierba medicinal para tratar la gripe y la fiebre. Tambi\u00e9n ayuda con los problemas respiratorios.<\/p>","protected":false},"featured_media":35677,"template":"","meta":{"_seopress_robots_primary_cat":"none","_seopress_titles_title":"Rap\u00e9 Xip\u00e3o - Calming Effect - Relaxing the Mind - Kaxinawa","_seopress_titles_desc":"Xip\u00e3o is a very specific plant that grows as a parasite on palm trees and has a very particular beautiful smell. The Kaxinawa use rap\u00e9 Xip\u00e3o","_seopress_robots_index":"","_kad_blocks_custom_css":"","_kad_blocks_head_custom_js":"","_kad_blocks_body_custom_js":"","_kad_blocks_footer_custom_js":"","_kad_post_transparent":"default","_kad_post_title":"","_kad_post_layout":"default","_kad_post_sidebar_id":"","_kad_post_content_style":"default","_kad_post_vertical_padding":"default","_kad_post_feature":"","_kad_post_feature_position":"","_kad_post_header":false,"_kad_post_footer":false,"_kad_post_classname":""},"product_brand":[],"product_cat":[50],"product_tag":[56],"class_list":{"0":"post-337","1":"product","2":"type-product","3":"status-publish","4":"has-post-thumbnail","6":"product_cat-rape","7":"product_tag-kaxinawa","9":"first","10":"instock","11":"taxable","12":"shipping-taxable","13":"purchasable","14":"product-type-variable","15":"entry","16":"content-bg","17":"loop-entry"},"taxonomy_info":{"product_cat":[{"value":50,"label":"Rap\u00e9"}],"product_tag":[{"value":56,"label":"Kaxinawa"}]},"featured_image_src_large":["https:\/\/orisha-ossain.com\/wp-content\/uploads\/2024\/11\/Xipao_Orisha_Ossain.png",736,736,false],"author_info":[],"comment_info":"","_links":{"self":[{"href":"https:\/\/orisha-ossain.com\/es\/wp-json\/wp\/v2\/product\/337","targetHints":{"allow":["GET"]}}],"collection":[{"href":"https:\/\/orisha-ossain.com\/es\/wp-json\/wp\/v2\/product"}],"about":[{"href":"https:\/\/orisha-ossain.com\/es\/wp-json\/wp\/v2\/types\/product"}],"wp:featuredmedia":[{"embeddable":true,"href":"https:\/\/orisha-ossain.com\/es\/wp-json\/wp\/v2\/media\/35677"}],"wp:attachment":[{"href":"https:\/\/orisha-ossain.com\/es\/wp-json\/wp\/v2\/media?parent=337"}],"wp:term":[{"taxonomy":"product_brand","embeddable":true,"href":"https:\/\/orisha-ossain.com\/es\/wp-json\/wp\/v2\/product_brand?post=337"},{"taxonomy":"product_cat","embeddable":true,"href":"https:\/\/orisha-ossain.com\/es\/wp-json\/wp\/v2\/product_cat?post=337"},{"taxonomy":"product_tag","embeddable":true,"href":"https:\/\/orisha-ossain.com\/es\/wp-json\/wp\/v2\/product_tag?post=337"}],"curies":[{"name":"wp","href":"https:\/\/api.w.org\/{rel}","templated":true}]}}