{"id":329,"date":"2023-06-28T17:53:08","date_gmt":"2023-06-28T15:53:08","guid":{"rendered":"http:\/\/orisha-ossain.com\/?post_type=product&#038;p=329"},"modified":"2025-11-17T00:41:50","modified_gmt":"2025-11-16T23:41:50","slug":"rape-sanu","status":"publish","type":"product","link":"https:\/\/orisha-ossain.com\/es\/product\/rape-sanu\/","title":{"rendered":"Rap\u00e9 Sanu"},"content":{"rendered":"<h2>Rap\u00e9 Sanu<\/h2>\n<p>Este rap\u00e9 Sanu proviene de la tribu Kaxinawa y est\u00e1 hecho con moi mapacho la corteza de un \u00e1rbol conocido como Sanu.  Es un rap\u00e9 suave y brillante.<\/p>\n<p>Esta ceniza de corteza de \u00e1rbol tiene varios nombres, por ejemplo; Sanun, Sanum, Sono o Sunum, y puede que incluso m\u00e1s. No existen datos objetivos sobre el \u00e1rbol. Lo que parece ocurrir es que, dependiendo de d\u00f3nde se recoja la corteza, el nombre hace referencia a un \u00e1rbol similar al Tsunu. Y en varias zonas, se trata de un \u00e1rbol diferente pero similar. Esto da lugar a varios nombres para este tipo de ceniza.<\/p>\n<p>No hay m\u00e1s informaci\u00f3n sobre el Sanu de Brasil. Pero parece que las propiedades y el poder de la corteza del \u00e1rbol son muy similares a las del Tsunu.<\/p>","protected":false},"excerpt":{"rendered":"<p>Este rap\u00e9 Sanu procede de la tribu Kaxinawa y est\u00e1 elaborado con moi mapacho y la corteza de un \u00e1rbol conocido como Sanu. Es un rap\u00e9 suave y brillante.<\/p>","protected":false},"featured_media":35665,"template":"","meta":{"_seopress_robots_primary_cat":"none","_seopress_titles_title":"Rap\u00e9 Sanu - Kaxinawa Tribe - Orisha Ossain","_seopress_titles_desc":"This rap\u00e9 Sanu comes from the Kaxinawa tribe and is made with moi mapacho and the bark of a tree known as Sanu. It is a smooth and bright rap\u00e9.","_seopress_robots_index":"","_kad_blocks_custom_css":"","_kad_blocks_head_custom_js":"","_kad_blocks_body_custom_js":"","_kad_blocks_footer_custom_js":"","_kad_post_transparent":"default","_kad_post_title":"","_kad_post_layout":"default","_kad_post_sidebar_id":"","_kad_post_content_style":"default","_kad_post_vertical_padding":"default","_kad_post_feature":"","_kad_post_feature_position":"","_kad_post_header":false,"_kad_post_footer":false,"_kad_post_classname":""},"product_brand":[],"product_cat":[50],"product_tag":[56],"class_list":{"0":"post-329","1":"product","2":"type-product","3":"status-publish","4":"has-post-thumbnail","6":"product_cat-rape","7":"product_tag-kaxinawa","9":"first","10":"instock","11":"taxable","12":"shipping-taxable","13":"purchasable","14":"product-type-variable","15":"entry","16":"content-bg","17":"loop-entry"},"taxonomy_info":{"product_cat":[{"value":50,"label":"Rap\u00e9"}],"product_tag":[{"value":56,"label":"Kaxinawa"}]},"featured_image_src_large":["https:\/\/orisha-ossain.com\/wp-content\/uploads\/2024\/11\/Sanu_Orisha_Ossain.png",736,736,false],"author_info":[],"comment_info":"","_links":{"self":[{"href":"https:\/\/orisha-ossain.com\/es\/wp-json\/wp\/v2\/product\/329","targetHints":{"allow":["GET"]}}],"collection":[{"href":"https:\/\/orisha-ossain.com\/es\/wp-json\/wp\/v2\/product"}],"about":[{"href":"https:\/\/orisha-ossain.com\/es\/wp-json\/wp\/v2\/types\/product"}],"wp:featuredmedia":[{"embeddable":true,"href":"https:\/\/orisha-ossain.com\/es\/wp-json\/wp\/v2\/media\/35665"}],"wp:attachment":[{"href":"https:\/\/orisha-ossain.com\/es\/wp-json\/wp\/v2\/media?parent=329"}],"wp:term":[{"taxonomy":"product_brand","embeddable":true,"href":"https:\/\/orisha-ossain.com\/es\/wp-json\/wp\/v2\/product_brand?post=329"},{"taxonomy":"product_cat","embeddable":true,"href":"https:\/\/orisha-ossain.com\/es\/wp-json\/wp\/v2\/product_cat?post=329"},{"taxonomy":"product_tag","embeddable":true,"href":"https:\/\/orisha-ossain.com\/es\/wp-json\/wp\/v2\/product_tag?post=329"}],"curies":[{"name":"wp","href":"https:\/\/api.w.org\/{rel}","templated":true}]}}