{"id":325,"date":"2023-06-28T17:45:38","date_gmt":"2023-06-28T15:45:38","guid":{"rendered":"http:\/\/orisha-ossain.com\/?post_type=product&#038;p=325"},"modified":"2026-04-02T16:48:44","modified_gmt":"2026-04-02T14:48:44","slug":"rape-capemba","status":"publish","type":"product","link":"https:\/\/orisha-ossain.com\/es\/product\/rape-capemba\/","title":{"rendered":"Rap\u00e9 Capemba"},"content":{"rendered":"<h2>Rap\u00e9 Capemba<\/h2>\n<p>Rap\u00e9 Capemba es otro rap\u00e9 especial de los Kaxinawa. Se trata de un rap\u00e9 elaborado \u00fanicamente con arapiraca y cenizas de Capemba. Las cenizas de Capemba proceden de una palmera sagrada que tiene propiedades medicinales. Dicen que cuando se toma crea viento de la forma en que vemos las hojas de una palmera ondear con la brisa. Del mismo modo, este viento expulsa las enfermedades del cuerpo.<br \/>\nLa capemba aporta fuerza espiritual y despeja el sistema respiratorio aliviando la sinusitis. Alimenta el n\u00facleo de nuestro ser y nos recuerda que debemos ser flexibles en todos los sentidos imaginables y permanecer con nosotros mismos.<\/p>\n<p><a href=\"http:\/\/orisha-ossain.com\/wp-content\/uploads\/2023\/06\/downloads-2.jpg\"><img decoding=\"async\" class=\"size-medium wp-image-245 alignleft\" src=\"http:\/\/orisha-ossain.com\/wp-content\/uploads\/2023\/06\/downloads-2-253x300.jpg\" alt=\"\" width=\"253\" height=\"300\" srcset=\"https:\/\/orisha-ossain.com\/wp-content\/uploads\/2023\/06\/downloads-2-253x300.jpg 253w, https:\/\/orisha-ossain.com\/wp-content\/uploads\/2023\/06\/downloads-2.jpg 337w\" sizes=\"(max-width: 253px) 100vw, 253px\" \/><\/a><\/p>\n<h2>Uso tribal<\/h2>\n<p>La tribu Kaxinawa utiliza su Rap\u00e9 para distintos fines. Por ejemplo, para aliviar dolores f\u00edsicos y de cabeza y para limpiar los senos nasales. Adem\u00e1s, los Kaxinawa aplican el Rap\u00e9 para la curaci\u00f3n mental, sobre todo en combinaci\u00f3n con c\u00e1nticos.<br \/>\nEl rap\u00e9 conecta a la tribu con los esp\u00edritus de la selva y, dependiendo de los ingredientes espec\u00edficos, puede curar, aumentar la concentraci\u00f3n, mejorar la caza o ser un conector con el esp\u00edritu de la naturaleza. A los Kaxinawa les gusta experimentar y utilizan una amplia gama de ingredientes para su rap\u00e9.<\/p>\n<h2>Acerca de la tribu<\/h2>\n<p>Los Kaxinaw\u00e1 (Huni Kuin) son una tribu ind\u00edgena que vive en Brasil y Per\u00fa. Tambi\u00e9n se les conoce como cashinau\u00e1, caxinau\u00e1 o kashinawa. Este nombre procede de kashi o \"murci\u00e9lago\" y nawa que significa \"forasteros\" o \"extranjeros\".<br \/>\nSu aut\u00f3nimo es Huni Kuin u \"hombres verdaderos\" o \"gente verdadera\", de huni, \"hombre\", y kuin que significa \"real\" o \"verdadero\". Su lengua pertenece a la familia ling\u00fc\u00edstica pano, a la que llaman hatxa-Kuin (lengua verdadera). Su poblaci\u00f3n es de aproximadamente 4.000 personas. Los kaxinawa representan el 42% de la poblaci\u00f3n ind\u00edgena del estado de Acre, en el oeste de Brasil.<\/p>\n<p>Si quiere saber m\u00e1s sobre la tribu, lea lo siguiente <a href=\"https:\/\/pib.socioambiental.org\/en\/Povo:Huni_Kuin_(Kaxinaw\u00e1)\" target=\"_blank\" rel=\"noopener\">aqu\u00ed<\/a>.<a href=\"http:\/\/orisha-ossain.com\/wp-content\/uploads\/2023\/06\/downloads-1.jpg\"><img decoding=\"async\" class=\"size-medium wp-image-244 aligncenter\" src=\"http:\/\/orisha-ossain.com\/wp-content\/uploads\/2023\/06\/downloads-1-300x200.jpg\" alt=\"\" width=\"300\" height=\"200\" srcset=\"https:\/\/orisha-ossain.com\/wp-content\/uploads\/2023\/06\/downloads-1-300x200.jpg 300w, https:\/\/orisha-ossain.com\/wp-content\/uploads\/2023\/06\/downloads-1.jpg 600w\" sizes=\"(max-width: 300px) 100vw, 300px\" \/><\/a><\/p>\n<h2 style=\"text-align: center;\"><a href=\"http:\/\/orisha-ossain.com\/es\/product-category\/tepi\/\">Tepi<\/a> y <a href=\"http:\/\/orisha-ossain.com\/es\/product-category\/tepi\/\">Kuripe<span style=\"font-size: 16px;\">\u00a0<\/span><\/a><\/h2>\n<p style=\"text-align: center;\">Echa un vistazo a la colecci\u00f3n de Tepi y Kuripe. Hay disponibles varios estilos de diferentes artistas. <a style=\"font-weight: bold; font-family: var(--global-body-font-family);\" href=\"http:\/\/orisha-ossain.com\/wp-content\/uploads\/2023\/06\/Tepi-Blessings.jpg\"><img decoding=\"async\" class=\"wp-image-55 size-medium aligncenter\" src=\"http:\/\/orisha-ossain.com\/wp-content\/uploads\/2023\/06\/Tepi-Blessings-300x199.jpg\" alt=\"Tepis reciben la bendici\u00f3n de sus creadores\" width=\"300\" height=\"199\" srcset=\"https:\/\/orisha-ossain.com\/wp-content\/uploads\/2023\/06\/Tepi-Blessings-300x199.jpg 300w, https:\/\/orisha-ossain.com\/wp-content\/uploads\/2023\/06\/Tepi-Blessings.jpg 640w\" sizes=\"(max-width: 300px) 100vw, 300px\" \/><\/a><span style=\"font-size: 14px; font-family: var(--global-body-font-family);\">Tepis reciben la bendici\u00f3n de sus creadores<\/span><\/p>\n<h2>Manipulaci\u00f3n y clasificaci\u00f3n<\/h2>\n<p>Tamizo este Capemba rap\u00e9 y todos los dem\u00e1s rap\u00e9s de mi tienda a trav\u00e9s de una malla de acero inoxidable de alta calidad de 120 micras. Tambi\u00e9n almaceno las existencias de Rap\u00e9 en seco y en recipientes al vac\u00edo para prolongar la frescura y la calidad.<\/p>\n<p>Esto resulta en.<\/p>\n<ul>\n<li>un polvo extremadamente fino.<\/li>\n<li>una finura constante garantizada<\/li>\n<li>absorci\u00f3n \u00f3ptima del tabaco<\/li>\n<\/ul>","protected":false},"excerpt":{"rendered":"<p>Rap\u00e9 Capemba es otro especial de los Kaxinawa. Se trata de un rap\u00e9 elaborado \u00fanicamente con ceniza de Capemba. Las cenizas de Capemba proceden de una palmera sagrada que tiene propiedades medicinales.<\/p>","protected":false},"featured_media":35622,"template":"","meta":{"_seopress_robots_primary_cat":"none","_seopress_titles_title":"Rap\u00e9 Capemba","_seopress_titles_desc":"Rap\u00e9 Capemba is another special one from the Kaxinawa. This is a rap\u00e9 made with Capemba ashes only. Capemba ashes are made from a sacred","_seopress_robots_index":"","_kad_blocks_custom_css":"","_kad_blocks_head_custom_js":"","_kad_blocks_body_custom_js":"","_kad_blocks_footer_custom_js":"","_kad_post_transparent":"default","_kad_post_title":"","_kad_post_layout":"default","_kad_post_sidebar_id":"","_kad_post_content_style":"default","_kad_post_vertical_padding":"default","_kad_post_feature":"","_kad_post_feature_position":"","_kad_post_header":false,"_kad_post_footer":false,"_kad_post_classname":""},"product_brand":[],"product_cat":[50],"product_tag":[56],"class_list":{"0":"post-325","1":"product","2":"type-product","3":"status-publish","4":"has-post-thumbnail","6":"product_cat-rape","7":"product_tag-kaxinawa","9":"first","10":"instock","11":"taxable","12":"shipping-taxable","13":"purchasable","14":"product-type-variable","15":"entry","16":"content-bg","17":"loop-entry"},"taxonomy_info":{"product_cat":[{"value":50,"label":"Rap\u00e9"}],"product_tag":[{"value":56,"label":"Kaxinawa"}]},"featured_image_src_large":["https:\/\/orisha-ossain.com\/wp-content\/uploads\/2024\/11\/Capemba_Orisha_Ossain.png",736,736,false],"author_info":[],"comment_info":"","_links":{"self":[{"href":"https:\/\/orisha-ossain.com\/es\/wp-json\/wp\/v2\/product\/325","targetHints":{"allow":["GET"]}}],"collection":[{"href":"https:\/\/orisha-ossain.com\/es\/wp-json\/wp\/v2\/product"}],"about":[{"href":"https:\/\/orisha-ossain.com\/es\/wp-json\/wp\/v2\/types\/product"}],"wp:featuredmedia":[{"embeddable":true,"href":"https:\/\/orisha-ossain.com\/es\/wp-json\/wp\/v2\/media\/35622"}],"wp:attachment":[{"href":"https:\/\/orisha-ossain.com\/es\/wp-json\/wp\/v2\/media?parent=325"}],"wp:term":[{"taxonomy":"product_brand","embeddable":true,"href":"https:\/\/orisha-ossain.com\/es\/wp-json\/wp\/v2\/product_brand?post=325"},{"taxonomy":"product_cat","embeddable":true,"href":"https:\/\/orisha-ossain.com\/es\/wp-json\/wp\/v2\/product_cat?post=325"},{"taxonomy":"product_tag","embeddable":true,"href":"https:\/\/orisha-ossain.com\/es\/wp-json\/wp\/v2\/product_tag?post=325"}],"curies":[{"name":"wp","href":"https:\/\/api.w.org\/{rel}","templated":true}]}}