{"id":316,"date":"2023-06-28T16:56:40","date_gmt":"2023-06-28T14:56:40","guid":{"rendered":"http:\/\/orisha-ossain.com\/?post_type=product&#038;p=316"},"modified":"2026-03-25T13:57:13","modified_gmt":"2026-03-25T12:57:13","slug":"rape-murici-cumaru","status":"publish","type":"product","link":"https:\/\/orisha-ossain.com\/es\/product\/rape-murici-cumaru\/","title":{"rendered":"Rap\u00e9 Murici Cumaru"},"content":{"rendered":"<h2>Rap\u00e9 Murici Cumaru<\/h2>\n<p>Rap\u00e9 Murici Cumaru es una mezcla de ceniza de corteza de Cumar\u00fa (Dipteryx odorata), ceniza de corteza de \u00e1rbol de Murici (Byrsonima Crassifolia) y M\u00f3i. El M\u00f3i es muy conocido en Brasil por su aroma \u00fanico.<br \/>\nLos indios dicen que Murici (Byrsonima Crassifolia) tiene una energ\u00eda fuerte pero femenina que act\u00faa espec\u00edficamente en los chakras superiores. El Cumaru es fuerte pero tambi\u00e9n \u00e1spero y hace su trabajo en los chakras inferiores. La combinaci\u00f3n de Murici y Cumaru proporciona una limpieza completa de los chakras.<\/p>\n<p>&nbsp;<\/p>\n<h2>Uso tribal<\/h2>\n<figure id=\"attachment_165\" aria-describedby=\"caption-attachment-165\" style=\"width: 225px\" class=\"wp-caption alignright\"><a href=\"http:\/\/orisha-ossain.com\/wp-content\/uploads\/2023\/06\/Byrsonima-Crassifolia.jpg\" target=\"_blank\" rel=\"noopener\"><img decoding=\"async\" class=\"wp-image-165 size-medium\" src=\"http:\/\/orisha-ossain.com\/wp-content\/uploads\/2023\/06\/Byrsonima-Crassifolia-225x300.jpg\" alt=\"Byrsonima Crassifolia \u00e1rbol rap\u00e9 murici cumaru\" width=\"225\" height=\"300\" srcset=\"https:\/\/orisha-ossain.com\/wp-content\/uploads\/2023\/06\/Byrsonima-Crassifolia-225x300.jpg 225w, https:\/\/orisha-ossain.com\/wp-content\/uploads\/2023\/06\/Byrsonima-Crassifolia-768x1024.jpg 768w, https:\/\/orisha-ossain.com\/wp-content\/uploads\/2023\/06\/Byrsonima-Crassifolia.jpg 800w\" sizes=\"(max-width: 225px) 100vw, 225px\" \/><\/a><figcaption id=\"caption-attachment-165\" class=\"wp-caption-text\">\u00c1rbol Byrsonima Crassifolia<\/figcaption><\/figure>\n<p>La tribu Kaxinawa utiliza su Rap\u00e9 para distintos fines, como el alivio del dolor f\u00edsico y de cabeza y la limpieza de los senos paranasales. Adem\u00e1s, los Kaxinawa aplican el Rap\u00e9 para la curaci\u00f3n mental, sobre todo en combinaci\u00f3n con c\u00e1nticos.<\/p>\n<p>El rap\u00e9 conecta a la tribu con los esp\u00edritus de la selva y, dependiendo de los ingredientes espec\u00edficos, puede curar, aumentar la concentraci\u00f3n, mejorar la caza o ser un conector con el esp\u00edritu de la naturaleza. A los Kaxinawa les gusta experimentar y utilizan una amplia gama de ingredientes para sus rap\u00e9s.<\/p>\n<figure id=\"attachment_320\" aria-describedby=\"caption-attachment-320\" style=\"width: 300px\" class=\"wp-caption alignnone\"><a href=\"http:\/\/orisha-ossain.com\/wp-content\/uploads\/2023\/06\/Dipteryx-odorata.jpg\" target=\"_blank\" rel=\"noopener\"><img decoding=\"async\" class=\"wp-image-320 size-medium\" src=\"http:\/\/orisha-ossain.com\/wp-content\/uploads\/2023\/06\/Dipteryx-odorata-300x225.jpg\" alt=\"Dipteryx odorata \u00e1rbol rap\u00e9 murici cumaru\" width=\"300\" height=\"225\" srcset=\"https:\/\/orisha-ossain.com\/wp-content\/uploads\/2023\/06\/Dipteryx-odorata-300x225.jpg 300w, https:\/\/orisha-ossain.com\/wp-content\/uploads\/2023\/06\/Dipteryx-odorata.jpg 600w\" sizes=\"(max-width: 300px) 100vw, 300px\" \/><\/a><figcaption id=\"caption-attachment-320\" class=\"wp-caption-text\">Dipteryx odorata \u00e1rbol<\/figcaption><\/figure>","protected":false},"excerpt":{"rendered":"<p>Al igual que el Murici, el Rap\u00e9 Murici Cumaru procede de la tribu Kaxinawa. Es una mezcla de ceniza de corteza de Cumar\u00fa (Dipteryx odorata), ceniza de corteza de \u00e1rbol de Murici (Byrsonima Crassifolia) y M\u00f3i mapacho. El M\u00f3i es muy conocido en Brasil por su aroma \u00fanico.<\/p>","protected":false},"featured_media":35644,"template":"","meta":{"_seopress_robots_primary_cat":"none","_seopress_titles_title":"Rap\u00e9 Murici Cumaru - Kaxinawa Tribe - Orisha Ossain","_seopress_titles_desc":"Like the Murici, Rap\u00e9 Murici Cumaru comes from the Kaxinawa tribe. A mixture of Cumaru bark ash (Dipteryx odorata), ashes of the Murici tree bark","_seopress_robots_index":"","_kad_blocks_custom_css":"","_kad_blocks_head_custom_js":"","_kad_blocks_body_custom_js":"","_kad_blocks_footer_custom_js":"","_kad_post_transparent":"default","_kad_post_title":"","_kad_post_layout":"default","_kad_post_sidebar_id":"","_kad_post_content_style":"default","_kad_post_vertical_padding":"default","_kad_post_feature":"","_kad_post_feature_position":"","_kad_post_header":false,"_kad_post_footer":false,"_kad_post_classname":""},"product_brand":[],"product_cat":[50],"product_tag":[56],"class_list":{"0":"post-316","1":"product","2":"type-product","3":"status-publish","4":"has-post-thumbnail","6":"product_cat-rape","7":"product_tag-kaxinawa","9":"first","10":"instock","11":"taxable","12":"shipping-taxable","13":"purchasable","14":"product-type-variable","15":"entry","16":"content-bg","17":"loop-entry"},"taxonomy_info":{"product_cat":[{"value":50,"label":"Rap\u00e9"}],"product_tag":[{"value":56,"label":"Kaxinawa"}]},"featured_image_src_large":["https:\/\/orisha-ossain.com\/wp-content\/uploads\/2024\/11\/Murici-Cumaru_Orisha_Ossain.png",736,736,false],"author_info":[],"comment_info":"","_links":{"self":[{"href":"https:\/\/orisha-ossain.com\/es\/wp-json\/wp\/v2\/product\/316","targetHints":{"allow":["GET"]}}],"collection":[{"href":"https:\/\/orisha-ossain.com\/es\/wp-json\/wp\/v2\/product"}],"about":[{"href":"https:\/\/orisha-ossain.com\/es\/wp-json\/wp\/v2\/types\/product"}],"wp:featuredmedia":[{"embeddable":true,"href":"https:\/\/orisha-ossain.com\/es\/wp-json\/wp\/v2\/media\/35644"}],"wp:attachment":[{"href":"https:\/\/orisha-ossain.com\/es\/wp-json\/wp\/v2\/media?parent=316"}],"wp:term":[{"taxonomy":"product_brand","embeddable":true,"href":"https:\/\/orisha-ossain.com\/es\/wp-json\/wp\/v2\/product_brand?post=316"},{"taxonomy":"product_cat","embeddable":true,"href":"https:\/\/orisha-ossain.com\/es\/wp-json\/wp\/v2\/product_cat?post=316"},{"taxonomy":"product_tag","embeddable":true,"href":"https:\/\/orisha-ossain.com\/es\/wp-json\/wp\/v2\/product_tag?post=316"}],"curies":[{"name":"wp","href":"https:\/\/api.w.org\/{rel}","templated":true}]}}