{"id":3113,"date":"2024-03-30T12:07:45","date_gmt":"2024-03-30T11:07:45","guid":{"rendered":"http:\/\/orisha-ossain.com\/?post_type=product&#038;p=3113"},"modified":"2026-04-12T17:55:38","modified_gmt":"2026-04-12T15:55:38","slug":"rape-sananga","status":"publish","type":"product","link":"https:\/\/orisha-ossain.com\/es\/product\/rape-sananga\/","title":{"rendered":"Rap\u00e9 Sananga"},"content":{"rendered":"<h2><span style=\"font-size: 12pt;\">Rap\u00e9 Sananga<\/span><\/h2>\n<p>Este rap\u00e9 Sananga procede de los indios Kuntanawa. Se trata de un nuevo e interesante tipo de rap\u00e9 que incorpora las cenizas de la planta Sananga. Es un gran complemento para las personas que ya trabajan con el colirio Sananga.<\/p>\n<h2><span style=\"font-size: 12pt;\">Sananga y Sananga rap\u00e9<\/span><\/h2>\n<p>Cuando empezaba a viajar a Brasil, hace unos 18 a\u00f1os, o\u00ed historias sobre un rap\u00e9 hecho con polvo de la planta Sananga. La idea de esta mezcla no ten\u00eda sentido para m\u00ed. Sananga es un extracto l\u00edquido que se utiliza para el tratamiento de los ojos.<br \/>\n\u00bfPor qu\u00e9 alguien a\u00f1adir\u00eda partes en polvo de esta planta para hacer rap\u00e9? Todos mis contactos en rap\u00e9 Brasil lo confirmaron y dijeron: \"Son dos medicamentos distintos y no deben unirse\".<br \/>\nHa habido varias fuentes que venden este tipo de rap\u00e9 con Sananga o al menos afirmando que su rap\u00e9 ten\u00eda Sananga en ella. Siempre pens\u00e9 que no quer\u00eda un rap\u00e9 en mi surtido donde tengo sentimientos encontrados.<\/p>\n<h2><span style=\"font-size: 12pt;\">Es bueno, no m\u00e1s conflictos<\/span><\/h2>\n<p>Con el conocimiento de que son las cenizas de ra\u00edz y corteza de Sananga las que hacen parte de la mezcla todo est\u00e1 en equilibrio. La ceniza de Sananga y con todas las cenizas se trata de trabajar con la sal mineral. Las propiedades curativas provienen de aqu\u00ed y de la huella energ\u00e9tica que migr\u00f3 de la forma vegetal a las cenizas a trav\u00e9s del proceso de quemado.<\/p>\n<figure id=\"attachment_29575\" aria-describedby=\"caption-attachment-29575\" style=\"width: 600px\" class=\"wp-caption aligncenter\"><a href=\"https:\/\/braziliantobaccosnuffs.com\/wp-content\/uploads\/fotosapplicatie\/kunatawa-ceremonie.jpg\"><img decoding=\"async\" class=\"wp-image-29575 size-full\" src=\"https:\/\/braziliantobaccosnuffs.com\/wp-content\/uploads\/fotosapplicatie\/kunatawa-ceremonie.jpg\" alt=\"Ceremonie de los indios Kuntanawa, fabricantes de rap\u00e9 Sananga\" width=\"600\" height=\"399\" \/><\/a><figcaption id=\"caption-attachment-29575\" class=\"wp-caption-text\">Ceremonia Kuntanawa en curso<\/figcaption><\/figure>\n<h2 style=\"text-align: left;\"><span style=\"font-size: 12pt;\">Acerca de la tribu<\/span><\/h2>\n<p>El pueblo Kuntanawa (conocido como \"la tribu de la palmera babassu o coco babassu\"). Siempre han defendido su tradici\u00f3n espiritual como principio de su existencia.<br \/>\nSiempre han utilizado plantas que conectan con los seres del bosque y los esp\u00edritus. As\u00ed aprendieron a curar a la tribu utilizando la medicina tradicional. Hasta el d\u00eda de hoy los Kuntanawa mantienen sus pr\u00e1cticas.<\/p>","protected":false},"excerpt":{"rendered":"<p>Este rap\u00e9 Sananga procede de los indios Kuntanawa. Se trata de un nuevo e interesante tipo de rap\u00e9 que incorpora las cenizas de la planta Sananga. Es un gran complemento para las personas que ya trabajan con el colirio Sananga.<\/p>","protected":false},"featured_media":35663,"template":"","meta":{"_seopress_robots_primary_cat":"none","_seopress_titles_title":"Rap\u00e9 Sananga - Kuntanawa - Tribal Snuff from the Amazon -","_seopress_titles_desc":"Rap\u00e9 Sananga is often applied in ceremonial contexts, where it aids in deepening spiritual practices by clearing the mind and grounding the body.","_seopress_robots_index":"","_kad_blocks_custom_css":"","_kad_blocks_head_custom_js":"","_kad_blocks_body_custom_js":"","_kad_blocks_footer_custom_js":"","_kad_post_transparent":"default","_kad_post_title":"","_kad_post_layout":"default","_kad_post_sidebar_id":"","_kad_post_content_style":"default","_kad_post_vertical_padding":"default","_kad_post_feature":"","_kad_post_feature_position":"","_kad_post_header":false,"_kad_post_footer":false,"_kad_post_classname":""},"product_brand":[],"product_cat":[50],"product_tag":[57],"class_list":{"0":"post-3113","1":"product","2":"type-product","3":"status-publish","4":"has-post-thumbnail","6":"product_cat-rape","7":"product_tag-kuntanawa","9":"first","10":"instock","11":"taxable","12":"shipping-taxable","13":"purchasable","14":"product-type-variable","15":"entry","16":"content-bg","17":"loop-entry"},"taxonomy_info":{"product_cat":[{"value":50,"label":"Rap\u00e9"}],"product_tag":[{"value":57,"label":"Kuntanawa"}]},"featured_image_src_large":["https:\/\/orisha-ossain.com\/wp-content\/uploads\/2024\/11\/Sananga_Orisha_Ossain.png",736,736,false],"author_info":[],"comment_info":"","_links":{"self":[{"href":"https:\/\/orisha-ossain.com\/es\/wp-json\/wp\/v2\/product\/3113","targetHints":{"allow":["GET"]}}],"collection":[{"href":"https:\/\/orisha-ossain.com\/es\/wp-json\/wp\/v2\/product"}],"about":[{"href":"https:\/\/orisha-ossain.com\/es\/wp-json\/wp\/v2\/types\/product"}],"wp:featuredmedia":[{"embeddable":true,"href":"https:\/\/orisha-ossain.com\/es\/wp-json\/wp\/v2\/media\/35663"}],"wp:attachment":[{"href":"https:\/\/orisha-ossain.com\/es\/wp-json\/wp\/v2\/media?parent=3113"}],"wp:term":[{"taxonomy":"product_brand","embeddable":true,"href":"https:\/\/orisha-ossain.com\/es\/wp-json\/wp\/v2\/product_brand?post=3113"},{"taxonomy":"product_cat","embeddable":true,"href":"https:\/\/orisha-ossain.com\/es\/wp-json\/wp\/v2\/product_cat?post=3113"},{"taxonomy":"product_tag","embeddable":true,"href":"https:\/\/orisha-ossain.com\/es\/wp-json\/wp\/v2\/product_tag?post=3113"}],"curies":[{"name":"wp","href":"https:\/\/api.w.org\/{rel}","templated":true}]}}