{"id":308,"date":"2023-06-27T13:56:03","date_gmt":"2023-06-27T11:56:03","guid":{"rendered":"http:\/\/orisha-ossain.com\/?post_type=product&#038;p=308"},"modified":"2026-03-17T12:33:10","modified_gmt":"2026-03-17T11:33:10","slug":"rape-yawa-menta","status":"publish","type":"product","link":"https:\/\/orisha-ossain.com\/es\/product\/rape-yawa-menta\/","title":{"rendered":"Rap\u00e9 Yawa Menta"},"content":{"rendered":"<h2>Rap\u00e9 Yawa Menta<\/h2>\n<p>De los bosques de Acre llega este Yawa Menta rap\u00e9. Un Yawanawa gris cl\u00e1sico de menta combinada. En este Rap\u00e9 en particular, se utiliza una menta amaz\u00f3nica de alta calidad. Para m\u00ed, es un rap\u00e9 fresco y fuerte que abre los senos m\u00e1s de lo habitual y todav\u00eda da mucha fuerza. Un Rap\u00e9 muy agradable equilibrado, brillante y arom\u00e1tico.<\/p>\n<h2>Yawanawa Rap\u00e9<\/h2>\n<p>Los Yawanawa llaman a su Rap\u00e9 \"Rume\". Contiene principalmente la ceniza de la corteza del \u00e1rbol Tsun\u00fa. A\u00f1aden la ceniza de la corteza del \u00e1rbol Txun\u00fa y una hierba fuerte que se parece al mapacho. Esto hace que el Rap\u00e9 sea una mezcla especial y \u00fanica.<\/p>\n<p>Las tribus amaz\u00f3nicas utilizan a menudo la corteza del \u00e1rbol Tsunu con fines curativos. El Rap\u00e9 tiene un papel de apoyo durante las ceremonias de ayahuasca y se utiliza a menudo antes de la ayahuasca. Potencia los efectos y la apertura del esp\u00edritu para la ceremonia.  Pero tambi\u00e9n durante experiencias ceremoniales intensas, alivia los v\u00f3mitos y la limpieza.<\/p>\n<p>\"Usamos rum\u00ea sobre todo en nuestras ceremonias sagradas con UNI (nuestra bebida sagrada, m\u00e1s conocida como ayahuasca). Pero tambi\u00e9n tomamos rum\u00ea por la tarde, antes de lavarnos. El agua limpia nuestro cuerpo y nuestro esp\u00edritu; es nuestra parte favorita del d\u00eda\".<\/p>\n<h2 style=\"text-align: center;\"><a href=\"http:\/\/orisha-ossain.com\/wp-content\/uploads\/2023\/06\/01111.jpg\"><img decoding=\"async\" class=\"aligncenter wp-image-237 size-medium\" src=\"http:\/\/orisha-ossain.com\/wp-content\/uploads\/2023\/06\/01111-300x287.jpg\" alt=\"rap\u00e9 tsunu rasu\" width=\"300\" height=\"287\" srcset=\"https:\/\/orisha-ossain.com\/wp-content\/uploads\/2023\/06\/01111-300x287.jpg 300w, https:\/\/orisha-ossain.com\/wp-content\/uploads\/2023\/06\/01111.jpg 600w\" sizes=\"(max-width: 300px) 100vw, 300px\" \/><\/a><\/h2>\n<p style=\"text-align: center;\">","protected":false},"excerpt":{"rendered":"<p>Rap\u00e9 Yawa Menta comienza como el cl\u00e1sico rap\u00e9 gris Yawanawa Tsunu. Los fabricantes a\u00f1aden menta m\u00e1s tarde en el proceso, d\u00e1ndole una cualidad refrescante. Abre profundamente los senos nasales.<\/p>","protected":false},"featured_media":35678,"template":"","meta":{"_seopress_robots_primary_cat":"none","_seopress_titles_title":"Rap\u00e9 Yawa Menta - Minty Feshness From the Yawanawa Tribe","_seopress_titles_desc":"Rap\u00e9 Yawa Menta fundament is the classic grey Yawanawa tsunu Snuff. Later its combined with mint. It really opens the sinuses","_seopress_robots_index":"","_kad_blocks_custom_css":"","_kad_blocks_head_custom_js":"","_kad_blocks_body_custom_js":"","_kad_blocks_footer_custom_js":"","_kad_post_transparent":"default","_kad_post_title":"","_kad_post_layout":"default","_kad_post_sidebar_id":"","_kad_post_content_style":"default","_kad_post_vertical_padding":"default","_kad_post_feature":"","_kad_post_feature_position":"","_kad_post_header":false,"_kad_post_footer":false,"_kad_post_classname":""},"product_brand":[],"product_cat":[50],"product_tag":[69,62],"class_list":{"0":"post-308","1":"product","2":"type-product","3":"status-publish","4":"has-post-thumbnail","6":"product_cat-rape","7":"product_tag-aromatic","8":"product_tag-yawanawa","10":"first","11":"instock","12":"taxable","13":"shipping-taxable","14":"purchasable","15":"product-type-variable","16":"entry","17":"content-bg","18":"loop-entry"},"taxonomy_info":{"product_cat":[{"value":50,"label":"Rap\u00e9"}],"product_tag":[{"value":69,"label":"Aromatic"},{"value":62,"label":"Yawanawa"}]},"featured_image_src_large":["https:\/\/orisha-ossain.com\/wp-content\/uploads\/2024\/11\/Yawa-Menta_Orisha_Ossain.png",736,736,false],"author_info":[],"comment_info":"","_links":{"self":[{"href":"https:\/\/orisha-ossain.com\/es\/wp-json\/wp\/v2\/product\/308","targetHints":{"allow":["GET"]}}],"collection":[{"href":"https:\/\/orisha-ossain.com\/es\/wp-json\/wp\/v2\/product"}],"about":[{"href":"https:\/\/orisha-ossain.com\/es\/wp-json\/wp\/v2\/types\/product"}],"wp:featuredmedia":[{"embeddable":true,"href":"https:\/\/orisha-ossain.com\/es\/wp-json\/wp\/v2\/media\/35678"}],"wp:attachment":[{"href":"https:\/\/orisha-ossain.com\/es\/wp-json\/wp\/v2\/media?parent=308"}],"wp:term":[{"taxonomy":"product_brand","embeddable":true,"href":"https:\/\/orisha-ossain.com\/es\/wp-json\/wp\/v2\/product_brand?post=308"},{"taxonomy":"product_cat","embeddable":true,"href":"https:\/\/orisha-ossain.com\/es\/wp-json\/wp\/v2\/product_cat?post=308"},{"taxonomy":"product_tag","embeddable":true,"href":"https:\/\/orisha-ossain.com\/es\/wp-json\/wp\/v2\/product_tag?post=308"}],"curies":[{"name":"wp","href":"https:\/\/api.w.org\/{rel}","templated":true}]}}