{"id":3073,"date":"2024-03-24T13:48:07","date_gmt":"2024-03-24T12:48:07","guid":{"rendered":"http:\/\/orisha-ossain.com\/?post_type=product&#038;p=3073"},"modified":"2026-04-04T14:29:09","modified_gmt":"2026-04-04T12:29:09","slug":"rape-caupuri","status":"publish","type":"product","link":"https:\/\/orisha-ossain.com\/es\/product\/rape-caupuri\/","title":{"rendered":"Rap\u00e9 Caupuri"},"content":{"rendered":"<h2>Rap\u00e9 Caupuri<\/h2>\n<p>Elabor\u00e9 Rap\u00e9 Caupuri utilizando las cenizas de la potente vid Caupuri, una de las variedades de Caapi m\u00e1s fuertes de Brasil. Conocido por su excepcional fuerza, este rap\u00e9 tiene una alta vibraci\u00f3n, que te permite conectar profundamente con el esp\u00edritu de la caapi. La combinaci\u00f3n con sabi\u00e1 mapacho aumenta su poder, creando una experiencia intensa.<\/p>\n<p>Se trata de un rap\u00e9 \u00fanico, disponible exclusivamente aqu\u00ed. Dura hasta que se consume toda la ceniza. Tras probar diversas variaciones, he creado una receta equilibrada para este nuevo tipo de rap\u00e9. Los amigos que participaron en la fase de pruebas informaron de que el rap\u00e9 Caupuri tiene una firma energ\u00e9tica \u00fanica. Aporta un fuerte golpe inicial seguido de un largo y profundo estado meditativo.<\/p>\n<p>En mi tienda, tambi\u00e9n ofrezco otros tipos de rap\u00e9 hechos con las cenizas de la cepa Banisteriopsis caapi llamada Ourinhos (oro peque\u00f1o). Estos incluyen rap\u00e9 <a href=\"http:\/\/orisha-ossain.com\/es\/product\/rape-mariri\/\">rap\u00e9 Mariri<\/a> y el <a href=\"http:\/\/orisha-ossain.com\/es\/product\/rape-aya\/\">Tipos de aya<\/a> cada uno con caracter\u00edsticas y efectos \u00fanicos.<\/p>\n<h2>Un relato personal sobre los or\u00edgenes de esta ceniza de caupuri.<\/h2>\n<p>Esta ceniza de Caupuri brasile\u00f1a procede de las cepas de una subespecie de Banisteriopsis caapi. Conocida por su excepcional potencia, la cepa Caupuri ocupa un lugar especial entre las variedades de caapi. Mi amigo Paco, que vive en el sur de Brasil, me proporcion\u00f3 estas cenizas. Ten\u00eda esta vid creciendo justo fuera de su casa, y durante mi visita en 2019, fumamos algunas de sus hojas. Resultaron ser mucho m\u00e1s fuertes que las hojas de la vid Ourinhos que crec\u00eda al otro lado de su propiedad.<\/p>\n<p>A mediados de 2024, Paco me inform\u00f3 de que hab\u00eda tenido que cortar la vi\u00f1a. Para mi sorpresa, me cont\u00f3 que hab\u00eda quemado toda la cepa y preparado una ceniza muy limpia y refinada, perfecta para elaborar este rap\u00e9 \u00fanico.<\/p>\n<h2>Un mensaje de Paco<\/h2>\n<p>Recib\u00ed la enredadera Caupuri de un amigo de la iglesia Santo Daime, donde experiment\u00e9 la ayahuasca por primera vez. En 2015 la plant\u00e9 en mi patio, donde se convirti\u00f3 r\u00e1pidamente en un guardi\u00e1n protector que proporcionaba una sombra muy necesaria. Por desgracia, una tormenta derrib\u00f3 el \u00e1rbol en el que crec\u00eda. Las ramas de la enredadera cayeron sobre la red el\u00e9ctrica, por lo que no tuve m\u00e1s remedio que cortarla. Pensaba devolv\u00e9rsela al amigo que me la hab\u00eda regalado para que preparara t\u00e9 con las vides de Caupuri.<\/p>\n<p>Sin embargo, este plan se vino abajo cuando la casa de mi amigo se inund\u00f3 durante una gran tormenta en el sur, lo que le impidi\u00f3 hacer ayahuasca como estaba previsto. Sin otra opci\u00f3n, decid\u00ed convertir la liana en ceniza. En retrospectiva, me alegro de haberlo hecho, ya que me permiti\u00f3 conservar algo significativo y darle un nuevo prop\u00f3sito.<\/p>\n<h2>Vi\u00f1a Caupuri<\/h2>\n<p>La cepa Caupuri es f\u00e1cilmente reconocible por sus grandes nudos y se conoce localmente como \"El General\". Conocida como una de las variedades Caapi m\u00e1s fuertes de Brasil, la Caupuri prospera en regiones con abundante agua. Crece especialmente bien en el lluvioso sur de Brasil, al igual que en su hogar original, el Amazonas.<\/p>\n<figure id=\"attachment_3081\" aria-describedby=\"caption-attachment-3081\" style=\"width: 330px\" class=\"wp-caption aligncenter\"><a href=\"http:\/\/orisha-ossain.com\/wp-content\/uploads\/2024\/03\/ljklj-1.jpg\"><img decoding=\"async\" class=\"wp-image-3081 size-full\" src=\"https:\/\/orisha-ossain.com\/wp-content\/uploads\/2024\/03\/ljklj-1.jpg\" alt=\"\" width=\"330\" height=\"502\" srcset=\"https:\/\/orisha-ossain.com\/wp-content\/uploads\/2024\/03\/ljklj-1.jpg 330w, https:\/\/orisha-ossain.com\/wp-content\/uploads\/2024\/03\/ljklj-1-197x300.jpg 197w\" sizes=\"(max-width: 330px) 100vw, 330px\" \/><\/a><figcaption id=\"caption-attachment-3081\" class=\"wp-caption-text\">Caupuri en la selva amaz\u00f3nica brasile\u00f1a<\/figcaption><\/figure>\n<p>La vid Caupuri es una variante significativa y \u00fanica de la <em>Banisteriopsis caapi<\/em> valorada por sus propiedades espec\u00edficas en las ceremonias de ayahuasca. Aunque comparte muchas caracter\u00edsticas con la familia m\u00e1s amplia de la caapi, su estructura nudosa, su perfil alcaloide y su importancia cultural la convierten en una opci\u00f3n muy apreciada para pr\u00e1cticas espirituales y curativas espec\u00edficas.<\/p>","protected":false},"excerpt":{"rendered":"<p>Un nuevo tipo de rap\u00e9. Este combina las poderosas cenizas de vid Caupuri con el tipo mapacho llamado sabi\u00e1.<\/p>","protected":false},"featured_media":37209,"template":"","meta":{"_seopress_robots_primary_cat":"none","_seopress_titles_title":"%%post_title%% - One of a Kind - Deep Meditative Energy -","_seopress_titles_desc":"A Brand new type of rap\u00e9. This one combines the powerful Caupuri ashes with the mapacho type sabi\u00e1. Sharp and intense energy.","_seopress_robots_index":"","_kad_blocks_custom_css":"","_kad_blocks_head_custom_js":"","_kad_blocks_body_custom_js":"","_kad_blocks_footer_custom_js":"","_kad_post_transparent":"default","_kad_post_title":"","_kad_post_layout":"default","_kad_post_sidebar_id":"","_kad_post_content_style":"default","_kad_post_vertical_padding":"default","_kad_post_feature":"","_kad_post_feature_position":"","_kad_post_header":false,"_kad_post_footer":false,"_kad_post_classname":""},"product_brand":[],"product_cat":[50],"product_tag":[54],"class_list":{"0":"post-3073","1":"product","2":"type-product","3":"status-publish","4":"has-post-thumbnail","6":"product_cat-rape","7":"product_tag-caboclo","9":"first","10":"instock","11":"taxable","12":"shipping-taxable","13":"purchasable","14":"product-type-variable","15":"entry","16":"content-bg","17":"loop-entry"},"taxonomy_info":{"product_cat":[{"value":50,"label":"Rap\u00e9"}],"product_tag":[{"value":54,"label":"Caboclo"}]},"featured_image_src_large":["https:\/\/orisha-ossain.com\/wp-content\/uploads\/2024\/12\/Caupuri_Orisha_Ossain.png",736,736,false],"author_info":[],"comment_info":"","_links":{"self":[{"href":"https:\/\/orisha-ossain.com\/es\/wp-json\/wp\/v2\/product\/3073","targetHints":{"allow":["GET"]}}],"collection":[{"href":"https:\/\/orisha-ossain.com\/es\/wp-json\/wp\/v2\/product"}],"about":[{"href":"https:\/\/orisha-ossain.com\/es\/wp-json\/wp\/v2\/types\/product"}],"wp:featuredmedia":[{"embeddable":true,"href":"https:\/\/orisha-ossain.com\/es\/wp-json\/wp\/v2\/media\/37209"}],"wp:attachment":[{"href":"https:\/\/orisha-ossain.com\/es\/wp-json\/wp\/v2\/media?parent=3073"}],"wp:term":[{"taxonomy":"product_brand","embeddable":true,"href":"https:\/\/orisha-ossain.com\/es\/wp-json\/wp\/v2\/product_brand?post=3073"},{"taxonomy":"product_cat","embeddable":true,"href":"https:\/\/orisha-ossain.com\/es\/wp-json\/wp\/v2\/product_cat?post=3073"},{"taxonomy":"product_tag","embeddable":true,"href":"https:\/\/orisha-ossain.com\/es\/wp-json\/wp\/v2\/product_tag?post=3073"}],"curies":[{"name":"wp","href":"https:\/\/api.w.org\/{rel}","templated":true}]}}