{"id":304,"date":"2023-06-27T13:51:21","date_gmt":"2023-06-27T11:51:21","guid":{"rendered":"http:\/\/orisha-ossain.com\/?post_type=product&#038;p=304"},"modified":"2026-04-16T21:16:50","modified_gmt":"2026-04-16T19:16:50","slug":"rape-yawanawa","status":"publish","type":"product","link":"https:\/\/orisha-ossain.com\/es\/product\/rape-yawanawa\/","title":{"rendered":"Rap\u00e9 Yawanawa"},"content":{"rendered":"<h2>Rap\u00e9 Yawanawa<\/h2>\n<p>Este Yawanawa rap\u00e9 es bastante gris. Los Yawanawa prefieren su tabaco con mucha ceniza. Este es el cl\u00e1sico rap\u00e9 tribal Yawanawa. S\u00f3lo ceniza Tsunu combinada con moi mapacho. Es uno de los rap\u00e9s m\u00e1s populares de mi tienda.<\/p>\n<h2>Yawanawa Rap\u00e9<\/h2>\n<p>Los Yawanawa llaman a su Rap\u00e9 \"Rume\". Contiene principalmente la ceniza de la corteza del \u00e1rbol Tsun\u00fa. A\u00f1aden la ceniza de la corteza del \u00e1rbol Txun\u00fa y una hierba fuerte que se parece al mapacho. Esto hace que el Rap\u00e9 sea una mezcla especial y \u00fanica.<\/p>\n<p>Las tribus amaz\u00f3nicas utilizan a menudo la corteza del \u00e1rbol Tsunu con fines curativos. El Rap\u00e9 tiene un papel de apoyo durante las ceremonias de ayahuasca y se utiliza a menudo antes de la ayahuasca. Potencia los efectos y la apertura del esp\u00edritu para la ceremonia.  Pero tambi\u00e9n durante experiencias ceremoniales intensas, alivia los v\u00f3mitos y la limpieza.<\/p>\n<p>\"Usamos rum\u00ea sobre todo en nuestras ceremonias sagradas con UNI (nuestra bebida sagrada, m\u00e1s conocida como ayahuasca). Pero tambi\u00e9n tomamos rum\u00ea por la tarde, antes de lavarnos. El agua limpia nuestro cuerpo y nuestro esp\u00edritu; es nuestra parte favorita del d\u00eda\".<\/p>\n<h2 style=\"text-align: center;\"><a href=\"http:\/\/orisha-ossain.com\/wp-content\/uploads\/2023\/06\/01111.jpg\"><img decoding=\"async\" class=\"aligncenter wp-image-237 size-medium\" src=\"http:\/\/orisha-ossain.com\/wp-content\/uploads\/2023\/06\/01111-300x287.jpg\" alt=\"rap\u00e9 tsunu rasu\" width=\"300\" height=\"287\" srcset=\"https:\/\/orisha-ossain.com\/wp-content\/uploads\/2023\/06\/01111-300x287.jpg 300w, https:\/\/orisha-ossain.com\/wp-content\/uploads\/2023\/06\/01111.jpg 600w\" sizes=\"(max-width: 300px) 100vw, 300px\" \/><\/a><\/h2>","protected":false},"excerpt":{"rendered":"<p>Este Yawanawa rap\u00e9 es bastante gris. Los Yawanawa prefieren su tabaco con mucha ceniza. Este es el cl\u00e1sico Yawanawa tribal rap\u00e9.  Es uno de los m\u00e1s populares en mi tienda.<\/p>","protected":false},"featured_media":35679,"template":"","meta":{"_seopress_robots_primary_cat":"none","_seopress_titles_title":"Rap\u00e9 Yawanawa - The Classic Tsunu Snuff - Orisha Ossain","_seopress_titles_desc":"This rap\u00e9 Yawanawa is quite grey. The Yawanawa's prefer their snuff with much ash. This is the classic Yawanawa tribal rap\u00e9.\u00a0 It is one of the most","_seopress_robots_index":"","_kad_blocks_custom_css":"","_kad_blocks_head_custom_js":"","_kad_blocks_body_custom_js":"","_kad_blocks_footer_custom_js":"","_kad_post_transparent":"default","_kad_post_title":"","_kad_post_layout":"default","_kad_post_sidebar_id":"","_kad_post_content_style":"default","_kad_post_vertical_padding":"default","_kad_post_feature":"","_kad_post_feature_position":"","_kad_post_header":false,"_kad_post_footer":false,"_kad_post_classname":""},"product_brand":[],"product_cat":[50],"product_tag":[62],"class_list":{"0":"post-304","1":"product","2":"type-product","3":"status-publish","4":"has-post-thumbnail","6":"product_cat-rape","7":"product_tag-yawanawa","9":"first","10":"instock","11":"taxable","12":"shipping-taxable","13":"purchasable","14":"product-type-variable","15":"entry","16":"content-bg","17":"loop-entry"},"taxonomy_info":{"product_cat":[{"value":50,"label":"Rap\u00e9"}],"product_tag":[{"value":62,"label":"Yawanawa"}]},"featured_image_src_large":["https:\/\/orisha-ossain.com\/wp-content\/uploads\/2024\/11\/Yawanawa_Orisha_Ossain.png",736,736,false],"author_info":[],"comment_info":"","_links":{"self":[{"href":"https:\/\/orisha-ossain.com\/es\/wp-json\/wp\/v2\/product\/304","targetHints":{"allow":["GET"]}}],"collection":[{"href":"https:\/\/orisha-ossain.com\/es\/wp-json\/wp\/v2\/product"}],"about":[{"href":"https:\/\/orisha-ossain.com\/es\/wp-json\/wp\/v2\/types\/product"}],"wp:featuredmedia":[{"embeddable":true,"href":"https:\/\/orisha-ossain.com\/es\/wp-json\/wp\/v2\/media\/35679"}],"wp:attachment":[{"href":"https:\/\/orisha-ossain.com\/es\/wp-json\/wp\/v2\/media?parent=304"}],"wp:term":[{"taxonomy":"product_brand","embeddable":true,"href":"https:\/\/orisha-ossain.com\/es\/wp-json\/wp\/v2\/product_brand?post=304"},{"taxonomy":"product_cat","embeddable":true,"href":"https:\/\/orisha-ossain.com\/es\/wp-json\/wp\/v2\/product_cat?post=304"},{"taxonomy":"product_tag","embeddable":true,"href":"https:\/\/orisha-ossain.com\/es\/wp-json\/wp\/v2\/product_tag?post=304"}],"curies":[{"name":"wp","href":"https:\/\/api.w.org\/{rel}","templated":true}]}}