{"id":300,"date":"2023-06-27T13:46:35","date_gmt":"2023-06-27T11:46:35","guid":{"rendered":"http:\/\/orisha-ossain.com\/?post_type=product&#038;p=300"},"modified":"2026-04-12T17:55:38","modified_gmt":"2026-04-12T15:55:38","slug":"rape-caneleiro","status":"publish","type":"product","link":"https:\/\/orisha-ossain.com\/es\/product\/rape-caneleiro\/","title":{"rendered":"Rap\u00e9 Caneleiro"},"content":{"rendered":"<h2>Rap\u00e9 Caneleiro<\/h2>\n<p>Este Rap\u00e9 Caneleiro procede de los Yawanawa.  La tribu Yawanawa es conocida por sus rap\u00e9s, reconocidos por su alto contenido en ceniza. Esto le da a su Rap\u00e9 una energ\u00eda \u00fanica. Este Rap\u00e9 conecta con el tercer Chakra. El Rap\u00e9 Caneleiro es muy completo en sus propiedades. Ayuda mucho en la salud trabajando principalmente en la regeneraci\u00f3n de las c\u00e9lulas y el equilibrio de las hormonas. El fuego es el elemento espiritual con el que se conecta este rap\u00e9.<\/p>\n<p>Para el rap\u00e9 Caneleiro utilizan las cenizas de la corteza de Cenostigma macrophyllum. Para los indios de Acre, el Caneleiro y la Canela de Velho son muy similares en sus propiedades y los tratan de la misma manera. A\u00fan as\u00ed, son dos \u00e1rboles diferentes pero muy relacionados.<\/p>\n<p><img decoding=\"async\" class=\"size-medium wp-image-286 aligncenter\" src=\"https:\/\/orisha-ossain.com\/wp-content\/uploads\/2023\/06\/ind-300x199.png\" alt=\"\" width=\"300\" height=\"199\" srcset=\"https:\/\/orisha-ossain.com\/wp-content\/uploads\/2023\/06\/ind-300x199.png 300w, https:\/\/orisha-ossain.com\/wp-content\/uploads\/2023\/06\/ind-768x510.png 768w, https:\/\/orisha-ossain.com\/wp-content\/uploads\/2023\/06\/ind.png 783w\" sizes=\"(max-width: 300px) 100vw, 300px\" \/><\/p>\n<h2>Acerca de Cenostigma macrophyllum<\/h2>\n<p>Caneleiro (<em>Cenostigma macrophyllum<\/em>) es un \u00e1rbol de flor perteneciente a la familia de las Fab\u00e1ceas\/Leguminosas. Este \u00e1rbol exhibe una gran belleza, especialmente durante sus periodos de floraci\u00f3n perenne. Simboliza la ciudad de Teresina. Los investigadores registraron esta especie brasile\u00f1a por primera vez en Mato Grosso hace m\u00e1s de 150 a\u00f1os. El \u00e1rbol de Caneleiro prospera en las regiones Norte, Nordeste, Centro-Oeste y Sudeste de Brasil.<\/p>\n<p>De septiembre a diciembre y de febrero a julio, el \u00e1rbol se cubre de racimos de flores amarillas. Estas flores, muy parecidas a las orqu\u00eddeas, atraen a numerosos insectos y p\u00e1jaros con su fragante aroma. El Caneleiro suele medir entre 10 y 20 metros de altura.<\/p>\n<figure id=\"attachment_169\" aria-describedby=\"caption-attachment-169\" style=\"width: 300px\" class=\"wp-caption aligncenter\"><a href=\"http:\/\/orisha-ossain.com\/wp-content\/uploads\/2023\/06\/Cenostigma-Macrophyllum-used-for-Caneleiro-Rape.jpg\"><img decoding=\"async\" class=\"wp-image-169 size-medium\" src=\"http:\/\/orisha-ossain.com\/wp-content\/uploads\/2023\/06\/Cenostigma-Macrophyllum-used-for-Caneleiro-Rape-300x186.jpg\" alt=\"Varios grandes \u00e1rboles Cenostigma Macrophyllum, las cenizas de la corteza se utilizan para Rap\u00e9 Caneleiro.\" width=\"300\" height=\"186\" srcset=\"https:\/\/orisha-ossain.com\/wp-content\/uploads\/2023\/06\/Cenostigma-Macrophyllum-used-for-Caneleiro-Rape-300x186.jpg 300w, https:\/\/orisha-ossain.com\/wp-content\/uploads\/2023\/06\/Cenostigma-Macrophyllum-used-for-Caneleiro-Rape.jpg 700w\" sizes=\"(max-width: 300px) 100vw, 300px\" \/><\/a><figcaption id=\"caption-attachment-169\" class=\"wp-caption-text\">El \u00e1rbol Cenostigma Macrophyllum<\/figcaption><\/figure>\n<h2 style=\"text-align: center;\"><a href=\"http:\/\/orisha-ossain.com\/wp-content\/uploads\/2023\/06\/01111.jpg\"><img decoding=\"async\" class=\"aligncenter wp-image-237 size-medium\" src=\"http:\/\/orisha-ossain.com\/wp-content\/uploads\/2023\/06\/01111-300x287.jpg\" alt=\"rap\u00e9 tsunu rasu\" width=\"300\" height=\"287\" srcset=\"https:\/\/orisha-ossain.com\/wp-content\/uploads\/2023\/06\/01111-300x287.jpg 300w, https:\/\/orisha-ossain.com\/wp-content\/uploads\/2023\/06\/01111.jpg 600w\" sizes=\"(max-width: 300px) 100vw, 300px\" \/><\/a><\/h2>\n<p style=\"text-align: center;\">","protected":false},"excerpt":{"rendered":"<p>Este Rap\u00e9 Caneleiro procede de la tribu Yawanawa. Los yawanawa son conocidos por sus rap\u00e9s, que se distinguen por su alto contenido en cenizas.<br \/>\nNombres comunes: Caneleiro, Canela de Velho, Maraximb\u00e9 o Fava do Campo<br \/>\nTribu: Yawanawa<br \/>\nOrigen: Acre, Brasil.<\/p>","protected":false},"featured_media":35621,"template":"","meta":{"_seopress_robots_primary_cat":"none","_seopress_titles_title":"Rap\u00e9 Caneleiro - Yawanawa Tribal Snuff - Orisha Ossain","_seopress_titles_desc":"This Rap\u00e9 Caneleiro comes from the Yawanawa tribe. The Yawanawa are known for their snuffs, which are distinguished by their high ash content.","_seopress_robots_index":"","_kad_blocks_custom_css":"","_kad_blocks_head_custom_js":"","_kad_blocks_body_custom_js":"","_kad_blocks_footer_custom_js":"","_kad_post_transparent":"default","_kad_post_title":"","_kad_post_layout":"default","_kad_post_sidebar_id":"","_kad_post_content_style":"default","_kad_post_vertical_padding":"default","_kad_post_feature":"","_kad_post_feature_position":"","_kad_post_header":false,"_kad_post_footer":false,"_kad_post_classname":""},"product_brand":[],"product_cat":[50],"product_tag":[62],"class_list":{"0":"post-300","1":"product","2":"type-product","3":"status-publish","4":"has-post-thumbnail","6":"product_cat-rape","7":"product_tag-yawanawa","9":"first","10":"instock","11":"taxable","12":"shipping-taxable","13":"purchasable","14":"product-type-variable","15":"entry","16":"content-bg","17":"loop-entry"},"taxonomy_info":{"product_cat":[{"value":50,"label":"Rap\u00e9"}],"product_tag":[{"value":62,"label":"Yawanawa"}]},"featured_image_src_large":["https:\/\/orisha-ossain.com\/wp-content\/uploads\/2024\/11\/Caneleiro_Orisha_Ossain.png",736,736,false],"author_info":[],"comment_info":"","_links":{"self":[{"href":"https:\/\/orisha-ossain.com\/es\/wp-json\/wp\/v2\/product\/300","targetHints":{"allow":["GET"]}}],"collection":[{"href":"https:\/\/orisha-ossain.com\/es\/wp-json\/wp\/v2\/product"}],"about":[{"href":"https:\/\/orisha-ossain.com\/es\/wp-json\/wp\/v2\/types\/product"}],"wp:featuredmedia":[{"embeddable":true,"href":"https:\/\/orisha-ossain.com\/es\/wp-json\/wp\/v2\/media\/35621"}],"wp:attachment":[{"href":"https:\/\/orisha-ossain.com\/es\/wp-json\/wp\/v2\/media?parent=300"}],"wp:term":[{"taxonomy":"product_brand","embeddable":true,"href":"https:\/\/orisha-ossain.com\/es\/wp-json\/wp\/v2\/product_brand?post=300"},{"taxonomy":"product_cat","embeddable":true,"href":"https:\/\/orisha-ossain.com\/es\/wp-json\/wp\/v2\/product_cat?post=300"},{"taxonomy":"product_tag","embeddable":true,"href":"https:\/\/orisha-ossain.com\/es\/wp-json\/wp\/v2\/product_tag?post=300"}],"curies":[{"name":"wp","href":"https:\/\/api.w.org\/{rel}","templated":true}]}}