{"id":296,"date":"2023-06-27T13:31:31","date_gmt":"2023-06-27T11:31:31","guid":{"rendered":"http:\/\/orisha-ossain.com\/?post_type=product&#038;p=296"},"modified":"2026-04-14T12:15:51","modified_gmt":"2026-04-14T10:15:51","slug":"rape-samauma","status":"publish","type":"product","link":"https:\/\/orisha-ossain.com\/es\/product\/rape-samauma\/","title":{"rendered":"Rap\u00e9 Sama\u00fama"},"content":{"rendered":"<h2>Rap\u00e9 Sama\u00fama<\/h2>\n<p>El Rap\u00e9 Sama\u00fama es un Rap\u00e9 especial de la tribu Yawanawa en el que se utilizan las cenizas del \u00e1rbol Sama\u00fama. Rap\u00e9 Sama\u00fama, <a href=\"http:\/\/orisha-ossain.com\/es\/product\/rape-bashawa\/\">Bashawa<\/a>, <a href=\"http:\/\/orisha-ossain.com\/es\/product\/rape-caneleiro\/\">Caneleiro<\/a>, <a href=\"http:\/\/orisha-ossain.com\/es\/product\/rape-mulateiro\/\">Mulateiro<\/a>, <a href=\"http:\/\/orisha-ossain.com\/es\/product\/rape-yawanawa\/\">Yawanawa<\/a> y <a href=\"http:\/\/orisha-ossain.com\/es\/product\/rape-yawa-menta\/\">Yawa-Menta<\/a> de mi tienda proceden del mismo grupo de indios yawanawa. Los yawanawa dicen que Sama\u00fama conecta con la energ\u00eda ancestral y tambi\u00e9n calentar\u00e1 la cabeza.<\/p>\n<h2>Acerca de Sama\u00fama\/Kapok<\/h2>\n<p>El \u00e1rbol de Sama\u00fama o ceiba (Ceiba pentandra) crece en el Amazonas. Los ind\u00edgenas brasile\u00f1os que viven en la selva lo consideran un \u00e1rbol sagrado. Estos imponentes \u00e1rboles alcanzan a menudo los 70 metros de altura, lo que los convierte en algunos de los m\u00e1s grandes de la flora mundial. El \u00e1rbol de Sama\u00fama extrae activamente agua de las profundidades del suelo amaz\u00f3nico, utiliz\u00e1ndola para sostenerse y compartirla generosamente con otras especies vegetales.<\/p>\n<figure id=\"attachment_183\" aria-describedby=\"caption-attachment-183\" style=\"width: 1024px\" class=\"wp-caption aligncenter\"><a href=\"http:\/\/orisha-ossain.com\/wp-content\/uploads\/2023\/06\/Kapok.jpg\"><img decoding=\"async\" class=\"wp-image-183 size-large\" src=\"https:\/\/orisha-ossain.com\/wp-content\/uploads\/2023\/06\/Kapok-1024x683.jpg\" alt=\"\u00e1rbol gigante amazonas rap\u00e9 sama\u00fama\" width=\"1024\" height=\"683\" srcset=\"https:\/\/orisha-ossain.com\/wp-content\/uploads\/2023\/06\/Kapok-1024x683.jpg 1024w, https:\/\/orisha-ossain.com\/wp-content\/uploads\/2023\/06\/Kapok-300x200.jpg 300w, https:\/\/orisha-ossain.com\/wp-content\/uploads\/2023\/06\/Kapok-768x512.jpg 768w, https:\/\/orisha-ossain.com\/wp-content\/uploads\/2023\/06\/Kapok-1536x1024.jpg 1536w, https:\/\/orisha-ossain.com\/wp-content\/uploads\/2023\/06\/Kapok.jpg 1600w\" sizes=\"(max-width: 1024px) 100vw, 1024px\" \/><\/a><figcaption id=\"caption-attachment-183\" class=\"wp-caption-text\">El gigante del bosque<\/figcaption><\/figure>\n<ul>\n<li>Los nativos consideran a Sama\u00fama \"la madre de todos los \u00e1rboles\". A sus ra\u00edces las llaman sapobemba. En el pasado, los indios utilizaban estas ra\u00edces para comunicarse a trav\u00e9s de la selva golpe\u00e1ndolas con grandes trozos de madera, enviando mensajes codificados que viajaban lejos en la selva.<\/li>\n<li>Los habitantes del bosque creen que Sama\u00fama posee poderes m\u00e1gicos. Reconocen su papel en la protecci\u00f3n de otros \u00e1rboles y de los habitantes del bosque. A veces, los indios incorporan la corteza de Sama\u00fama como ingrediente en una versi\u00f3n especial de la infusi\u00f3n de ayahuasca.<\/li>\n<\/ul>\n<figure id=\"attachment_184\" aria-describedby=\"caption-attachment-184\" style=\"width: 1600px\" class=\"wp-caption aligncenter\"><a href=\"http:\/\/orisha-ossain.com\/wp-content\/uploads\/2023\/06\/Kapok-01.jpg\"><img decoding=\"async\" class=\"wp-image-184 size-full\" src=\"https:\/\/orisha-ossain.com\/wp-content\/uploads\/2023\/06\/Kapok-01.jpg\" alt=\"Rap\u00e9 Sama\u00fama fabricado por la tribu yawanawa\" width=\"1600\" height=\"1065\" srcset=\"https:\/\/orisha-ossain.com\/wp-content\/uploads\/2023\/06\/Kapok-01.jpg 1600w, https:\/\/orisha-ossain.com\/wp-content\/uploads\/2023\/06\/Kapok-01-300x200.jpg 300w, https:\/\/orisha-ossain.com\/wp-content\/uploads\/2023\/06\/Kapok-01-1024x682.jpg 1024w, https:\/\/orisha-ossain.com\/wp-content\/uploads\/2023\/06\/Kapok-01-768x511.jpg 768w, https:\/\/orisha-ossain.com\/wp-content\/uploads\/2023\/06\/Kapok-01-1536x1022.jpg 1536w\" sizes=\"(max-width: 1600px) 100vw, 1600px\" \/><\/a><figcaption id=\"caption-attachment-184\" class=\"wp-caption-text\">Uno de los mayores \u00e1rboles Sama\u00fama del Amazonas<\/figcaption><\/figure>\n<p style=\"text-align: center;\">","protected":false},"excerpt":{"rendered":"<p>La tribu yawanawa crea un rap\u00e9 especial llamado rap\u00e9 Sama\u00fama Rap\u00e9, que incorpora cenizas del \u00e1rbol Sama\u00fama.<\/p>","protected":false},"featured_media":35662,"template":"","meta":{"_seopress_robots_primary_cat":"none","_seopress_titles_title":"Rap\u00e9 Sama\u00fama - Clean Yawanawa spirit - Orisha Ossain","_seopress_titles_desc":"Rap\u00e9 Sama\u00fama is a special Rap\u00e9 from the Yawanawa tribe in which the ashes of the Sama\u00fama tree are used. Sama\u00fama Rap\u00e9, Bashawa, Caneleiro,","_seopress_robots_index":"","_kad_blocks_custom_css":"","_kad_blocks_head_custom_js":"","_kad_blocks_body_custom_js":"","_kad_blocks_footer_custom_js":"","_kad_post_transparent":"default","_kad_post_title":"","_kad_post_layout":"default","_kad_post_sidebar_id":"","_kad_post_content_style":"default","_kad_post_vertical_padding":"default","_kad_post_feature":"","_kad_post_feature_position":"","_kad_post_header":false,"_kad_post_footer":false,"_kad_post_classname":""},"product_brand":[],"product_cat":[50],"product_tag":[62],"class_list":{"0":"post-296","1":"product","2":"type-product","3":"status-publish","4":"has-post-thumbnail","6":"product_cat-rape","7":"product_tag-yawanawa","9":"first","10":"instock","11":"taxable","12":"shipping-taxable","13":"purchasable","14":"product-type-variable","15":"entry","16":"content-bg","17":"loop-entry"},"taxonomy_info":{"product_cat":[{"value":50,"label":"Rap\u00e9"}],"product_tag":[{"value":62,"label":"Yawanawa"}]},"featured_image_src_large":["https:\/\/orisha-ossain.com\/wp-content\/uploads\/2024\/11\/Samauma_Orisha_Ossain.png",736,736,false],"author_info":[],"comment_info":"","_links":{"self":[{"href":"https:\/\/orisha-ossain.com\/es\/wp-json\/wp\/v2\/product\/296","targetHints":{"allow":["GET"]}}],"collection":[{"href":"https:\/\/orisha-ossain.com\/es\/wp-json\/wp\/v2\/product"}],"about":[{"href":"https:\/\/orisha-ossain.com\/es\/wp-json\/wp\/v2\/types\/product"}],"wp:featuredmedia":[{"embeddable":true,"href":"https:\/\/orisha-ossain.com\/es\/wp-json\/wp\/v2\/media\/35662"}],"wp:attachment":[{"href":"https:\/\/orisha-ossain.com\/es\/wp-json\/wp\/v2\/media?parent=296"}],"wp:term":[{"taxonomy":"product_brand","embeddable":true,"href":"https:\/\/orisha-ossain.com\/es\/wp-json\/wp\/v2\/product_brand?post=296"},{"taxonomy":"product_cat","embeddable":true,"href":"https:\/\/orisha-ossain.com\/es\/wp-json\/wp\/v2\/product_cat?post=296"},{"taxonomy":"product_tag","embeddable":true,"href":"https:\/\/orisha-ossain.com\/es\/wp-json\/wp\/v2\/product_tag?post=296"}],"curies":[{"name":"wp","href":"https:\/\/api.w.org\/{rel}","templated":true}]}}