{"id":292,"date":"2023-06-27T13:25:16","date_gmt":"2023-06-27T11:25:16","guid":{"rendered":"http:\/\/orisha-ossain.com\/?post_type=product&#038;p=292"},"modified":"2026-04-09T12:17:07","modified_gmt":"2026-04-09T10:17:07","slug":"rape-bashawa","status":"publish","type":"product","link":"https:\/\/orisha-ossain.com\/es\/product\/rape-bashawa\/","title":{"rendered":"Rap\u00e9 Bashawa"},"content":{"rendered":"<h2>Rap\u00e9 Bashawa<\/h2>\n<p>Rap\u00e9 Bashawa es una variedad de rap\u00e9 de la tribu Yawanawa. Si te gusta la energ\u00eda del rap\u00e9 gris de los Yawanawa te gustar\u00e1 esta adici\u00f3n.<br \/>\nLa energ\u00eda vibracional de este rap\u00e9 abre la intuici\u00f3n, la conexi\u00f3n mental y la claridad de pensamientos.<\/p>\n<p>Propiedades de la planta: Cicatrizante (favorece la cicatrizaci\u00f3n de una herida o la formaci\u00f3n de una cicatriz), depurativo (efectos depurativos y desintoxicantes), ayuda contra la gripe, la bronquitis y los problemas estomacales, y tambi\u00e9n funciona como antioxidante.<\/p>","protected":false},"excerpt":{"rendered":"<p>Rap\u00e9 Bashawa es una variedad de rap\u00e9 de la tribu Yawanawa. Si te gusta la energ\u00eda del rap\u00e9 gris de los Yawanawa apreciar\u00e1s esta adici\u00f3n.<br \/>\nLa energ\u00eda vibratoria de este Rap\u00e9 abre la intuici\u00f3n y la conexi\u00f3n mental, y da claridad a los pensamientos.<\/p>\n<p>La tribu Yawanawa produce Rap\u00e9 Bashawa, una variedad de rap\u00e9. Si disfruta de la energ\u00eda del rap\u00e9 gris de la tribu Yawanawa, valorar\u00e1 esta adici\u00f3n. La energ\u00eda vibratoria de este Rap\u00e9 abre la intuici\u00f3n, mejora la conexi\u00f3n mental y aporta claridad a tus pensamientos.<\/p>","protected":false},"featured_media":35616,"template":"","meta":{"_seopress_robots_primary_cat":"none","_seopress_titles_title":"Rap\u00e9 Bashawa - Yawanawa Tribal Snuff - Orisha Ossain","_seopress_titles_desc":"Bashawa\u00a0Rap\u00e9 is a variety of Snuff from the Yawanawa tribe. If you like the energy of the grey rap\u00e9 of the Yawanawa you will appreciate this addition.","_seopress_robots_index":"","_kad_blocks_custom_css":"","_kad_blocks_head_custom_js":"","_kad_blocks_body_custom_js":"","_kad_blocks_footer_custom_js":"","_kad_post_transparent":"default","_kad_post_title":"","_kad_post_layout":"default","_kad_post_sidebar_id":"","_kad_post_content_style":"default","_kad_post_vertical_padding":"default","_kad_post_feature":"","_kad_post_feature_position":"","_kad_post_header":false,"_kad_post_footer":false,"_kad_post_classname":""},"product_brand":[],"product_cat":[50],"product_tag":[62],"class_list":{"0":"post-292","1":"product","2":"type-product","3":"status-publish","4":"has-post-thumbnail","6":"product_cat-rape","7":"product_tag-yawanawa","9":"first","10":"instock","11":"taxable","12":"shipping-taxable","13":"purchasable","14":"product-type-variable","15":"entry","16":"content-bg","17":"loop-entry"},"taxonomy_info":{"product_cat":[{"value":50,"label":"Rap\u00e9"}],"product_tag":[{"value":62,"label":"Yawanawa"}]},"featured_image_src_large":["https:\/\/orisha-ossain.com\/wp-content\/uploads\/2024\/11\/Bashawa_Orisha_Ossain.png",736,736,false],"author_info":[],"comment_info":"","_links":{"self":[{"href":"https:\/\/orisha-ossain.com\/es\/wp-json\/wp\/v2\/product\/292","targetHints":{"allow":["GET"]}}],"collection":[{"href":"https:\/\/orisha-ossain.com\/es\/wp-json\/wp\/v2\/product"}],"about":[{"href":"https:\/\/orisha-ossain.com\/es\/wp-json\/wp\/v2\/types\/product"}],"wp:featuredmedia":[{"embeddable":true,"href":"https:\/\/orisha-ossain.com\/es\/wp-json\/wp\/v2\/media\/35616"}],"wp:attachment":[{"href":"https:\/\/orisha-ossain.com\/es\/wp-json\/wp\/v2\/media?parent=292"}],"wp:term":[{"taxonomy":"product_brand","embeddable":true,"href":"https:\/\/orisha-ossain.com\/es\/wp-json\/wp\/v2\/product_brand?post=292"},{"taxonomy":"product_cat","embeddable":true,"href":"https:\/\/orisha-ossain.com\/es\/wp-json\/wp\/v2\/product_cat?post=292"},{"taxonomy":"product_tag","embeddable":true,"href":"https:\/\/orisha-ossain.com\/es\/wp-json\/wp\/v2\/product_tag?post=292"}],"curies":[{"name":"wp","href":"https:\/\/api.w.org\/{rel}","templated":true}]}}