{"id":288,"date":"2023-06-27T13:19:18","date_gmt":"2023-06-27T11:19:18","guid":{"rendered":"http:\/\/orisha-ossain.com\/?post_type=product&#038;p=288"},"modified":"2026-05-07T13:52:20","modified_gmt":"2026-05-07T11:52:20","slug":"rape-mulateiro","status":"publish","type":"product","link":"https:\/\/orisha-ossain.com\/es\/product\/rape-mulateiro\/","title":{"rendered":"Rap\u00e9 Mulateiro"},"content":{"rendered":"<h2>Rap\u00e9 Mulateiro<\/h2>\n<p>Este Rap\u00e9 Mulateiro Yawanawa es un rap\u00e9 fino y fluido con un aspecto gris claro, un aroma agradable y mucha fuerza. Se siente potente y en\u00e9rgico en los primeros momentos, seguido de un efecto posterior sutil y pac\u00edfico. Rap\u00e9 Mulateiro ayuda a liberar pensamientos y te lleva a un espacio de paz con un alto nivel de concentraci\u00f3n.<\/p>\n<p>Los Yawanawa afirman que el Mulateiro libera las tensiones de los l\u00f3bulos cerebrales derecho e izquierdo, proporcionando un profundo equilibrio y balance de mente y cuerpo.<\/p>\n<p>Bashawa, Sama\u00fama, Yawa-Menta, Caneleiro, y este Rap\u00e9 Mulateiro son todos hechos por el mismo grupo de indios Yawanawa. Estoy feliz de representarlos a trav\u00e9s de su Rap\u00e9 en mi tienda. Aqu\u00ed puede encontrar todo tipo de <a href=\"https:\/\/orisha-ossain.com\/es\/product-tag\/yawanawa\/\">Yawanawa rap\u00e9<\/a><\/p>\n<h2>Acerca de Mulateiro \/ Calycophyllum spruceanum<\/h2>\n<p>El Calycophyllum spruceanum pertenece a la familia de las Rubi\u00e1ceas y es un \u00e1rbol de dosel de 30 metros de altura. En Brasil, el nombre com\u00fan es Mulateiro o Pau-Mulato y en Per\u00fa, Capirona. El Mulateiro produce abundantes flores blancas y arom\u00e1ticas durante los meses de verano.<\/p>\n<p>Su corteza se desprende peri\u00f3dicamente para evitar l\u00edquenes, hongos, ep\u00edfitas y lianas. Tiene una larga tradici\u00f3n en la cultura ind\u00edgena amaz\u00f3nica, incluidos muchos usos medicinales. La corteza seca funciona bien para el tratamiento de hongos, par\u00e1sitos, infecciones y heridas o quemaduras.  El mulateiro a veces tambi\u00e9n se a\u00f1ade como ingrediente extra en la ayahuasca amaz\u00f3nica.<\/p>\n<p><a href=\"http:\/\/orisha-ossain.com\/wp-content\/uploads\/2023\/06\/Calycophyllum-spruceanum-Rape-Mulateiro.jpg\"><img decoding=\"async\" class=\"aligncenter wp-image-166 size-medium\" src=\"http:\/\/orisha-ossain.com\/wp-content\/uploads\/2023\/06\/Calycophyllum-spruceanum-Rape-Mulateiro-225x300.jpg\" alt=\"Tallo rojizo de un gran \u00e1rbol mulateiro rap\u00e9 con fondo azul\" width=\"225\" height=\"300\" srcset=\"https:\/\/orisha-ossain.com\/wp-content\/uploads\/2023\/06\/Calycophyllum-spruceanum-Rape-Mulateiro-225x300.jpg 225w, https:\/\/orisha-ossain.com\/wp-content\/uploads\/2023\/06\/Calycophyllum-spruceanum-Rape-Mulateiro.jpg 750w\" sizes=\"(max-width: 225px) 100vw, 225px\" \/><\/a><\/p>","protected":false},"excerpt":{"rendered":"<p>Este Mulateiro Yawanawa ofrece un tabaco fino y fluido, de aspecto gris claro, aroma agradable y mucha fuerza.<\/p>\n<p>Nombres: Mulateiro, Capirona, Rap\u00e9 Pau-Mulato.<br \/>\nTribu:  Yawanawa<br \/>\nOrigen: Acre, Brasil.<\/p>","protected":false},"featured_media":35642,"template":"","meta":{"_seopress_robots_primary_cat":"none","_seopress_titles_title":"Rap\u00e9 Mulateiro - Calycophyllum Spruceanum - Orisha Ossain","_seopress_titles_desc":"This Mulateiro Yawanawa offers a fine and flowing snuff with a light grey appearance, a pleasant aroma, and plenty of force.","_seopress_robots_index":"","_kad_blocks_custom_css":"","_kad_blocks_head_custom_js":"","_kad_blocks_body_custom_js":"","_kad_blocks_footer_custom_js":"","_kad_post_transparent":"default","_kad_post_title":"","_kad_post_layout":"default","_kad_post_sidebar_id":"","_kad_post_content_style":"default","_kad_post_vertical_padding":"default","_kad_post_feature":"","_kad_post_feature_position":"","_kad_post_header":false,"_kad_post_footer":false,"_kad_post_classname":""},"product_brand":[],"product_cat":[50],"product_tag":[62],"class_list":{"0":"post-288","1":"product","2":"type-product","3":"status-publish","4":"has-post-thumbnail","6":"product_cat-rape","7":"product_tag-yawanawa","9":"first","10":"instock","11":"taxable","12":"shipping-taxable","13":"purchasable","14":"product-type-variable","15":"entry","16":"content-bg","17":"loop-entry"},"taxonomy_info":{"product_cat":[{"value":50,"label":"Rap\u00e9"}],"product_tag":[{"value":62,"label":"Yawanawa"}]},"featured_image_src_large":["https:\/\/orisha-ossain.com\/wp-content\/uploads\/2024\/11\/Mulateiro_Orisha_Ossain.png",736,736,false],"author_info":[],"comment_info":"","_links":{"self":[{"href":"https:\/\/orisha-ossain.com\/es\/wp-json\/wp\/v2\/product\/288","targetHints":{"allow":["GET"]}}],"collection":[{"href":"https:\/\/orisha-ossain.com\/es\/wp-json\/wp\/v2\/product"}],"about":[{"href":"https:\/\/orisha-ossain.com\/es\/wp-json\/wp\/v2\/types\/product"}],"wp:featuredmedia":[{"embeddable":true,"href":"https:\/\/orisha-ossain.com\/es\/wp-json\/wp\/v2\/media\/35642"}],"wp:attachment":[{"href":"https:\/\/orisha-ossain.com\/es\/wp-json\/wp\/v2\/media?parent=288"}],"wp:term":[{"taxonomy":"product_brand","embeddable":true,"href":"https:\/\/orisha-ossain.com\/es\/wp-json\/wp\/v2\/product_brand?post=288"},{"taxonomy":"product_cat","embeddable":true,"href":"https:\/\/orisha-ossain.com\/es\/wp-json\/wp\/v2\/product_cat?post=288"},{"taxonomy":"product_tag","embeddable":true,"href":"https:\/\/orisha-ossain.com\/es\/wp-json\/wp\/v2\/product_tag?post=288"}],"curies":[{"name":"wp","href":"https:\/\/api.w.org\/{rel}","templated":true}]}}