{"id":2550,"date":"2024-01-05T10:19:06","date_gmt":"2024-01-05T09:19:06","guid":{"rendered":"http:\/\/orisha-ossain.com\/?post_type=product&#038;p=2550"},"modified":"2026-04-16T21:16:50","modified_gmt":"2026-04-16T19:16:50","slug":"rape-ipe-roxo","status":"publish","type":"product","link":"https:\/\/orisha-ossain.com\/es\/product\/rape-ipe-roxo\/","title":{"rendered":"Rap\u00e9 Ip\u00ea Roxo"},"content":{"rendered":"<h1>Rap\u00e9 Ip\u00ea Roxo<\/h1>\n<p>Se trata de la \u00faltima incorporaci\u00f3n a la lista de tipos de rap\u00e9 fabricados por una generaci\u00f3n m\u00e1s joven de aficionados brasile\u00f1os al rap\u00e9. El Rap\u00e9 ipe roxo no se fabrica en la selva, sino en la ciudad de Sao Paulo. Procede de un joven Caboclo amigo m\u00edo cuyo excelente tsunu Jurema rap\u00e9 tambi\u00e9n ocupa un lugar especial en mi tienda.<\/p>\n<p>El Rap\u00e9 Ip\u00ea Roxo utiliza la ceniza del tronco del \u00e1rbol Ip\u00ea Roxo.<\/p>\n<h2>Handroanthus impetiginosus\/Ip\u00ea Roxo<\/h2>\n<p>es un \u00e1rbol de la familia de las Bignoniaceae, distribuido por Am\u00e9rica del Norte, Central y del Sur, desde el norte de M\u00e9xico hacia el sur hasta el norte de Argentina. Prospera en bosques primarios densos y en formaciones abiertas y secundarias.<\/p>\n<figure id=\"attachment_2520\" aria-describedby=\"caption-attachment-2520\" style=\"width: 746px\" class=\"wp-caption aligncenter\"><a href=\"http:\/\/orisha-ossain.com\/wp-content\/uploads\/2024\/01\/Ipe-roxo.jpg\"><img decoding=\"async\" class=\"wp-image-2520 size-full\" src=\"http:\/\/orisha-ossain.com\/wp-content\/uploads\/2024\/01\/Ipe-roxo.jpg\" alt=\"Handroanthus impetiginosus \/ Rap\u00e9 Ip\u00ea Roxo\" width=\"746\" height=\"661\" srcset=\"https:\/\/orisha-ossain.com\/wp-content\/uploads\/2024\/01\/Ipe-roxo.jpg 746w, https:\/\/orisha-ossain.com\/wp-content\/uploads\/2024\/01\/Ipe-roxo-300x266.jpg 300w\" sizes=\"(max-width: 746px) 100vw, 746px\" \/><\/a><figcaption id=\"caption-attachment-2520\" class=\"wp-caption-text\">Handroanthus impetiginosus \/ Ip\u00ea Roxo<\/figcaption><\/figure>","protected":false},"excerpt":{"rendered":"<p>Rap\u00e9 Ip\u00ea Roxo utiliza la ceniza del tronco del \u00e1rbol Ip\u00ea Roxo. Las personas que conocen lo que hago y c\u00f3mo trabajo saben que todos los tipos que presento aqu\u00ed son \u00fanicos a su manera especial. Rap\u00e9 Ip\u00ea Roxo tiene un car\u00e1cter maravilloso para que usted lo descubra.<\/p>","protected":false},"featured_media":35633,"template":"","meta":{"_seopress_robots_primary_cat":"none","_seopress_titles_title":"Rap\u00e9 Ipe\u0302 Roxo - Caboclo Rap\u00e9 - Orisha Ossain - High Quality Snuff","_seopress_titles_desc":"Rap\u00e9 Ipe\u0302 Roxo uses the trunk ash of the Ipe\u0302 Roxo tree. It has a wonderful character that awaits discovery.","_seopress_robots_index":"","_kad_blocks_custom_css":"","_kad_blocks_head_custom_js":"","_kad_blocks_body_custom_js":"","_kad_blocks_footer_custom_js":"","_kad_post_transparent":"default","_kad_post_title":"","_kad_post_layout":"default","_kad_post_sidebar_id":"","_kad_post_content_style":"default","_kad_post_vertical_padding":"default","_kad_post_feature":"","_kad_post_feature_position":"","_kad_post_header":false,"_kad_post_footer":false,"_kad_post_classname":""},"product_brand":[],"product_cat":[50],"product_tag":[54],"class_list":{"0":"post-2550","1":"product","2":"type-product","3":"status-publish","4":"has-post-thumbnail","6":"product_cat-rape","7":"product_tag-caboclo","9":"first","10":"instock","11":"taxable","12":"shipping-taxable","13":"purchasable","14":"product-type-variable","15":"entry","16":"content-bg","17":"loop-entry"},"taxonomy_info":{"product_cat":[{"value":50,"label":"Rap\u00e9"}],"product_tag":[{"value":54,"label":"Caboclo"}]},"featured_image_src_large":["https:\/\/orisha-ossain.com\/wp-content\/uploads\/2024\/11\/Ipe-Roxo_Orisha_Ossain.png",736,736,false],"author_info":[],"comment_info":"","_links":{"self":[{"href":"https:\/\/orisha-ossain.com\/es\/wp-json\/wp\/v2\/product\/2550","targetHints":{"allow":["GET"]}}],"collection":[{"href":"https:\/\/orisha-ossain.com\/es\/wp-json\/wp\/v2\/product"}],"about":[{"href":"https:\/\/orisha-ossain.com\/es\/wp-json\/wp\/v2\/types\/product"}],"wp:featuredmedia":[{"embeddable":true,"href":"https:\/\/orisha-ossain.com\/es\/wp-json\/wp\/v2\/media\/35633"}],"wp:attachment":[{"href":"https:\/\/orisha-ossain.com\/es\/wp-json\/wp\/v2\/media?parent=2550"}],"wp:term":[{"taxonomy":"product_brand","embeddable":true,"href":"https:\/\/orisha-ossain.com\/es\/wp-json\/wp\/v2\/product_brand?post=2550"},{"taxonomy":"product_cat","embeddable":true,"href":"https:\/\/orisha-ossain.com\/es\/wp-json\/wp\/v2\/product_cat?post=2550"},{"taxonomy":"product_tag","embeddable":true,"href":"https:\/\/orisha-ossain.com\/es\/wp-json\/wp\/v2\/product_tag?post=2550"}],"curies":[{"name":"wp","href":"https:\/\/api.w.org\/{rel}","templated":true}]}}