{"id":2540,"date":"2024-01-05T07:55:44","date_gmt":"2024-01-05T06:55:44","guid":{"rendered":"http:\/\/orisha-ossain.com\/?post_type=product&#038;p=2540"},"modified":"2026-04-18T23:29:06","modified_gmt":"2026-04-18T21:29:06","slug":"aguila-de-bambu","status":"publish","type":"product","link":"https:\/\/orisha-ossain.com\/es\/product\/bamboo-eagle\/","title":{"rendered":"\u00c1guila de bamb\u00fa"},"content":{"rendered":"<h2><a href=\"http:\/\/orisha-ossain.com\/wp-content\/uploads\/2024\/01\/eag05-scaled.jpg\"><img decoding=\"async\" class=\"aligncenter wp-image-2578 size-large\" src=\"http:\/\/orisha-ossain.com\/wp-content\/uploads\/2024\/01\/eag05-1024x1024.jpg\" alt=\"\" width=\"1024\" height=\"1024\" srcset=\"https:\/\/orisha-ossain.com\/wp-content\/uploads\/2024\/01\/eag05-1024x1024.jpg 1024w, https:\/\/orisha-ossain.com\/wp-content\/uploads\/2024\/01\/eag05-300x300.jpg 300w, https:\/\/orisha-ossain.com\/wp-content\/uploads\/2024\/01\/eag05-150x150.jpg 150w, https:\/\/orisha-ossain.com\/wp-content\/uploads\/2024\/01\/eag05-768x768.jpg 768w, https:\/\/orisha-ossain.com\/wp-content\/uploads\/2024\/01\/eag05-1536x1536.jpg 1536w, https:\/\/orisha-ossain.com\/wp-content\/uploads\/2024\/01\/eag05-2048x2048.jpg 2048w, https:\/\/orisha-ossain.com\/wp-content\/uploads\/2024\/01\/eag05-465x465.jpg 465w, https:\/\/orisha-ossain.com\/wp-content\/uploads\/2024\/01\/eag05-100x100.jpg 100w\" sizes=\"(max-width: 1024px) 100vw, 1024px\" \/><\/a><\/h2>\n<h2 style=\"text-align: center;\"><a href=\"http:\/\/orisha-ossain.com\/es\/product-category\/tepi\/\">Tepi<\/a> y Kuripe<span style=\"font-size: 16px;\">\u00a0<\/span><\/h2>\n<p style=\"text-align: center;\">Echa un vistazo a la colecci\u00f3n de Tepi y Kuripe. Hay disponibles varios estilos de diferentes artistas. <a style=\"font-weight: bold; font-family: var(--global-body-font-family);\" href=\"http:\/\/orisha-ossain.com\/wp-content\/uploads\/2023\/06\/Tepi-Blessings.jpg\"><img decoding=\"async\" class=\"wp-image-55 size-medium aligncenter\" src=\"http:\/\/orisha-ossain.com\/wp-content\/uploads\/2023\/06\/Tepi-Blessings-300x199.jpg\" alt=\"Tepis reciben la bendici\u00f3n de sus creadores\" width=\"300\" height=\"199\" srcset=\"https:\/\/orisha-ossain.com\/wp-content\/uploads\/2023\/06\/Tepi-Blessings-300x199.jpg 300w, https:\/\/orisha-ossain.com\/wp-content\/uploads\/2023\/06\/Tepi-Blessings.jpg 640w\" sizes=\"(max-width: 300px) 100vw, 300px\" \/><\/a><span style=\"font-size: 14px; font-family: var(--global-body-font-family);\">Tepis reciben la bendici\u00f3n de sus creadores<\/span><\/p>","protected":false},"excerpt":{"rendered":"<p>Sencillo kuripe de bamb\u00fa con un muy bonito y detallado egle incorporado. La peque\u00f1a piedra brillante para sus eys completa esta peque\u00f1a canica.<\/p>","protected":false},"featured_media":2575,"template":"","meta":{"_seopress_robots_primary_cat":"none","_seopress_titles_title":"","_seopress_titles_desc":"","_seopress_robots_index":"","_kad_blocks_custom_css":"","_kad_blocks_head_custom_js":"","_kad_blocks_body_custom_js":"","_kad_blocks_footer_custom_js":"","_kad_post_transparent":"default","_kad_post_title":"","_kad_post_layout":"default","_kad_post_sidebar_id":"","_kad_post_content_style":"default","_kad_post_vertical_padding":"default","_kad_post_feature":"","_kad_post_feature_position":"","_kad_post_header":false,"_kad_post_footer":false,"_kad_post_classname":""},"product_brand":[],"product_cat":[67],"product_tag":[75],"class_list":{"0":"post-2540","1":"product","2":"type-product","3":"status-publish","4":"has-post-thumbnail","6":"product_cat-kuripe","7":"product_tag-kuripe","9":"first","10":"instock","11":"taxable","12":"shipping-taxable","13":"purchasable","14":"product-type-simple","15":"entry","16":"content-bg","17":"loop-entry"},"taxonomy_info":{"product_cat":[{"value":67,"label":"Kuripe"}],"product_tag":[{"value":75,"label":"Kuripe"}]},"featured_image_src_large":["https:\/\/orisha-ossain.com\/wp-content\/uploads\/2024\/01\/eag01-1024x1024.jpg",1024,1024,true],"author_info":[],"comment_info":"","_links":{"self":[{"href":"https:\/\/orisha-ossain.com\/es\/wp-json\/wp\/v2\/product\/2540","targetHints":{"allow":["GET"]}}],"collection":[{"href":"https:\/\/orisha-ossain.com\/es\/wp-json\/wp\/v2\/product"}],"about":[{"href":"https:\/\/orisha-ossain.com\/es\/wp-json\/wp\/v2\/types\/product"}],"wp:featuredmedia":[{"embeddable":true,"href":"https:\/\/orisha-ossain.com\/es\/wp-json\/wp\/v2\/media\/2575"}],"wp:attachment":[{"href":"https:\/\/orisha-ossain.com\/es\/wp-json\/wp\/v2\/media?parent=2540"}],"wp:term":[{"taxonomy":"product_brand","embeddable":true,"href":"https:\/\/orisha-ossain.com\/es\/wp-json\/wp\/v2\/product_brand?post=2540"},{"taxonomy":"product_cat","embeddable":true,"href":"https:\/\/orisha-ossain.com\/es\/wp-json\/wp\/v2\/product_cat?post=2540"},{"taxonomy":"product_tag","embeddable":true,"href":"https:\/\/orisha-ossain.com\/es\/wp-json\/wp\/v2\/product_tag?post=2540"}],"curies":[{"name":"wp","href":"https:\/\/api.w.org\/{rel}","templated":true}]}}