{"id":2539,"date":"2024-01-05T07:39:11","date_gmt":"2024-01-05T06:39:11","guid":{"rendered":"http:\/\/orisha-ossain.com\/?post_type=product&#038;p=2539"},"modified":"2026-02-12T14:14:00","modified_gmt":"2026-02-12T13:14:00","slug":"bambu-kuripe-xl","status":"publish","type":"product","link":"https:\/\/orisha-ossain.com\/es\/product\/bamboo-kuripe-xl\/","title":{"rendered":"Kuripe de bamb\u00fa XL"},"content":{"rendered":"<p>Este kuripe de bamb\u00fa de tama\u00f1o XL es una aut\u00e9ntica pieza artesanal. Se le han a\u00f1adido muchos detalles. Los largos tubos de bamb\u00fa proporcionan una importante presi\u00f3n de soplado.<\/p>\n<p><img decoding=\"async\" class=\"aligncenter wp-image-41724 size-full\" src=\"https:\/\/orisha-ossain.com\/wp-content\/uploads\/2025\/04\/xlbr01.jpg\" alt=\"\" width=\"2000\" height=\"2000\" srcset=\"https:\/\/orisha-ossain.com\/wp-content\/uploads\/2025\/04\/xlbr01.jpg 2000w, https:\/\/orisha-ossain.com\/wp-content\/uploads\/2025\/04\/xlbr01-300x300.jpg 300w, https:\/\/orisha-ossain.com\/wp-content\/uploads\/2025\/04\/xlbr01-1024x1024.jpg 1024w, https:\/\/orisha-ossain.com\/wp-content\/uploads\/2025\/04\/xlbr01-768x768.jpg 768w, https:\/\/orisha-ossain.com\/wp-content\/uploads\/2025\/04\/xlbr01-1536x1536.jpg 1536w, https:\/\/orisha-ossain.com\/wp-content\/uploads\/2025\/04\/xlbr01-12x12.jpg 12w, https:\/\/orisha-ossain.com\/wp-content\/uploads\/2025\/04\/xlbr01-75x75.jpg 75w, https:\/\/orisha-ossain.com\/wp-content\/uploads\/2025\/04\/xlbr01-465x465.jpg 465w, https:\/\/orisha-ossain.com\/wp-content\/uploads\/2025\/04\/xlbr01-100x100.jpg 100w\" sizes=\"(max-width: 2000px) 100vw, 2000px\" \/><\/p>\n<p>&nbsp;<\/p>\n<h2 style=\"text-align: center;\"><a href=\"http:\/\/orisha-ossain.com\/es\/product-category\/tepi\/\">Tepi<\/a> y Kuripe<span style=\"font-size: 16px;\">\u00a0<\/span><\/h2>\n<p style=\"text-align: center;\">Echa un vistazo a la colecci\u00f3n de Tepi y Kuripe. Hay disponibles varios estilos de diferentes artistas. <a style=\"font-weight: bold; font-family: var(--global-body-font-family);\" href=\"http:\/\/orisha-ossain.com\/wp-content\/uploads\/2023\/06\/Tepi-Blessings.jpg\"><img decoding=\"async\" class=\"wp-image-55 size-medium aligncenter\" src=\"http:\/\/orisha-ossain.com\/wp-content\/uploads\/2023\/06\/Tepi-Blessings-300x199.jpg\" alt=\"Tepis reciben la bendici\u00f3n de sus creadores\" width=\"300\" height=\"199\" srcset=\"https:\/\/orisha-ossain.com\/wp-content\/uploads\/2023\/06\/Tepi-Blessings-300x199.jpg 300w, https:\/\/orisha-ossain.com\/wp-content\/uploads\/2023\/06\/Tepi-Blessings.jpg 640w\" sizes=\"(max-width: 300px) 100vw, 300px\" \/><\/a><span style=\"font-size: 14px; font-family: var(--global-body-font-family);\">Tepis reciben la bendici\u00f3n de sus creadores<\/span><\/p>","protected":false},"excerpt":{"rendered":"<p>Se trata de un Kuripe de bamb\u00fa de tama\u00f1o XL con arte pirogr\u00e1fico, un cristal en la parte inferior y un maravilloso arte de abalorios. No olvidemos el cristal en la parte inferior.<\/p>\n<p>longitud aprox. 29 cm<br \/>\ndi\u00e1metro exterior aproximado extremo receptor 8 mm<\/p>","protected":false},"featured_media":53032,"template":"","meta":{"_seopress_robots_primary_cat":"none","_seopress_titles_title":"%%post_title%% -Auto-aplicator - From Brazil -Orisha Ossain","_seopress_titles_desc":"This Bamboo XL-sized kuripe is a true artisan piece. There are many details added to it. The long bamboo pipes give it a lot of blowing pressure.","_seopress_robots_index":"","_kad_blocks_custom_css":"","_kad_blocks_head_custom_js":"","_kad_blocks_body_custom_js":"","_kad_blocks_footer_custom_js":"","_kad_post_transparent":"default","_kad_post_title":"","_kad_post_layout":"default","_kad_post_sidebar_id":"","_kad_post_content_style":"default","_kad_post_vertical_padding":"default","_kad_post_feature":"","_kad_post_feature_position":"","_kad_post_header":false,"_kad_post_footer":false,"_kad_post_classname":""},"product_brand":[],"product_cat":[67],"product_tag":[75],"class_list":{"0":"post-2539","1":"product","2":"type-product","3":"status-publish","4":"has-post-thumbnail","6":"product_cat-kuripe","7":"product_tag-kuripe","9":"first","10":"instock","11":"taxable","12":"shipping-taxable","13":"purchasable","14":"product-type-simple","15":"entry","16":"content-bg","17":"loop-entry"},"taxonomy_info":{"product_cat":[{"value":67,"label":"Kuripe"}],"product_tag":[{"value":75,"label":"Kuripe"}]},"featured_image_src_large":["https:\/\/orisha-ossain.com\/wp-content\/uploads\/2026\/02\/xlbr-1024x890.jpg",1024,890,true],"author_info":[],"comment_info":"","_links":{"self":[{"href":"https:\/\/orisha-ossain.com\/es\/wp-json\/wp\/v2\/product\/2539","targetHints":{"allow":["GET"]}}],"collection":[{"href":"https:\/\/orisha-ossain.com\/es\/wp-json\/wp\/v2\/product"}],"about":[{"href":"https:\/\/orisha-ossain.com\/es\/wp-json\/wp\/v2\/types\/product"}],"wp:featuredmedia":[{"embeddable":true,"href":"https:\/\/orisha-ossain.com\/es\/wp-json\/wp\/v2\/media\/53032"}],"wp:attachment":[{"href":"https:\/\/orisha-ossain.com\/es\/wp-json\/wp\/v2\/media?parent=2539"}],"wp:term":[{"taxonomy":"product_brand","embeddable":true,"href":"https:\/\/orisha-ossain.com\/es\/wp-json\/wp\/v2\/product_brand?post=2539"},{"taxonomy":"product_cat","embeddable":true,"href":"https:\/\/orisha-ossain.com\/es\/wp-json\/wp\/v2\/product_cat?post=2539"},{"taxonomy":"product_tag","embeddable":true,"href":"https:\/\/orisha-ossain.com\/es\/wp-json\/wp\/v2\/product_tag?post=2539"}],"curies":[{"name":"wp","href":"https:\/\/api.w.org\/{rel}","templated":true}]}}