{"id":2516,"date":"2024-01-01T13:29:56","date_gmt":"2024-01-01T12:29:56","guid":{"rendered":"http:\/\/orisha-ossain.com\/?post_type=product&#038;p=2516"},"modified":"2026-04-06T13:07:24","modified_gmt":"2026-04-06T11:07:24","slug":"rape-sagrada","status":"publish","type":"product","link":"https:\/\/orisha-ossain.com\/es\/product\/rape-sagrada\/","title":{"rendered":"Rap\u00e9 Sagrada"},"content":{"rendered":"<h2>Rap\u00e9 Sagrada.<\/h2>\n<p>Este rap\u00e9 Sagrada es una de las \u00faltimas incorporaciones a la colecci\u00f3n. Se trata de un rap\u00e9 desarrollado y creado por los indios Kaxinawa (Huni Kuin). Sagrada es la palabra brasile\u00f1a para sagrado. Rap\u00e9 sagrada es un interesante rap\u00e9 con matices herbales de Nissural y Katseral.<\/p>\n<p>El Rap\u00e9 sagrada es una mezcla compleja que utiliza tres tipos diferentes de ceniza, Murici, Caneleiro y San\u00fa. \u00c9stas se combinan con las hojas pulverizadas de las dos hierbas medicinales m\u00e1s conocidas hist\u00f3ricamente y utilizadas por las tribus brasile\u00f1as. Estas hierbas son Nissural y Katseral.<\/p>\n<p>La evoluci\u00f3n de la rap\u00e9 ha experimentado algunos cambios importantes en los \u00faltimos 15 a\u00f1os. Ha habido muchos avances en el uso de diferentes hierbas y cenizas.<\/p>\n<h2>Nissural y Katseral<\/h2>\n<p>El nissural es una planta medicinal utilizada tradicionalmente por la tribu kaxinawa, pero ha encontrado su lugar como ingrediente en el rap\u00e9 de varias tribus. Nissural se considera una hierba curativa. Seg\u00fan los Kaxinawa, Nissural tiene el poder de curar, tanto si se utiliza en un Rap\u00e9 como, por ejemplo, en un ba\u00f1o. En su lengua nativa, Nissu significa enfermedad y ral, curaci\u00f3n. Por lo tanto, es el sanador de las enfermedades.<\/p>\n<p>Nissural est\u00e1 estrechamente relacionado con la hierba Katsaral (Catsaral). No se dispone de m\u00e1s informaci\u00f3n (cient\u00edfica) sobre esta maravillosa hierba.<\/p>\n<p>Recientemente recib\u00ed un breve v\u00eddeo de los fabricantes de rap\u00e9 sagrada en el que se muestran las hojas de estas dos plantas curativas estrechamente relacionadas.<\/p>\n<div style=\"width: 480px;\" class=\"wp-video\"><video class=\"wp-video-shortcode\" id=\"video-2516-1\" width=\"480\" height=\"864\" preload=\"metadata\" controls=\"controls\"><source type=\"video\/mp4\" src=\"http:\/\/orisha-ossain.com\/wp-content\/uploads\/2024\/01\/Nissural-Katseral.mp4?_=1\" \/><a href=\"http:\/\/orisha-ossain.com\/wp-content\/uploads\/2024\/01\/Nissural-Katseral.mp4\">http:\/\/orisha-ossain.com\/wp-content\/uploads\/2024\/01\/Nissural-Katseral.mp4<\/a><\/video><\/div>\n<p>Si quiere saber m\u00e1s sobre la tribu, lea lo siguiente <a href=\"https:\/\/pib.socioambiental.org\/en\/Povo:Huni_Kuin_(Kaxinaw\u00e1)\" target=\"_blank\" rel=\"noopener\">aqu\u00ed<\/a>.<a href=\"http:\/\/orisha-ossain.com\/wp-content\/uploads\/2024\/01\/Huni-Kuin-15-scaled-1-2048x1367-1.jpg\"><img decoding=\"async\" class=\"alignnone wp-image-2587 size-large\" src=\"http:\/\/orisha-ossain.com\/wp-content\/uploads\/2024\/01\/Huni-Kuin-15-scaled-1-2048x1367-1-1024x684.jpg\" alt=\"Kaxinawa Indio rap\u00e9 sagrada\" width=\"1024\" height=\"684\" srcset=\"https:\/\/orisha-ossain.com\/wp-content\/uploads\/2024\/01\/Huni-Kuin-15-scaled-1-2048x1367-1-1024x684.jpg 1024w, https:\/\/orisha-ossain.com\/wp-content\/uploads\/2024\/01\/Huni-Kuin-15-scaled-1-2048x1367-1-300x200.jpg 300w, https:\/\/orisha-ossain.com\/wp-content\/uploads\/2024\/01\/Huni-Kuin-15-scaled-1-2048x1367-1-768x513.jpg 768w, https:\/\/orisha-ossain.com\/wp-content\/uploads\/2024\/01\/Huni-Kuin-15-scaled-1-2048x1367-1-1536x1025.jpg 1536w, https:\/\/orisha-ossain.com\/wp-content\/uploads\/2024\/01\/Huni-Kuin-15-scaled-1-2048x1367-1.jpg 2048w\" sizes=\"(max-width: 1024px) 100vw, 1024px\" \/><\/a><\/p>\n<p>&nbsp;<\/p>","protected":false},"excerpt":{"rendered":"<p>Una de las \u00faltimas incorporaciones a la colecci\u00f3n. Directamente de la tribu brasile\u00f1a Kaxinaw\u00e1.<\/p>\n<p>Rap\u00e9 sagrada es una mezcla compleja que utiliza tres tipos diferentes de ceniza, Murici, Caneleiro y San\u00fa, pero hay m\u00e1s, lea m\u00e1s abajo.<\/p>","protected":false},"featured_media":35661,"template":"","meta":{"_seopress_robots_primary_cat":"none","_seopress_titles_title":"Rap\u00e9 Sagrada - Kaxinaw\u00e1 - Ashes - Murici - Caneleiro - Sanu","_seopress_titles_desc":"Rap\u00e9 sagrada is a complex mix using 3 types of ash, Murici, Caneleiro, and San\u00fa, and the herbs Nissural and Katseral.","_seopress_robots_index":"","_kad_blocks_custom_css":"","_kad_blocks_head_custom_js":"","_kad_blocks_body_custom_js":"","_kad_blocks_footer_custom_js":"","_kad_post_transparent":"default","_kad_post_title":"","_kad_post_layout":"default","_kad_post_sidebar_id":"","_kad_post_content_style":"default","_kad_post_vertical_padding":"default","_kad_post_feature":"","_kad_post_feature_position":"","_kad_post_header":false,"_kad_post_footer":false,"_kad_post_classname":""},"product_brand":[],"product_cat":[50],"product_tag":[56],"class_list":{"0":"post-2516","1":"product","2":"type-product","3":"status-publish","4":"has-post-thumbnail","6":"product_cat-rape","7":"product_tag-kaxinawa","9":"first","10":"instock","11":"featured","12":"taxable","13":"shipping-taxable","14":"purchasable","15":"product-type-variable","16":"entry","17":"content-bg","18":"loop-entry"},"taxonomy_info":{"product_cat":[{"value":50,"label":"Rap\u00e9"}],"product_tag":[{"value":56,"label":"Kaxinawa"}]},"featured_image_src_large":["https:\/\/orisha-ossain.com\/wp-content\/uploads\/2024\/11\/Sagrada_Orisha_Ossain.png",736,736,false],"author_info":[],"comment_info":"","_links":{"self":[{"href":"https:\/\/orisha-ossain.com\/es\/wp-json\/wp\/v2\/product\/2516","targetHints":{"allow":["GET"]}}],"collection":[{"href":"https:\/\/orisha-ossain.com\/es\/wp-json\/wp\/v2\/product"}],"about":[{"href":"https:\/\/orisha-ossain.com\/es\/wp-json\/wp\/v2\/types\/product"}],"wp:featuredmedia":[{"embeddable":true,"href":"https:\/\/orisha-ossain.com\/es\/wp-json\/wp\/v2\/media\/35661"}],"wp:attachment":[{"href":"https:\/\/orisha-ossain.com\/es\/wp-json\/wp\/v2\/media?parent=2516"}],"wp:term":[{"taxonomy":"product_brand","embeddable":true,"href":"https:\/\/orisha-ossain.com\/es\/wp-json\/wp\/v2\/product_brand?post=2516"},{"taxonomy":"product_cat","embeddable":true,"href":"https:\/\/orisha-ossain.com\/es\/wp-json\/wp\/v2\/product_cat?post=2516"},{"taxonomy":"product_tag","embeddable":true,"href":"https:\/\/orisha-ossain.com\/es\/wp-json\/wp\/v2\/product_tag?post=2516"}],"curies":[{"name":"wp","href":"https:\/\/api.w.org\/{rel}","templated":true}]}}