{"id":2428,"date":"2023-12-11T17:03:58","date_gmt":"2023-12-11T16:03:58","guid":{"rendered":"http:\/\/orisha-ossain.com\/?post_type=product&#038;p=2428"},"modified":"2025-11-02T13:02:05","modified_gmt":"2025-11-02T12:02:05","slug":"rape-tres-ervas","status":"publish","type":"product","link":"https:\/\/orisha-ossain.com\/es\/product\/rape-tres-ervas\/","title":{"rendered":"Rap\u00e9 Tres Ervas"},"content":{"rendered":"<h1>Rap\u00e9 Tres Ervas<\/h1>\n<p>Este Tres Ervas Rap\u00e9 lo fabrican unos amigos m\u00edos en las monta\u00f1as de S\u00e3o Thom\u00e9 das Letras, en Brasil. Los he visitado varias veces y llevo muchos a\u00f1os trabajando con ellos. Tres Ervas significa tres hierbas. Las cenizas org\u00e1nicas de Moi Mapacho, Pau Pereira y Parika, combinadas con las hierbas Alfavaca (albahaca), Copaiba y Emburana (Amburana cearensis), hacen de \u00e9ste un Rap\u00e9 bastante arom\u00e1tico y fuerte.<\/p>\n<div class=\"mceTemp\"><\/div>\n<h2 style=\"text-align: center;\"><span style=\"font-size: 12pt;\"><a href=\"http:\/\/orisha-ossain.com\/es\/product-category\/tepi\/\">Tepi <\/a>y <a href=\"http:\/\/orisha-ossain.com\/es\/product-category\/kuripe\/\">Kuripe<\/a><\/span><\/h2>\n<p style=\"text-align: center;\">Echa un vistazo a la colecci\u00f3n de Tepi y Kuripe. Hay disponibles varios estilos de diferentes artistas. <a style=\"font-weight: bold; font-family: var(--global-body-font-family);\" href=\"http:\/\/orisha-ossain.com\/wp-content\/uploads\/2023\/06\/Tepi-Blessings.jpg\"><img decoding=\"async\" class=\"wp-image-55 size-medium aligncenter\" src=\"http:\/\/orisha-ossain.com\/wp-content\/uploads\/2023\/06\/Tepi-Blessings-300x199.jpg\" alt=\"Tepis reciben la bendici\u00f3n de sus creadores\" width=\"300\" height=\"199\" srcset=\"https:\/\/orisha-ossain.com\/wp-content\/uploads\/2023\/06\/Tepi-Blessings-300x199.jpg 300w, https:\/\/orisha-ossain.com\/wp-content\/uploads\/2023\/06\/Tepi-Blessings.jpg 640w\" sizes=\"(max-width: 300px) 100vw, 300px\" \/><\/a><span style=\"font-size: 14px; font-family: var(--global-body-font-family);\">Tepis reciben la bendici\u00f3n de sus creadores<\/span><\/p>","protected":false},"excerpt":{"rendered":"<p>Un nuevo y muy fresco lote de Tres Ervas.<\/p>\n<p>Este Tres Ervas Rap\u00e9 lo fabrican unos amigos m\u00edos en las monta\u00f1as de S\u00e3o Thom\u00e9 das Letras, en Brasil. Los he visitado varias veces y llevo muchos a\u00f1os trabajando con ellos.<\/p>","protected":false},"featured_media":35669,"template":"","meta":{"_seopress_robots_primary_cat":"none","_seopress_titles_title":"Rap\u00e9 Tres Ervas - Alfavaca Copaiba & Emburana - Herbal Power","_seopress_titles_desc":"Tres Ervas Rap\u00e9 is made by good friends of mine. Besides moi & ash it holds Alfavaca  Copaiba & Emburana.","_seopress_robots_index":"","_kad_blocks_custom_css":"","_kad_blocks_head_custom_js":"","_kad_blocks_body_custom_js":"","_kad_blocks_footer_custom_js":"","_kad_post_transparent":"default","_kad_post_title":"","_kad_post_layout":"default","_kad_post_sidebar_id":"","_kad_post_content_style":"default","_kad_post_vertical_padding":"default","_kad_post_feature":"","_kad_post_feature_position":"","_kad_post_header":false,"_kad_post_footer":false,"_kad_post_classname":""},"product_brand":[],"product_cat":[50],"product_tag":[54],"class_list":{"0":"post-2428","1":"product","2":"type-product","3":"status-publish","4":"has-post-thumbnail","6":"product_cat-rape","7":"product_tag-caboclo","9":"first","10":"instock","11":"taxable","12":"shipping-taxable","13":"purchasable","14":"product-type-variable","15":"entry","16":"content-bg","17":"loop-entry"},"taxonomy_info":{"product_cat":[{"value":50,"label":"Rap\u00e9"}],"product_tag":[{"value":54,"label":"Caboclo"}]},"featured_image_src_large":["https:\/\/orisha-ossain.com\/wp-content\/uploads\/2024\/11\/Tres-Ervas_Orisha_Ossain.png",736,736,false],"author_info":[],"comment_info":"","_links":{"self":[{"href":"https:\/\/orisha-ossain.com\/es\/wp-json\/wp\/v2\/product\/2428","targetHints":{"allow":["GET"]}}],"collection":[{"href":"https:\/\/orisha-ossain.com\/es\/wp-json\/wp\/v2\/product"}],"about":[{"href":"https:\/\/orisha-ossain.com\/es\/wp-json\/wp\/v2\/types\/product"}],"wp:featuredmedia":[{"embeddable":true,"href":"https:\/\/orisha-ossain.com\/es\/wp-json\/wp\/v2\/media\/35669"}],"wp:attachment":[{"href":"https:\/\/orisha-ossain.com\/es\/wp-json\/wp\/v2\/media?parent=2428"}],"wp:term":[{"taxonomy":"product_brand","embeddable":true,"href":"https:\/\/orisha-ossain.com\/es\/wp-json\/wp\/v2\/product_brand?post=2428"},{"taxonomy":"product_cat","embeddable":true,"href":"https:\/\/orisha-ossain.com\/es\/wp-json\/wp\/v2\/product_cat?post=2428"},{"taxonomy":"product_tag","embeddable":true,"href":"https:\/\/orisha-ossain.com\/es\/wp-json\/wp\/v2\/product_tag?post=2428"}],"curies":[{"name":"wp","href":"https:\/\/api.w.org\/{rel}","templated":true}]}}