{"id":230,"date":"2023-06-27T12:17:21","date_gmt":"2023-06-27T10:17:21","guid":{"rendered":"http:\/\/orisha-ossain.com\/?post_type=product&#038;p=230"},"modified":"2026-04-14T14:49:27","modified_gmt":"2026-04-14T12:49:27","slug":"rape-estrelar","status":"publish","type":"product","link":"https:\/\/orisha-ossain.com\/es\/product\/rape-estrelar\/","title":{"rendered":"Rap\u00e9 Estrelar"},"content":{"rendered":"<h2>Rap\u00e9 Estrelar<\/h2>\n<p>Los miembros de la tribu yawanawa desarrollaron este tipo de Rap\u00e9. El uso de cuatro tipos diferentes de cenizas hace que Rap\u00e9 Estrelar sea especial. Que yo sepa, nadie ha creado antes un rap\u00e9 tan complejo. Es el \u00fanico Rap\u00e9 que conozco con este tipo \u00fanico de alquimia.<\/p>\n<ul>\n<li>Sanu<\/li>\n<li>Bashawa<\/li>\n<li>Murici<\/li>\n<li>Cacoa<\/li>\n<\/ul>\n<h2>Simbolismo de Estrelar<\/h2>\n<p><a href=\"http:\/\/orisha-ossain.com\/wp-content\/uploads\/2023\/06\/dream-01.png\"><img decoding=\"async\" class=\"wp-image-247 size-medium alignright\" src=\"http:\/\/orisha-ossain.com\/wp-content\/uploads\/2023\/06\/dream-01-300x300.png\" alt=\"Cham\u00e1n en el lecho del r\u00edo so\u00f1ando con rap\u00e9 estrelar\" width=\"300\" height=\"300\" srcset=\"https:\/\/orisha-ossain.com\/wp-content\/uploads\/2023\/06\/dream-01-300x300.png 300w, https:\/\/orisha-ossain.com\/wp-content\/uploads\/2023\/06\/dream-01-100x100.png 100w, https:\/\/orisha-ossain.com\/wp-content\/uploads\/2023\/06\/dream-01-150x150.png 150w, https:\/\/orisha-ossain.com\/wp-content\/uploads\/2023\/06\/dream-01.png 320w\" sizes=\"(max-width: 300px) 100vw, 300px\" \/><\/a><\/p>\n<ul>\n<li>La palabra \"estrelar\" se traduce directamente como \"de las estrellas\" y hace referencia al lucero del alba. Muchas culturas, incluidas las chamanistas sudamericanas, subrayan una conexi\u00f3n espiritual con el simbolismo del lucero del alba. Esta conexi\u00f3n proviene de c\u00f3mo el lucero del alba se\u00f1ala el amanecer de un nuevo d\u00eda, reflejando el papel del cham\u00e1n a la hora de guiar a las personas a trav\u00e9s de la transformaci\u00f3n y el despertar espiritual.<\/li>\n<li>El s\u00edmbolo de la Estrella de la Ma\u00f1ana transmite un mensaje fuerte y atemporal y sigue siendo muy significativo hoy en d\u00eda. Tiende un puente entre el mundo espiritual y el material y simboliza el amor, la luz, la felicidad y el equilibrio, record\u00e1ndonos nuestro v\u00ednculo con el mundo y ofreci\u00e9ndonos consuelo.<\/li>\n<li>La estrella de cuatro puntas se asemeja a una cruz, que une los opuestos y representa el equilibrio. Adem\u00e1s, la estrella de cuatro puntas adapta su significado en funci\u00f3n del contexto.<\/li>\n<li>Rap\u00e9 Estrelar vincula activamente los mundos espiritual y material, encarnando la armon\u00eda, la bondad y la paz.<\/li>\n<\/ul>\n<p><a href=\"http:\/\/orisha-ossain.com\/wp-content\/uploads\/2023\/06\/dream-02.png\"><img decoding=\"async\" class=\"wp-image-248 size-medium aligncenter\" src=\"http:\/\/orisha-ossain.com\/wp-content\/uploads\/2023\/06\/dream-02-300x300.png\" alt=\"Cham\u00e1n en el lecho del r\u00edo so\u00f1ando con rap\u00e9 estrelar\" width=\"300\" height=\"300\" srcset=\"https:\/\/orisha-ossain.com\/wp-content\/uploads\/2023\/06\/dream-02-300x300.png 300w, https:\/\/orisha-ossain.com\/wp-content\/uploads\/2023\/06\/dream-02-100x100.png 100w, https:\/\/orisha-ossain.com\/wp-content\/uploads\/2023\/06\/dream-02-150x150.png 150w, https:\/\/orisha-ossain.com\/wp-content\/uploads\/2023\/06\/dream-02.png 320w\" sizes=\"(max-width: 300px) 100vw, 300px\" \/><\/a><\/p>","protected":false},"excerpt":{"rendered":"<p>La tribu Yawanawa ha desarrollado recientemente Rap\u00e9 Estrelar, una nueva mezcla de su rap\u00e9. Esta mezcla incorpora cuatro tipos de ceniza, \u00a1un notable ejemplo de alquimia!<\/p>\n<p>Las cenizas son.<\/p>\n<ul>\n<li>Sanu<\/li>\n<li>Bashawa<\/li>\n<li>Murici<\/li>\n<li>Cacoa<\/li>\n<\/ul>","protected":false},"featured_media":35630,"template":"","meta":{"_seopress_robots_primary_cat":"none","_seopress_titles_title":"Rap\u00e9 Estrelar- Incorporates 4 Types of Ash - Orisha Ossain","_seopress_titles_desc":"Rap\u00e9 Estrelar uses  4 types of ash. Very nice Alchemy! The ashes are. Sanu, Bashawa, Murici and Cacoa","_seopress_robots_index":"","_kad_blocks_custom_css":"","_kad_blocks_head_custom_js":"","_kad_blocks_body_custom_js":"","_kad_blocks_footer_custom_js":"","_kad_post_transparent":"default","_kad_post_title":"","_kad_post_layout":"default","_kad_post_sidebar_id":"","_kad_post_content_style":"default","_kad_post_vertical_padding":"default","_kad_post_feature":"","_kad_post_feature_position":"","_kad_post_header":false,"_kad_post_footer":false,"_kad_post_classname":""},"product_brand":[],"product_cat":[50],"product_tag":[62],"class_list":{"0":"post-230","1":"product","2":"type-product","3":"status-publish","4":"has-post-thumbnail","6":"product_cat-rape","7":"product_tag-yawanawa","9":"first","10":"instock","11":"taxable","12":"shipping-taxable","13":"purchasable","14":"product-type-variable","15":"entry","16":"content-bg","17":"loop-entry"},"taxonomy_info":{"product_cat":[{"value":50,"label":"Rap\u00e9"}],"product_tag":[{"value":62,"label":"Yawanawa"}]},"featured_image_src_large":["https:\/\/orisha-ossain.com\/wp-content\/uploads\/2024\/11\/Estrelar_Orisha_Ossain.png",736,736,false],"author_info":[],"comment_info":"","_links":{"self":[{"href":"https:\/\/orisha-ossain.com\/es\/wp-json\/wp\/v2\/product\/230","targetHints":{"allow":["GET"]}}],"collection":[{"href":"https:\/\/orisha-ossain.com\/es\/wp-json\/wp\/v2\/product"}],"about":[{"href":"https:\/\/orisha-ossain.com\/es\/wp-json\/wp\/v2\/types\/product"}],"wp:featuredmedia":[{"embeddable":true,"href":"https:\/\/orisha-ossain.com\/es\/wp-json\/wp\/v2\/media\/35630"}],"wp:attachment":[{"href":"https:\/\/orisha-ossain.com\/es\/wp-json\/wp\/v2\/media?parent=230"}],"wp:term":[{"taxonomy":"product_brand","embeddable":true,"href":"https:\/\/orisha-ossain.com\/es\/wp-json\/wp\/v2\/product_brand?post=230"},{"taxonomy":"product_cat","embeddable":true,"href":"https:\/\/orisha-ossain.com\/es\/wp-json\/wp\/v2\/product_cat?post=230"},{"taxonomy":"product_tag","embeddable":true,"href":"https:\/\/orisha-ossain.com\/es\/wp-json\/wp\/v2\/product_tag?post=230"}],"curies":[{"name":"wp","href":"https:\/\/api.w.org\/{rel}","templated":true}]}}