{"id":2271,"date":"2023-11-13T19:38:11","date_gmt":"2023-11-13T18:38:11","guid":{"rendered":"http:\/\/orisha-ossain.com\/?post_type=product&#038;p=2271"},"modified":"2026-04-14T11:53:50","modified_gmt":"2026-04-14T09:53:50","slug":"rape-murici-cacao","status":"publish","type":"product","link":"https:\/\/orisha-ossain.com\/es\/product\/rape-murici-cacao\/","title":{"rendered":"Rap\u00e9 Murici Cacao"},"content":{"rendered":"<h2>Rap\u00e9 Murici Cacao<\/h2>\n<p>Este cacao murici rap\u00e9 de la tribu Kaxinawa es el resultado de sus experimentos con la mezcla de diversas cenizas.<\/p>\n<p>Los indios Kaxinamwa dicen que Murici tiene una energ\u00eda fuerte pero femenina que act\u00faa espec\u00edficamente en los chakras superiores. Junto con una potente ceniza de cacao, esta mezcla aporta una gran capacidad de resistencia y vivacidad, con poder de limpieza y purga.<\/p>\n<h2>Murici &amp; Cacao ceniza<\/h2>\n<p>Para elaborar este rap\u00e9 se reducen, filtran y limpian partes del \u00e1rbol Murici (Byrsonima Crassifolia) hasta obtener cenizas blanquecinas. Los indios Kaxinamwa dicen que el Murici tiene una energ\u00eda fuerte pero femenina que act\u00faa espec\u00edficamente en los chakras superiores.<\/p>\n<p>La ceniza de cacao procede del tronco del \u00e1rbol silvestre Theobroma cacao.<\/p>\n<figure id=\"attachment_2333\" aria-describedby=\"caption-attachment-2333\" style=\"width: 225px\" class=\"wp-caption alignleft\"><a href=\"http:\/\/orisha-ossain.com\/wp-content\/uploads\/2023\/11\/Byrsonima-Crassifolia-tree.jpg\"><img decoding=\"async\" class=\"wp-image-2333 size-medium\" src=\"http:\/\/orisha-ossain.com\/wp-content\/uploads\/2023\/11\/Byrsonima-Crassifolia-tree-225x300.jpg\" alt=\"Byrsonima-Crassifolia-\u00e1rbol la ceniza se utiliza para Murici cacao rap\u00e9\" width=\"225\" height=\"300\" srcset=\"https:\/\/orisha-ossain.com\/wp-content\/uploads\/2023\/11\/Byrsonima-Crassifolia-tree-225x300.jpg 225w, https:\/\/orisha-ossain.com\/wp-content\/uploads\/2023\/11\/Byrsonima-Crassifolia-tree-768x1024.jpg 768w, https:\/\/orisha-ossain.com\/wp-content\/uploads\/2023\/11\/Byrsonima-Crassifolia-tree.jpg 800w\" sizes=\"(max-width: 225px) 100vw, 225px\" \/><\/a><figcaption id=\"caption-attachment-2333\" class=\"wp-caption-text\">\u00c1rbol Murici (Byrsonima Crassifolia)<\/figcaption><\/figure>\n<figure id=\"attachment_2331\" aria-describedby=\"caption-attachment-2331\" style=\"width: 201px\" class=\"wp-caption alignright\"><a href=\"http:\/\/orisha-ossain.com\/wp-content\/uploads\/2023\/11\/theobroma-cacao-scaled.jpg\"><img decoding=\"async\" class=\"wp-image-2331 size-medium\" src=\"http:\/\/orisha-ossain.com\/wp-content\/uploads\/2023\/11\/theobroma-cacao-201x300.jpg\" alt=\"\" width=\"201\" height=\"300\" srcset=\"https:\/\/orisha-ossain.com\/wp-content\/uploads\/2023\/11\/theobroma-cacao-201x300.jpg 201w, https:\/\/orisha-ossain.com\/wp-content\/uploads\/2023\/11\/theobroma-cacao-685x1024.jpg 685w, https:\/\/orisha-ossain.com\/wp-content\/uploads\/2023\/11\/theobroma-cacao-768x1147.jpg 768w, https:\/\/orisha-ossain.com\/wp-content\/uploads\/2023\/11\/theobroma-cacao-1028x1536.jpg 1028w, https:\/\/orisha-ossain.com\/wp-content\/uploads\/2023\/11\/theobroma-cacao-1371x2048.jpg 1371w, https:\/\/orisha-ossain.com\/wp-content\/uploads\/2023\/11\/theobroma-cacao-scaled.jpg 1714w\" sizes=\"(max-width: 201px) 100vw, 201px\" \/><\/a><figcaption id=\"caption-attachment-2331\" class=\"wp-caption-text\">\u00c1rbol silvestre de cacao Theobroma<\/figcaption><\/figure>\n<p>&nbsp;<\/p>\n<p>&nbsp;<\/p>\n<p>&nbsp;<\/p>\n<p>&nbsp;<\/p>\n<p>&nbsp;<\/p>\n<p>&nbsp;<\/p>\n<p>&nbsp;<\/p>\n<h2>Uso tribal<\/h2>\n<p>La tribu Kaxinawa utiliza su Rap\u00e9 para distintos fines, como aliviar el dolor f\u00edsico y de cabeza y limpiar los senos nasales. Adem\u00e1s, los Kaxinawa aplican el Rap\u00e9 para la curaci\u00f3n mental, sobre todo en combinaci\u00f3n con c\u00e1nticos.<br \/>\nEl rap\u00e9 conecta a la tribu con los esp\u00edritus de la selva y, dependiendo de los ingredientes espec\u00edficos, puede curar, aumentar la concentraci\u00f3n, mejorar la caza o ser un conector con el esp\u00edritu de la naturaleza. A los Kaxinawa les gusta experimentar y utilizar una amplia gama de ingredientes para su rap\u00e9.<\/p>\n<p><a href=\"http:\/\/orisha-ossain.com\/wp-content\/uploads\/2023\/11\/kaxinawa.jpg\"><img decoding=\"async\" class=\"aligncenter wp-image-2334 size-full\" src=\"http:\/\/orisha-ossain.com\/wp-content\/uploads\/2023\/11\/kaxinawa.jpg\" alt=\"Indios Kaxinawa rap\u00e9 murici cacao\" width=\"964\" height=\"639\" srcset=\"https:\/\/orisha-ossain.com\/wp-content\/uploads\/2023\/11\/kaxinawa.jpg 964w, https:\/\/orisha-ossain.com\/wp-content\/uploads\/2023\/11\/kaxinawa-300x199.jpg 300w, https:\/\/orisha-ossain.com\/wp-content\/uploads\/2023\/11\/kaxinawa-768x509.jpg 768w\" sizes=\"(max-width: 964px) 100vw, 964px\" \/><\/a><\/p>","protected":false},"excerpt":{"rendered":"<p>Este rap\u00e9 Murici Cacao es la \u00faltima incorporaci\u00f3n de la creativa tribu Kaxinawa. Esta mezcla a\u00fana las maravillosas energ\u00edas del murici y las cenizas de cacao.<\/p>","protected":false},"featured_media":35647,"template":"","meta":{"_seopress_robots_primary_cat":"none","_seopress_titles_title":"Rap\u00e9 Murici Cacao - A Snuff With 2 Types of Ash - Kaxinawa","_seopress_titles_desc":"Rap\u00e9 Murici Cacao is the latest creation from the Kaxinawa tribe. This blend combines the ashes of murici and cacao.","_seopress_robots_index":"","_kad_blocks_custom_css":"","_kad_blocks_head_custom_js":"","_kad_blocks_body_custom_js":"","_kad_blocks_footer_custom_js":"","_kad_post_transparent":"default","_kad_post_title":"","_kad_post_layout":"default","_kad_post_sidebar_id":"","_kad_post_content_style":"default","_kad_post_vertical_padding":"default","_kad_post_feature":"","_kad_post_feature_position":"","_kad_post_header":false,"_kad_post_footer":false,"_kad_post_classname":""},"product_brand":[],"product_cat":[50],"product_tag":[56],"class_list":{"0":"post-2271","1":"product","2":"type-product","3":"status-publish","4":"has-post-thumbnail","6":"product_cat-rape","7":"product_tag-kaxinawa","9":"first","10":"instock","11":"taxable","12":"shipping-taxable","13":"purchasable","14":"product-type-variable","15":"entry","16":"content-bg","17":"loop-entry"},"taxonomy_info":{"product_cat":[{"value":50,"label":"Rap\u00e9"}],"product_tag":[{"value":56,"label":"Kaxinawa"}]},"featured_image_src_large":["https:\/\/orisha-ossain.com\/wp-content\/uploads\/2024\/11\/Muruci-Cacau_Orisha_Ossain.png",736,736,false],"author_info":[],"comment_info":"","_links":{"self":[{"href":"https:\/\/orisha-ossain.com\/es\/wp-json\/wp\/v2\/product\/2271","targetHints":{"allow":["GET"]}}],"collection":[{"href":"https:\/\/orisha-ossain.com\/es\/wp-json\/wp\/v2\/product"}],"about":[{"href":"https:\/\/orisha-ossain.com\/es\/wp-json\/wp\/v2\/types\/product"}],"wp:featuredmedia":[{"embeddable":true,"href":"https:\/\/orisha-ossain.com\/es\/wp-json\/wp\/v2\/media\/35647"}],"wp:attachment":[{"href":"https:\/\/orisha-ossain.com\/es\/wp-json\/wp\/v2\/media?parent=2271"}],"wp:term":[{"taxonomy":"product_brand","embeddable":true,"href":"https:\/\/orisha-ossain.com\/es\/wp-json\/wp\/v2\/product_brand?post=2271"},{"taxonomy":"product_cat","embeddable":true,"href":"https:\/\/orisha-ossain.com\/es\/wp-json\/wp\/v2\/product_cat?post=2271"},{"taxonomy":"product_tag","embeddable":true,"href":"https:\/\/orisha-ossain.com\/es\/wp-json\/wp\/v2\/product_tag?post=2271"}],"curies":[{"name":"wp","href":"https:\/\/api.w.org\/{rel}","templated":true}]}}