{"id":226,"date":"2023-06-27T12:10:05","date_gmt":"2023-06-27T10:10:05","guid":{"rendered":"http:\/\/orisha-ossain.com\/?post_type=product&#038;p=226"},"modified":"2026-04-18T17:18:17","modified_gmt":"2026-04-18T15:18:17","slug":"rape-tsunu-rasu","status":"publish","type":"product","link":"https:\/\/orisha-ossain.com\/es\/product\/rape-tsunu-rasu\/","title":{"rendered":"Rap\u00e9 Tsunu Ras\u00fa"},"content":{"rendered":"<h2>Rap\u00e9 Tsunu Ras\u00fa<\/h2>\n<p>Este es un cl\u00e1sico Yawanawa Tsunu rap\u00e9. Ras\u00fa, un joven indio Yawanawa brasile\u00f1o muy conocido, cre\u00f3 este rap\u00e9. Rap\u00e9 Tsunu Ras\u00fa tiene un aspecto marr\u00f3n claro y un tacto suave como la seda. Tsunu Ras\u00fa proporciona una energ\u00eda limpia con mucha potencia. Comparado con otros Tsunu Yawanawa rap\u00e9, Tsunu Ras\u00fa contiene menos ceniza de Tsunu.<\/p>\n<p>El rap\u00e9 elaborado con Tsunu ofrece muchos beneficios. Favorece la curaci\u00f3n, aumenta la fuerza espiritual, limpia la energ\u00eda y combate el cansancio f\u00edsico.<\/p>\n<figure id=\"attachment_272\" aria-describedby=\"caption-attachment-272\" style=\"width: 300px\" class=\"wp-caption aligncenter\"><a href=\"http:\/\/orisha-ossain.com\/wp-content\/uploads\/2023\/06\/Rasu.jpg\"><img decoding=\"async\" class=\"wp-image-272 size-medium\" src=\"http:\/\/orisha-ossain.com\/wp-content\/uploads\/2023\/06\/Rasu-300x263.jpg\" alt=\"Ras\u00fa de la tribu yawanawa con ropa tradicional. Creador de rap\u00e9 tsunu ras\u00fa\" width=\"300\" height=\"263\" srcset=\"https:\/\/orisha-ossain.com\/wp-content\/uploads\/2023\/06\/Rasu-300x263.jpg 300w, https:\/\/orisha-ossain.com\/wp-content\/uploads\/2023\/06\/Rasu.jpg 542w\" sizes=\"(max-width: 300px) 100vw, 300px\" \/><\/a><figcaption id=\"caption-attachment-272\" class=\"wp-caption-text\">Yawanawa Ras\u00fa<\/figcaption><\/figure>","protected":false},"excerpt":{"rendered":"<p>Tsunu Ras\u00fa tiene un aspecto marr\u00f3n claro y un tacto suave como la seda. Tsunu Ras\u00fa proporciona una energ\u00eda muy limpia con mucha potencia. En comparaci\u00f3n con las otras <a href=\"http:\/\/orisha-ossain.com\/es\/product\/rape-yawanawa\/\">Tsunu Yawanawa<\/a> el Tsunu Ras\u00fa tiene un menor contenido de cenizas Tsunu.<\/p>","protected":false},"featured_media":35675,"template":"","meta":{"_seopress_robots_primary_cat":"none","_seopress_titles_title":"Rap\u00e9 Tsunu Ras\u00fa - Yawanawa Tribal Snuff - Orisha Ossain","_seopress_titles_desc":"Tsunu Ras\u00fa has a light brown appearance and a silky smooth touch. Tsunu Ras\u00fa gives a very clean energy with plenty of power.","_seopress_robots_index":"","_kad_blocks_custom_css":"","_kad_blocks_head_custom_js":"","_kad_blocks_body_custom_js":"","_kad_blocks_footer_custom_js":"","_kad_post_transparent":"default","_kad_post_title":"","_kad_post_layout":"default","_kad_post_sidebar_id":"","_kad_post_content_style":"default","_kad_post_vertical_padding":"default","_kad_post_feature":"","_kad_post_feature_position":"","_kad_post_header":false,"_kad_post_footer":false,"_kad_post_classname":""},"product_brand":[],"product_cat":[50],"product_tag":[62],"class_list":{"0":"post-226","1":"product","2":"type-product","3":"status-publish","4":"has-post-thumbnail","6":"product_cat-rape","7":"product_tag-yawanawa","9":"first","10":"instock","11":"taxable","12":"shipping-taxable","13":"purchasable","14":"product-type-variable","15":"entry","16":"content-bg","17":"loop-entry"},"taxonomy_info":{"product_cat":[{"value":50,"label":"Rap\u00e9"}],"product_tag":[{"value":62,"label":"Yawanawa"}]},"featured_image_src_large":["https:\/\/orisha-ossain.com\/wp-content\/uploads\/2024\/11\/Tsunu-Rasu_Orisha_Ossain.png",736,736,false],"author_info":[],"comment_info":"","_links":{"self":[{"href":"https:\/\/orisha-ossain.com\/es\/wp-json\/wp\/v2\/product\/226","targetHints":{"allow":["GET"]}}],"collection":[{"href":"https:\/\/orisha-ossain.com\/es\/wp-json\/wp\/v2\/product"}],"about":[{"href":"https:\/\/orisha-ossain.com\/es\/wp-json\/wp\/v2\/types\/product"}],"wp:featuredmedia":[{"embeddable":true,"href":"https:\/\/orisha-ossain.com\/es\/wp-json\/wp\/v2\/media\/35675"}],"wp:attachment":[{"href":"https:\/\/orisha-ossain.com\/es\/wp-json\/wp\/v2\/media?parent=226"}],"wp:term":[{"taxonomy":"product_brand","embeddable":true,"href":"https:\/\/orisha-ossain.com\/es\/wp-json\/wp\/v2\/product_brand?post=226"},{"taxonomy":"product_cat","embeddable":true,"href":"https:\/\/orisha-ossain.com\/es\/wp-json\/wp\/v2\/product_cat?post=226"},{"taxonomy":"product_tag","embeddable":true,"href":"https:\/\/orisha-ossain.com\/es\/wp-json\/wp\/v2\/product_tag?post=226"}],"curies":[{"name":"wp","href":"https:\/\/api.w.org\/{rel}","templated":true}]}}