{"id":1883,"date":"2023-09-21T20:11:11","date_gmt":"2023-09-21T18:11:11","guid":{"rendered":"http:\/\/orisha-ossain.com\/?post_type=product&#038;p=1883"},"modified":"2024-11-14T22:13:38","modified_gmt":"2024-11-14T21:13:38","slug":"incienso-de-rosa","status":"publish","type":"product","link":"https:\/\/orisha-ossain.com\/es\/product\/rose-incense\/","title":{"rendered":"Incienso Rosa"},"content":{"rendered":"<h2>Incienso Rosa<\/h2>\n<p>Sum\u00e9rjase en la encantadora fragancia del Incienso Rosa, elaborado artesanalmente seg\u00fan la tradici\u00f3n sagrada del Monte Athos. Mezclando la delicada esencia de las rosas con resinas naturales y aceites esenciales, este incienso crea un ambiente sereno y estimulante. Ideal para la meditaci\u00f3n, la oraci\u00f3n o simplemente para realzar tu espacio vital, su aroma floral inspira paz, amor y conexi\u00f3n espiritual. De combusti\u00f3n lenta y cuidadosamente elaborado, el Incienso Rosa trae la belleza intemporal del Monte Athos a tus momentos sagrados.<\/p>\n<h2><a href=\"http:\/\/orisha-ossain.com\/wp-content\/uploads\/2023\/08\/ath01.jpg\"><img decoding=\"async\" class=\"size-medium wp-image-1627 aligncenter\" src=\"http:\/\/orisha-ossain.com\/wp-content\/uploads\/2023\/08\/ath01-300x300.jpg\" alt=\"\" width=\"300\" height=\"300\" srcset=\"https:\/\/orisha-ossain.com\/wp-content\/uploads\/2023\/08\/ath01-300x300.jpg 300w, https:\/\/orisha-ossain.com\/wp-content\/uploads\/2023\/08\/ath01-1024x1024.jpg 1024w, https:\/\/orisha-ossain.com\/wp-content\/uploads\/2023\/08\/ath01-150x150.jpg 150w, https:\/\/orisha-ossain.com\/wp-content\/uploads\/2023\/08\/ath01-768x768.jpg 768w, https:\/\/orisha-ossain.com\/wp-content\/uploads\/2023\/08\/ath01-465x465.jpg 465w, https:\/\/orisha-ossain.com\/wp-content\/uploads\/2023\/08\/ath01-100x100.jpg 100w, https:\/\/orisha-ossain.com\/wp-content\/uploads\/2023\/08\/ath01.jpg 1500w\" sizes=\"(max-width: 300px) 100vw, 300px\" \/><\/a><\/h2>\n<h2>Incienso del Monte Athos<\/h2>\n<p>El incienso procedente del Monte Athos se produce en una gran variedad de monasterios ortodoxos de la pen\u00ednsula. Para los monjes, la elaboraci\u00f3n del incienso forma parte de su pr\u00e1ctica religiosa meditativa. En silencio y en oraci\u00f3n, se elaboran sus mezclas de alta gama. <a href=\"http:\/\/orisha-ossain.com\/wp-content\/uploads\/2023\/07\/Athos.jpg\"><img decoding=\"async\" class=\"aligncenter wp-image-809\" src=\"http:\/\/orisha-ossain.com\/wp-content\/uploads\/2023\/07\/Athos-1024x768.jpg\" alt=\"Producci\u00f3n de incienso del Monte Athos\" width=\"750\" height=\"563\" srcset=\"https:\/\/orisha-ossain.com\/wp-content\/uploads\/2023\/07\/Athos-1024x768.jpg 1024w, https:\/\/orisha-ossain.com\/wp-content\/uploads\/2023\/07\/Athos-300x225.jpg 300w, https:\/\/orisha-ossain.com\/wp-content\/uploads\/2023\/07\/Athos-768x576.jpg 768w, https:\/\/orisha-ossain.com\/wp-content\/uploads\/2023\/07\/Athos-1536x1152.jpg 1536w, https:\/\/orisha-ossain.com\/wp-content\/uploads\/2023\/07\/Athos.jpg 1600w\" sizes=\"(max-width: 750px) 100vw, 750px\" \/><\/a><\/p>\n<h2>Monte Athos<\/h2>\n<p>El Monte Athos (Monta\u00f1a Sagrada) es una monta\u00f1a de la pen\u00ednsula del Athos, en el noreste de Grecia. Es un importante centro del monacato ortodoxo oriental. La comunidad mon\u00e1stica del Monte Athos gobierna la monta\u00f1a y la mayor parte de la pen\u00ednsula del Athos como regi\u00f3n aut\u00f3noma de Grecia.<\/p>\n<figure id=\"attachment_827\" aria-describedby=\"caption-attachment-827\" style=\"width: 600px\" class=\"wp-caption aligncenter\"><a href=\"http:\/\/orisha-ossain.com\/wp-content\/uploads\/2023\/07\/mount-athos.jpg\"><img decoding=\"async\" class=\"wp-image-827\" src=\"http:\/\/orisha-ossain.com\/wp-content\/uploads\/2023\/07\/mount-athos-1024x536.jpg\" alt=\"El Monte Athos visto desde el cielo. Famoso por su incienso del Monte Athos\" width=\"600\" height=\"314\" srcset=\"https:\/\/orisha-ossain.com\/wp-content\/uploads\/2023\/07\/mount-athos-1024x536.jpg 1024w, https:\/\/orisha-ossain.com\/wp-content\/uploads\/2023\/07\/mount-athos-300x157.jpg 300w, https:\/\/orisha-ossain.com\/wp-content\/uploads\/2023\/07\/mount-athos-768x402.jpg 768w, https:\/\/orisha-ossain.com\/wp-content\/uploads\/2023\/07\/mount-athos.jpg 1200w\" sizes=\"(max-width: 600px) 100vw, 600px\" \/><\/a><figcaption id=\"caption-attachment-827\" class=\"wp-caption-text\">Monte Athos<\/figcaption><\/figure>\n<p>El Monte Athos ha estado habitado desde la antig\u00fcedad y es conocido por su larga presencia cristiana y sus hist\u00f3ricas tradiciones mon\u00e1sticas, que se remontan al menos al a\u00f1o 800 d.C., durante la \u00e9poca bizantina. Por su larga historia de importancia religiosa, la arquitectura agraria bien conservada de los monasterios y la preservaci\u00f3n de la flora y la fauna que rodean la monta\u00f1a, el Monte Athos fue inscrito en el\u00a0<a href=\"https:\/\/whc.unesco.org\/en\/list\/454\/\">Lista del Patrimonio Mundial de la UNESCO\u00a0<\/a>en 1988.<\/p>","protected":false},"excerpt":{"rendered":"<p>Una fragancia de rosas cl\u00e1sica y original. Un profundo y rico aroma de rosa mezclado con geranio fresco y c\u00e1lidos matices de almizcle.<\/p>","protected":false},"featured_media":1628,"template":"","meta":{"_seopress_robots_primary_cat":"none","_seopress_titles_title":"%%post_title%% -An Original Classic Rose Fragrance!","_seopress_titles_desc":"This Rose incense Blends the delicate essence of roses with natural resins and essential oils, this incense creates a serene and uplifting ambiance.","_seopress_robots_index":"","_kad_blocks_custom_css":"","_kad_blocks_head_custom_js":"","_kad_blocks_body_custom_js":"","_kad_blocks_footer_custom_js":"","_kad_post_transparent":"default","_kad_post_title":"","_kad_post_layout":"default","_kad_post_sidebar_id":"","_kad_post_content_style":"default","_kad_post_vertical_padding":"default","_kad_post_feature":"","_kad_post_feature_position":"","_kad_post_header":false,"_kad_post_footer":false,"_kad_post_classname":""},"product_brand":[],"product_cat":[125,102],"product_tag":[115,79,117],"class_list":{"0":"post-1883","1":"product","2":"type-product","3":"status-publish","4":"has-post-thumbnail","6":"product_cat-incense","7":"product_cat-mt-athos-incense","8":"product_tag-frankinsence","9":"product_tag-incense","10":"product_tag-incense-burner","12":"first","13":"instock","14":"taxable","15":"shipping-taxable","16":"purchasable","17":"product-type-variable","18":"entry","19":"content-bg","20":"loop-entry"},"taxonomy_info":{"product_cat":[{"value":125,"label":"Incense"},{"value":102,"label":"Mt. Athos Incense"}],"product_tag":[{"value":115,"label":"Frankinsence"},{"value":79,"label":"Incense"},{"value":117,"label":"Incense Burner"}]},"featured_image_src_large":["https:\/\/orisha-ossain.com\/wp-content\/uploads\/2023\/08\/ATHH001-1024x1024.jpg",1024,1024,true],"author_info":[],"comment_info":"","_links":{"self":[{"href":"https:\/\/orisha-ossain.com\/es\/wp-json\/wp\/v2\/product\/1883","targetHints":{"allow":["GET"]}}],"collection":[{"href":"https:\/\/orisha-ossain.com\/es\/wp-json\/wp\/v2\/product"}],"about":[{"href":"https:\/\/orisha-ossain.com\/es\/wp-json\/wp\/v2\/types\/product"}],"wp:featuredmedia":[{"embeddable":true,"href":"https:\/\/orisha-ossain.com\/es\/wp-json\/wp\/v2\/media\/1628"}],"wp:attachment":[{"href":"https:\/\/orisha-ossain.com\/es\/wp-json\/wp\/v2\/media?parent=1883"}],"wp:term":[{"taxonomy":"product_brand","embeddable":true,"href":"https:\/\/orisha-ossain.com\/es\/wp-json\/wp\/v2\/product_brand?post=1883"},{"taxonomy":"product_cat","embeddable":true,"href":"https:\/\/orisha-ossain.com\/es\/wp-json\/wp\/v2\/product_cat?post=1883"},{"taxonomy":"product_tag","embeddable":true,"href":"https:\/\/orisha-ossain.com\/es\/wp-json\/wp\/v2\/product_tag?post=1883"}],"curies":[{"name":"wp","href":"https:\/\/api.w.org\/{rel}","templated":true}]}}