{"id":1853,"date":"2023-09-21T20:11:11","date_gmt":"2023-09-21T18:11:11","guid":{"rendered":"http:\/\/orisha-ossain.com\/?post_type=product&#038;p=1853"},"modified":"2026-04-07T13:50:20","modified_gmt":"2026-04-07T11:50:20","slug":"incienso-de-mirra","status":"publish","type":"product","link":"https:\/\/orisha-ossain.com\/es\/product\/myrrh-incense\/","title":{"rendered":"Incienso Mirra"},"content":{"rendered":"<h2>Incienso de mirra<\/h2>\n<p>El incienso de mirra del Monte Athos es un producto arom\u00e1tico tradicional elaborado por las comunidades mon\u00e1sticas de esta pen\u00ednsula sagrada de Grecia. Conocido por su importancia espiritual y su gran calidad, este incienso forma parte del culto cristiano ortodoxo y de la devoci\u00f3n personal.<\/p>\n<h2><strong>Composici\u00f3n y producci\u00f3n<\/strong><\/h2>\n<p>El principal ingrediente del incienso de mirra del Monte Athos es la resina extra\u00edda del <em>Commiphora mirra<\/em> nativo de regiones como Oriente Pr\u00f3ximo y Etiop\u00eda. Esta resina se combina con otros elementos naturales, como el incienso y diversos aceites arom\u00e1ticos, para crear una fragancia distintiva. Los monjes siguen meticulosamente las recetas tradicionales, garantizando que cada lote mantenga la autenticidad y santidad asociadas a su herencia.<\/p>\n<h2><strong>Perfil arom\u00e1tico<\/strong><\/h2>\n<p>El incienso emite un aroma c\u00e1lido, terroso y ligeramente dulce, caracter\u00edstico de la mirra. Este aroma se enriquece a menudo con fragancias adicionales, como cipr\u00e9s o esencias florales, para mejorar la experiencia olfativa. Por ejemplo, el Monasterio de Vatopedi ofrece incienso de mirra impregnado del aroma de las flores del Monte Athos o del cipr\u00e9s, lo que proporciona una experiencia sensorial \u00fanica.<\/p>\n<h2><a href=\"http:\/\/orisha-ossain.com\/wp-content\/uploads\/2023\/08\/ath01.jpg\"><img decoding=\"async\" class=\"size-medium wp-image-1627 aligncenter\" src=\"http:\/\/orisha-ossain.com\/wp-content\/uploads\/2023\/08\/ath01-300x300.jpg\" alt=\"\" width=\"300\" height=\"300\" srcset=\"https:\/\/orisha-ossain.com\/wp-content\/uploads\/2023\/08\/ath01-300x300.jpg 300w, https:\/\/orisha-ossain.com\/wp-content\/uploads\/2023\/08\/ath01-1024x1024.jpg 1024w, https:\/\/orisha-ossain.com\/wp-content\/uploads\/2023\/08\/ath01-150x150.jpg 150w, https:\/\/orisha-ossain.com\/wp-content\/uploads\/2023\/08\/ath01-768x768.jpg 768w, https:\/\/orisha-ossain.com\/wp-content\/uploads\/2023\/08\/ath01-465x465.jpg 465w, https:\/\/orisha-ossain.com\/wp-content\/uploads\/2023\/08\/ath01-100x100.jpg 100w, https:\/\/orisha-ossain.com\/wp-content\/uploads\/2023\/08\/ath01.jpg 1500w\" sizes=\"(max-width: 300px) 100vw, 300px\" \/><\/a><\/h2>\n<h2>Incienso del Monte Athos<\/h2>\n<p>El incienso procedente del Monte Athos se produce en una gran variedad de monasterios ortodoxos de la pen\u00ednsula. Para los monjes, la elaboraci\u00f3n del incienso forma parte de su pr\u00e1ctica religiosa meditativa. En silencio y en oraci\u00f3n, se elaboran sus mezclas de alta gama. <a href=\"http:\/\/orisha-ossain.com\/wp-content\/uploads\/2023\/07\/Athos.jpg\"><img decoding=\"async\" class=\"aligncenter wp-image-809\" src=\"http:\/\/orisha-ossain.com\/wp-content\/uploads\/2023\/07\/Athos-1024x768.jpg\" alt=\"Producci\u00f3n de incienso del Monte Athos\" width=\"750\" height=\"563\" srcset=\"https:\/\/orisha-ossain.com\/wp-content\/uploads\/2023\/07\/Athos-1024x768.jpg 1024w, https:\/\/orisha-ossain.com\/wp-content\/uploads\/2023\/07\/Athos-300x225.jpg 300w, https:\/\/orisha-ossain.com\/wp-content\/uploads\/2023\/07\/Athos-768x576.jpg 768w, https:\/\/orisha-ossain.com\/wp-content\/uploads\/2023\/07\/Athos-1536x1152.jpg 1536w, https:\/\/orisha-ossain.com\/wp-content\/uploads\/2023\/07\/Athos.jpg 1600w\" sizes=\"(max-width: 750px) 100vw, 750px\" \/><\/a><\/p>\n<h2>Monte Athos<\/h2>\n<p>El Monte Athos (Monta\u00f1a Sagrada) es una monta\u00f1a de la pen\u00ednsula del Athos, en el noreste de Grecia. Es un importante centro del monacato ortodoxo oriental. La comunidad mon\u00e1stica del Monte Athos gobierna la monta\u00f1a y la mayor parte de la pen\u00ednsula del Athos como regi\u00f3n aut\u00f3noma de Grecia.<\/p>\n<figure id=\"attachment_827\" aria-describedby=\"caption-attachment-827\" style=\"width: 600px\" class=\"wp-caption aligncenter\"><a href=\"http:\/\/orisha-ossain.com\/wp-content\/uploads\/2023\/07\/mount-athos.jpg\"><img decoding=\"async\" class=\"wp-image-827\" src=\"http:\/\/orisha-ossain.com\/wp-content\/uploads\/2023\/07\/mount-athos-1024x536.jpg\" alt=\"El Monte Athos visto desde el cielo. Famoso por su incienso del Monte Athos\" width=\"600\" height=\"314\" srcset=\"https:\/\/orisha-ossain.com\/wp-content\/uploads\/2023\/07\/mount-athos-1024x536.jpg 1024w, https:\/\/orisha-ossain.com\/wp-content\/uploads\/2023\/07\/mount-athos-300x157.jpg 300w, https:\/\/orisha-ossain.com\/wp-content\/uploads\/2023\/07\/mount-athos-768x402.jpg 768w, https:\/\/orisha-ossain.com\/wp-content\/uploads\/2023\/07\/mount-athos.jpg 1200w\" sizes=\"(max-width: 600px) 100vw, 600px\" \/><\/a><figcaption id=\"caption-attachment-827\" class=\"wp-caption-text\">Monte Athos<\/figcaption><\/figure>\n<p>El Monte Athos ha estado habitado desde la antig\u00fcedad y es conocido por su larga presencia cristiana y sus hist\u00f3ricas tradiciones mon\u00e1sticas, que se remontan al menos al a\u00f1o 800 d.C., durante la \u00e9poca bizantina. Por su larga historia de importancia religiosa, la arquitectura agraria bien conservada de los monasterios y la preservaci\u00f3n de la flora y la fauna que rodean la monta\u00f1a, el Monte Athos fue inscrito en el\u00a0<a href=\"https:\/\/whc.unesco.org\/en\/list\/454\/\">Lista del Patrimonio Mundial de la UNESCO\u00a0<\/a>en 1988.<\/p>","protected":false},"excerpt":{"rendered":"<p>Una mezcla de resina de bosque de \u00e1mbar, cedro, mirra e incienso con un suave acorde floral especiado de rosa.<\/p>","protected":false},"featured_media":1628,"template":"","meta":{"_seopress_robots_primary_cat":"none","_seopress_titles_title":"","_seopress_titles_desc":"","_seopress_robots_index":"","_kad_blocks_custom_css":"","_kad_blocks_head_custom_js":"","_kad_blocks_body_custom_js":"","_kad_blocks_footer_custom_js":"","_kad_post_transparent":"default","_kad_post_title":"","_kad_post_layout":"default","_kad_post_sidebar_id":"","_kad_post_content_style":"default","_kad_post_vertical_padding":"default","_kad_post_feature":"","_kad_post_feature_position":"","_kad_post_header":false,"_kad_post_footer":false,"_kad_post_classname":""},"product_brand":[],"product_cat":[102],"product_tag":[115,79,117],"class_list":{"0":"post-1853","1":"product","2":"type-product","3":"status-publish","4":"has-post-thumbnail","6":"product_cat-mt-athos-incense","7":"product_tag-frankinsence","8":"product_tag-incense","9":"product_tag-incense-burner","11":"first","12":"instock","13":"taxable","14":"shipping-taxable","15":"purchasable","16":"product-type-variable","17":"entry","18":"content-bg","19":"loop-entry"},"taxonomy_info":{"product_cat":[{"value":102,"label":"Mt. Athos Incense"}],"product_tag":[{"value":115,"label":"Frankinsence"},{"value":79,"label":"Incense"},{"value":117,"label":"Incense Burner"}]},"featured_image_src_large":["https:\/\/orisha-ossain.com\/wp-content\/uploads\/2023\/08\/ATHH001-1024x1024.jpg",1024,1024,true],"author_info":[],"comment_info":"","_links":{"self":[{"href":"https:\/\/orisha-ossain.com\/es\/wp-json\/wp\/v2\/product\/1853","targetHints":{"allow":["GET"]}}],"collection":[{"href":"https:\/\/orisha-ossain.com\/es\/wp-json\/wp\/v2\/product"}],"about":[{"href":"https:\/\/orisha-ossain.com\/es\/wp-json\/wp\/v2\/types\/product"}],"wp:featuredmedia":[{"embeddable":true,"href":"https:\/\/orisha-ossain.com\/es\/wp-json\/wp\/v2\/media\/1628"}],"wp:attachment":[{"href":"https:\/\/orisha-ossain.com\/es\/wp-json\/wp\/v2\/media?parent=1853"}],"wp:term":[{"taxonomy":"product_brand","embeddable":true,"href":"https:\/\/orisha-ossain.com\/es\/wp-json\/wp\/v2\/product_brand?post=1853"},{"taxonomy":"product_cat","embeddable":true,"href":"https:\/\/orisha-ossain.com\/es\/wp-json\/wp\/v2\/product_cat?post=1853"},{"taxonomy":"product_tag","embeddable":true,"href":"https:\/\/orisha-ossain.com\/es\/wp-json\/wp\/v2\/product_tag?post=1853"}],"curies":[{"name":"wp","href":"https:\/\/api.w.org\/{rel}","templated":true}]}}