{"id":1713,"date":"2023-08-24T09:34:22","date_gmt":"2023-08-24T07:34:22","guid":{"rendered":"http:\/\/orisha-ossain.com\/?post_type=product&#038;p=1713"},"modified":"2026-04-18T23:29:11","modified_gmt":"2026-04-18T21:29:11","slug":"kuripe-serpentina","status":"publish","type":"product","link":"https:\/\/orisha-ossain.com\/es\/product\/serpentine-kuripe\/","title":{"rendered":"Kuripe serpentina"},"content":{"rendered":"<h2><span style=\"font-size: 12pt;\">Serpentine Kuripe, Eagle, Jaguar &amp; condor<\/span><\/h2>\n<p>Kuripe de Serpentina de Per\u00fa. Tallado de una sola pieza de piedra Serpentina negra. Estos Kuripe representan cinco animales t\u00f3tem diferentes, \u00c1guila, Jaguar, C\u00f3ndor, B\u00faho y Serpiente.<br \/>\nLa serpentina es una piedra dura similar al m\u00e1rmol. Esta serpentina negra en concreto procede de las laderas de las monta\u00f1as de Machu Picchu. En el valle de Urubamba, tambi\u00e9n llamado valle sagrado de los incas, los canteros tallan las piedras. Tras la talla, se necesitan varias herramientas para dar a la piedra su forma final. Aunque se utilizan algunas m\u00e1quinas, la mayor parte del trabajo sigue haci\u00e9ndose a mano.<\/p>\n<h2 style=\"text-align: center;\"><a href=\"http:\/\/orisha-ossain.com\/es\/product-category\/tepi\/\">Tepi<\/a> y Kuripe<span style=\"font-size: 16px;\">\u00a0<\/span><\/h2>\n<p style=\"text-align: center;\">Echa un vistazo a la colecci\u00f3n de Tepi y Kuripe. Hay disponibles varios estilos de diferentes artistas. <a style=\"font-weight: bold; font-family: var(--global-body-font-family);\" href=\"http:\/\/orisha-ossain.com\/wp-content\/uploads\/2023\/06\/Tepi-Blessings.jpg\"><img decoding=\"async\" class=\"wp-image-55 size-medium aligncenter\" src=\"http:\/\/orisha-ossain.com\/wp-content\/uploads\/2023\/06\/Tepi-Blessings-300x199.jpg\" alt=\"Tepis reciben la bendici\u00f3n de sus creadores\" width=\"300\" height=\"199\" srcset=\"https:\/\/orisha-ossain.com\/wp-content\/uploads\/2023\/06\/Tepi-Blessings-300x199.jpg 300w, https:\/\/orisha-ossain.com\/wp-content\/uploads\/2023\/06\/Tepi-Blessings.jpg 640w\" sizes=\"(max-width: 300px) 100vw, 300px\" \/><\/a><span style=\"font-size: 14px; font-family: var(--global-body-font-family);\">Tepis reciben la bendici\u00f3n de sus creadores<\/span><\/p>","protected":false},"excerpt":{"rendered":"<p>Kuripe de Serpentina de Per\u00fa. Tallado de una pieza s\u00f3lida de piedra Serpentina negra. Representa cinco animales t\u00f3tem diferentes, \u00c1guila, Jaguar, C\u00f3ndor, B\u00faho y Serpiente.<\/p>\n<p>Dimensiones:<br \/>\n9,5 cm, longitud total<br \/>\nDi\u00e1metros exteriores de 0,8 cm<\/p>","protected":false},"featured_media":1720,"template":"","meta":{"_seopress_robots_primary_cat":"none","_seopress_titles_title":"Serpentine Kuripe from Peru - Eagle, Jaguar, Condor, Owl","_seopress_titles_desc":"Serpentine Kuripe from Peru. Cut from a solid piece of black Serpentine stone. Representing five different totem animals, Eagle, Jaguar, Condor, Owl","_seopress_robots_index":"","_kad_blocks_custom_css":"","_kad_blocks_head_custom_js":"","_kad_blocks_body_custom_js":"","_kad_blocks_footer_custom_js":"","_kad_post_transparent":"default","_kad_post_title":"","_kad_post_layout":"default","_kad_post_sidebar_id":"","_kad_post_content_style":"default","_kad_post_vertical_padding":"default","_kad_post_feature":"","_kad_post_feature_position":"","_kad_post_header":false,"_kad_post_footer":false,"_kad_post_classname":""},"product_brand":[],"product_cat":[67,128],"product_tag":[75],"class_list":{"0":"post-1713","1":"product","2":"type-product","3":"status-publish","4":"has-post-thumbnail","6":"product_cat-kuripe","7":"product_cat-new","8":"product_tag-kuripe","10":"first","11":"instock","12":"taxable","13":"shipping-taxable","14":"purchasable","15":"product-type-variable","16":"entry","17":"content-bg","18":"loop-entry"},"taxonomy_info":{"product_cat":[{"value":67,"label":"Kuripe"},{"value":128,"label":"New"}],"product_tag":[{"value":75,"label":"Kuripe"}]},"featured_image_src_large":["https:\/\/orisha-ossain.com\/wp-content\/uploads\/2023\/08\/st03.jpg",800,548,false],"author_info":[],"comment_info":"","_links":{"self":[{"href":"https:\/\/orisha-ossain.com\/es\/wp-json\/wp\/v2\/product\/1713","targetHints":{"allow":["GET"]}}],"collection":[{"href":"https:\/\/orisha-ossain.com\/es\/wp-json\/wp\/v2\/product"}],"about":[{"href":"https:\/\/orisha-ossain.com\/es\/wp-json\/wp\/v2\/types\/product"}],"wp:featuredmedia":[{"embeddable":true,"href":"https:\/\/orisha-ossain.com\/es\/wp-json\/wp\/v2\/media\/1720"}],"wp:attachment":[{"href":"https:\/\/orisha-ossain.com\/es\/wp-json\/wp\/v2\/media?parent=1713"}],"wp:term":[{"taxonomy":"product_brand","embeddable":true,"href":"https:\/\/orisha-ossain.com\/es\/wp-json\/wp\/v2\/product_brand?post=1713"},{"taxonomy":"product_cat","embeddable":true,"href":"https:\/\/orisha-ossain.com\/es\/wp-json\/wp\/v2\/product_cat?post=1713"},{"taxonomy":"product_tag","embeddable":true,"href":"https:\/\/orisha-ossain.com\/es\/wp-json\/wp\/v2\/product_tag?post=1713"}],"curies":[{"name":"wp","href":"https:\/\/api.w.org\/{rel}","templated":true}]}}