{"id":1565,"date":"2023-08-19T11:13:27","date_gmt":"2023-08-19T09:13:27","guid":{"rendered":"http:\/\/orisha-ossain.com\/?post_type=product&#038;p=1565"},"modified":"2024-01-07T17:00:04","modified_gmt":"2024-01-07T16:00:04","slug":"painted-tepi","status":"publish","type":"product","link":"https:\/\/orisha-ossain.com\/es\/product\/painted-tepi\/","title":{"rendered":"Tepi pintado"},"content":{"rendered":"<p>Esta obra es de un amigo brasile\u00f1o de Sao Paulo. Es un brasile\u00f1o normal de la gran ciudad. A lo largo de los a\u00f1os ha desarrollado un estilo \u00fanico para los Tepi y kuripe que hace. Se inspira en la naturaleza, los animales y la espiritualidad india. Todas estas piezas son \u00fanicas. Personalmente, no he visto este estilo antes y estoy feliz de presentar el trabajo de mi amigo en mi tienda.<\/p>\n<p><a href=\"http:\/\/orisha-ossain.com\/wp-content\/uploads\/2023\/08\/20210108_224807-rotated-1.jpg\"><img decoding=\"async\" class=\"aligncenter wp-image-1598 size-full\" src=\"http:\/\/orisha-ossain.com\/wp-content\/uploads\/2023\/08\/20210108_224807-rotated-1.jpg\" alt=\"tepi pintado\" width=\"600\" height=\"450\" \/><\/a><\/p>\n<p>El bamb\u00fa se utiliza para la propia pipa, pero tambi\u00e9n para las diversas formas de las estructuras. Algunas de las piezas tambi\u00e9n se revisten con porcelana fr\u00eda y luego se les da la forma deseada. Todas las piezas son muy detalladas. Est\u00e1n decoradas con pintura normal, pero tambi\u00e9n con una pintura especial que brilla cuando se expone a la luz negra. En Brasil, varios grupos hacen sus ceremonias en la oscuridad combinadas con luz negra. Es bajo esta luz donde se muestra la magia extra de sus piezas.<\/p>\n<p>&nbsp;<\/p>\n<figure id=\"attachment_1590\" aria-describedby=\"caption-attachment-1590\" style=\"width: 510px\" class=\"wp-caption aligncenter\"><a href=\"http:\/\/orisha-ossain.com\/wp-content\/uploads\/2023\/08\/blck.jpeg\"><img decoding=\"async\" class=\"wp-image-1590 size-full\" src=\"http:\/\/orisha-ossain.com\/wp-content\/uploads\/2023\/08\/blck.jpeg\" alt=\"fabricante de tepi pintado\" width=\"510\" height=\"800\" srcset=\"https:\/\/orisha-ossain.com\/wp-content\/uploads\/2023\/08\/blck.jpeg 510w, https:\/\/orisha-ossain.com\/wp-content\/uploads\/2023\/08\/blck-191x300.jpeg 191w\" sizes=\"(max-width: 510px) 100vw, 510px\" \/><\/a><figcaption id=\"caption-attachment-1590\" class=\"wp-caption-text\">Mi amigo artista de Sao Paulo<\/figcaption><\/figure>\n<h2 style=\"text-align: center;\">Tepi y <a href=\"http:\/\/orisha-ossain.com\/es\/product-category\/tepi\/\">Kuripe<span style=\"font-size: 16px;\">\u00a0<\/span><\/a><\/h2>\n<p style=\"text-align: center;\">Echa un vistazo a la colecci\u00f3n de Tepi y Kuripe. Hay disponibles varios estilos de diferentes artistas. <a style=\"font-weight: bold; font-family: var(--global-body-font-family);\" href=\"http:\/\/orisha-ossain.com\/wp-content\/uploads\/2023\/06\/Tepi-Blessings.jpg\"><img decoding=\"async\" class=\"wp-image-55 size-medium aligncenter\" src=\"http:\/\/orisha-ossain.com\/wp-content\/uploads\/2023\/06\/Tepi-Blessings-300x199.jpg\" alt=\"Tepis reciben la bendici\u00f3n de sus creadores\" width=\"300\" height=\"199\" srcset=\"https:\/\/orisha-ossain.com\/wp-content\/uploads\/2023\/06\/Tepi-Blessings-300x199.jpg 300w, https:\/\/orisha-ossain.com\/wp-content\/uploads\/2023\/06\/Tepi-Blessings.jpg 640w\" sizes=\"(max-width: 300px) 100vw, 300px\" \/><\/a><span style=\"font-size: 14px; font-family: var(--global-body-font-family);\">Tepis reciben la bendici\u00f3n de sus creadores<\/span><\/p>","protected":false},"excerpt":{"rendered":"<p>\u00a1La sirena de este Tepi es excepcional!<br \/>\n\u00a1Qu\u00e9 gran obra de arte!<\/p>","protected":false},"featured_media":0,"template":"","meta":{"_seopress_robots_primary_cat":"none","_seopress_titles_title":"","_seopress_titles_desc":"The mermaid on this painted Tepi is outstanding!\r\nWhat a great piece of art !","_seopress_robots_index":"yes","_kad_blocks_custom_css":"","_kad_blocks_head_custom_js":"","_kad_blocks_body_custom_js":"","_kad_blocks_footer_custom_js":"","_kad_post_transparent":"default","_kad_post_title":"","_kad_post_layout":"default","_kad_post_sidebar_id":"","_kad_post_content_style":"default","_kad_post_vertical_padding":"default","_kad_post_feature":"","_kad_post_feature_position":"","_kad_post_header":false,"_kad_post_footer":false,"_kad_post_classname":""},"product_brand":[],"product_cat":[66],"product_tag":[76],"class_list":{"0":"post-1565","1":"product","2":"type-product","3":"status-publish","5":"product_cat-tepi","6":"product_tag-tepi","8":"first","9":"outofstock","10":"taxable","11":"shipping-taxable","12":"purchasable","13":"product-type-simple","14":"entry","15":"content-bg","16":"loop-entry"},"taxonomy_info":{"product_cat":[{"value":66,"label":"Tepi"}],"product_tag":[{"value":76,"label":"Tepi"}]},"featured_image_src_large":false,"author_info":[],"comment_info":"","_links":{"self":[{"href":"https:\/\/orisha-ossain.com\/es\/wp-json\/wp\/v2\/product\/1565","targetHints":{"allow":["GET"]}}],"collection":[{"href":"https:\/\/orisha-ossain.com\/es\/wp-json\/wp\/v2\/product"}],"about":[{"href":"https:\/\/orisha-ossain.com\/es\/wp-json\/wp\/v2\/types\/product"}],"wp:attachment":[{"href":"https:\/\/orisha-ossain.com\/es\/wp-json\/wp\/v2\/media?parent=1565"}],"wp:term":[{"taxonomy":"product_brand","embeddable":true,"href":"https:\/\/orisha-ossain.com\/es\/wp-json\/wp\/v2\/product_brand?post=1565"},{"taxonomy":"product_cat","embeddable":true,"href":"https:\/\/orisha-ossain.com\/es\/wp-json\/wp\/v2\/product_cat?post=1565"},{"taxonomy":"product_tag","embeddable":true,"href":"https:\/\/orisha-ossain.com\/es\/wp-json\/wp\/v2\/product_tag?post=1565"}],"curies":[{"name":"wp","href":"https:\/\/api.w.org\/{rel}","templated":true}]}}