{"id":1504,"date":"2023-08-17T17:33:10","date_gmt":"2023-08-17T15:33:10","guid":{"rendered":"http:\/\/orisha-ossain.com\/?post_type=product&#038;p=1504"},"modified":"2024-11-05T22:41:52","modified_gmt":"2024-11-05T21:41:52","slug":"resina-de-mirra-kua","status":"publish","type":"product","link":"https:\/\/orisha-ossain.com\/es\/product\/myrrh-kua-resin\/","title":{"rendered":"Resina Mirra Kua"},"content":{"rendered":"<h2>Resina Mirra Kua<\/h2>\n<p>Se trata de un tipo de Mhyyr procedente de Yemen. M\u00e1s concretamente, procede de la isla aislada de Socrota, al borde del golfo de Ad\u00e9n. La resina de Mirra Kua tiene un aspecto transl\u00facido. Esta resina es \u00fanica, con una compleja mezcla de notas dulces, ambarinas y terrosas que crean una experiencia arom\u00e1tica inolvidable.<\/p>\n<p><a href=\"http:\/\/orisha-ossain.com\/wp-content\/uploads\/2023\/08\/Kua01.jpg\"><img decoding=\"async\" class=\"aligncenter wp-image-1630 size-full\" src=\"http:\/\/orisha-ossain.com\/wp-content\/uploads\/2023\/08\/Kua01.jpg\" alt=\"Resina de mirra Kua Commiphora Kua\" width=\"794\" height=\"526\" srcset=\"https:\/\/orisha-ossain.com\/wp-content\/uploads\/2023\/08\/Kua01.jpg 794w, https:\/\/orisha-ossain.com\/wp-content\/uploads\/2023\/08\/Kua01-300x199.jpg 300w, https:\/\/orisha-ossain.com\/wp-content\/uploads\/2023\/08\/Kua01-768x509.jpg 768w\" sizes=\"(max-width: 794px) 100vw, 794px\" \/><\/a><\/p>\n<h2>Commiphora Kua<\/h2>\n<p><span class=\"jCAhz ChMk0b\"><span class=\"ryNqvb\">Commiphora kua es una especie vegetal perteneciente a la familia de las Burser\u00e1ceas.<\/span><\/span> <span class=\"jCAhz ChMk0b\"><span class=\"ryNqvb\">Es un arbusto o peque\u00f1o \u00e1rbol de corteza lisa y ramas a menudo espinosas.<br \/>\n<\/span><\/span>El \u00e1rbol se encuentra en \u00c1frica Oriental, desde Eritrea hasta Zambia, y en el sur de la Pen\u00ednsula Ar\u00e1biga. El arbusto crece en zonas m\u00e1s secas de clima (sub)tropical, principalmente en grupos de arbustos a orillas de lagos y en medio de maleza y bosques.<br \/>\n<a style=\"font-weight: bold; font-family: var(--global-body-font-family);\" href=\"http:\/\/orisha-ossain.com\/wp-content\/uploads\/2023\/08\/kua.jpg\"><img decoding=\"async\" class=\"alignnone wp-image-1515 size-full\" src=\"http:\/\/orisha-ossain.com\/wp-content\/uploads\/2023\/08\/kua.jpg\" alt=\"Resina de mirra Kua Commiphora Kua\" width=\"1000\" height=\"645\" srcset=\"https:\/\/orisha-ossain.com\/wp-content\/uploads\/2023\/08\/kua.jpg 1000w, https:\/\/orisha-ossain.com\/wp-content\/uploads\/2023\/08\/kua-300x194.jpg 300w, https:\/\/orisha-ossain.com\/wp-content\/uploads\/2023\/08\/kua-768x495.jpg 768w\" sizes=\"(max-width: 1000px) 100vw, 1000px\" \/><\/a><span style=\"font-size: 14px; font-family: var(--global-body-font-family);\">\u00c1rbol Commiphora Kua<\/span><\/p>\n<p><span style=\"font-family: inherit; font-size: 20px; font-weight: bold;\">Mirra de Yemen.<\/span><\/p>\n<p>La mirra que ofrezco procede de Yemen. Es com\u00fanmente aceptado que la Mirra de mayor calidad procede de la isla de Socrota y del sureste de Yemen. Los trozos de resina son de color marr\u00f3n rojizo y el aroma es muy intenso y limpio.<\/p>\n<p><a href=\"http:\/\/orisha-ossain.com\/wp-content\/uploads\/2023\/08\/mrtrs0001-scaled.jpg\"><img decoding=\"async\" class=\"aligncenter wp-image-1500 size-medium\" src=\"http:\/\/orisha-ossain.com\/wp-content\/uploads\/2023\/08\/mrtrs0001-277x300.jpg\" alt=\"Resina de mirra Kua en un incensario Commiphora Kua\" width=\"277\" height=\"300\" srcset=\"https:\/\/orisha-ossain.com\/wp-content\/uploads\/2023\/08\/mrtrs0001-277x300.jpg 277w, https:\/\/orisha-ossain.com\/wp-content\/uploads\/2023\/08\/mrtrs0001-946x1024.jpg 946w, https:\/\/orisha-ossain.com\/wp-content\/uploads\/2023\/08\/mrtrs0001-768x831.jpg 768w, https:\/\/orisha-ossain.com\/wp-content\/uploads\/2023\/08\/mrtrs0001-1419x1536.jpg 1419w, https:\/\/orisha-ossain.com\/wp-content\/uploads\/2023\/08\/mrtrs0001-1893x2048.jpg 1893w\" sizes=\"(max-width: 277px) 100vw, 277px\" \/><\/a><\/p>\n<h2>Resina de mirra<\/h2>\n<p>La mirra es la resina que se extrae del \u00e1rbol Commiphora myrrha. La resina rojiza se forma dentro de la corteza de la planta. El proceso de extracci\u00f3n consiste en cortar la planta longitudinalmente en sus cortezas, de las que rezuma la goma. El l\u00edquido gotea y se seca formando una sustancia dura parecida a una gota. El proceso dura al menos 14 d\u00edas. Sin embargo, el \u00e1rbol se golpea tres veces consecutivas con un intervalo de dos semanas. El golpeteo constante aumenta la cantidad de resina producida, ya que el \u00e1rbol intenta combatir las infecciones que se producen por las heridas infligidas.<\/p>\n<p><a href=\"http:\/\/orisha-ossain.com\/wp-content\/uploads\/2023\/07\/Weihrauch.jpg\"><img decoding=\"async\" class=\"wp-image-814 size-medium aligncenter\" src=\"http:\/\/orisha-ossain.com\/wp-content\/uploads\/2023\/07\/Weihrauch-279x300.jpg\" alt=\"Mirra ardiendo en un carb\u00f3n\" width=\"279\" height=\"300\" srcset=\"https:\/\/orisha-ossain.com\/wp-content\/uploads\/2023\/07\/Weihrauch-279x300.jpg 279w, https:\/\/orisha-ossain.com\/wp-content\/uploads\/2023\/07\/Weihrauch-952x1024.jpg 952w, https:\/\/orisha-ossain.com\/wp-content\/uploads\/2023\/07\/Weihrauch-768x827.jpg 768w, https:\/\/orisha-ossain.com\/wp-content\/uploads\/2023\/07\/Weihrauch-1427x1536.jpg 1427w, https:\/\/orisha-ossain.com\/wp-content\/uploads\/2023\/07\/Weihrauch.jpg 1536w\" sizes=\"(max-width: 279px) 100vw, 279px\" \/><\/a><\/p>\n<h2>Utiliza<\/h2>\n<p>El uso de la mirra est\u00e1 profundamente ligado a la religi\u00f3n. Desde el punto de vista b\u00edblico, es uno de los regalos que los Reyes Magos hicieron al Ni\u00f1o Jes\u00fas al nacer. Esto pone de relieve lo preciado que ha sido este producto desde la antig\u00fcedad.<br \/>\nOtro uso de este producto es en la fabricaci\u00f3n de perfumes y otros cosm\u00e9ticos. El producto tiene un aroma dulce, y es esencial en la producci\u00f3n de sabores complejos.<\/p>\n<h2>\u00bfA qu\u00e9 huele la mirra?<\/h2>\n<p>El olor amaderado de la mirra es muy marcado<strong>.<\/strong>\u00a0Se trata de una madera muy arom\u00e1tica (similar a otras maderas arom\u00e1ticas como el s\u00e1ndalo). Su aroma es complejo y suele asociarse a ritos religiosos. Por ello, la mirra tambi\u00e9n se utiliza en aromaterapia en velas o en perfumer\u00eda para aromatizar las esencias. Su aroma se utiliza a veces para aromatizar diversos platos tradicionales.<\/p>\n<h2>Grados de calidad Myhhr<\/h2>\n<p>La mirra de mejor calidad procede de la Commiphora myrrha. No obstante, existen otros \u00e1rboles productores de mirra como <span class=\"jCAhz ChMk0b\"><span class=\"ryNqvb\">Commiphora kua, <\/span><\/span>Commiphora serrulata,Commiphora payfairii,Commiphora foliacea,Commiphora erythraea, Commiphora guidotti, Commiphora holiziana, Commiphora habessinica, entre otras.<\/p>\n<p><a href=\"http:\/\/orisha-ossain.com\/wp-content\/uploads\/2023\/07\/frankincense.harvesting.jpg\"><img decoding=\"async\" class=\"aligncenter wp-image-1063 size-full\" src=\"http:\/\/orisha-ossain.com\/wp-content\/uploads\/2023\/07\/frankincense.harvesting.jpg\" alt=\"\" width=\"939\" height=\"532\" srcset=\"https:\/\/orisha-ossain.com\/wp-content\/uploads\/2023\/07\/frankincense.harvesting.jpg 939w, https:\/\/orisha-ossain.com\/wp-content\/uploads\/2023\/07\/frankincense.harvesting-300x170.jpg 300w, https:\/\/orisha-ossain.com\/wp-content\/uploads\/2023\/07\/frankincense.harvesting-768x435.jpg 768w\" sizes=\"(max-width: 939px) 100vw, 939px\" \/><\/a><\/p>\n<p>La resina de mirra que se obtiene del \u00e1rbol est\u00e1 libre de hojas, trozos de corteza y part\u00edculas de tierra. La calidad del producto se mide por el color y el olor. La mejor calidad es la roja o marr\u00f3n, definida como grado A++. La mirra (muy) oscura, en cambio, es impura con part\u00edculas extra\u00f1as.<\/p>","protected":false},"excerpt":{"rendered":"<p>La resina de mirra Kua de Yemen es bastante rara. Se trata de un tipo \u00fanico de resina de incienso procedente de la aislada isla de Socrota, perteneciente a Yemen.<\/p>\n<p>Incienso Sagrado de Resina de Mirra<\/p>\n<p><strong>Grado: <\/strong>1+<br \/>\n<strong>Origen:<\/strong> Isla Socrota, Yemen<br \/>\n<strong>Nombre de la especie:<\/strong> Commiphora Kua<br \/>\n<strong>Color:<\/strong> Marr\u00f3n rojizo transl\u00facido<\/p>\n<p>&nbsp;<\/p>","protected":false},"featured_media":1501,"template":"","meta":{"_seopress_robots_primary_cat":"none","_seopress_titles_title":"Myrrh Kua Resin -Sacred Myrrh from Socrota Island - Yemen -","_seopress_titles_desc":"Myrrh Kua resin from Yemen is quite rare. This is a unique type of incense resin from the isolated Socrota island belonging to Yemen. Commiphora Kua","_seopress_robots_index":"","_kad_blocks_custom_css":"","_kad_blocks_head_custom_js":"","_kad_blocks_body_custom_js":"","_kad_blocks_footer_custom_js":"","_kad_post_transparent":"default","_kad_post_title":"","_kad_post_layout":"default","_kad_post_sidebar_id":"","_kad_post_content_style":"default","_kad_post_vertical_padding":"default","_kad_post_feature":"","_kad_post_feature_position":"","_kad_post_header":false,"_kad_post_footer":false,"_kad_post_classname":""},"product_brand":[],"product_cat":[101,125],"product_tag":[115,79,81],"class_list":{"0":"post-1504","1":"product","2":"type-product","3":"status-publish","4":"has-post-thumbnail","6":"product_cat-frankincense","7":"product_cat-incense","8":"product_tag-frankinsence","9":"product_tag-incense","10":"product_tag-yemen","12":"first","13":"instock","14":"taxable","15":"shipping-taxable","16":"purchasable","17":"product-type-variable","18":"entry","19":"content-bg","20":"loop-entry"},"taxonomy_info":{"product_cat":[{"value":101,"label":"Frankincense"},{"value":125,"label":"Incense"}],"product_tag":[{"value":115,"label":"Frankinsence"},{"value":79,"label":"Incense"},{"value":81,"label":"Yemen"}]},"featured_image_src_large":["https:\/\/orisha-ossain.com\/wp-content\/uploads\/2023\/08\/mtrs001-1024x762.jpg",1024,762,true],"author_info":[],"comment_info":"","_links":{"self":[{"href":"https:\/\/orisha-ossain.com\/es\/wp-json\/wp\/v2\/product\/1504","targetHints":{"allow":["GET"]}}],"collection":[{"href":"https:\/\/orisha-ossain.com\/es\/wp-json\/wp\/v2\/product"}],"about":[{"href":"https:\/\/orisha-ossain.com\/es\/wp-json\/wp\/v2\/types\/product"}],"wp:featuredmedia":[{"embeddable":true,"href":"https:\/\/orisha-ossain.com\/es\/wp-json\/wp\/v2\/media\/1501"}],"wp:attachment":[{"href":"https:\/\/orisha-ossain.com\/es\/wp-json\/wp\/v2\/media?parent=1504"}],"wp:term":[{"taxonomy":"product_brand","embeddable":true,"href":"https:\/\/orisha-ossain.com\/es\/wp-json\/wp\/v2\/product_brand?post=1504"},{"taxonomy":"product_cat","embeddable":true,"href":"https:\/\/orisha-ossain.com\/es\/wp-json\/wp\/v2\/product_cat?post=1504"},{"taxonomy":"product_tag","embeddable":true,"href":"https:\/\/orisha-ossain.com\/es\/wp-json\/wp\/v2\/product_tag?post=1504"}],"curies":[{"name":"wp","href":"https:\/\/api.w.org\/{rel}","templated":true}]}}