{"id":1298,"date":"2023-08-17T00:34:35","date_gmt":"2023-08-16T22:34:35","guid":{"rendered":"http:\/\/orisha-ossain.com\/?post_type=product&#038;p=1298"},"modified":"2026-04-12T18:04:51","modified_gmt":"2026-04-12T16:04:51","slug":"rape-cucharada-dosificadora","status":"publish","type":"product","link":"https:\/\/orisha-ossain.com\/es\/product\/rape-dosage-scoop\/","title":{"rendered":"Rap\u00e9 Dosis Scoop"},"content":{"rendered":"<h2>Cuchara dosificadora de Rap\u00e9 de Bamb\u00fa<\/h2>\n<p>La cuchara dosificadora rap\u00e9 es una herramienta sencilla para introducir el rap\u00e9 de su recipiente en su cerbatana de forma f\u00e1cil y limpia. Fabricadas en Brasil con bamb\u00fa duro y decoradas con motivos ind\u00edgenas. Tienen varias anchuras y est\u00e1n adornadas con arcilla de artistas. Disponibles en 2 estilos diferentes. Uno tiene una semilla de color negro y rojo en la punta llamada Olho de Cabra. El otro tiene una semilla llamada Rusraksa en la punta..<a href=\"http:\/\/orisha-ossain.com\/wp-content\/uploads\/2023\/08\/099.jpg\"><img decoding=\"async\" class=\"aligncenter wp-image-1301 size-medium\" src=\"http:\/\/orisha-ossain.com\/wp-content\/uploads\/2023\/08\/099-300x227.jpg\" alt=\"Cucharada dosificadora rap\u00e9 \" width=\"300\" height=\"227\" srcset=\"https:\/\/orisha-ossain.com\/wp-content\/uploads\/2023\/08\/099-300x227.jpg 300w, https:\/\/orisha-ossain.com\/wp-content\/uploads\/2023\/08\/099-768x580.jpg 768w, https:\/\/orisha-ossain.com\/wp-content\/uploads\/2023\/08\/099.jpg 794w\" sizes=\"(max-width: 300px) 100vw, 300px\" \/><\/a><\/p>\n<h2>Dosificaci\u00f3n tradicional del Rap\u00e9<\/h2>\n<p>Cuando los brasile\u00f1os toman su rap\u00e9 siempre cae primero en su mano. Generalmente, todos los indios brasile\u00f1os, caboclos y otros usuarios de rap\u00e9 que he conocido en los 10 a\u00f1os que visit\u00e9 este intenso y hermoso pa\u00eds toman su botella de rap\u00e9 y luego se ponen una cantidad de tabaco en la mano. Aplanan el rap\u00e9 con la punta de su tepi y lo dividen en porciones iguales. Una para cada fosa nasal.<\/p>\n<p>Cuando el rap\u00e9 descansa sobre la mano es el momento de afirmar la oraci\u00f3n y la intenci\u00f3n. Despu\u00e9s de esto se recoge una dosis de la mano en el tepi. Despu\u00e9s de la segunda aplicaci\u00f3n, se sopla la mano y se limpian los dem\u00e1s restos de la mano.<\/p>\n<p><a href=\"http:\/\/orisha-ossain.com\/wp-content\/uploads\/2023\/08\/dos03.jpg\"><img decoding=\"async\" class=\"size-medium wp-image-1304 aligncenter\" src=\"http:\/\/orisha-ossain.com\/wp-content\/uploads\/2023\/08\/dos03-300x254.jpg\" alt=\"cacito dosificador multipe rap\u00e9\" width=\"300\" height=\"254\" srcset=\"https:\/\/orisha-ossain.com\/wp-content\/uploads\/2023\/08\/dos03-300x254.jpg 300w, https:\/\/orisha-ossain.com\/wp-content\/uploads\/2023\/08\/dos03.jpg 710w\" sizes=\"(max-width: 300px) 100vw, 300px\" \/><\/a><\/p>\n<h2>La invenci\u00f3n del Dosificador\/Rap\u00e9 Dosage Scoop<\/h2>\n<p>Cuando entr\u00e9 en contacto por primera vez con el rap\u00e9, un amigo m\u00edo utilizaba un palito de bamb\u00fa para preparar la aplicaci\u00f3n del rap\u00e9. A m\u00ed me pareci\u00f3 una forma muy sencilla y limpia de trabajar. Cuando le pregunt\u00e9 a mi amigo de d\u00f3nde hab\u00eda surgido la idea de hacerlo as\u00ed, me cont\u00f3 una peque\u00f1a historia. Mi amigo Marco estaba en el bosque de Acre con su maestro cham\u00e1n caboclo y amigo Antonio. Cuando estaban a punto de aplicar rap\u00e9 Francisco tom\u00f3 su cuchillo y en pocos minutos, hizo una cuchara de dosificaci\u00f3n simple de un peque\u00f1o palo de madera. Cuando mi amigo Marco le pregunt\u00f3 a Antonio c\u00f3mo llamarlo, \u00e9l respondi\u00f3: \"Es un dosador\". Esta historia que mi amigo Marco comparti\u00f3 conmigo tuvo lugar hace 18 a\u00f1os.<\/p>\n<figure id=\"attachment_1305\" aria-describedby=\"caption-attachment-1305\" style=\"width: 240px\" class=\"wp-caption aligncenter\"><a href=\"http:\/\/orisha-ossain.com\/wp-content\/uploads\/2023\/08\/Antonio-Francisco-dos-Santos-Francisquinho.jpg\"><img decoding=\"async\" class=\"wp-image-1305 size-medium\" src=\"http:\/\/orisha-ossain.com\/wp-content\/uploads\/2023\/08\/Antonio-Francisco-dos-Santos-Francisquinho-240x300.jpg\" alt=\"Antonio Francisco dos Santos , uno de los inventores del dosador, cucharada dosificadora rap\u00e9\" width=\"240\" height=\"300\" srcset=\"https:\/\/orisha-ossain.com\/wp-content\/uploads\/2023\/08\/Antonio-Francisco-dos-Santos-Francisquinho-240x300.jpg 240w, https:\/\/orisha-ossain.com\/wp-content\/uploads\/2023\/08\/Antonio-Francisco-dos-Santos-Francisquinho.jpg 480w\" sizes=\"(max-width: 240px) 100vw, 240px\" \/><\/a><figcaption id=\"caption-attachment-1305\" class=\"wp-caption-text\">Antonio Francisco dos Santos<\/figcaption><\/figure>\n<h2>Ventajas de utilizar un dosificador<\/h2>\n<p>Es muy f\u00e1cil ver que el uso de una cuchara dosificadora mantendr\u00e1 sus manos limpias. Adem\u00e1s, evitar\u00e1 la p\u00e9rdida de su preciado tabaco. Adem\u00e1s de esto, es una forma mejor y m\u00e1s precisa de hacer dos dosis id\u00e9nticas.<\/p>\n<h2>C\u00f3mo fabricar su propio Dosificador\/Dosador de Rap\u00e9<\/h2>\n<p>Para hacer tu pala necesitas bamb\u00fa seco, un peque\u00f1o cuchillo de cocina y una peque\u00f1a sierra de mano. El bamb\u00fa crece en muchos lugares y tambi\u00e9n se puede comprar seco en tiendas de jardiner\u00eda. La mente creativa no tendr\u00e1 problemas para fabricar su dosador.<\/p>\n<h2 style=\"text-align: center;\"><a href=\"http:\/\/orisha-ossain.com\/es\/product-category\/tepi\/\">Tepi<\/a> y <a href=\"http:\/\/orisha-ossain.com\/es\/kuripe\/\">Kuripe<\/a><span style=\"font-size: 16px;\">\u00a0<\/span><\/h2>\n<p style=\"text-align: center;\">Echa un vistazo a la colecci\u00f3n de Tepi y Kuripe. Hay disponibles varios estilos de diferentes artistas. <a style=\"font-weight: bold; font-family: var(--global-body-font-family);\" href=\"http:\/\/orisha-ossain.com\/wp-content\/uploads\/2023\/06\/Tepi-Blessings.jpg\"><img decoding=\"async\" class=\"wp-image-55 size-medium aligncenter\" src=\"http:\/\/orisha-ossain.com\/wp-content\/uploads\/2023\/06\/Tepi-Blessings-300x199.jpg\" alt=\"Tepis reciben la bendici\u00f3n de sus creadores\" width=\"300\" height=\"199\" srcset=\"https:\/\/orisha-ossain.com\/wp-content\/uploads\/2023\/06\/Tepi-Blessings-300x199.jpg 300w, https:\/\/orisha-ossain.com\/wp-content\/uploads\/2023\/06\/Tepi-Blessings.jpg 640w\" sizes=\"(max-width: 300px) 100vw, 300px\" \/><\/a><span style=\"font-size: 14px; font-family: var(--global-body-font-family);\">Tepis reciben la bendici\u00f3n de sus creadores<\/span><\/p>","protected":false},"excerpt":{"rendered":"<p>La cuchara dosificadora rap\u00e9 es una herramienta sencilla para introducir el rap\u00e9 de su recipiente en su cerbatana de forma f\u00e1cil y limpia. Fabricadas en Brasil con bamb\u00fa duro y decoradas con motivos ind\u00edgenas. Tienen varias anchuras y est\u00e1n ornamentadas con arcilla de artistas. Ahora disponible en 2 estilos diferentes, Olho de Cabra y Rusraksa.<\/p>\n<p>Cabe en la mayor\u00eda de los Tepi.<br \/>\nAtenci\u00f3n Si tienes un kuripe con un di\u00e1metro peque\u00f1o, la cuchara no encajar\u00e1.<\/p>","protected":false},"featured_media":3581,"template":"","meta":{"_seopress_robots_primary_cat":"none","_seopress_titles_title":"Rap\u00e9 Dosage Scoop - Easy ,Clean & Precise - Orisha Ossain","_seopress_titles_desc":"A rap\u00e9 dosage scoop is a simple tool to get your snuff from your container in your blowpipe in a easy and clean way. Now availeble in two styles.","_seopress_robots_index":"","_kad_blocks_custom_css":"","_kad_blocks_head_custom_js":"","_kad_blocks_body_custom_js":"","_kad_blocks_footer_custom_js":"","_kad_post_transparent":"default","_kad_post_title":"","_kad_post_layout":"default","_kad_post_sidebar_id":"","_kad_post_content_style":"default","_kad_post_vertical_padding":"default","_kad_post_feature":"","_kad_post_feature_position":"","_kad_post_header":false,"_kad_post_footer":false,"_kad_post_classname":""},"product_brand":[],"product_cat":[67,66],"product_tag":[75,76],"class_list":{"0":"post-1298","1":"product","2":"type-product","3":"status-publish","4":"has-post-thumbnail","6":"product_cat-kuripe","7":"product_cat-tepi","8":"product_tag-kuripe","9":"product_tag-tepi","11":"first","12":"instock","13":"featured","14":"taxable","15":"shipping-taxable","16":"purchasable","17":"product-type-variable","18":"entry","19":"content-bg","20":"loop-entry"},"taxonomy_info":{"product_cat":[{"value":67,"label":"Kuripe"},{"value":66,"label":"Tepi"}],"product_tag":[{"value":75,"label":"Kuripe"},{"value":76,"label":"Tepi"}]},"featured_image_src_large":["https:\/\/orisha-ossain.com\/wp-content\/uploads\/2024\/07\/scoopr-011-1024x906.jpg",1024,906,true],"author_info":[],"comment_info":"","_links":{"self":[{"href":"https:\/\/orisha-ossain.com\/es\/wp-json\/wp\/v2\/product\/1298","targetHints":{"allow":["GET"]}}],"collection":[{"href":"https:\/\/orisha-ossain.com\/es\/wp-json\/wp\/v2\/product"}],"about":[{"href":"https:\/\/orisha-ossain.com\/es\/wp-json\/wp\/v2\/types\/product"}],"wp:featuredmedia":[{"embeddable":true,"href":"https:\/\/orisha-ossain.com\/es\/wp-json\/wp\/v2\/media\/3581"}],"wp:attachment":[{"href":"https:\/\/orisha-ossain.com\/es\/wp-json\/wp\/v2\/media?parent=1298"}],"wp:term":[{"taxonomy":"product_brand","embeddable":true,"href":"https:\/\/orisha-ossain.com\/es\/wp-json\/wp\/v2\/product_brand?post=1298"},{"taxonomy":"product_cat","embeddable":true,"href":"https:\/\/orisha-ossain.com\/es\/wp-json\/wp\/v2\/product_cat?post=1298"},{"taxonomy":"product_tag","embeddable":true,"href":"https:\/\/orisha-ossain.com\/es\/wp-json\/wp\/v2\/product_tag?post=1298"}],"curies":[{"name":"wp","href":"https:\/\/api.w.org\/{rel}","templated":true}]}}