{"id":1176,"date":"2023-08-01T15:49:41","date_gmt":"2023-08-01T13:49:41","guid":{"rendered":"http:\/\/orisha-ossain.com\/?post_type=product&#038;p=1176"},"modified":"2025-12-15T14:37:34","modified_gmt":"2025-12-15T13:37:34","slug":"resina-de-incienso-breu-branco","status":"publish","type":"product","link":"https:\/\/orisha-ossain.com\/es\/product\/breu-branco-incense-resin\/","title":{"rendered":"Resina de Incienso Breu Branco"},"content":{"rendered":"<h2>Breu Branco<\/h2>\n<p>El Breu Branco es la resina sagrada de la selva amaz\u00f3nica, con un aroma agradable y fresco. Los indios la utilizan en ceremonias, rituales de curaci\u00f3n y para crear buena energ\u00eda. Se recolecta del coraz\u00f3n del tronco del \u00e1rbol conocido localmente como Almecegueira. Sus principales propiedades terap\u00e9uticas son la limpieza del campo astral y la elevaci\u00f3n espiritual.<\/p>\n<figure id=\"attachment_1185\" aria-describedby=\"caption-attachment-1185\" style=\"width: 300px\" class=\"wp-caption alignright\"><a href=\"http:\/\/orisha-ossain.com\/wp-content\/uploads\/2023\/08\/Breu-branco-1-1.jpg\"><img decoding=\"async\" class=\"size-medium wp-image-1185\" src=\"http:\/\/orisha-ossain.com\/wp-content\/uploads\/2023\/08\/Breu-branco-1-1-300x185.jpg\" alt=\"breu branco\" width=\"300\" height=\"185\" srcset=\"https:\/\/orisha-ossain.com\/wp-content\/uploads\/2023\/08\/Breu-branco-1-1-300x185.jpg 300w, https:\/\/orisha-ossain.com\/wp-content\/uploads\/2023\/08\/Breu-branco-1-1.jpg 680w\" sizes=\"(max-width: 300px) 100vw, 300px\" \/><\/a><figcaption id=\"caption-attachment-1185\" class=\"wp-caption-text\">Resina de Breu Branco saliendo de un \u00e1rbol<\/figcaption><\/figure>\n<p class=\"font-weight-bold text-white line-height-lg\">El Breu Branco es uno de los misteriosos tesoros de la Amazonia. Del tronco de un \u00e1rbol a la sombra de la selva, la resina de color blanco que gotea de forma natural perfuma el ambiente con un aroma raro y sorprendente. Una vez seca, la resina que queda en el tronco puede extraerse con la mano.<\/p>\n<p>Aunque la palabra \"branco\" significa blanco, el color de la resina cambia por completo una vez seca.<\/p>\n<h2>Breu branco, <span class=\"tile--img__title\">Protium heptaphyllum<\/span><\/h2>\n<p>El Protium heptaphyllum es un gran \u00e1rbol le\u00f1oso de hoja perenne que puede alcanzar entre 10 y 20 metros de altura. <i>Protium heptaphyllum<\/i>\u00a0se ha descubierto que florece en la Amazonia. El bioma que ocupa esta especie es la selva tropical. Esta especie se puede encontrar en suelos arenosos a lo largo de estas regiones que son h\u00famedas.<\/p>\n<figure id=\"attachment_1181\" aria-describedby=\"caption-attachment-1181\" style=\"width: 300px\" class=\"wp-caption aligncenter\"><a href=\"http:\/\/orisha-ossain.com\/wp-content\/uploads\/2023\/08\/breu_branco_tree.jpg\"><img decoding=\"async\" class=\"wp-image-1181 size-medium\" src=\"http:\/\/orisha-ossain.com\/wp-content\/uploads\/2023\/08\/breu_branco_tree-300x199.jpg\" alt=\"Breu branco\" width=\"300\" height=\"199\" srcset=\"https:\/\/orisha-ossain.com\/wp-content\/uploads\/2023\/08\/breu_branco_tree-300x199.jpg 300w, https:\/\/orisha-ossain.com\/wp-content\/uploads\/2023\/08\/breu_branco_tree-768x511.jpg 768w, https:\/\/orisha-ossain.com\/wp-content\/uploads\/2023\/08\/breu_branco_tree.jpg 940w\" sizes=\"(max-width: 300px) 100vw, 300px\" \/><\/a><figcaption id=\"caption-attachment-1181\" class=\"wp-caption-text\">\u00c1rbol Protium heptaphyllum<\/figcaption><\/figure>","protected":false},"excerpt":{"rendered":"<p>Grandes trozos de Breu branco Resina<\/p>\n<p><strong>Grado: <\/strong>A<br \/>\n<strong>Origen:<\/strong> Brasil<br \/>\n<strong>Nombre de la especie:<\/strong> Protium heptaphyllum alm\u00e9cega, breu, alm\u00edscar, breuzinho<br \/>\n<strong>Colores:<\/strong> Gris, gris oscuro<\/p>\n<p>&nbsp;<\/p>","protected":false},"featured_media":1290,"template":"","meta":{"_seopress_robots_primary_cat":"none","_seopress_titles_title":"Breu Branco Resin - Protium Heptaphyllum - Orisha Ossain","_seopress_titles_desc":"Big chunks of Breu branco Resin\r\n\r\nGrade: A\r\nOrigin: Brazil\r\nSpecies Name: Protium heptaphyllum alm\u00e9cega,\u00a0breu, alm\u00edscar, breuzinho\r\nColors: Grey, dark grey","_seopress_robots_index":"","_kad_blocks_custom_css":"","_kad_blocks_head_custom_js":"","_kad_blocks_body_custom_js":"","_kad_blocks_footer_custom_js":"","_kad_post_transparent":"default","_kad_post_title":"","_kad_post_layout":"default","_kad_post_sidebar_id":"","_kad_post_content_style":"default","_kad_post_vertical_padding":"default","_kad_post_feature":"","_kad_post_feature_position":"","_kad_post_header":false,"_kad_post_footer":false,"_kad_post_classname":""},"product_brand":[],"product_cat":[101],"product_tag":[94,115],"class_list":{"0":"post-1176","1":"product","2":"type-product","3":"status-publish","4":"has-post-thumbnail","6":"product_cat-frankincense","7":"product_tag-brazil","8":"product_tag-frankinsence","10":"first","11":"outofstock","12":"taxable","13":"shipping-taxable","14":"purchasable","15":"product-type-variable","16":"entry","17":"content-bg","18":"loop-entry"},"taxonomy_info":{"product_cat":[{"value":101,"label":"Frankincense"}],"product_tag":[{"value":94,"label":"Brazil"},{"value":115,"label":"Frankinsence"}]},"featured_image_src_large":["https:\/\/orisha-ossain.com\/wp-content\/uploads\/2023\/08\/breu01-1024x736.jpg",1024,736,true],"author_info":[],"comment_info":"","_links":{"self":[{"href":"https:\/\/orisha-ossain.com\/es\/wp-json\/wp\/v2\/product\/1176","targetHints":{"allow":["GET"]}}],"collection":[{"href":"https:\/\/orisha-ossain.com\/es\/wp-json\/wp\/v2\/product"}],"about":[{"href":"https:\/\/orisha-ossain.com\/es\/wp-json\/wp\/v2\/types\/product"}],"wp:featuredmedia":[{"embeddable":true,"href":"https:\/\/orisha-ossain.com\/es\/wp-json\/wp\/v2\/media\/1290"}],"wp:attachment":[{"href":"https:\/\/orisha-ossain.com\/es\/wp-json\/wp\/v2\/media?parent=1176"}],"wp:term":[{"taxonomy":"product_brand","embeddable":true,"href":"https:\/\/orisha-ossain.com\/es\/wp-json\/wp\/v2\/product_brand?post=1176"},{"taxonomy":"product_cat","embeddable":true,"href":"https:\/\/orisha-ossain.com\/es\/wp-json\/wp\/v2\/product_cat?post=1176"},{"taxonomy":"product_tag","embeddable":true,"href":"https:\/\/orisha-ossain.com\/es\/wp-json\/wp\/v2\/product_tag?post=1176"}],"curies":[{"name":"wp","href":"https:\/\/api.w.org\/{rel}","templated":true}]}}