{"id":1164,"date":"2023-08-01T15:10:01","date_gmt":"2023-08-01T13:10:01","guid":{"rendered":"http:\/\/orisha-ossain.com\/?post_type=product&#038;p=1164"},"modified":"2026-05-04T11:44:21","modified_gmt":"2026-05-04T09:44:21","slug":"rape-paquete-de-muestras","status":"publish","type":"product","link":"https:\/\/orisha-ossain.com\/es\/product\/rape-sample-pack\/","title":{"rendered":"Paquete de muestras de Rap\u00e9"},"content":{"rendered":"<h2>Paquete de muestra de Rap\u00e9 de 5 gramos.<\/h2>\n<p>Despu\u00e9s de a\u00f1adir su(s) paquete(s) de muestras a la cesta, llegar\u00e1 a la p\u00e1gina <strong>campo de caja<\/strong>. Hay dos cosas que puedes hacer.<\/p>\n<ol>\n<li>Complete su pedido y <strong>Seleccionar\u00e9 una variedad de tipos para usted.<\/strong><\/li>\n<li><strong>utilice el campo \"nota de pedido\" para indicarme lo que busca<\/strong> <strong>para<\/strong>Si quieres explorar tipos m\u00e1s brillantes o m\u00e1s fuertes, o en qu\u00e9 direcciones quieres explorar y probar.<\/li>\n<\/ol>\n<p>El campo de nota de pedido se encuentra en la parte inferior de la p\u00e1gina de pago.<\/p>","protected":false},"excerpt":{"rendered":"<p>Aqu\u00ed puede pedir un paquete de muestras (pruebas) de rap\u00e9. Un paquete de muestras contiene 5 gramos de rap\u00e9.<\/p>\n<p>Puede elegir entre un paquete de muestras seleccionado por m\u00ed o uno personalizado seg\u00fan sus preferencias espec\u00edficas.<\/p>","protected":false},"featured_media":34576,"template":"","meta":{"_seopress_robots_primary_cat":"none","_seopress_titles_title":"Rap\u00e9 Sample Pack - Test Before Ordering Large Quantities","_seopress_titles_desc":"This is the place to order a rap\u00e9 sample pack. One sample pack holds 5 grams of rap\u00e9. I will send you these packs according to your desire.","_seopress_robots_index":"","_kad_blocks_custom_css":"","_kad_blocks_head_custom_js":"","_kad_blocks_body_custom_js":"","_kad_blocks_footer_custom_js":"","_kad_post_transparent":"default","_kad_post_title":"","_kad_post_layout":"default","_kad_post_sidebar_id":"","_kad_post_content_style":"default","_kad_post_vertical_padding":"default","_kad_post_feature":"","_kad_post_feature_position":"","_kad_post_header":false,"_kad_post_footer":false,"_kad_post_classname":""},"product_brand":[],"product_cat":[50],"product_tag":[],"class_list":{"0":"post-1164","1":"product","2":"type-product","3":"status-publish","4":"has-post-thumbnail","6":"product_cat-rape","8":"first","9":"instock","10":"taxable","11":"shipping-taxable","12":"purchasable","13":"product-type-simple","14":"entry","15":"content-bg","16":"loop-entry"},"taxonomy_info":{"product_cat":[{"value":50,"label":"Rap\u00e9"}]},"featured_image_src_large":["https:\/\/orisha-ossain.com\/wp-content\/uploads\/2024\/11\/20241106_173539-e1730936333152-1024x1024.jpg",1024,1024,true],"author_info":[],"comment_info":"","_links":{"self":[{"href":"https:\/\/orisha-ossain.com\/es\/wp-json\/wp\/v2\/product\/1164","targetHints":{"allow":["GET"]}}],"collection":[{"href":"https:\/\/orisha-ossain.com\/es\/wp-json\/wp\/v2\/product"}],"about":[{"href":"https:\/\/orisha-ossain.com\/es\/wp-json\/wp\/v2\/types\/product"}],"wp:featuredmedia":[{"embeddable":true,"href":"https:\/\/orisha-ossain.com\/es\/wp-json\/wp\/v2\/media\/34576"}],"wp:attachment":[{"href":"https:\/\/orisha-ossain.com\/es\/wp-json\/wp\/v2\/media?parent=1164"}],"wp:term":[{"taxonomy":"product_brand","embeddable":true,"href":"https:\/\/orisha-ossain.com\/es\/wp-json\/wp\/v2\/product_brand?post=1164"},{"taxonomy":"product_cat","embeddable":true,"href":"https:\/\/orisha-ossain.com\/es\/wp-json\/wp\/v2\/product_cat?post=1164"},{"taxonomy":"product_tag","embeddable":true,"href":"https:\/\/orisha-ossain.com\/es\/wp-json\/wp\/v2\/product_tag?post=1164"}],"curies":[{"name":"wp","href":"https:\/\/api.w.org\/{rel}","templated":true}]}}