{"id":372,"date":"2023-06-29T16:23:52","date_gmt":"2023-06-29T14:23:52","guid":{"rendered":"http:\/\/orisha-ossain.com\/?page_id=372"},"modified":"2025-01-15T19:32:59","modified_gmt":"2025-01-15T18:32:59","slug":"politica-de-envios","status":"publish","type":"page","link":"https:\/\/orisha-ossain.com\/es\/shipping-policy\/","title":{"rendered":"Pol\u00edtica de env\u00edos"},"content":{"rendered":"<p>Los precios se indican en (\u20ac) euros. Para la conversi\u00f3n, recomiendo utilizar un conversor de divisas. Los derechos de importaci\u00f3n, impuestos o tasas de corretaje que se deban abonar en el momento de la entrega son responsabilidad exclusiva del cliente receptor. Los albaranes para env\u00edos internacionales no se pueden marcar como \"regalo\" ni con precios alterados.<\/p>\n\n\n\n<p>Algunos art\u00edculos pueden no enviarse a determinados destinos debido a restricciones. Es responsabilidad del cliente comprobar si existen restricciones en su pa\u00eds. Cualquier art\u00edculo enviado contra reembolso o que tenga gastos de corretaje adicionales que se carguen a Orisha Ossain en el momento de la entrega ser\u00e1 rechazado.<\/p>\n\n\n\n<p>Para realizar un pedido, a\u00f1ada los art\u00edculos que le interesen a su cesta de la compra y utilice nuestro proceso de pago est\u00e1ndar para realizar su pedido. Los gastos de env\u00edo y el plazo de entrega se calcular\u00e1n para su revisi\u00f3n antes de introducir su informaci\u00f3n de pago. Los clientes que tengan preguntas pueden ponerse en contacto conmigo por correo electr\u00f3nico.<\/p>","protected":false},"excerpt":{"rendered":"<p>Prices are shown in (\u20ac) Euro. For conversion, I recommend using a Currency Converter. Any import duties, taxes, or brokerage fees due at the time of delivery are the sole responsibility of the receiving customer. Packing slips for International Shipments cannot be marked as a &#8220;gift&#8221; or with altered prices. Some items may not be&#8230;<\/p>","protected":false},"author":1,"featured_media":0,"parent":0,"menu_order":0,"comment_status":"closed","ping_status":"closed","template":"","meta":{"_seopress_robots_primary_cat":"","_seopress_titles_title":"","_seopress_titles_desc":"","_seopress_robots_index":"","_kad_blocks_custom_css":"","_kad_blocks_head_custom_js":"","_kad_blocks_body_custom_js":"","_kad_blocks_footer_custom_js":"","_kad_post_transparent":"","_kad_post_title":"","_kad_post_layout":"right","_kad_post_sidebar_id":"","_kad_post_content_style":"","_kad_post_vertical_padding":"","_kad_post_feature":"","_kad_post_feature_position":"","_kad_post_header":false,"_kad_post_footer":false,"_kad_post_classname":"","footnotes":""},"class_list":["post-372","page","type-page","status-publish"],"taxonomy_info":[],"featured_image_src_large":false,"author_info":{"display_name":"admin","author_link":"https:\/\/orisha-ossain.com\/es\/author\/admin\/"},"comment_info":0,"_links":{"self":[{"href":"https:\/\/orisha-ossain.com\/es\/wp-json\/wp\/v2\/pages\/372","targetHints":{"allow":["GET"]}}],"collection":[{"href":"https:\/\/orisha-ossain.com\/es\/wp-json\/wp\/v2\/pages"}],"about":[{"href":"https:\/\/orisha-ossain.com\/es\/wp-json\/wp\/v2\/types\/page"}],"author":[{"embeddable":true,"href":"https:\/\/orisha-ossain.com\/es\/wp-json\/wp\/v2\/users\/1"}],"replies":[{"embeddable":true,"href":"https:\/\/orisha-ossain.com\/es\/wp-json\/wp\/v2\/comments?post=372"}],"version-history":[{"count":0,"href":"https:\/\/orisha-ossain.com\/es\/wp-json\/wp\/v2\/pages\/372\/revisions"}],"wp:attachment":[{"href":"https:\/\/orisha-ossain.com\/es\/wp-json\/wp\/v2\/media?parent=372"}],"curies":[{"name":"wp","href":"https:\/\/api.w.org\/{rel}","templated":true}]}}