{"id":368,"date":"2023-06-29T16:21:12","date_gmt":"2023-06-29T14:21:12","guid":{"rendered":"http:\/\/orisha-ossain.com\/?page_id=368"},"modified":"2025-01-15T19:32:04","modified_gmt":"2025-01-15T18:32:04","slug":"condiciones","status":"publish","type":"page","link":"https:\/\/orisha-ossain.com\/es\/terms-conditions\/","title":{"rendered":"Condiciones generales"},"content":{"rendered":"<h6 class=\"wp-block-heading\"><strong>Acuerdo<\/strong><\/h6>\n\n\n\n<p>El uso de este sitio web est\u00e1 sujeto a las condiciones establecidas a continuaci\u00f3n, ya sea con fines hist\u00f3ricos, cient\u00edficos y\/o educativos o para realizar pedidos de productos. Esto significa que cuando usted visita o compra en Orisha Ossain est\u00e1 aceptando estas condiciones. Le rogamos que las lea atentamente.<\/p>\n\n\n\n<h6 class=\"wp-block-heading\"><strong>Ley<\/strong><\/h6>\n\n\n\n<p>No asumo ni afirmo que los productos o la informaci\u00f3n a los que se hace referencia en este sitio web est\u00e9n disponibles o sean apropiados o legales fuera de los Pa\u00edses Bajos. Cualquier persona que decida acceder a este sitio web es totalmente responsable de asegurarse de que dichos productos e informaci\u00f3n son legales en su propio pa\u00eds. El uso de este sitio web corre por cuenta y riesgo del cliente.<\/p>\n\n\n\n<h6 class=\"wp-block-heading\"><strong>Informaci\u00f3n<\/strong><\/h6>\n\n\n\n<p>La informaci\u00f3n proporcionada por Orisha Ossain, a trav\u00e9s del correo electr\u00f3nico de este sitio web u otras formas de transmisi\u00f3n, incluyendo cualquier enlace hacia o desde este sitio, es puramente para fines hist\u00f3ricos, cient\u00edficos y educativos y nunca debe interpretarse como una recomendaci\u00f3n para un uso espec\u00edfico de nuestros productos. No asumo responsabilidad alguna por la informaci\u00f3n facilitada. El uso, la aplicaci\u00f3n, el envasado, el etiquetado, la comercializaci\u00f3n y la reventa de nuestros productos son decisi\u00f3n, responsabilidad y riesgo exclusivos del cliente.<\/p>\n\n\n\n<h6 class=\"wp-block-heading\"><strong>Edad<\/strong><\/h6>\n\n\n\n<p>Para realizar un pedido, el cliente debe ser mayor de 18 a\u00f1os. Por lo tanto, se considera que todo pedido se presenta cumpliendo esta condici\u00f3n.<\/p>\n\n\n\n<h6 class=\"wp-block-heading\"><strong>Cuenta<\/strong><\/h6>\n\n\n\n<p>Al crear una cuenta de cliente, debe introducir su nombre completo y exacto. Al realizar un pedido, debe introducir la direcci\u00f3n de env\u00edo y el n\u00famero de tel\u00e9fono correctos. No hacerlo puede causar un retraso o la devoluci\u00f3n de su env\u00edo. No me hago responsable de los problemas de entrega debidos a datos incorrectos.<\/p>\n\n\n\n<h6 class=\"wp-block-heading\"><strong>Finalidad del producto<\/strong><\/h6>\n\n\n\n<p>Ninguno de nuestros productos se vende ni se destina al consumo. Nuestros productos son espec\u00edmenes bot\u00e1nicos de valor e inter\u00e9s etnogr\u00e1fico \u00fanicamente y se entregan sin adecuaci\u00f3n expresa o impl\u00edcita para ning\u00fan fin.<\/p>\n\n\n\n<h6 class=\"wp-block-heading\"><strong>Asistencia sobre productos<\/strong><\/h6>\n\n\n\n<p>No informo ni comunico sobre el uso de nuestros productos.<\/p>\n\n\n\n<h6 class=\"wp-block-heading\"><strong>Pol\u00edtica de env\u00edos<\/strong><\/h6>\n\n\n\n<p>Como los productos que vendo son naturales y de origen vegetal, algunos pueden estar restringidos en su pa\u00eds. Los productos que s\u00e9 que son ilegales en su pa\u00eds, no se pueden pedir. Sin embargo, es su responsabilidad final para asegurarse de que todos los art\u00edculos en su pedido est\u00e1n permitidos en su pa\u00eds. No me hago responsable de los paquetes debido a la p\u00e9rdida, por el remitente o productos devueltos, incautados o destruidos debido a las regulaciones aduaneras imprevistas y acontecimientos mundiales imprevistos.<\/p>\n\n\n\n<h6 class=\"wp-block-heading\"><strong>Pol\u00edtica de devoluciones y reembolsos<\/strong><\/h6>\n\n\n\n<p>La mayor\u00eda de los productos no admiten devoluciones ni reembolsos. Para Tepis y Kuripes y varios inciensos, tambi\u00e9n hay una pol\u00edtica de no devoluci\u00f3n y reembolso. Aunque las pol\u00edticas son firmes por razones obvias, har\u00e9 todo lo posible para trabajar contigo y asegurarme de que tu experiencia sea positiva.<\/p>\n\n\n\n<h6 class=\"wp-block-heading\"><strong>Pedidos devueltos<\/strong><\/h6>\n\n\n\n<p>Si se devuelve un env\u00edo por cualquier motivo ajeno a nuestra voluntad, tendr\u00e9 que cobrar los gastos de reenv\u00edo del pedido.<\/p>\n\n\n\n<h6 class=\"wp-block-heading\"><strong>Reembolso de pedidos devueltos<\/strong><\/h6>\n\n\n\n<p>Los reembolsos se eval\u00faan caso por caso. No reembolso los gastos de env\u00edo.<\/p>\n\n\n\n<h6 class=\"wp-block-heading\"><strong>Plazo de entrega<\/strong><\/h6>\n\n\n\n<p>No puedo garantizar los plazos de entrega y no me hago responsable de los retrasos. Las autoridades aduaneras o de inspecci\u00f3n de plantas pueden examinar su paquete y retrasar la entrega,<br>que est\u00e1 fuera de mi control.<\/p>\n\n\n\n<h6 class=\"wp-block-heading\"><strong>Copyright<\/strong><\/h6>\n\n\n\n<p>Todos los contenidos de este sitio web est\u00e1n protegidos por derechos de autor. La redistribuci\u00f3n, retransmisi\u00f3n, republicaci\u00f3n o uso comercial de los contenidos o im\u00e1genes de este sitio web est\u00e1n expresamente prohibidos sin el consentimiento de Orisha Ossain. Todos los derechos reservados.<\/p>\n\n\n\n<h6 class=\"wp-block-heading\"><strong>Responsabilidad limitada<\/strong><\/h6>\n\n\n\n<p>Orisha Ossain no ser\u00e1 responsable de los da\u00f1os de cualquier tipo derivados o relacionados con el uso de este sitio o de los productos. El uso de este sitio web y las presentes condiciones de uso se rigen por la legislaci\u00f3n neerlandesa.<\/p>\n\n\n\n<h6 class=\"wp-block-heading\">Descargo de responsabilidad<\/h6>\n\n\n\n<p>Este sitio y los materiales y productos que contiene se proporcionan tal cual y sin garant\u00edas de ning\u00fan tipo, ya sean expresas o impl\u00edcitas. En la m\u00e1xima medida permitida por la legislaci\u00f3n aplicable, renunciamos a las garant\u00edas, expresas o impl\u00edcitas, incluidas, entre otras, las garant\u00edas impl\u00edcitas de comerciabilidad e idoneidad para un fin determinado y de no infracci\u00f3n.<\/p>","protected":false},"excerpt":{"rendered":"<p>Agreement The use of this website is subject to the conditions laid down below, be it for historical, scientific and\/or educational purposes or the ordering of products. This means that when you visit or shop at Orisha Ossain you are agreeing to these conditions. Please make sure you read them carefully. Law I make no&#8230;<\/p>","protected":false},"author":1,"featured_media":0,"parent":0,"menu_order":0,"comment_status":"closed","ping_status":"closed","template":"","meta":{"_seopress_robots_primary_cat":"","_seopress_titles_title":"Terms &amp; Conditions","_seopress_titles_desc":"","_seopress_robots_index":"","_kad_blocks_custom_css":"","_kad_blocks_head_custom_js":"","_kad_blocks_body_custom_js":"","_kad_blocks_footer_custom_js":"","_kad_post_transparent":"","_kad_post_title":"","_kad_post_layout":"right","_kad_post_sidebar_id":"","_kad_post_content_style":"","_kad_post_vertical_padding":"","_kad_post_feature":"","_kad_post_feature_position":"","_kad_post_header":false,"_kad_post_footer":false,"_kad_post_classname":"","footnotes":""},"class_list":["post-368","page","type-page","status-publish"],"taxonomy_info":[],"featured_image_src_large":false,"author_info":{"display_name":"admin","author_link":"https:\/\/orisha-ossain.com\/es\/author\/admin\/"},"comment_info":0,"_links":{"self":[{"href":"https:\/\/orisha-ossain.com\/es\/wp-json\/wp\/v2\/pages\/368","targetHints":{"allow":["GET"]}}],"collection":[{"href":"https:\/\/orisha-ossain.com\/es\/wp-json\/wp\/v2\/pages"}],"about":[{"href":"https:\/\/orisha-ossain.com\/es\/wp-json\/wp\/v2\/types\/page"}],"author":[{"embeddable":true,"href":"https:\/\/orisha-ossain.com\/es\/wp-json\/wp\/v2\/users\/1"}],"replies":[{"embeddable":true,"href":"https:\/\/orisha-ossain.com\/es\/wp-json\/wp\/v2\/comments?post=368"}],"version-history":[{"count":0,"href":"https:\/\/orisha-ossain.com\/es\/wp-json\/wp\/v2\/pages\/368\/revisions"}],"wp:attachment":[{"href":"https:\/\/orisha-ossain.com\/es\/wp-json\/wp\/v2\/media?parent=368"}],"curies":[{"name":"wp","href":"https:\/\/api.w.org\/{rel}","templated":true}]}}